{"id":21141,"date":"2024-12-10T07:40:21","date_gmt":"2024-12-09T22:40:21","guid":{"rendered":"https:\/\/listman.shop\/costume-br\/product\/1005006997026597\/"},"modified":"2026-04-05T02:14:11","modified_gmt":"2026-04-04T17:14:11","slug":"1005006997026597","status":"publish","type":"product","link":"https:\/\/listman.shop\/costume-br\/product\/1005006997026597\/","title":{"rendered":"Masculino feminino sint\u00e9tico anime cosplay perucas de cabelo curto e reto resist\u00eancia ao calor multicolorido vermelho branco rosa cinza marrom"},"content":{"rendered":"<div class=\"detailmodule_html\">\n<div class=\"detail-desc-decorate-richtext\">\n<div class=\"detailmodule_html\">\n<div class=\"detail-desc-decorate-richtext\">\n<div>\n<div>\n<div>\n<div style=\"overflow:hidden;height:0px\">modname=ckeditor<\/div>\n<div>\n<p style=\"text-align:center\" align=\"center\">\n<p style=\"text-align:center\" align=\"center\"><img data-recalc-dims=\"1\" decoding=\"async\" src=\"https:\/\/i0.wp.com\/ae01.alicdn.com\/kf\/Se19a2b4503c84ca3b6ba49c4d2f7da47L.jpg?w=1200&#038;ssl=1\"><\/p>\n<p style=\"text-align:center\" align=\"center\"><img data-recalc-dims=\"1\" decoding=\"async\" style=\"width:800px;height:800px\"   src=\"https:\/\/i0.wp.com\/ae01.alicdn.com\/kf\/S3c3f79f1dae64b1a88c2b1641f22f334H.jpg?w=1200&#038;ssl=1\"><\/p>\n<p style=\"text-align:center\" align=\"center\"><img data-recalc-dims=\"1\" decoding=\"async\" style=\"width:800px;height:800px\"   src=\"https:\/\/i0.wp.com\/ae01.alicdn.com\/kf\/S05394c76cb1d49cdb6c702d43cf31f3c3.jpg?w=1200&#038;ssl=1\"><\/p>\n<p style=\"text-align:center\" align=\"center\"><img data-recalc-dims=\"1\" decoding=\"async\" style=\"width:800px;height:800px\"   src=\"https:\/\/i0.wp.com\/ae01.alicdn.com\/kf\/See91089181b243358d508b703b13018cl.jpg?w=1200&#038;ssl=1\"><\/p>\n<p style=\"text-align:center\" align=\"center\"><img data-recalc-dims=\"1\" decoding=\"async\" src=\"https:\/\/i0.wp.com\/ae01.alicdn.com\/kf\/S011b55811f194b29873ce681c3aa1d84P.jpg?w=1200&#038;ssl=1\"><\/p>\n<p style=\"text-align:center\" align=\"center\"><img data-recalc-dims=\"1\" decoding=\"async\" src=\"https:\/\/i0.wp.com\/ae01.alicdn.com\/kf\/S59d64f973c404e1b8284657e91ffc0fdQ.jpg?w=1200&#038;ssl=1\"><\/p>\n<p style=\"text-align:center\" align=\"center\"><img data-recalc-dims=\"1\" decoding=\"async\" src=\"https:\/\/i0.wp.com\/ae01.alicdn.com\/kf\/Se34f969b69ed48908b6af5501331ed8cO.jpg?w=1200&#038;ssl=1\"><\/p>\n<p style=\"text-align:center\" align=\"center\"><img data-recalc-dims=\"1\" decoding=\"async\" style=\"width:800px;height:800px\"   src=\"https:\/\/i0.wp.com\/ae01.alicdn.com\/kf\/Sce63bbd16650427580c622c25674da0dr.jpg?w=1200&#038;ssl=1\"><\/p>\n<p style=\"text-align:center\" align=\"center\"><img data-recalc-dims=\"1\" decoding=\"async\" style=\"width:800px;height:800px\"   src=\"https:\/\/i0.wp.com\/ae01.alicdn.com\/kf\/S023a360987ea4a36ab8eaf38ae1430b6G.jpg?w=1200&#038;ssl=1\"><img data-recalc-dims=\"1\" decoding=\"async\" style=\"width:800px;height:800px\"   src=\"https:\/\/i0.wp.com\/ae01.alicdn.com\/kf\/Se790bfe5227a456489400c1f8711d3a7E.jpg?w=1200&#038;ssl=1\"><\/p>\n<p style=\"text-align:center\" align=\"center\"><img data-recalc-dims=\"1\" decoding=\"async\" src=\"https:\/\/i0.wp.com\/ae01.alicdn.com\/kf\/S04dbe19775d041fdaeb84428446ac988L.jpg?w=1200&#038;ssl=1\"><\/p>\n<p style=\"text-align:center\" align=\"center\"><img data-recalc-dims=\"1\" decoding=\"async\" style=\"width:790px;height:414px\"   src=\"https:\/\/i0.wp.com\/ae01.alicdn.com\/kf\/S6ef5ee5cb9aa441784fa8fe0af9dfb229.jpg?w=1200&#038;ssl=1\"><\/p>\n<p style=\"text-align:center\" align=\"center\"><img data-recalc-dims=\"1\" decoding=\"async\" src=\"https:\/\/i0.wp.com\/ae01.alicdn.com\/kf\/S9c0e2a7f931b49f38797c4c8d8b4e1adv.jpg?w=1200&#038;ssl=1\"><\/p>\n<p style=\"text-align:center\" align=\"center\"><img data-recalc-dims=\"1\" decoding=\"async\" src=\"https:\/\/i0.wp.com\/ae01.alicdn.com\/kf\/Sf71eb04b990e4ab4b70859993bec3c7cJ.jpg?w=1200&#038;ssl=1\"><\/p>\n<p><span><span style=\"font-size:16px\">1. aceitamos alipay, west union, tt.Todos os principais cart\u00f5es de cr\u00e9dito s\u00e3o aceitos atrav\u00e9s do COMPROMISSO seguro do processador de pagamento.<\/span><\/span><\/p>\n<p><img data-recalc-dims=\"1\" decoding=\"async\" src=\"https:\/\/i0.wp.com\/ae01.alicdn.com\/kf\/Sc339e92669214e72a301b164b681e172v.jpg?w=1200&#038;ssl=1\"><\/p>\n<p><span><span style=\"font-size:16px\">2. O pagamento deve ser feito dentro de 3 dias ap\u00f3s o pedido.<\/span><\/span><\/p>\n<p><span><span style=\"font-size:16px\">3. se voc\u00ea n\u00e3o conseguir finalizar a compra imediatamente ap\u00f3s o encerramento do leil\u00e3o, aguarde alguns minutos e tente novamente. Os pagamentos devem ser conclu\u00eddos dentro de 3 dias.<\/span><\/span><\/p>\n<p style=\"text-align:center\" align=\"center\"><img data-recalc-dims=\"1\" decoding=\"async\" src=\"https:\/\/i0.wp.com\/ae01.alicdn.com\/kf\/S5d769a50137b4825bf6300d032dc54043.jpg?w=1200&#038;ssl=1\"><\/p>\n<p><span><span style=\"font-size:16px\">As diferen\u00e7as de cor podem ser causadas por outros motivos, como reflexo de cor no monitor, ilumina\u00e7\u00e3o, fundo, etc.No entanto, se voc\u00ea acredita que o item recebido est\u00e1 na cor errada, entre em contato conosco para ver se uma devolu\u00e7\u00e3o ou reembolso \u00e9 poss\u00edvel.<\/span><\/span><\/p>\n<p style=\"text-align:center\" align=\"center\"><img data-recalc-dims=\"1\" decoding=\"async\" src=\"https:\/\/i0.wp.com\/ae01.alicdn.com\/kf\/S38117b89b6df42318469db4acac36d7bv.jpg?w=1200&#038;ssl=1\"><\/p>\n<p><span><span style=\"font-size:16px\">1.Enviamos pelo correio a\u00e9reo da China, alguns pa\u00edses pelo correio de Cingapura.O prazo de entrega depende do destino e de outros fatores. Pode levar 50 dias \u00fateis.Se voc\u00ea n\u00e3o receber seus itens ap\u00f3s 50 dias \u00fateis, entre em contato conosco e encontraremos uma solu\u00e7\u00e3o satisfat\u00f3ria.Por favor, n\u00e3o nos deixe menos de 4 estrelas de feedback negativo antes de qualquer comunica\u00e7\u00e3o entre n\u00f3s.<\/span><\/span><\/p>\n<p style=\"text-align:center\" align=\"center\"><img data-recalc-dims=\"1\" decoding=\"async\" src=\"https:\/\/i0.wp.com\/ae01.alicdn.com\/kf\/Sa088b896cfd34d7298f91fe37ad928eaq.jpg?w=1200&#038;ssl=1\"><\/p>\n<p><span><span style=\"font-size:16px\">2.Para a R\u00fassia: 10-30 dias \u00fateis;Para o Brasil: 20-50 dias \u00fateis (exceto atrasos pela esta\u00e7\u00e3o quente, mau tempo e raz\u00f5es de descontrole) 3.Enviamos apenas para endere\u00e7os de pedidos confirmados.O endere\u00e7o do seu pedido DEVE CORRESPONDER ao seu endere\u00e7o de entrega.4. se voc\u00ea quiser verificar o status do seu item, entre em contato conosco.<\/span><\/span><\/p>\n<p style=\"text-align:center\" align=\"center\"><img data-recalc-dims=\"1\" decoding=\"async\" src=\"https:\/\/i0.wp.com\/ae01.alicdn.com\/kf\/S30781bd4e6bb4d329aaf08289b6a8ceb1.jpg?w=1200&#038;ssl=1\"><\/p>\n<p><span><span style=\"font-size:16px\">Se voc\u00ea n\u00e3o estiver satisfeito com nossos produtos por motivos de qualidade, oferecemos reembolso de 100% do dinheiro, desde que voc\u00ea siga as etapas abaixo:<\/span><\/span><\/p>\n<p><span><span style=\"font-size:16px\">1. entre em contato conosco por e-mail e especifique os problemas e condi\u00e7\u00f5es do produto antes de confirmar o recebimento dos itens. Agradeceremos que voc\u00ea nos informe o problema detalhado fornecido com pire.<\/span><\/span><\/p>\n<p><span><span style=\"font-size:16px\">2.Devolva os produtos dentro de 7 dias \u00fateis.O item deve estar nas condi\u00e7\u00f5es originais conforme voc\u00ea o recebeu.<\/span><\/span><\/p>\n<p><span><span style=\"font-size:16px\">3. ofereceremos troca, reembolso ou outro acordo apropriado conforme concordamos ap\u00f3s recebermos o item devolvido.<\/span><\/span><\/p>\n<p><span><span style=\"font-size:16px\">4. Fazemos o nosso melhor para atender cada cliente da melhor maneira poss\u00edvel.Mercadorias danificadas ou com componentes faltantes n\u00e3o s\u00e3o reembols\u00e1veis. Os compradores s\u00e3o respons\u00e1veis pelo envio de devolu\u00e7\u00e3o com embalagem adequada.<\/span><\/span><\/p>\n<p style=\"text-align:center\" align=\"center\"><img data-recalc-dims=\"1\" decoding=\"async\" src=\"https:\/\/i0.wp.com\/ae01.alicdn.com\/kf\/Sf52dfc97a97c4d848afd9bf9b4b8aaa6p.jpg?w=1200&#038;ssl=1\"><\/p>\n<p><span><span style=\"font-size:16px\">Seu feedback \u00e9 muito importante para n\u00f3s. Se voc\u00ea estiver satisfeito com nosso produto, d\u00ea um feedback positivo. Por favor, n\u00e3o deixe nenhum feedback neutro ou negativo sem nos dizer o motivo. Queremos que nossos clientes fiquem satisfeitos e faremos o poss\u00edvel para atender nossos clientes e tornar sua experi\u00eancia de compra agrad\u00e1vel.<\/span><\/span><\/p>\n<p style=\"text-align:center\" align=\"center\"><img data-recalc-dims=\"1\" decoding=\"async\" src=\"https:\/\/i0.wp.com\/ae01.alicdn.com\/kf\/Sacd7e6aa727c4171aac1d72addcf0a8bB.jpg?w=1200&#038;ssl=1\"><\/p>\n<\/div>\n<\/div>\n<\/div>\n<\/div>\n<\/div>\n<\/div>\n<p><\/div>\n<\/div>\n","protected":false},"excerpt":{"rendered":"<p>modname=ckeditor 1. aceitamos alipay, west union, tt.Todos os principais cart\u00f5es de cr\u00e9dito s\u00e3o aceitos atrav\u00e9s do COMPROMISSO seguro do processador de pagamento. 2. O pagamento deve ser feito dentro de 3 dias ap\u00f3s o pedido. 3. se voc\u00ea n\u00e3o conseguir finalizar a compra imediatamente ap\u00f3s o encerramento do leil\u00e3o, aguarde alguns minutos e tente novamente.&hellip;&nbsp;<\/p>\n","protected":false},"featured_media":21135,"template":"","meta":{"neve_meta_sidebar":"","neve_meta_container":"","neve_meta_enable_content_width":"","neve_meta_content_width":0,"neve_meta_title_alignment":"","neve_meta_author_avatar":"","neve_post_elements_order":"","neve_meta_disable_header":"","neve_meta_disable_footer":"","neve_meta_disable_title":""},"product_brand":[],"product_cat":[28,16,33],"product_tag":[],"class_list":{"0":"post-21141","1":"product","2":"type-product","3":"status-publish","4":"has-post-thumbnail","6":"product_cat-acessorios-para-cosplay","7":"product_cat-novidades-e-uso-especial","8":"product_cat-perucas-cosplay-com-traje-cosplay-acessorios-para-cosplay","10":"first","11":"instock","12":"shipping-taxable","13":"purchasable","14":"product-type-variable","15":"has-default-attributes"},"jetpack_sharing_enabled":true,"_links":{"self":[{"href":"https:\/\/listman.shop\/costume-br\/wp-json\/wp\/v2\/product\/21141","targetHints":{"allow":["GET"]}}],"collection":[{"href":"https:\/\/listman.shop\/costume-br\/wp-json\/wp\/v2\/product"}],"about":[{"href":"https:\/\/listman.shop\/costume-br\/wp-json\/wp\/v2\/types\/product"}],"wp:featuredmedia":[{"embeddable":true,"href":"https:\/\/listman.shop\/costume-br\/wp-json\/wp\/v2\/media\/21135"}],"wp:attachment":[{"href":"https:\/\/listman.shop\/costume-br\/wp-json\/wp\/v2\/media?parent=21141"}],"wp:term":[{"taxonomy":"product_brand","embeddable":true,"href":"https:\/\/listman.shop\/costume-br\/wp-json\/wp\/v2\/product_brand?post=21141"},{"taxonomy":"product_cat","embeddable":true,"href":"https:\/\/listman.shop\/costume-br\/wp-json\/wp\/v2\/product_cat?post=21141"},{"taxonomy":"product_tag","embeddable":true,"href":"https:\/\/listman.shop\/costume-br\/wp-json\/wp\/v2\/product_tag?post=21141"}],"curies":[{"name":"wp","href":"https:\/\/api.w.org\/{rel}","templated":true}]}}