{"id":21303,"date":"2024-12-10T07:44:52","date_gmt":"2024-12-09T22:44:52","guid":{"rendered":"https:\/\/listman.shop\/costume-br\/product\/1005007008406834\/"},"modified":"2026-04-05T03:38:41","modified_gmt":"2026-04-04T18:38:41","slug":"1005007008406834","status":"publish","type":"product","link":"https:\/\/listman.shop\/costume-br\/product\/1005007008406834\/","title":{"rendered":"Uyee medieval viking guerreiro pulseira de couro steampunk pele elfo larp traje para homens mulheres bra\u00e7o rebitado armadura acess\u00f3rio de halloween"},"content":{"rendered":"<div class=\"detailmodule_html\">\n<div class=\"detail-desc-decorate-richtext\">\n<p><img data-recalc-dims=\"1\" decoding=\"async\" src=\"https:\/\/i0.wp.com\/ae01.alicdn.com\/kf\/S85bbf5d7763b46c88330247029a861bbe.jpg?w=1200&#038;ssl=1\"><img data-recalc-dims=\"1\" decoding=\"async\" src=\"https:\/\/i0.wp.com\/ae01.alicdn.com\/kf\/S9c0b3006771c46d78152f20341edf0e3Y.jpg?w=1200&#038;ssl=1\"><img data-recalc-dims=\"1\" decoding=\"async\" src=\"https:\/\/i0.wp.com\/ae01.alicdn.com\/kf\/Sb7cae7bf81fa4ce7b4ab7b55ea14461cE.jpg?w=1200&#038;ssl=1\"><img data-recalc-dims=\"1\" decoding=\"async\" src=\"https:\/\/i0.wp.com\/ae01.alicdn.com\/kf\/S9ebd7f7a30da4c47973c4e22628a37b3v.jpg?w=1200&#038;ssl=1\"><img data-recalc-dims=\"1\" decoding=\"async\" src=\"https:\/\/i0.wp.com\/ae01.alicdn.com\/kf\/Sdb851f288f7543ec82cba9aee180f239d.png?w=1200&#038;ssl=1\"><img data-recalc-dims=\"1\" decoding=\"async\" src=\"https:\/\/i0.wp.com\/ae01.alicdn.com\/kf\/S78cc752d4bff410e96c727d267460c87F.png?w=1200&#038;ssl=1\"><img data-recalc-dims=\"1\" decoding=\"async\" src=\"https:\/\/i0.wp.com\/ae01.alicdn.com\/kf\/S71c709c4b555417b90ae47a5dcf4efc8k.png?w=1200&#038;ssl=1\"><img data-recalc-dims=\"1\" decoding=\"async\" src=\"https:\/\/i0.wp.com\/ae01.alicdn.com\/kf\/S71c709c4b555417b90ae47a5dcf4efc8k.png?w=1200&#038;ssl=1\"><img data-recalc-dims=\"1\" decoding=\"async\" src=\"https:\/\/i0.wp.com\/ae01.alicdn.com\/kf\/S6f08ccc73459426b8583bd8ea64d641eY.jpg?w=1200&#038;ssl=1\"><img data-recalc-dims=\"1\" decoding=\"async\" src=\"https:\/\/i0.wp.com\/ae01.alicdn.com\/kf\/S1fecb0ff78c44e488c5672baa8782c818.jpg?w=1200&#038;ssl=1\"><\/p>\n<p><span style=\"font-size:18px;, Roboto, Arial, Helvetica, sans-serif, SimSun\">Armadura medieval masculina cosplay aquecedores de bra\u00e7o rendas viking pirata cavaleiro guantelete pulseira bra\u00e7adeira acess\u00f3rios steampunk<\/span><\/p>\n<p><span style=\"font-size:18px;, Roboto, Arial, Helvetica, sans-serif, SimSun\"><strong>Caracter\u00edsticas:<\/strong><\/span><br \/><span style=\"font-size:18px;, Roboto, Arial, Helvetica, sans-serif, SimSun\">Manoplas medievais, confeccionadas em couro estampado.Os ilh\u00f3s s\u00e3o bem fixados e feitos de liga met\u00e1lica de alta qualidade, resistentes \u00e0 corros\u00e3o com visual punk legal.<\/span><br \/><span style=\"font-size:18px;, Roboto, Arial, Helvetica, sans-serif, SimSun\">Cada pulseira de couro \u00e9 macia o suficiente para ser confort\u00e1vel e r\u00edgida o suficiente para manter a forma.As pulseiras de couro com cord\u00f5es ajust\u00e1veis.<\/span><br \/><span style=\"font-size:18px;, Roboto, Arial, Helvetica, sans-serif, SimSun\">Este estilo \u00e9 adequado para uso di\u00e1rio como pulseira, n\u00e3o s\u00f3 para homens, mas tamb\u00e9m para crian\u00e7as e mulheres.<\/span><br \/><span style=\"font-size:18px;, Roboto, Arial, Helvetica, sans-serif, SimSun\">Estas bra\u00e7adeiras de couro pu inspiradas no viking e nas culturas celta.O design com cadar\u00e7o lateral \u00e9 f\u00e1cil de controlar e ajuda a bra\u00e7adeira de couro a se ajustar aos bra\u00e7os da maioria das pessoas. \u00d3timo complemento para sua roupa medieval, as pulseiras de couro s\u00e3o adicionadas para adicionar um pouco mais de efic\u00e1cia ao seu cosplay.<\/span><br \/><span style=\"font-size:18px;, Roboto, Arial, Helvetica, sans-serif, SimSun\">Esta pulseira de guanto \u00e9 um acess\u00f3rio perfeito para festas viking, cosplay de adolescentes\/adultos, v\u00e9spera de todos os santos, Halloween, looks sofisticados, fantasia de cossack, fantasias de pres\u00e9pio e reconstitui\u00e7\u00f5es hist\u00f3ricas.<\/span><\/p>\n<p><span style=\"font-size:18px;, Roboto, Arial, Helvetica, sans-serif, SimSun\"><strong>Especifica\u00e7\u00f5es:<\/strong><\/span><br \/><span style=\"font-size:18px;, Roboto, Arial, Helvetica, sans-serif, SimSun\">Material: Couro PU<\/span><br \/><span style=\"font-size:18px;, Roboto, Arial, Helvetica, sans-serif, SimSun\">Tamanho: Aprox.18x13cm\/7,08&#215;5,11 pol., G M K: Aprox.20 cm\/7,87 pol.<\/span><br \/><span style=\"font-size:18px;, Roboto, Arial, Helvetica, sans-serif, SimSun\">Cor: preto, marrom<\/span><\/p>\n<p><span style=\"font-size:18px;, Roboto, Arial, Helvetica, sans-serif, SimSun\"><strong>O pacote inclui:<\/strong><\/span><br \/><span style=\"font-size:18px;, Roboto, Arial, Helvetica, sans-serif, SimSun\">1 unidade\/1 par de protetor de pulso viking<\/span><\/p>\n<p><img data-recalc-dims=\"1\" loading=\"lazy\" decoding=\"async\" width=\"944\" height=\"61\" src=\"https:\/\/i0.wp.com\/ae01.alicdn.com\/kf\/S3bf71deced594edc950ff1bce412a92eH.jpg?resize=944%2C61&#038;ssl=1\"><\/p>\n<p><img data-recalc-dims=\"1\" decoding=\"async\" src=\"https:\/\/i0.wp.com\/ae01.alicdn.com\/kf\/Se395678b52e54b3e8e81179560b3f4dff.jpg?w=1200&#038;ssl=1\"><\/p>\n<\/p>\n<p><\/p>\n<\/div>\n<\/div>\n","protected":false},"excerpt":{"rendered":"<p>Armadura medieval masculina cosplay aquecedores de bra\u00e7o rendas viking pirata cavaleiro guantelete pulseira bra\u00e7adeira acess\u00f3rios steampunk Caracter\u00edsticas:Manoplas medievais, confeccionadas em couro estampado.Os ilh\u00f3s s\u00e3o bem fixados e feitos de liga met\u00e1lica de alta qualidade, resistentes \u00e0 corros\u00e3o com visual punk legal.Cada pulseira de couro \u00e9 macia o suficiente para ser confort\u00e1vel e r\u00edgida o suficiente&hellip;&nbsp;<\/p>\n","protected":false},"featured_media":21297,"template":"","meta":{"neve_meta_sidebar":"","neve_meta_container":"","neve_meta_enable_content_width":"","neve_meta_content_width":0,"neve_meta_title_alignment":"","neve_meta_author_avatar":"","neve_post_elements_order":"","neve_meta_disable_header":"","neve_meta_disable_footer":"","neve_meta_disable_title":""},"product_brand":[],"product_cat":[38,16,39],"product_tag":[],"class_list":{"0":"post-21303","1":"product","2":"type-product","3":"status-publish","4":"has-post-thumbnail","6":"product_cat-fantasias-de-cosplay","7":"product_cat-novidades-e-uso-especial","8":"product_cat-trajes-de-cosplay-desativar-fantasias-de-cosplay","10":"first","11":"instock","12":"shipping-taxable","13":"purchasable","14":"product-type-variable","15":"has-default-attributes"},"jetpack_sharing_enabled":true,"_links":{"self":[{"href":"https:\/\/listman.shop\/costume-br\/wp-json\/wp\/v2\/product\/21303","targetHints":{"allow":["GET"]}}],"collection":[{"href":"https:\/\/listman.shop\/costume-br\/wp-json\/wp\/v2\/product"}],"about":[{"href":"https:\/\/listman.shop\/costume-br\/wp-json\/wp\/v2\/types\/product"}],"wp:featuredmedia":[{"embeddable":true,"href":"https:\/\/listman.shop\/costume-br\/wp-json\/wp\/v2\/media\/21297"}],"wp:attachment":[{"href":"https:\/\/listman.shop\/costume-br\/wp-json\/wp\/v2\/media?parent=21303"}],"wp:term":[{"taxonomy":"product_brand","embeddable":true,"href":"https:\/\/listman.shop\/costume-br\/wp-json\/wp\/v2\/product_brand?post=21303"},{"taxonomy":"product_cat","embeddable":true,"href":"https:\/\/listman.shop\/costume-br\/wp-json\/wp\/v2\/product_cat?post=21303"},{"taxonomy":"product_tag","embeddable":true,"href":"https:\/\/listman.shop\/costume-br\/wp-json\/wp\/v2\/product_tag?post=21303"}],"curies":[{"name":"wp","href":"https:\/\/api.w.org\/{rel}","templated":true}]}}