{"id":21424,"date":"2024-12-10T07:48:10","date_gmt":"2024-12-09T22:48:10","guid":{"rendered":"https:\/\/listman.shop\/costume-br\/product\/1005007014291643\/"},"modified":"2026-04-08T12:22:10","modified_gmt":"2026-04-08T03:22:10","slug":"1005007014291643","status":"publish","type":"product","link":"https:\/\/listman.shop\/costume-br\/product\/1005007014291643\/","title":{"rendered":"Inosuke hashibira m\u00e1scara capacete demon slayer kimetsu n\u00e3o yaiba cosplay capuz cabelo porco m\u00e1scara headwear halloween carnaval traje prop"},"content":{"rendered":"<div class=\"detailmodule_html\">\n<div class=\"detail-desc-decorate-richtext\">\n<div>\n<div style=\"overflow:hidden;height:0px\">\n  modname=ckeditor\n <\/div>\n<div>\n<div>\n   <strong><span style=\"font-size:18px\"><span style=\"font-family:arial, helvetica, sans-serif\">Inosuke hashibira m&aacute;scara capacete demon slayer kimetsu no yaiba cosplay capuz cabelo porco m&aacute;scara headwear halloween carnaval traje prop<\/span><\/span><\/strong>\n  <\/div>\n<div>\n   &nbsp;\n  <\/div>\n<div>\n   <strong><span style=\"font-size:18pt\">Caracter&iacute;sticas:<\/span><\/strong>\n  <\/div>\n<div>\n   &nbsp;\n  <\/div>\n<div>\n   <span style=\"font-size:18px\"><span style=\"font-family:arial, helvetica, sans-serif\">Tema: Demon Slayer Kimetsu no Yaiba<\/span><\/span>\n  <\/div>\n<div>\n   &nbsp;\n  <\/div>\n<div>\n   <span style=\"font-size:18px\"><span style=\"font-family:arial, helvetica, sans-serif\">Personagem: Inosuke Hashibira<\/span><\/span><\/p><\/div>\n<p><span style=\"font-size:18px\"><span style=\"font-family:arial, helvetica, sans-serif\">Tamanho &uacute;nico serve para a maioria dos homens, mulheres e algumas crian&ccedil;as.<\/span><\/span><\/p>\n<div>\n   \n  <\/div>\n<p><span style=\"font-size:18px\"><span style=\"font-family:arial, helvetica, sans-serif\">Material: L&aacute;tex, n&atilde;o t&oacute;xico e ecol&oacute;gico<\/span><\/span><\/p>\n<div>\n   \n  <\/div>\n<p><span style=\"font-size:18px\"><span style=\"font-family:arial, helvetica, sans-serif\">Ocasi&atilde;o: Halloween, festa, carnaval, vestido, baile de m&aacute;scaras e assim por diante.<\/span><\/span><\/p>\n<div>\n   \n  <\/div>\n<p><strong><span style=\"font-size:18pt\">O pacote inclui: 1pcs m&aacute;scara<\/span><\/strong><\/p>\n<div>\n<p>\n  <\/div>\n<p><img data-recalc-dims=\"1\" decoding=\"async\" src=\"https:\/\/i0.wp.com\/ae01.alicdn.com\/kf\/S74062206e56140d38fbe19bbd28aeefc4.jpg?w=1200&#038;ssl=1\" \/><img data-recalc-dims=\"1\" decoding=\"async\" src=\"https:\/\/i0.wp.com\/ae01.alicdn.com\/kf\/Sb959e36688b2469b833d97f813d8368fR.jpg?w=1200&#038;ssl=1\" \/><img data-recalc-dims=\"1\" decoding=\"async\" src=\"https:\/\/i0.wp.com\/ae01.alicdn.com\/kf\/S52f6d1cc07f947349cad0cf22e6805c8w.jpg?w=1200&#038;ssl=1\" \/><img data-recalc-dims=\"1\" decoding=\"async\" src=\"https:\/\/i0.wp.com\/ae01.alicdn.com\/kf\/S9dab999438e64e669cab26e665159bd6F.jpg?w=1200&#038;ssl=1\" \/><img data-recalc-dims=\"1\" decoding=\"async\" src=\"https:\/\/i0.wp.com\/ae01.alicdn.com\/kf\/S45843a0ad3424129823890f9b7622cdfb.jpg?w=1200&#038;ssl=1\" \/><img data-recalc-dims=\"1\" decoding=\"async\" src=\"https:\/\/i0.wp.com\/ae01.alicdn.com\/kf\/Sa05ebf8cd26f45f2b62b832e94a83d28i.jpg?w=1200&#038;ssl=1\" \/><\/p>\n<div><\/div>\n<div>\n   \n  <\/div>\n<div>\n   \n  <\/div>\n<\/p><\/div>\n<\/div>\n<p><\/p>\n<\/div>\n<\/div>\n","protected":false},"excerpt":{"rendered":"<p>modname=ckeditor Inosuke hashibira m&aacute;scara capacete demon slayer kimetsu no yaiba cosplay capuz cabelo porco m&aacute;scara headwear halloween carnaval traje prop &nbsp; Caracter&iacute;sticas: &nbsp; Tema: Demon Slayer Kimetsu no Yaiba &nbsp; Personagem: Inosuke Hashibira Tamanho &uacute;nico serve para a maioria dos homens, mulheres e algumas crian&ccedil;as. Material: L&aacute;tex, n&atilde;o t&oacute;xico e ecol&oacute;gico Ocasi&atilde;o: Halloween, festa, carnaval,&hellip;&nbsp;<\/p>\n","protected":false},"featured_media":21418,"template":"","meta":{"neve_meta_sidebar":"","neve_meta_container":"","neve_meta_enable_content_width":"","neve_meta_content_width":0,"neve_meta_title_alignment":"","neve_meta_author_avatar":"","neve_post_elements_order":"","neve_meta_disable_header":"","neve_meta_disable_footer":"","neve_meta_disable_title":""},"product_brand":[],"product_cat":[30,28,16],"product_tag":[],"class_list":{"0":"post-21424","1":"product","2":"type-product","3":"status-publish","4":"has-post-thumbnail","6":"product_cat-acessorios-acessorios-para-cosplay","7":"product_cat-acessorios-para-cosplay","8":"product_cat-novidades-e-uso-especial","10":"first","11":"instock","12":"shipping-taxable","13":"purchasable","14":"product-type-variable","15":"has-default-attributes"},"jetpack_sharing_enabled":true,"_links":{"self":[{"href":"https:\/\/listman.shop\/costume-br\/wp-json\/wp\/v2\/product\/21424","targetHints":{"allow":["GET"]}}],"collection":[{"href":"https:\/\/listman.shop\/costume-br\/wp-json\/wp\/v2\/product"}],"about":[{"href":"https:\/\/listman.shop\/costume-br\/wp-json\/wp\/v2\/types\/product"}],"wp:featuredmedia":[{"embeddable":true,"href":"https:\/\/listman.shop\/costume-br\/wp-json\/wp\/v2\/media\/21418"}],"wp:attachment":[{"href":"https:\/\/listman.shop\/costume-br\/wp-json\/wp\/v2\/media?parent=21424"}],"wp:term":[{"taxonomy":"product_brand","embeddable":true,"href":"https:\/\/listman.shop\/costume-br\/wp-json\/wp\/v2\/product_brand?post=21424"},{"taxonomy":"product_cat","embeddable":true,"href":"https:\/\/listman.shop\/costume-br\/wp-json\/wp\/v2\/product_cat?post=21424"},{"taxonomy":"product_tag","embeddable":true,"href":"https:\/\/listman.shop\/costume-br\/wp-json\/wp\/v2\/product_tag?post=21424"}],"curies":[{"name":"wp","href":"https:\/\/api.w.org\/{rel}","templated":true}]}}