{"id":21560,"date":"2024-12-10T07:51:53","date_gmt":"2024-12-09T22:51:53","guid":{"rendered":"https:\/\/listman.shop\/costume-br\/product\/1005007033272819\/"},"modified":"2026-04-08T11:49:19","modified_gmt":"2026-04-08T02:49:19","slug":"1005007033272819","status":"publish","type":"product","link":"https:\/\/listman.shop\/costume-br\/product\/1005007033272819\/","title":{"rendered":"Jogo residentes mal colhedores conjunto de cart\u00e3o guarda-chuva corpora\u00e7\u00e3o crach\u00e1 impress\u00e3o cord\u00e3o pesco\u00e7o cinta chaveiros presente cole\u00e7\u00e3o sovenior"},"content":{"rendered":"<div class=\"detailmodule_html\">\n<div class=\"detail-desc-decorate-richtext\">\n<h2><strong>Jogo residentes evils cord\u00f5es conjunto de cart\u00e3o guarda-chuva corpora\u00e7\u00e3o crach\u00e1 impress\u00e3o cord\u00e3o pesco\u00e7o cinta chaveiros presente sovenior cole\u00e7\u00e3o acess\u00f3rio<\/strong><\/h2>\n<p><img data-recalc-dims=\"1\" decoding=\"async\" src=\"https:\/\/i0.wp.com\/ae01.alicdn.com\/kf\/S216eb7ab73364b52892d4c7852d36d5fQ.jpg?w=1200&#038;ssl=1\"><img data-recalc-dims=\"1\" decoding=\"async\" src=\"https:\/\/i0.wp.com\/ae01.alicdn.com\/kf\/Sa2a686fd8d4741a28d10593ab6d10864M.jpg?w=1200&#038;ssl=1\"><img data-recalc-dims=\"1\" decoding=\"async\" src=\"https:\/\/i0.wp.com\/ae01.alicdn.com\/kf\/Sf1df549b44774e06a95ca19b7935eca4n.jpg?w=1200&#038;ssl=1\"><img data-recalc-dims=\"1\" decoding=\"async\" src=\"https:\/\/i0.wp.com\/ae01.alicdn.com\/kf\/S59e4b4ff313f489a976dd4527814e78dc.jpg?w=1200&#038;ssl=1\"><img data-recalc-dims=\"1\" decoding=\"async\" src=\"https:\/\/i0.wp.com\/ae01.alicdn.com\/kf\/S13480450b99148ae8860fdf50ed3e2f8S.jpg?w=1200&#038;ssl=1\"><img data-recalc-dims=\"1\" decoding=\"async\" src=\"https:\/\/i0.wp.com\/ae01.alicdn.com\/kf\/S47d95a3171574bfa8e45ca688378b71a4.jpg?w=1200&#038;ssl=1\"><img data-recalc-dims=\"1\" decoding=\"async\" src=\"https:\/\/i0.wp.com\/ae01.alicdn.com\/kf\/S700d02b590a24d46bbf15e9dfcc3c88e6.jpg?w=1200&#038;ssl=1\"><img data-recalc-dims=\"1\" decoding=\"async\" src=\"https:\/\/i0.wp.com\/ae01.alicdn.com\/kf\/Sd4fa3dcaa07b426cb1ccea35a5f24b05K.jpg?w=1200&#038;ssl=1\"><img data-recalc-dims=\"1\" decoding=\"async\" src=\"https:\/\/i0.wp.com\/ae01.alicdn.com\/kf\/S43c823981d99419c82c109233663c196h.jpg?w=1200&#038;ssl=1\"><img data-recalc-dims=\"1\" decoding=\"async\" src=\"https:\/\/i0.wp.com\/ae01.alicdn.com\/kf\/S32e47bd64a5e4c9a9697ae4145790cd1L.jpg?w=1200&#038;ssl=1\"><img data-recalc-dims=\"1\" decoding=\"async\" src=\"https:\/\/i0.wp.com\/ae01.alicdn.com\/kf\/S731e4d59bde74149903982303d4c114fd.jpg?w=1200&#038;ssl=1\"><\/p>\n<p><\/p>\n<\/div>\n<\/div>\n","protected":false},"excerpt":{"rendered":"<p>Jogo residentes evils cord\u00f5es conjunto de cart\u00e3o guarda-chuva corpora\u00e7\u00e3o crach\u00e1 impress\u00e3o cord\u00e3o pesco\u00e7o cinta chaveiros presente sovenior cole\u00e7\u00e3o acess\u00f3rio<\/p>\n","protected":false},"featured_media":21554,"template":"","meta":{"neve_meta_sidebar":"","neve_meta_container":"","neve_meta_enable_content_width":"","neve_meta_content_width":0,"neve_meta_title_alignment":"","neve_meta_author_avatar":"","neve_post_elements_order":"","neve_meta_disable_header":"","neve_meta_disable_footer":"","neve_meta_disable_title":""},"product_brand":[],"product_cat":[30,28,16],"product_tag":[],"class_list":{"0":"post-21560","1":"product","2":"type-product","3":"status-publish","4":"has-post-thumbnail","6":"product_cat-acessorios-acessorios-para-cosplay","7":"product_cat-acessorios-para-cosplay","8":"product_cat-novidades-e-uso-especial","10":"first","11":"instock","12":"shipping-taxable","13":"purchasable","14":"product-type-variable","15":"has-default-attributes"},"jetpack_sharing_enabled":true,"_links":{"self":[{"href":"https:\/\/listman.shop\/costume-br\/wp-json\/wp\/v2\/product\/21560","targetHints":{"allow":["GET"]}}],"collection":[{"href":"https:\/\/listman.shop\/costume-br\/wp-json\/wp\/v2\/product"}],"about":[{"href":"https:\/\/listman.shop\/costume-br\/wp-json\/wp\/v2\/types\/product"}],"wp:featuredmedia":[{"embeddable":true,"href":"https:\/\/listman.shop\/costume-br\/wp-json\/wp\/v2\/media\/21554"}],"wp:attachment":[{"href":"https:\/\/listman.shop\/costume-br\/wp-json\/wp\/v2\/media?parent=21560"}],"wp:term":[{"taxonomy":"product_brand","embeddable":true,"href":"https:\/\/listman.shop\/costume-br\/wp-json\/wp\/v2\/product_brand?post=21560"},{"taxonomy":"product_cat","embeddable":true,"href":"https:\/\/listman.shop\/costume-br\/wp-json\/wp\/v2\/product_cat?post=21560"},{"taxonomy":"product_tag","embeddable":true,"href":"https:\/\/listman.shop\/costume-br\/wp-json\/wp\/v2\/product_tag?post=21560"}],"curies":[{"name":"wp","href":"https:\/\/api.w.org\/{rel}","templated":true}]}}