{"id":22034,"date":"2024-12-10T08:04:54","date_gmt":"2024-12-09T23:04:54","guid":{"rendered":"https:\/\/listman.shop\/costume-br\/product\/1005007065699392\/"},"modified":"2026-04-05T03:35:58","modified_gmt":"2026-04-04T18:35:58","slug":"1005007065699392","status":"publish","type":"product","link":"https:\/\/listman.shop\/costume-br\/product\/1005007065699392\/","title":{"rendered":"Japon\u00eas tradicional geta fundo plano unissex de madeira paulownia tamanco homem mulher ninja cosplay sapatos flip flop sand\u00e1lias ver\u00e3o"},"content":{"rendered":"<div class=\"detailmodule_html\">\n<div class=\"detail-desc-decorate-richtext\">\n<div class=\"detailmodule_html\">\n<div class=\"detail-desc-decorate-richtext\">\n<div>\n<div>\n<div style=\"margin-top:-65.6576%;margin-left:1.67015%;width:22.9645%\">\n     <a href=\"http:\/\/www.aliexpress.com\/item\/detail\/4000076799208.html\" target=\"_blank\" class=\"\"><img data-recalc-dims=\"1\" decoding=\"async\" src=\"https:\/\/i0.wp.com\/ae01.alicdn.com\/kf\/Hfa62833376514f31967fa573b179b7e58.jpg?w=1200\" \/><\/a>\n    <\/div>\n<div style=\"margin-top:-29.2276%;margin-left:26.2004%;width:22.9645%\">\n     <a href=\"http:\/\/www.aliexpress.com\/item\/detail\/4000078179221.html\" target=\"_blank\" class=\"\"><img data-recalc-dims=\"1\" decoding=\"async\" src=\"https:\/\/i0.wp.com\/ae01.alicdn.com\/kf\/Hfa62833376514f31967fa573b179b7e58.jpg?w=1200\" \/><\/a>\n    <\/div>\n<div style=\"margin-top:-29.2276%;margin-left:50.7307%;width:22.9645%\">\n     <a href=\"http:\/\/www.aliexpress.com\/item\/detail\/4000079669126.html\" target=\"_blank\" class=\"\"><img data-recalc-dims=\"1\" decoding=\"async\" src=\"https:\/\/i0.wp.com\/ae01.alicdn.com\/kf\/Hfa62833376514f31967fa573b179b7e58.jpg?w=1200\" \/><\/a>\n    <\/div>\n<div style=\"margin-top:-29.2276%;margin-left:75.261%;width:22.9645%\">\n     <a href=\"http:\/\/www.aliexpress.com\/item\/detail\/4000076700696.html\" target=\"_blank\" class=\"\"><img data-recalc-dims=\"1\" decoding=\"async\" src=\"https:\/\/i0.wp.com\/ae01.alicdn.com\/kf\/Hfa62833376514f31967fa573b179b7e58.jpg?w=1200\" \/><\/a>\n    <\/div>\n<div style=\"margin-top:1.56576%;margin-left:1.67015%;width:22.9645%\"><\/div>\n<div style=\"margin-top:-29.2276%;margin-left:26.2004%;width:22.9645%\">\n     <a href=\"http:\/\/www.aliexpress.com\/item\/detail\/4000072228381.html\" target=\"_blank\" class=\"\"><img data-recalc-dims=\"1\" decoding=\"async\" src=\"https:\/\/i0.wp.com\/ae01.alicdn.com\/kf\/Hfa62833376514f31967fa573b179b7e58.jpg?w=1200\" \/><\/a>\n    <\/div>\n<div style=\"margin-top:-29.2276%;margin-left:50.7307%;width:22.9645%\"><\/div>\n<div style=\"margin-top:-29.2276%;margin-left:75.261%;width:22.9645%\"><\/div>\n<div style=\"margin-top:5.63674%;width:0px;height:0px\"><\/div>\n<\/p><\/div>\n<div style=\"border:0px\"><\/div>\n<\/p><\/div>\n<div>\n<div>\n<p style=\"text-align:center\" align=\"center\"><span style=\"font-size:22px\"><u><strong id=\"tl_1\">Paulownia de madeira unissex com fundo plano<\/strong><\/u><\/span><\/p>\n<p style=\"text-align:center\" align=\"center\"><span style=\"font-size:22px\"><u><strong id=\"tl_2\">Japon&ecirc;s Tradicional Geta Clog Homem Mulher<\/strong><\/u><\/span><\/p>\n<p style=\"text-align:center\" align=\"center\"><span style=\"font-size:22px\"><u><strong id=\"tl_3\">Naruto Ninja Cosplay Shoes Flip Flop Sand&aacute;lias de ver&atilde;o<\/strong><\/u><\/span><\/p>\n<div>\n     \n    <\/div>\n<p style=\"text-align:center\" align=\"center\"><span><span style=\"font-size:22px\"><strong id=\"tl_4\">*Observe que o tamanho deste tamanco &eacute; menor que o tamanho normal do sapato,<\/strong><\/span><\/span><\/p>\n<p style=\"text-align:center\" align=\"center\"><span><span style=\"font-size:22px\"><strong id=\"tl_5\">Recomenda-se 2 tamanhos maiores<\/strong><\/span><\/span><\/p>\n<div>\n     \n    <\/div>\n<p style=\"text-align:center\" align=\"center\"><span style=\"font-size:22px\"><strong><span id=\"tl_6\">Exemplo:<\/span><\/strong><\/span><\/p>\n<p style=\"text-align:center\" align=\"center\"><span style=\"font-size:22px\"><strong><span id=\"tl_7\">Tamanho normal do sapato: 34, Escolha 36<\/span><\/strong><\/span><\/p>\n<p style=\"text-align:center\" align=\"center\"><span style=\"font-size:22px\"><strong><span id=\"tl_8\">Tamanho normal do sapato: 42, Escolha 44<\/span><\/strong><\/span><\/p>\n<p style=\"text-align:center\" align=\"center\"><span><span style=\"font-size:22px\"><strong id=\"tl_9\">(N&Atilde;O CERTEZA DO TAMANHO CORRETO?<\/strong><\/span><\/span><\/p>\n<p style=\"text-align:center\" align=\"center\"><span><span style=\"font-size:22px\"><strong id=\"tl_10\">Sinta-se &agrave; vontade para nos aprovar)<\/strong><\/span><\/span><\/p>\n<div><\/div>\n<p style=\"text-align:center\" align=\"center\"><img data-recalc-dims=\"1\" decoding=\"async\" src=\"https:\/\/i0.wp.com\/ae01.alicdn.com\/kf\/He5ef8be3dab34bdea79ea09f0f782cdcV.jpg?w=1200&#038;ssl=1\" \/><\/p>\n<p style=\"text-align:center\" align=\"center\"><img data-recalc-dims=\"1\" loading=\"lazy\" decoding=\"async\" style=\"border:0px;margin:0px;margin-bottom:0px;margin-top:0px;margin-left:0px;margin-right:0px;padding:0px;padding-bottom:0px;padding-top:0px;padding-left:0px;padding-right:0px;max-width:790px\" class=\"desc-img-loaded\" width=\"790\" height=\"790\" src=\"https:\/\/i0.wp.com\/cbu01.alicdn.com\/img\/ibank\/2017\/395\/278\/4457872593_512881823.jpg?resize=790%2C790&#038;ssl=1\" \/><span style=\"font-size:12px;, Tahoma, Arial, \u5b8b\u4f53, sans-serif\"><strong><span style=\"font-size:24pt\"><\/p>\n<p><\/span><\/strong><\/span><img data-recalc-dims=\"1\" loading=\"lazy\" decoding=\"async\" style=\"border:0px;margin:0px;margin-bottom:0px;margin-top:0px;margin-left:0px;margin-right:0px;padding:0px;padding-bottom:0px;padding-top:0px;padding-left:0px;padding-right:0px;max-width:790px\" class=\"desc-img-loaded\" width=\"790\" height=\"790\" src=\"https:\/\/i0.wp.com\/cbu01.alicdn.com\/img\/ibank\/2017\/438\/932\/4455239834_512881823.jpg?resize=790%2C790&#038;ssl=1\" \/><span style=\"font-size:12px;, Tahoma, Arial, \u5b8b\u4f53, sans-serif\"><strong><span style=\"font-size:24pt\"><\/p>\n<p><\/span><\/strong><\/span><img data-recalc-dims=\"1\" loading=\"lazy\" decoding=\"async\" style=\"border:0px;margin:0px;margin-bottom:0px;margin-top:0px;margin-left:0px;margin-right:0px;padding:0px;padding-bottom:0px;padding-top:0px;padding-left:0px;padding-right:0px;max-width:790px\" class=\"desc-img-loaded\" width=\"790\" height=\"790\" src=\"https:\/\/i0.wp.com\/cbu01.alicdn.com\/img\/ibank\/2017\/878\/368\/4457863878_512881823.jpg?resize=790%2C790&#038;ssl=1\" \/><span style=\"font-size:12px;, Tahoma, Arial, \u5b8b\u4f53, sans-serif\"><strong><span style=\"font-size:24pt\"><\/p>\n<p><\/span><\/strong><\/span><img data-recalc-dims=\"1\" loading=\"lazy\" decoding=\"async\" style=\"border:0px;margin:0px;margin-bottom:0px;margin-top:0px;margin-left:0px;margin-right:0px;padding:0px;padding-bottom:0px;padding-top:0px;padding-left:0px;padding-right:0px;max-width:790px\" class=\"desc-img-loaded\" width=\"790\" height=\"790\" src=\"https:\/\/i0.wp.com\/cbu01.alicdn.com\/img\/ibank\/2017\/899\/332\/4455233998_512881823.jpg?resize=790%2C790&#038;ssl=1\" \/><\/p>\n<p style=\"text-align:center\" align=\"center\"><img data-recalc-dims=\"1\" decoding=\"async\" src=\"https:\/\/i0.wp.com\/ae01.alicdn.com\/kf\/H6248e3b75e21433196644e6737475f8d2.jpg?w=1200\" \/><img data-recalc-dims=\"1\" decoding=\"async\" src=\"https:\/\/i0.wp.com\/ae01.alicdn.com\/kf\/H7aaffe204d0848f5b9e4c3539db7d86cR.jpg?w=1200\" \/><img data-recalc-dims=\"1\" decoding=\"async\" src=\"https:\/\/i0.wp.com\/ae01.alicdn.com\/kf\/H0f6643ad97c04d7c990e029186db4494D.jpg?w=1200\" \/><img data-recalc-dims=\"1\" decoding=\"async\" src=\"https:\/\/i0.wp.com\/ae01.alicdn.com\/kf\/H3fb549facaef4178abc742c83c6eb0b0f.jpg?w=1200\" \/><img data-recalc-dims=\"1\" decoding=\"async\" src=\"https:\/\/i0.wp.com\/ae01.alicdn.com\/kf\/H14dfbcb5ea2f4aa4af045736c627455aA.jpg?w=1200\" \/><img data-recalc-dims=\"1\" decoding=\"async\" src=\"https:\/\/i0.wp.com\/ae01.alicdn.com\/kf\/Hffa35de07e8648549200c8d12208e3e0r.jpg?w=1200\" \/><img data-recalc-dims=\"1\" decoding=\"async\" src=\"https:\/\/i0.wp.com\/ae01.alicdn.com\/kf\/Hd7cbcb3b80dc4ecd83500d8f1786e152C.jpg?w=1200\" \/><img data-recalc-dims=\"1\" decoding=\"async\" src=\"https:\/\/i0.wp.com\/ae01.alicdn.com\/kf\/H4b06319853ff4058bb08583401a11538u.jpg?w=1200\" \/><img data-recalc-dims=\"1\" decoding=\"async\" src=\"https:\/\/i0.wp.com\/ae01.alicdn.com\/kf\/H35ad6543c9df4c6e8d9a1c5d0d6ea8406.jpg?w=1200\" \/><img data-recalc-dims=\"1\" decoding=\"async\" src=\"https:\/\/i0.wp.com\/ae01.alicdn.com\/kf\/H2bf4f34ce65c4b95ae3090904d218dd8i.jpg?w=1200\" \/><img data-recalc-dims=\"1\" decoding=\"async\" src=\"https:\/\/i0.wp.com\/ae01.alicdn.com\/kf\/Hb85c225101ed4f009a6ab64e4b4ad700M.jpg?w=1200\" \/><img data-recalc-dims=\"1\" decoding=\"async\" src=\"https:\/\/i0.wp.com\/ae01.alicdn.com\/kf\/Hf827be207c7c4211a0cea848eca0e97ap.jpg?w=1200\" \/><img data-recalc-dims=\"1\" decoding=\"async\" src=\"https:\/\/i0.wp.com\/ae01.alicdn.com\/kf\/H565687bd5268434f8cabee3d6a88d2aci.jpg?w=1200\" \/><img data-recalc-dims=\"1\" decoding=\"async\" src=\"https:\/\/i0.wp.com\/ae01.alicdn.com\/kf\/Hf84cca6b63104cfa95e22824a7353a6fG.jpg?w=1200\" \/><img data-recalc-dims=\"1\" decoding=\"async\" src=\"https:\/\/i0.wp.com\/ae01.alicdn.com\/kf\/H35a71ede8b1b4349ac69035f1e32b5c0T.jpg?w=1200\" \/><img data-recalc-dims=\"1\" decoding=\"async\" src=\"https:\/\/i0.wp.com\/ae01.alicdn.com\/kf\/Hd993eca6cc854a798612915bf7c3becaR.jpg?w=1200\" \/><img data-recalc-dims=\"1\" decoding=\"async\" src=\"https:\/\/i0.wp.com\/ae01.alicdn.com\/kf\/He4af30ee41be43dea72281bb3f0b9ce7D.jpg?w=1200\" \/><img data-recalc-dims=\"1\" decoding=\"async\" src=\"https:\/\/i0.wp.com\/ae01.alicdn.com\/kf\/H194a0346e8dc45bc9ede0c90e8dcbd8e9.jpg?w=1200\" \/><img data-recalc-dims=\"1\" decoding=\"async\" src=\"https:\/\/i0.wp.com\/ae01.alicdn.com\/kf\/H688e07d1a82443d8bf08373e0ccc0067r.jpg?w=1200\" \/><img data-recalc-dims=\"1\" decoding=\"async\" src=\"https:\/\/i0.wp.com\/ae01.alicdn.com\/kf\/H91fdaa6e3ad9488ba6638387e6806e0cx.jpg?w=1200\" \/><\/p>\n<div>\n<p>\n    <\/div>\n<\/p><\/div>\n<\/p><\/div>\n<\/p><\/div>\n<\/div>\n<p><\/p>\n<\/div>\n<\/div>\n","protected":false},"excerpt":{"rendered":"<p>Paulownia de madeira unissex com fundo plano Japon&ecirc;s Tradicional Geta Clog Homem Mulher Naruto Ninja Cosplay Shoes Flip Flop Sand&aacute;lias de ver&atilde;o *Observe que o tamanho deste tamanco &eacute; menor que o tamanho normal do sapato, Recomenda-se 2 tamanhos maiores Exemplo: Tamanho normal do sapato: 34, Escolha 36 Tamanho normal do sapato: 42, Escolha 44&hellip;&nbsp;<\/p>\n","protected":false},"featured_media":22028,"template":"","meta":{"neve_meta_sidebar":"","neve_meta_container":"","neve_meta_enable_content_width":"","neve_meta_content_width":0,"neve_meta_title_alignment":"","neve_meta_author_avatar":"","neve_post_elements_order":"","neve_meta_disable_header":"","neve_meta_disable_footer":"","neve_meta_disable_title":""},"product_brand":[],"product_cat":[28,16,31],"product_tag":[],"class_list":{"0":"post-22034","1":"product","2":"type-product","3":"status-publish","4":"has-post-thumbnail","6":"product_cat-acessorios-para-cosplay","7":"product_cat-novidades-e-uso-especial","8":"product_cat-sapatos-acessorios-para-cosplay","10":"first","11":"instock","12":"shipping-taxable","13":"purchasable","14":"product-type-variable","15":"has-default-attributes"},"jetpack_sharing_enabled":true,"_links":{"self":[{"href":"https:\/\/listman.shop\/costume-br\/wp-json\/wp\/v2\/product\/22034","targetHints":{"allow":["GET"]}}],"collection":[{"href":"https:\/\/listman.shop\/costume-br\/wp-json\/wp\/v2\/product"}],"about":[{"href":"https:\/\/listman.shop\/costume-br\/wp-json\/wp\/v2\/types\/product"}],"wp:featuredmedia":[{"embeddable":true,"href":"https:\/\/listman.shop\/costume-br\/wp-json\/wp\/v2\/media\/22028"}],"wp:attachment":[{"href":"https:\/\/listman.shop\/costume-br\/wp-json\/wp\/v2\/media?parent=22034"}],"wp:term":[{"taxonomy":"product_brand","embeddable":true,"href":"https:\/\/listman.shop\/costume-br\/wp-json\/wp\/v2\/product_brand?post=22034"},{"taxonomy":"product_cat","embeddable":true,"href":"https:\/\/listman.shop\/costume-br\/wp-json\/wp\/v2\/product_cat?post=22034"},{"taxonomy":"product_tag","embeddable":true,"href":"https:\/\/listman.shop\/costume-br\/wp-json\/wp\/v2\/product_tag?post=22034"}],"curies":[{"name":"wp","href":"https:\/\/api.w.org\/{rel}","templated":true}]}}