{"id":22252,"date":"2024-12-10T08:11:45","date_gmt":"2024-12-09T23:11:45","guid":{"rendered":"https:\/\/listman.shop\/costume-br\/product\/1005007084299008\/"},"modified":"2026-04-08T12:43:10","modified_gmt":"2026-04-08T03:43:10","slug":"1005007084299008","status":"publish","type":"product","link":"https:\/\/listman.shop\/costume-br\/product\/1005007084299008\/","title":{"rendered":"Rua dos desenhos animados super luigi bros chap\u00e9u de sol ajust\u00e1vel bonito trajes cosplay bordado acess\u00f3rios bon\u00e9 de beisebol"},"content":{"rendered":"<div class=\"detailmodule_html\">\n<div class=\"detail-desc-decorate-richtext\">\n<p style=\"text-align:center\" align=\"center\"><span style=\"font-size:22px;font-family:georgia, serif\"><strong>Rua dos desenhos animados super luigi bros chap\u00e9u de sol ajust\u00e1vel bonito trajes cosplay bordado acess\u00f3rios bon\u00e9 de beisebol<\/strong><\/span><\/p>\n<p><\/p>\n<p style=\", Roboto, Arial, Helvetica, sans-serif, SimSun;font-size:14px;font-weight:400;letter-spacing:normal;line-height:inherit;text-align:center;white-space:normal;margin:0px;margin-bottom:0px;margin-top:0px;margin-left:0px;margin-right:0px;padding:0px;padding-bottom:0px;padding-top:0px;padding-left:0px;padding-right:0px\" align=\"center\"><strong><span style=\"font-size:22px;font-family:georgia, serif\">Material: poli\u00e9ster<\/span><\/strong><\/p>\n<p style=\", Roboto, Arial, Helvetica, sans-serif, SimSun;font-size:14px;font-weight:400;letter-spacing:normal;line-height:inherit;text-align:start;white-space:normal;margin:0px;margin-bottom:0px;margin-top:0px;margin-left:0px;margin-right:0px;padding:0px;padding-bottom:0px;padding-top:0px;padding-left:0px;padding-right:0px\" align=\"start\"><strong><br \/><\/strong><\/p>\n<p style=\", sans-serif;font-size:14px;font-weight:400;letter-spacing:normal;line-height:inherit;text-align:center;white-space:normal;margin:0px;margin-bottom:0px;margin-top:0px;margin-left:0px;margin-right:0px;padding:0px;padding-bottom:0px;padding-top:0px;padding-left:0px;padding-right:0px\" align=\"center\"><strong><span style=\"font-family:georgia, serif\"><span style=\"font-family:georgia, serif\"><span style=\"font-size:22px;font-family:georgia, serif\">Cor: Como foto<\/span><\/span><\/span><\/strong><\/p>\n<p style=\", Roboto, Arial, Helvetica, sans-serif, SimSun;font-size:14px;font-weight:400;letter-spacing:normal;line-height:inherit;text-align:start;white-space:normal;margin:0px;margin-bottom:0px;margin-top:0px;margin-left:0px;margin-right:0px;padding:0px;padding-bottom:0px;padding-top:0px;padding-left:0px;padding-right:0px\" align=\"start\"><strong><br \/><\/strong><\/p>\n<p style=\", sans-serif;font-size:14px;font-weight:400;letter-spacing:normal;line-height:inherit;text-align:center;white-space:normal;margin:0px;margin-bottom:0px;margin-top:0px;margin-left:0px;margin-right:0px;padding:0px;padding-bottom:0px;padding-top:0px;padding-left:0px;padding-right:0px\" align=\"center\"><strong><span style=\"font-family:georgia, serif\"><span style=\"font-size:22px;font-family:georgia, serif\"><span style=\"font-family:georgia, serif\">O pacote inclui: 1 * pcs<\/span><\/span><\/span><\/strong><\/p>\n<p style=\", Roboto, Arial, Helvetica, sans-serif, SimSun;font-size:14px;font-weight:400;letter-spacing:normal;line-height:inherit;text-align:start;white-space:normal;margin:0px;margin-bottom:0px;margin-top:0px;margin-left:0px;margin-right:0px;padding:0px;padding-bottom:0px;padding-top:0px;padding-left:0px;padding-right:0px\" align=\"start\"><strong><br \/><\/strong><\/p>\n<p style=\", sans-serif;font-size:14px;font-weight:400;letter-spacing:normal;line-height:inherit;text-align:center;white-space:normal;margin:0px;margin-bottom:0px;margin-top:0px;margin-left:0px;margin-right:0px;padding:0px;padding-bottom:0px;padding-top:0px;padding-left:0px;padding-right:0px\" align=\"center\"><strong><span style=\"font-family:georgia, serif\"><span style=\"font-size:22px;font-family:georgia, serif\"><span style=\"font-family:georgia, serif\">Tamanho: circunfer\u00eancia da cabe\u00e7a 56-62cm<\/span><\/span><\/span><\/strong><\/p>\n<p style=\"text-align:center\" align=\"center\">\n<p><\/p>\n<p style=\"text-align:center\" align=\"center\"><img data-recalc-dims=\"1\" decoding=\"async\" src=\"https:\/\/i0.wp.com\/ae01.alicdn.com\/kf\/Sf9a97d272e714ef891361dd961adc0c9s.png?w=1200&#038;ssl=1\"><img data-recalc-dims=\"1\" decoding=\"async\" src=\"https:\/\/i0.wp.com\/ae01.alicdn.com\/kf\/S322f26d4d70e4c9685d4d64b82d1f357S.jpg?w=1200&#038;ssl=1\"><img data-recalc-dims=\"1\" decoding=\"async\" src=\"https:\/\/i0.wp.com\/ae01.alicdn.com\/kf\/S50948f4fd10f4ce8bfe31138c2a2fffaC.jpg?w=1200&#038;ssl=1\"><img data-recalc-dims=\"1\" decoding=\"async\" src=\"https:\/\/i0.wp.com\/ae01.alicdn.com\/kf\/S6f64ef62167d4cddb74bd8ee7cd3bdebh.jpg?w=1200&#038;ssl=1\"><img data-recalc-dims=\"1\" decoding=\"async\" src=\"https:\/\/i0.wp.com\/ae01.alicdn.com\/kf\/S844855ec2bd9451aaba63c6355b1cb9c5.jpg?w=1200&#038;ssl=1\"><img data-recalc-dims=\"1\" decoding=\"async\" src=\"https:\/\/i0.wp.com\/ae01.alicdn.com\/kf\/Sd824ba29854c4435a1a1f6c6f96cfcb2e.jpg?w=1200&#038;ssl=1\"><img data-recalc-dims=\"1\" decoding=\"async\" src=\"https:\/\/i0.wp.com\/ae01.alicdn.com\/kf\/S266d464e14f54fb59634696f1222ce18y.jpg?w=1200&#038;ssl=1\"><img data-recalc-dims=\"1\" decoding=\"async\" src=\"https:\/\/i0.wp.com\/ae01.alicdn.com\/kf\/S38951f3412f449acab8668605e2279dbk.jpg?w=1200&#038;ssl=1\"><\/p>\n<\/div>\n<\/div>\n","protected":false},"excerpt":{"rendered":"<p>Rua dos desenhos animados super luigi bros chap\u00e9u de sol ajust\u00e1vel bonito trajes cosplay bordado acess\u00f3rios bon\u00e9 de beisebol Material: poli\u00e9ster Cor: Como foto O pacote inclui: 1 * pcs Tamanho: circunfer\u00eancia da cabe\u00e7a 56-62cm<\/p>\n","protected":false},"featured_media":22246,"template":"","meta":{"neve_meta_sidebar":"","neve_meta_container":"","neve_meta_enable_content_width":"","neve_meta_content_width":0,"neve_meta_title_alignment":"","neve_meta_author_avatar":"","neve_post_elements_order":"","neve_meta_disable_header":"","neve_meta_disable_footer":"","neve_meta_disable_title":""},"product_brand":[],"product_cat":[30,28,16],"product_tag":[],"class_list":{"0":"post-22252","1":"product","2":"type-product","3":"status-publish","4":"has-post-thumbnail","6":"product_cat-acessorios-acessorios-para-cosplay","7":"product_cat-acessorios-para-cosplay","8":"product_cat-novidades-e-uso-especial","10":"first","11":"instock","12":"shipping-taxable","13":"purchasable","14":"product-type-variable","15":"has-default-attributes"},"jetpack_sharing_enabled":true,"_links":{"self":[{"href":"https:\/\/listman.shop\/costume-br\/wp-json\/wp\/v2\/product\/22252","targetHints":{"allow":["GET"]}}],"collection":[{"href":"https:\/\/listman.shop\/costume-br\/wp-json\/wp\/v2\/product"}],"about":[{"href":"https:\/\/listman.shop\/costume-br\/wp-json\/wp\/v2\/types\/product"}],"wp:featuredmedia":[{"embeddable":true,"href":"https:\/\/listman.shop\/costume-br\/wp-json\/wp\/v2\/media\/22246"}],"wp:attachment":[{"href":"https:\/\/listman.shop\/costume-br\/wp-json\/wp\/v2\/media?parent=22252"}],"wp:term":[{"taxonomy":"product_brand","embeddable":true,"href":"https:\/\/listman.shop\/costume-br\/wp-json\/wp\/v2\/product_brand?post=22252"},{"taxonomy":"product_cat","embeddable":true,"href":"https:\/\/listman.shop\/costume-br\/wp-json\/wp\/v2\/product_cat?post=22252"},{"taxonomy":"product_tag","embeddable":true,"href":"https:\/\/listman.shop\/costume-br\/wp-json\/wp\/v2\/product_tag?post=22252"}],"curies":[{"name":"wp","href":"https:\/\/api.w.org\/{rel}","templated":true}]}}