{"id":22681,"date":"2024-12-10T08:23:51","date_gmt":"2024-12-09T23:23:51","guid":{"rendered":"https:\/\/listman.shop\/costume-br\/product\/1005007126317479\/"},"modified":"2026-04-08T10:46:44","modified_gmt":"2026-04-08T01:46:44","slug":"1005007126317479","status":"publish","type":"product","link":"https:\/\/listman.shop\/costume-br\/product\/1005007126317479\/","title":{"rendered":"Predator alien\u00edgena xenomorph cosplay trajes chaveiro acess\u00f3rios pingente"},"content":{"rendered":"<div class=\"detailmodule_html\">\n<div class=\"detail-desc-decorate-richtext\">\n<div class=\"detailmodule_text\">\n<p>Nota: Queridos amigos, h\u00e1 uma pel\u00edcula protetora na superf\u00edcie do chaveiro.Ao receb\u00ea-lo, voc\u00ea pode arrancar esta pel\u00edcula protetora<\/p>\n<\/div>\n<div class=\"detailmodule_text\">\n<p>Material: Acr\u00edlico<\/p>\n<\/div>\n<div class=\"detailmodule_text\">\n<p>Tamanho: cerca de 6cm<\/p>\n<\/div>\n<div class=\"detailmodule_text\"><\/div>\n<div class=\"detailmodule_text\">\n<p>Nota:<\/p>\n<\/div>\n<div class=\"detailmodule_text\">\n<p>Devido \u00e0 medida manual, o tamanho pode ter um erro de 2-3 cm, 1 polegada = 2,54 cm.<\/p>\n<\/div>\n<div class=\"detailmodule_text\">\n<p>Devido ao monitor diferente, a cor pode ter diferen\u00e7a.<\/p>\n<\/div>\n<div class=\"detailmodule_text\">\n<p>Devido ao longo envio, o item pode ser danificado durante o transporte, se o item for danificado, entre em contato conosco imediatamente antes de deixar feedback, obrigado pela sua compreens\u00e3o.<\/p>\n<\/div>\n<div class=\"detailmodule_image\"><img data-recalc-dims=\"1\" decoding=\"async\" src=\"https:\/\/i0.wp.com\/ae01.alicdn.com\/kf\/Sacbcf8f1a4a54221bdc0d042d679b482q.jpg?w=1200&#038;ssl=1\"><img data-recalc-dims=\"1\" decoding=\"async\" src=\"https:\/\/i0.wp.com\/ae01.alicdn.com\/kf\/S9112f1c1c8d94a13bdad36e336df2b342.jpg?w=1200&#038;ssl=1\"><img data-recalc-dims=\"1\" decoding=\"async\" src=\"https:\/\/i0.wp.com\/ae01.alicdn.com\/kf\/S74cbcf229d3e4e59932fcfd1050f9f32I.jpg?w=1200&#038;ssl=1\"><\/div>\n<p><\/p>\n<\/div>\n<\/div>\n","protected":false},"excerpt":{"rendered":"<p>Nota: Queridos amigos, h\u00e1 uma pel\u00edcula protetora na superf\u00edcie do chaveiro.Ao receb\u00ea-lo, voc\u00ea pode arrancar esta pel\u00edcula protetora Material: Acr\u00edlico Tamanho: cerca de 6cm Nota: Devido \u00e0 medida manual, o tamanho pode ter um erro de 2-3 cm, 1 polegada = 2,54 cm. Devido ao monitor diferente, a cor pode ter diferen\u00e7a. Devido ao longo&hellip;&nbsp;<\/p>\n","protected":false},"featured_media":22676,"template":"","meta":{"neve_meta_sidebar":"","neve_meta_container":"","neve_meta_enable_content_width":"","neve_meta_content_width":0,"neve_meta_title_alignment":"","neve_meta_author_avatar":"","neve_post_elements_order":"","neve_meta_disable_header":"","neve_meta_disable_footer":"","neve_meta_disable_title":""},"product_brand":[],"product_cat":[30,28,16],"product_tag":[],"class_list":{"0":"post-22681","1":"product","2":"type-product","3":"status-publish","4":"has-post-thumbnail","6":"product_cat-acessorios-acessorios-para-cosplay","7":"product_cat-acessorios-para-cosplay","8":"product_cat-novidades-e-uso-especial","10":"first","11":"instock","12":"shipping-taxable","13":"purchasable","14":"product-type-variable","15":"has-default-attributes"},"jetpack_sharing_enabled":true,"_links":{"self":[{"href":"https:\/\/listman.shop\/costume-br\/wp-json\/wp\/v2\/product\/22681","targetHints":{"allow":["GET"]}}],"collection":[{"href":"https:\/\/listman.shop\/costume-br\/wp-json\/wp\/v2\/product"}],"about":[{"href":"https:\/\/listman.shop\/costume-br\/wp-json\/wp\/v2\/types\/product"}],"wp:featuredmedia":[{"embeddable":true,"href":"https:\/\/listman.shop\/costume-br\/wp-json\/wp\/v2\/media\/22676"}],"wp:attachment":[{"href":"https:\/\/listman.shop\/costume-br\/wp-json\/wp\/v2\/media?parent=22681"}],"wp:term":[{"taxonomy":"product_brand","embeddable":true,"href":"https:\/\/listman.shop\/costume-br\/wp-json\/wp\/v2\/product_brand?post=22681"},{"taxonomy":"product_cat","embeddable":true,"href":"https:\/\/listman.shop\/costume-br\/wp-json\/wp\/v2\/product_cat?post=22681"},{"taxonomy":"product_tag","embeddable":true,"href":"https:\/\/listman.shop\/costume-br\/wp-json\/wp\/v2\/product_tag?post=22681"}],"curies":[{"name":"wp","href":"https:\/\/api.w.org\/{rel}","templated":true}]}}