{"id":23111,"date":"2024-12-10T08:36:51","date_gmt":"2024-12-09T23:36:51","guid":{"rendered":"https:\/\/listman.shop\/costume-br\/product\/1005007152554791\/"},"modified":"2026-04-08T11:20:35","modified_gmt":"2026-04-08T02:20:35","slug":"1005007152554791","status":"publish","type":"product","link":"https:\/\/listman.shop\/costume-br\/product\/1005007152554791\/","title":{"rendered":"Nariz chapelaria acess\u00f3rios de festa de unissex mulheres homens filhote de cachorro cosplay meia face m\u00e1scara fetiche com boca aberta para trajes de dramatiza\u00e7\u00e3o"},"content":{"rendered":"<div class=\"detailmodule_html\">\n<div class=\"detail-desc-decorate-richtext\">\n<p><img data-recalc-dims=\"1\" decoding=\"async\" style=\"width:568px\"  src=\"https:\/\/i0.wp.com\/ae01.alicdn.com\/kf\/S1ba78544c52c4759b3de06f70bfb26a88.jpg?w=1200&#038;ssl=1\" \/><\/p>\n<div>\n<\/div>\n<p><img data-recalc-dims=\"1\" decoding=\"async\" style=\"width:1000px\"  src=\"https:\/\/i0.wp.com\/ae01.alicdn.com\/kf\/S7ac94be883bc49319d65549d3d319684x.jpg?w=1200&#038;ssl=1\" \/><\/p>\n<p><span class=\"slate-node-text\"><span><span style=\"font-size:24px\" id=\"tl_1\">Privacy Guaranteed:<\/span><\/span><\/span><\/p>\n<p><span class=\"slate-node-text\"><span><span style=\"font-size:24px\" id=\"tl_2\">Your privacy is the utmost importance to us. The default name on the package is &quot;Accessories&quot;(any other requirements, please send us a message), and with our discreet packaging you can shop in confidence, the only person who knows what&#8217;s inside the package is you!<\/span><\/span><\/span><\/p>\n<p><img data-recalc-dims=\"1\" decoding=\"async\" style=\"width:1000px\"  src=\"https:\/\/i0.wp.com\/ae01.alicdn.com\/kf\/Sc93981d5a22e4f10b1c65ffe445c5a94a.jpg?w=1200&#038;ssl=1\" \/><\/p>\n<div>\n<p><img data-recalc-dims=\"1\" decoding=\"async\" style=\"width:900px\"  src=\"https:\/\/i0.wp.com\/ae01.alicdn.com\/kf\/S64ae8e2ee62548e180708751a2271a01f.jpg?w=1200&#038;ssl=1\" \/><\/p>\n<p><img data-recalc-dims=\"1\" decoding=\"async\" style=\"width:900px\"  src=\"https:\/\/i0.wp.com\/ae01.alicdn.com\/kf\/S4b64407622624b56855626975a6d9f73J.jpg?w=1200&#038;ssl=1\" \/><\/p>\n<p><img data-recalc-dims=\"1\" decoding=\"async\" style=\"width:900px\"  src=\"https:\/\/i0.wp.com\/ae01.alicdn.com\/kf\/H563bc8efe5c249d281b7519de41439f2r.jpg?w=1200&#038;ssl=1\" \/><\/p>\n<p><img data-recalc-dims=\"1\" decoding=\"async\" style=\"width:900px\"  src=\"https:\/\/i0.wp.com\/ae01.alicdn.com\/kf\/Hb02fda5b110542a7a61340a6a5c2636a6.jpg?w=1200&#038;ssl=1\" \/><\/p>\n<p><img data-recalc-dims=\"1\" decoding=\"async\" style=\"width:900px\"  src=\"https:\/\/i0.wp.com\/ae01.alicdn.com\/kf\/Hfb65fb91e57441b480592a3d7339e713U.jpg?w=1200&#038;ssl=1\" \/><\/p>\n<p><img data-recalc-dims=\"1\" decoding=\"async\" style=\"width:900px\"  src=\"https:\/\/i0.wp.com\/ae01.alicdn.com\/kf\/Sa6d05f62d65c403b8ca41f647c829f78L.jpg?w=1200&#038;ssl=1\" \/><\/p>\n<\/div>\n<div>\n <br \/> \n<\/div>\n<p><img data-recalc-dims=\"1\" decoding=\"async\" style=\"width:800px\"  src=\"https:\/\/i0.wp.com\/ae01.alicdn.com\/kf\/Scde52e9573de4a3caf1c4519441a34f5D.jpg?w=1200&#038;ssl=1\" \/><\/p>\n<p><img data-recalc-dims=\"1\" decoding=\"async\" style=\"width:1000px\"  src=\"https:\/\/i0.wp.com\/ae01.alicdn.com\/kf\/S3b3a4731dac8438cb24b70c1de7da4e5B.jpg?w=1200&#038;ssl=1\" \/><\/p>\n<div>\n<div style=\"margin:0px auto;margin-bottom:0px;margin-top:0px;margin-left:auto;margin-right:auto;position:relative\">\n<div style=\"margin:0px;margin-bottom:0px;margin-top:0px;margin-left:0px;margin-right:0px;padding:0px;padding-bottom:0px;padding-top:0px;padding-left:0px;padding-right:0px;overflow:hidden;height:1px\" title=\"New\">\n    2293\n  <\/div>\n<div>\n   <img data-recalc-dims=\"1\" decoding=\"async\" src=\"https:\/\/i0.wp.com\/ae01.alicdn.com\/kf\/Scfe7e93597144a46929fac2659cfa887e.png?w=1200&#038;ssl=1\" \/>\n  <\/div>\n<div style=\"position:relative;top:-1px\">\n<div>\n    <img data-recalc-dims=\"1\" decoding=\"async\" style=\"left:0px;position:relative;top:0px\" src=\"https:\/\/i0.wp.com\/ae01.alicdn.com\/kf\/S89527c4131924b0a820396c3301c9b16n.png?w=1200&#038;ssl=1\" \/>\n   <\/div>\n<div style=\"padding:0px 5px 5px 0px;padding-bottom:5px;padding-top:0px;padding-left:0px;padding-right:5px;left:0px;position:absolute;top:0px\">\n<table style=\"border-collapse:collapse\" class=\"ke-zeroborder\" border=\"0\" cellpadding=\"0\" cellspacing=\"0\">\n<tbody>\n<tr>\n<td>\n<p><a href=\"http:\/\/www.aliexpress.com\/item\/anywhere\/1005003358413379.html\" target=\"_blank\" class=\"\"><img data-recalc-dims=\"1\" decoding=\"async\" style=\"border:0px currentcolor;margin:5px 0px 0px 5px;margin-bottom:0px;margin-top:5px;margin-left:5px;margin-right:0px;width:222.5px\"  src=\"https:\/\/i0.wp.com\/ae01.alicdn.com\/kf\/S63ae2c3ff893446ca87923a9729022f4I.png?w=1200&#038;ssl=1\" \/><\/a><\/p>\n<\/td>\n<td>\n<p><a href=\"http:\/\/www.aliexpress.com\/item\/anywhere\/1005003154982262.html\" target=\"_blank\" class=\"\"><img data-recalc-dims=\"1\" decoding=\"async\" style=\"border:0px currentcolor;margin:5px 0px 0px 5px;margin-bottom:0px;margin-top:5px;margin-left:5px;margin-right:0px;width:222.5px\"  src=\"https:\/\/i0.wp.com\/ae01.alicdn.com\/kf\/S3c7170c56d7a47ae84f4ed875bda0185x.png?w=1200&#038;ssl=1\" \/><\/a><\/p>\n<\/td>\n<td>\n<p><a href=\"http:\/\/www.aliexpress.com\/item\/anywhere\/1005003111207855.html\" target=\"_blank\" class=\"\"><img data-recalc-dims=\"1\" decoding=\"async\" style=\"border:0px currentcolor;margin:5px 0px 0px 5px;margin-bottom:0px;margin-top:5px;margin-left:5px;margin-right:0px;width:222.5px\"  src=\"https:\/\/i0.wp.com\/ae01.alicdn.com\/kf\/S1da0f0b69e914e90bd83185bb16a5d13g.png?w=1200&#038;ssl=1\" \/><\/a><\/p>\n<\/td>\n<td>\n<p><a href=\"http:\/\/www.aliexpress.com\/item\/anywhere\/1005003664548600.html\" target=\"_blank\" class=\"\"><img data-recalc-dims=\"1\" decoding=\"async\" style=\"border:0px currentcolor;margin:5px 0px 0px 5px;margin-bottom:0px;margin-top:5px;margin-left:5px;margin-right:0px;width:222.5px\"  src=\"https:\/\/i0.wp.com\/ae01.alicdn.com\/kf\/Sb637c2179f8243ad84e30102cd8add1af.png?w=1200&#038;ssl=1\" \/><\/a><\/p>\n<\/td>\n<\/tr>\n<tr>\n<td>\n<p><a href=\"http:\/\/www.aliexpress.com\/item\/anywhere\/1005004198720059.html\" target=\"_blank\" class=\"\"><img data-recalc-dims=\"1\" decoding=\"async\" style=\"border:0px currentcolor;margin:5px 0px 0px 5px;margin-bottom:0px;margin-top:5px;margin-left:5px;margin-right:0px;width:222.5px\"  src=\"https:\/\/i0.wp.com\/ae01.alicdn.com\/kf\/S0fa9a7d4e17c4ca8a92aa1b712055fc8t.png?w=1200&#038;ssl=1\" \/><\/a><\/p>\n<\/td>\n<td>\n<p><a href=\"http:\/\/www.aliexpress.com\/item\/anywhere\/1005004162193503.html\" target=\"_blank\" class=\"\"><img data-recalc-dims=\"1\" decoding=\"async\" style=\"border:0px currentcolor;margin:5px 0px 0px 5px;margin-bottom:0px;margin-top:5px;margin-left:5px;margin-right:0px;width:222.5px\"  src=\"https:\/\/i0.wp.com\/ae01.alicdn.com\/kf\/Sd0579d164871481dbb6b1b88e0aef831s.png?w=1200&#038;ssl=1\" \/><\/a><\/p>\n<\/td>\n<td>\n<p><a href=\"http:\/\/www.aliexpress.com\/item\/anywhere\/1005003681013671.html\" target=\"_blank\" class=\"\"><img data-recalc-dims=\"1\" decoding=\"async\" style=\"border:0px currentcolor;margin:5px 0px 0px 5px;margin-bottom:0px;margin-top:5px;margin-left:5px;margin-right:0px;width:222.5px\"  src=\"https:\/\/i0.wp.com\/ae01.alicdn.com\/kf\/Sae9f1a74834a4748ab489ba529e6f5056.png?w=1200&#038;ssl=1\" \/><\/a><\/p>\n<\/td>\n<td>\n<p><a href=\"http:\/\/www.aliexpress.com\/item\/anywhere\/1005001852235016.html\" target=\"_blank\" class=\"\"><img data-recalc-dims=\"1\" decoding=\"async\" style=\"border:0px currentcolor;margin:5px 0px 0px 5px;margin-bottom:0px;margin-top:5px;margin-left:5px;margin-right:0px;width:222.5px\"  src=\"https:\/\/i0.wp.com\/ae01.alicdn.com\/kf\/S9d7b0bd1efa84d299fe6afbf759f67e10.png?w=1200&#038;ssl=1\" \/><\/a><\/p>\n<\/td>\n<\/tr>\n<tr>\n<td>\n<p><a href=\"http:\/\/www.aliexpress.com\/item\/anywhere\/1005002759229373.html\" target=\"_blank\" class=\"\"><img data-recalc-dims=\"1\" decoding=\"async\" style=\"border:0px currentcolor;margin:5px 0px 0px 5px;margin-bottom:0px;margin-top:5px;margin-left:5px;margin-right:0px;width:222.5px\"  src=\"https:\/\/i0.wp.com\/ae01.alicdn.com\/kf\/S61f55966801a41fb82717044c8864f512.png?w=1200&#038;ssl=1\" \/><\/a><\/p>\n<\/td>\n<td>\n<p><a href=\"http:\/\/www.aliexpress.com\/item\/anywhere\/4001240760061.html\" target=\"_blank\" class=\"\"><img data-recalc-dims=\"1\" decoding=\"async\" style=\"border:0px currentcolor;margin:5px 0px 0px 5px;margin-bottom:0px;margin-top:5px;margin-left:5px;margin-right:0px;width:222.5px\"  src=\"https:\/\/i0.wp.com\/ae01.alicdn.com\/kf\/S0e4c311db48b465692d1bde16b5c2d35e.png?w=1200&#038;ssl=1\" \/><\/a><\/p>\n<\/td>\n<td>\n<p><a href=\"http:\/\/www.aliexpress.com\/item\/anywhere\/4001184174487.html\" target=\"_blank\" class=\"\"><img data-recalc-dims=\"1\" decoding=\"async\" style=\"border:0px currentcolor;margin:5px 0px 0px 5px;margin-bottom:0px;margin-top:5px;margin-left:5px;margin-right:0px;width:222.5px\"  src=\"https:\/\/i0.wp.com\/ae01.alicdn.com\/kf\/Se2a4132c415c4ab08556359459412127A.png?w=1200&#038;ssl=1\" \/><\/a><\/p>\n<\/td>\n<td>\n<p><a href=\"http:\/\/www.aliexpress.com\/item\/anywhere\/4001204651192.html\" target=\"_blank\" class=\"\"><img data-recalc-dims=\"1\" decoding=\"async\" style=\"border:0px currentcolor;margin:5px 0px 0px 5px;margin-bottom:0px;margin-top:5px;margin-left:5px;margin-right:0px;width:222.5px\"  src=\"https:\/\/i0.wp.com\/ae01.alicdn.com\/kf\/S94ca74607dfe42f78d33fc7291779676o.png?w=1200&#038;ssl=1\" \/><\/a><\/p>\n<\/td>\n<\/tr>\n<\/tbody>\n<\/table><\/div>\n<\/p><\/div>\n<\/p><\/div>\n<div>\n   &nbsp;\n <\/div>\n<\/div>\n<div>\n <br \/> \n<\/div>\n<p><\/p>\n<\/div>\n<\/div>\n","protected":false},"excerpt":{"rendered":"<p>Privacy Guaranteed: Your privacy is the utmost importance to us. The default name on the package is &quot;Accessories&quot;(any other requirements, please send us a message), and with our discreet packaging you can shop in confidence, the only person who knows what&#8217;s inside the package is you! 2293 &nbsp;<\/p>\n","protected":false},"featured_media":23105,"template":"","meta":{"neve_meta_sidebar":"","neve_meta_container":"","neve_meta_enable_content_width":"","neve_meta_content_width":0,"neve_meta_title_alignment":"","neve_meta_author_avatar":"","neve_post_elements_order":"","neve_meta_disable_header":"","neve_meta_disable_footer":"","neve_meta_disable_title":""},"product_brand":[],"product_cat":[30,28,16],"product_tag":[],"class_list":{"0":"post-23111","1":"product","2":"type-product","3":"status-publish","4":"has-post-thumbnail","6":"product_cat-acessorios-acessorios-para-cosplay","7":"product_cat-acessorios-para-cosplay","8":"product_cat-novidades-e-uso-especial","10":"first","11":"instock","12":"shipping-taxable","13":"purchasable","14":"product-type-variable","15":"has-default-attributes"},"jetpack_sharing_enabled":true,"_links":{"self":[{"href":"https:\/\/listman.shop\/costume-br\/wp-json\/wp\/v2\/product\/23111","targetHints":{"allow":["GET"]}}],"collection":[{"href":"https:\/\/listman.shop\/costume-br\/wp-json\/wp\/v2\/product"}],"about":[{"href":"https:\/\/listman.shop\/costume-br\/wp-json\/wp\/v2\/types\/product"}],"wp:featuredmedia":[{"embeddable":true,"href":"https:\/\/listman.shop\/costume-br\/wp-json\/wp\/v2\/media\/23105"}],"wp:attachment":[{"href":"https:\/\/listman.shop\/costume-br\/wp-json\/wp\/v2\/media?parent=23111"}],"wp:term":[{"taxonomy":"product_brand","embeddable":true,"href":"https:\/\/listman.shop\/costume-br\/wp-json\/wp\/v2\/product_brand?post=23111"},{"taxonomy":"product_cat","embeddable":true,"href":"https:\/\/listman.shop\/costume-br\/wp-json\/wp\/v2\/product_cat?post=23111"},{"taxonomy":"product_tag","embeddable":true,"href":"https:\/\/listman.shop\/costume-br\/wp-json\/wp\/v2\/product_tag?post=23111"}],"curies":[{"name":"wp","href":"https:\/\/api.w.org\/{rel}","templated":true}]}}