{"id":23235,"date":"2024-12-10T08:40:17","date_gmt":"2024-12-09T23:40:17","guid":{"rendered":"https:\/\/listman.shop\/costume-br\/product\/1005007180056682\/"},"modified":"2026-04-05T03:22:49","modified_gmt":"2026-04-04T18:22:49","slug":"1005007180056682","status":"publish","type":"product","link":"https:\/\/listman.shop\/costume-br\/product\/1005007180056682\/","title":{"rendered":"Acess\u00f3rios de festa horror engra\u00e7ado truques m\u00e1gicos simula\u00e7\u00e3o falsa l\u00edngua descompress\u00e3o brinquedo brincadeira"},"content":{"rendered":"<div class=\"detailmodule_html\">\n<div class=\"detail-desc-decorate-richtext\">\n<p id=\"tl_1\">Recursos<\/p>\n<p id=\"tl_2\">Cor: vermelho<\/p>\n<p id=\"tl_3\">Tamanho: comprimento, largura &eacute; de cerca de 5,5*3,8 cm<\/p>\n<p id=\"tl_4\">Material: Sil&iacute;cio<\/p>\n<p id=\"tl_5\">Dica gentil:<\/p>\n<p id=\"tl_6\">1.Convers&atilde;o: 1 polegada = 2,54 cm<\/p>\n<p id=\"tl_7\">Tamanho Aproximadamente: Este tamanho &eacute; sobre o tamanho asi&aacute;tico, geralmente obt&eacute;m um tamanho menor que o tamanho dos EUA\/UE, consulte a tabela de tamanhos na imagem.Item medido &agrave; m&atilde;o, pode ser de 1 a 3 cm diferente.espero que voc&ecirc; possa entender, ser&aacute; sinceramente apreciado.<\/p>\n<p id=\"tl_8\">2. Lembre-se de que devido aos efeitos de ilumina&ccedil;&atilde;o, configura&ccedil;&otilde;es de brilho\/contraste do monitor, etc., pode haver algumas pequenas diferen&ccedil;as no tom da cor da foto do site e do item real.<\/p>\n<p><img data-recalc-dims=\"1\" decoding=\"async\" src=\"https:\/\/i0.wp.com\/ae01.alicdn.com\/kf\/Sedbcaabd16394017ae77b0b2d436b7a59.jpg?w=1200&#038;ssl=1\" \/><\/p>\n<p><img data-recalc-dims=\"1\" decoding=\"async\" src=\"https:\/\/i0.wp.com\/ae01.alicdn.com\/kf\/S55fe44d01d1044ec98682d34d42d397c2.jpg?w=1200&#038;ssl=1\" \/><img data-recalc-dims=\"1\" decoding=\"async\" src=\"https:\/\/i0.wp.com\/ae01.alicdn.com\/kf\/Sb89fb95003fc4c9fa02c3265f2e27485V.jpg?w=1200&#038;ssl=1\" \/><img data-recalc-dims=\"1\" decoding=\"async\" src=\"https:\/\/i0.wp.com\/ae01.alicdn.com\/kf\/S70320705b33849f681dac4ae4d3dd30fv.jpg?w=1200&#038;ssl=1\" \/><img data-recalc-dims=\"1\" decoding=\"async\" src=\"https:\/\/i0.wp.com\/ae01.alicdn.com\/kf\/Sf45e79d4c9d242728b857804595f2e31C.jpg?w=1200&#038;ssl=1\" \/><br \/><img data-recalc-dims=\"1\" decoding=\"async\" src=\"https:\/\/i0.wp.com\/ae01.alicdn.com\/kf\/Sb634f142b8f340c4a52496ff8faaf3e4f.jpg?w=1200&#038;ssl=1\" \/><img data-recalc-dims=\"1\" decoding=\"async\" src=\"https:\/\/i0.wp.com\/ae01.alicdn.com\/kf\/Sf6d2f5ce8a4a405cab075cfb677eb098K.jpg?w=1200&#038;ssl=1\" \/><img data-recalc-dims=\"1\" decoding=\"async\" src=\"https:\/\/i0.wp.com\/ae01.alicdn.com\/kf\/Sdb04bad448334bcebaf265bdad38f8b65.jpg?w=1200&#038;ssl=1\" \/><img data-recalc-dims=\"1\" decoding=\"async\" src=\"https:\/\/i0.wp.com\/ae01.alicdn.com\/kf\/S2d5b49f776f74e7988fea62777928069E.jpg?w=1200&#038;ssl=1\" \/><img data-recalc-dims=\"1\" decoding=\"async\" src=\"https:\/\/i0.wp.com\/ae01.alicdn.com\/kf\/S561749535f6e472087decf88c6bed036h.jpg?w=1200&#038;ssl=1\" \/><\/p>\n<p><\/div>\n<\/div>\n","protected":false},"excerpt":{"rendered":"<p>Recursos Cor: vermelho Tamanho: comprimento, largura &eacute; de cerca de 5,5*3,8 cm Material: Sil&iacute;cio Dica gentil: 1.Convers&atilde;o: 1 polegada = 2,54 cm Tamanho Aproximadamente: Este tamanho &eacute; sobre o tamanho asi&aacute;tico, geralmente obt&eacute;m um tamanho menor que o tamanho dos EUA\/UE, consulte a tabela de tamanhos na imagem.Item medido &agrave; m&atilde;o, pode ser de 1&hellip;&nbsp;<\/p>\n","protected":false},"featured_media":23229,"template":"","meta":{"neve_meta_sidebar":"","neve_meta_container":"","neve_meta_enable_content_width":"","neve_meta_content_width":0,"neve_meta_title_alignment":"","neve_meta_author_avatar":"","neve_post_elements_order":"","neve_meta_disable_header":"","neve_meta_disable_footer":"","neve_meta_disable_title":""},"product_brand":[],"product_cat":[28,36,16],"product_tag":[],"class_list":{"0":"post-23235","1":"product","2":"type-product","3":"status-publish","4":"has-post-thumbnail","6":"product_cat-acessorios-para-cosplay","7":"product_cat-fantasias-e-acessorios-assustadores-acessorios-para-cosplay","8":"product_cat-novidades-e-uso-especial","10":"first","11":"instock","12":"shipping-taxable","13":"purchasable","14":"product-type-variable","15":"has-default-attributes"},"jetpack_sharing_enabled":true,"_links":{"self":[{"href":"https:\/\/listman.shop\/costume-br\/wp-json\/wp\/v2\/product\/23235","targetHints":{"allow":["GET"]}}],"collection":[{"href":"https:\/\/listman.shop\/costume-br\/wp-json\/wp\/v2\/product"}],"about":[{"href":"https:\/\/listman.shop\/costume-br\/wp-json\/wp\/v2\/types\/product"}],"wp:featuredmedia":[{"embeddable":true,"href":"https:\/\/listman.shop\/costume-br\/wp-json\/wp\/v2\/media\/23229"}],"wp:attachment":[{"href":"https:\/\/listman.shop\/costume-br\/wp-json\/wp\/v2\/media?parent=23235"}],"wp:term":[{"taxonomy":"product_brand","embeddable":true,"href":"https:\/\/listman.shop\/costume-br\/wp-json\/wp\/v2\/product_brand?post=23235"},{"taxonomy":"product_cat","embeddable":true,"href":"https:\/\/listman.shop\/costume-br\/wp-json\/wp\/v2\/product_cat?post=23235"},{"taxonomy":"product_tag","embeddable":true,"href":"https:\/\/listman.shop\/costume-br\/wp-json\/wp\/v2\/product_tag?post=23235"}],"curies":[{"name":"wp","href":"https:\/\/api.w.org\/{rel}","templated":true}]}}