{"id":23378,"date":"2024-12-10T08:44:25","date_gmt":"2024-12-09T23:44:25","guid":{"rendered":"https:\/\/listman.shop\/costume-br\/product\/1005007192993584\/"},"modified":"2026-04-05T02:38:22","modified_gmt":"2026-04-04T17:38:22","slug":"1005007192993584","status":"publish","type":"product","link":"https:\/\/listman.shop\/costume-br\/product\/1005007192993584\/","title":{"rendered":"Anime ninja cosplay traje halloween amanhecer organiza\u00e7\u00e3o robe bordado nuvem vermelha manto unisex preto robe colar anel"},"content":{"rendered":"<div class=\"detailmodule_html\">\n<div class=\"detail-desc-decorate-richtext\">\n<div class=\"detailmodule_html\">\n<div class=\"detail-desc-decorate-richtext\">\n<div>Apresentando a capa de Akatsuki e Uchiha Clan Unissex Black Robe Halloween Party Cosplay Costume, a maneira perfeita de incorporar seus personagens de anime favoritos em seu pr\u00f3ximo evento de cosplay.Esta fantasia apresenta bordados requintados e uma gola alta que aumenta sua autenticidade.<\/p>\n<p>Ele vem com cinco nuvens vermelhas nas costas, o que \u00e9 um s\u00edmbolo ic\u00f4nico do Akatsuki Clan, sendo a escolha perfeita para quem quer fazer cosplay como um dos membros do grupo.Al\u00e9m disso, esta capa \u00e9 adornada com anel, faixa para a cabe\u00e7a e pingente, dando-lhe ainda mais car\u00e1ter e aten\u00e7\u00e3o aos detalhes.<\/p>\n<p>O manto preto \u00e9 feito de materiais de alta qualidade, garantindo durabilidade e durabilidade.\u00c9 um design unissex que cabe tanto em homens quanto em mulheres, e o fecho com z\u00edper facilita o uso e a remo\u00e7\u00e3o.Voc\u00ea vai adorar o qu\u00e3o confort\u00e1vel e estiloso fica com sua nova fantasia de cosplay.<\/p>\n<p>Quer voc\u00ea seja um f\u00e3 de Naruto ou apenas ame as fantasias de cosplay, a capa de Akatsuki e Uchiha Clan Unissex Black Robe Halloween Party Cosplay Costume \u00e9 uma excelente escolha para sua cole\u00e7\u00e3o. Encomende agora e prepare-se para uma experi\u00eancia de cosplay inesquec\u00edvel.<\/p><\/div>\n<div><img data-recalc-dims=\"1\" decoding=\"async\" src=\"https:\/\/i0.wp.com\/ae01.alicdn.com\/kf\/S8e998e3bc9bd42ad9f73d6cdd5308cdbM.jpg?w=1200&#038;ssl=1\"><\/div>\n<p style=\"margin:0px;margin-bottom:0px;margin-top:0px;margin-left:0px;margin-right:0px;display:block;width:100%\"><img data-recalc-dims=\"1\" decoding=\"async\" src=\"https:\/\/i0.wp.com\/ae01.alicdn.com\/kf\/Sac8ca32c333e4ee199145b86c98c3f15w.jpg?w=1200&#038;ssl=1\"><img data-recalc-dims=\"1\" decoding=\"async\" src=\"https:\/\/i0.wp.com\/ae01.alicdn.com\/kf\/Se91a9b0c009e4c979c8d9bb202e832eek.jpg?w=1200&#038;ssl=1\"><img data-recalc-dims=\"1\" decoding=\"async\" src=\"https:\/\/i0.wp.com\/ae01.alicdn.com\/kf\/S9c4b7b7cd2f542f2ad77fedb75824720J.jpg?w=1200&#038;ssl=1\"><img data-recalc-dims=\"1\" decoding=\"async\" src=\"https:\/\/i0.wp.com\/ae01.alicdn.com\/kf\/S5f13477fba1d4884968b0befef5d4331X.jpg?w=1200&#038;ssl=1\"><img data-recalc-dims=\"1\" decoding=\"async\" src=\"https:\/\/i0.wp.com\/ae01.alicdn.com\/kf\/S462003c2b9a548d3968840990d0d4cb6b.jpg?w=1200&#038;ssl=1\"><img data-recalc-dims=\"1\" decoding=\"async\" src=\"https:\/\/i0.wp.com\/ae01.alicdn.com\/kf\/S26b1d9a4fce941cfa1faeb5b5f6aae48P.jpg?w=1200&#038;ssl=1\"><img data-recalc-dims=\"1\" decoding=\"async\" src=\"https:\/\/i0.wp.com\/ae01.alicdn.com\/kf\/Se042b5f5e25b439f8dfa765392542dd5L.jpg?w=1200&#038;ssl=1\"><img data-recalc-dims=\"1\" decoding=\"async\" src=\"https:\/\/i0.wp.com\/ae01.alicdn.com\/kf\/S96f2a9c52a074e3fbd2760cdeee22e037.jpg?w=1200&#038;ssl=1\"><\/p>\n<p>&nbsp;<\/p>\n<\/div>\n<\/div>\n<\/div>\n<\/div>\n","protected":false},"excerpt":{"rendered":"<p>Apresentando a capa de Akatsuki e Uchiha Clan Unissex Black Robe Halloween Party Cosplay Costume, a maneira perfeita de incorporar seus personagens de anime favoritos em seu pr\u00f3ximo evento de cosplay.Esta fantasia apresenta bordados requintados e uma gola alta que aumenta sua autenticidade. Ele vem com cinco nuvens vermelhas nas costas, o que \u00e9 um&hellip;&nbsp;<\/p>\n","protected":false},"featured_media":23372,"template":"","meta":{"neve_meta_sidebar":"","neve_meta_container":"","neve_meta_enable_content_width":"","neve_meta_content_width":0,"neve_meta_title_alignment":"","neve_meta_author_avatar":"","neve_post_elements_order":"","neve_meta_disable_header":"","neve_meta_disable_footer":"","neve_meta_disable_title":""},"product_brand":[],"product_cat":[38,16,39],"product_tag":[],"class_list":{"0":"post-23378","1":"product","2":"type-product","3":"status-publish","4":"has-post-thumbnail","6":"product_cat-fantasias-de-cosplay","7":"product_cat-novidades-e-uso-especial","8":"product_cat-trajes-de-cosplay-desativar-fantasias-de-cosplay","10":"first","11":"instock","12":"shipping-taxable","13":"purchasable","14":"product-type-variable","15":"has-default-attributes"},"jetpack_sharing_enabled":true,"_links":{"self":[{"href":"https:\/\/listman.shop\/costume-br\/wp-json\/wp\/v2\/product\/23378","targetHints":{"allow":["GET"]}}],"collection":[{"href":"https:\/\/listman.shop\/costume-br\/wp-json\/wp\/v2\/product"}],"about":[{"href":"https:\/\/listman.shop\/costume-br\/wp-json\/wp\/v2\/types\/product"}],"wp:featuredmedia":[{"embeddable":true,"href":"https:\/\/listman.shop\/costume-br\/wp-json\/wp\/v2\/media\/23372"}],"wp:attachment":[{"href":"https:\/\/listman.shop\/costume-br\/wp-json\/wp\/v2\/media?parent=23378"}],"wp:term":[{"taxonomy":"product_brand","embeddable":true,"href":"https:\/\/listman.shop\/costume-br\/wp-json\/wp\/v2\/product_brand?post=23378"},{"taxonomy":"product_cat","embeddable":true,"href":"https:\/\/listman.shop\/costume-br\/wp-json\/wp\/v2\/product_cat?post=23378"},{"taxonomy":"product_tag","embeddable":true,"href":"https:\/\/listman.shop\/costume-br\/wp-json\/wp\/v2\/product_tag?post=23378"}],"curies":[{"name":"wp","href":"https:\/\/api.w.org\/{rel}","templated":true}]}}