{"id":23457,"date":"2024-12-10T08:46:33","date_gmt":"2024-12-09T23:46:33","guid":{"rendered":"https:\/\/listman.shop\/costume-br\/product\/1005007197071117\/"},"modified":"2026-04-08T10:34:04","modified_gmt":"2026-04-08T01:34:04","slug":"1005007197071117","status":"publish","type":"product","link":"https:\/\/listman.shop\/costume-br\/product\/1005007197071117\/","title":{"rendered":"Assustador slenderman m\u00e1scara cospaly horror homem sem rosto alien\u00edgena cr\u00e2nio l\u00e1tex capacete halloween carnaval vestir-se festa traje adere\u00e7os"},"content":{"rendered":"<div class=\"detailmodule_html\">\n<div class=\"detail-desc-decorate-richtext\">\n<div class=\"detailmodule_html\">\n<div class=\"detail-desc-decorate-richtext\">\n<p style=\", Roboto, Arial, Helvetica, sans-serif, SimSun;line-height:inherit;margin:0px;margin-bottom:0px;margin-top:0px;margin-left:0px;margin-right:0px;padding:0px;padding-bottom:0px;padding-top:0px;padding-left:0px;padding-right:0px\"><span class=\"slate-node-text\"><span><span style=\"font-size:18px\">Tamanho: tamanho \u00fanico (circunfer\u00eancia da cabe\u00e7a 53-62cm)<\/span><\/span><\/span><\/p>\n<p style=\", Roboto, Arial, Helvetica, sans-serif, SimSun;line-height:inherit;margin:0px;margin-bottom:0px;margin-top:0px;margin-left:0px;margin-right:0px;padding:0px;padding-bottom:0px;padding-top:0px;padding-left:0px;padding-right:0px\"><span class=\"slate-node-text\"><span><span style=\"font-size:18px\">Material: L\u00e1tex<\/span><\/span><\/span><\/p>\n<p style=\", Roboto, Arial, Helvetica, sans-serif, SimSun;line-height:inherit;margin:0px;margin-bottom:0px;margin-top:0px;margin-left:0px;margin-right:0px;padding:0px;padding-bottom:0px;padding-top:0px;padding-left:0px;padding-right:0px\"><span class=\"slate-node-text\"><span><span style=\"font-size:18px\">Componentes: 1*M\u00e1scara<\/span><\/span><\/span><\/p>\n<p style=\", Roboto, Arial, Helvetica, sans-serif, SimSun;line-height:inherit;margin:0px;margin-bottom:0px;margin-top:0px;margin-left:0px;margin-right:0px;padding:0px;padding-bottom:0px;padding-top:0px;padding-left:0px;padding-right:0px\"><span class=\"slate-node-text\"><span><span style=\"font-size:18px\">Cor: Como mostradoG\u00eanero: Unissex<\/span><\/span><\/span><\/p>\n<div><\/div>\n<p><span style=\"font-size:14px;, Roboto, Arial, Helvetica, sans-serif, SimSun\"><i><strong><span style=\"font-size:20px\">Nota:Os olhos s\u00e3o de malha preta.<\/span><\/strong><\/i><\/span><\/p>\n<div><\/div>\n<div><\/div>\n<p style=\", Roboto, Arial, Helvetica, sans-serif, SimSun;line-height:inherit;margin:0px;margin-bottom:0px;margin-top:0px;margin-left:0px;margin-right:0px;padding:0px;padding-bottom:0px;padding-top:0px;padding-left:0px;padding-right:0px\"><img data-recalc-dims=\"1\" decoding=\"async\" src=\"https:\/\/i0.wp.com\/ae01.alicdn.com\/kf\/Sdfb68cb127aa41339fc2fad3e9b5a41fc.jpg?w=1200&#038;ssl=1\"><\/p>\n<\/div>\n<\/div>\n<p><img data-recalc-dims=\"1\" decoding=\"async\" src=\"https:\/\/i0.wp.com\/ae01.alicdn.com\/kf\/S6ffbfe0bfd294fb4a06b5fd3aca5bf17C.jpg?w=1200&#038;ssl=1\"><img data-recalc-dims=\"1\" decoding=\"async\" src=\"https:\/\/i0.wp.com\/ae01.alicdn.com\/kf\/S513974f1452049e2be40d30797c89117Y.jpg?w=1200&#038;ssl=1\"><img data-recalc-dims=\"1\" decoding=\"async\" src=\"https:\/\/i0.wp.com\/ae01.alicdn.com\/kf\/See6a65fbcdca4166a09e708b97aefc81n.jpg?w=1200&#038;ssl=1\"><img data-recalc-dims=\"1\" decoding=\"async\" src=\"https:\/\/i0.wp.com\/ae01.alicdn.com\/kf\/S9e6a899868cb48d1af0009dfcccd78cbU.jpg?w=1200&#038;ssl=1\"><img data-recalc-dims=\"1\" decoding=\"async\" src=\"https:\/\/i0.wp.com\/ae01.alicdn.com\/kf\/S3f564026e2f043a7a3a9e7b8ce4e6be8i.jpg?w=1200&#038;ssl=1\"><\/p>\n<\/div>\n<\/div>\n","protected":false},"excerpt":{"rendered":"<p>Tamanho: tamanho \u00fanico (circunfer\u00eancia da cabe\u00e7a 53-62cm) Material: L\u00e1tex Componentes: 1*M\u00e1scara Cor: Como mostradoG\u00eanero: Unissex Nota:Os olhos s\u00e3o de malha preta.<\/p>\n","protected":false},"featured_media":23451,"template":"","meta":{"neve_meta_sidebar":"","neve_meta_container":"","neve_meta_enable_content_width":"","neve_meta_content_width":0,"neve_meta_title_alignment":"","neve_meta_author_avatar":"","neve_post_elements_order":"","neve_meta_disable_header":"","neve_meta_disable_footer":"","neve_meta_disable_title":""},"product_brand":[],"product_cat":[30,28,16],"product_tag":[],"class_list":{"0":"post-23457","1":"product","2":"type-product","3":"status-publish","4":"has-post-thumbnail","6":"product_cat-acessorios-acessorios-para-cosplay","7":"product_cat-acessorios-para-cosplay","8":"product_cat-novidades-e-uso-especial","10":"first","11":"instock","12":"shipping-taxable","13":"purchasable","14":"product-type-variable","15":"has-default-attributes"},"jetpack_sharing_enabled":true,"_links":{"self":[{"href":"https:\/\/listman.shop\/costume-br\/wp-json\/wp\/v2\/product\/23457","targetHints":{"allow":["GET"]}}],"collection":[{"href":"https:\/\/listman.shop\/costume-br\/wp-json\/wp\/v2\/product"}],"about":[{"href":"https:\/\/listman.shop\/costume-br\/wp-json\/wp\/v2\/types\/product"}],"wp:featuredmedia":[{"embeddable":true,"href":"https:\/\/listman.shop\/costume-br\/wp-json\/wp\/v2\/media\/23451"}],"wp:attachment":[{"href":"https:\/\/listman.shop\/costume-br\/wp-json\/wp\/v2\/media?parent=23457"}],"wp:term":[{"taxonomy":"product_brand","embeddable":true,"href":"https:\/\/listman.shop\/costume-br\/wp-json\/wp\/v2\/product_brand?post=23457"},{"taxonomy":"product_cat","embeddable":true,"href":"https:\/\/listman.shop\/costume-br\/wp-json\/wp\/v2\/product_cat?post=23457"},{"taxonomy":"product_tag","embeddable":true,"href":"https:\/\/listman.shop\/costume-br\/wp-json\/wp\/v2\/product_tag?post=23457"}],"curies":[{"name":"wp","href":"https:\/\/api.w.org\/{rel}","templated":true}]}}