{"id":23475,"date":"2024-12-10T08:46:59","date_gmt":"2024-12-09T23:46:59","guid":{"rendered":"https:\/\/listman.shop\/costume-br\/product\/1005007202619823\/"},"modified":"2026-04-05T03:49:30","modified_gmt":"2026-04-04T18:49:30","slug":"1005007202619823","status":"publish","type":"product","link":"https:\/\/listman.shop\/costume-br\/product\/1005007202619823\/","title":{"rendered":"Crian\u00e7as unic\u00f3rnio anime cosplay trajes macac\u00e3o kigurumi pijamas animais crian\u00e7as com capuz pijamas halloween meninos meninas onesies"},"content":{"rendered":"<div class=\"detailmodule_html\">\n<div class=\"detail-desc-decorate-richtext\">\n<div class=\"detailmodule_html\">\n<div class=\"detail-desc-decorate-richtext\">\n<div>\n<div style=\"overflow:hidden;height:0px\">modname=ckeditor<\/div>\n<div>\n<div style=\"margin:3px auto;margin-bottom:3px;margin-top:3px;margin-left:auto;margin-right:auto;height:auto\">\n<p style=\"font-size:0px;overflow:hidden;width:1px;height:0px\">[xlmodel]-[custom]-[51471]<\/p>\n<div style=\"padding:5px;padding-bottom:5px;padding-top:5px;padding-left:5px;padding-right:5px;display:block;overflow:visible;height:auto\">\n<p style=\"margin-left:0pt\"><span style=\"font-size:12px\"><strong><span style=\"font-family:Arial\">Todos os pijamas n\u00e3o incluem chinelo, se voc\u00ea precisar de chinelo, compre na loja.<\/span><\/strong><\/span><\/p>\n<div>\n<\/div>\n<p style=\"margin-left:0pt\"><span style=\"font-size:12px\"><strong><span style=\"font-family:Arial\">O tamanho \u00e9 unissex, ent\u00e3o n\u00e3o importa se voc\u00ea \u00e9 menino ou menina, voc\u00ea pode usar, tamb\u00e9m sugerimos que voc\u00ea use como pijama de casal, voc\u00ea pode mistur\u00e1-lo, como ponto azul e rosa, dem\u00f4nio e morcego, etc.<\/span><\/strong><\/span><\/p>\n<div>\n<\/div>\n<p style=\"margin-left:0pt\"><span style=\"font-size:12px\"><strong><span style=\"font-family:Arial\">Tamanho infantil:<\/span><\/strong><\/span><\/p>\n<div><\/div>\n<p style=\"margin-left:0pt\"><span style=\"font-size:12px\"><strong><span style=\"font-family:Arial\">4T\/100: Ajuste 88-105cm (altura)<\/span><\/strong><\/span><\/p>\n<div>\n<\/div>\n<p style=\"margin-left:0pt\"><span style=\"font-size:12px\"><strong><span style=\"font-family:Arial\">6T\/110: ajuste 105-115cm (altura)<\/span><\/strong><\/span><\/p>\n<div>\n<\/div>\n<p style=\"margin-left:0pt\"><span style=\"font-size:12px\"><strong><span style=\"font-family:Arial\">8T\/120: Ajuste 116-125 cm (altura)<\/span><\/strong><\/span><\/p>\n<div>\n<\/div>\n<p style=\"margin-left:0pt\"><span style=\"font-size:12px\"><strong><span style=\"font-family:Arial\">10T\/130: Ajuste 125-135 cm (altura)<\/span><\/strong><\/span><\/p>\n<div>\n<\/div>\n<p style=\"margin-left:0pt\"><span style=\"font-size:12px\"><strong><span style=\"font-family:Arial\">12T\/140: Ajuste 135-145cm (altura)<\/span><\/strong><\/span><\/p>\n<div>\n<\/div>\n<p style=\"margin-left:0pt\"><span style=\"font-size:12px\"><strong><span style=\"font-family:Arial\">H\u00e1 z\u00edper ao redor do quadril, t\u00e3o f\u00e1cil de ir ao banheiro;<\/span><\/strong><\/span><\/p>\n<div>\n<\/div>\n<p style=\"margin-left:0pt\"><span style=\"font-size:12px\"><strong><span style=\"font-family:Arial\">Por favor, deixe-me saber se voc\u00ea quiser mais, ofereceremos um bom pre\u00e7o com envio r\u00e1pido!<\/span><\/strong><\/span><\/p>\n<div>\n<\/div>\n<p style=\"margin-left:0pt\"><span style=\"font-size:12px\"><strong><span style=\"font-family:Arial\">Compare os tamanhos dos detalhes com os seus, permita uma diferen\u00e7a de 1-2 cm devido \u00e0 medi\u00e7\u00e3o manual, obrigado<\/span><\/strong><\/span><\/p>\n<div>\n<\/div>\n<p style=\"margin-left:0pt\"><span style=\"font-size:12px\"><strong><span style=\"font-family:Arial\">Nota:Devido \u00e0 diferen\u00e7a entre diferentes monitores, a imagem pode n\u00e3o refletir a cor real do item.Garantimos que o estilo \u00e9 o mesmo mostrado nas fotos, mas n\u00e3o o mesmo desempenho em corpos diferentes como o modelo.Obrigado!<\/span><\/strong><\/span><\/p>\n<div>\n<\/div>\n<p style=\"margin-left:0pt\"><span style=\"font-size:12px\"><strong><span style=\"font-family:Arial\">O item inclui (n\u00e3o incluindo chinelo)<\/span><\/strong><\/span><\/p>\n<div><\/div>\n<p style=\"margin-left:0pt\"><span style=\"font-size:12px\"><strong><span style=\"font-family:Arial\">1x pijama<\/span><\/strong><\/span><\/p>\n<\/div>\n<\/div>\n<\/div>\n<\/div>\n<p><\/p>\n<\/div>\n<\/div>\n<p><\/div>\n<\/div>\n","protected":false},"excerpt":{"rendered":"<p>modname=ckeditor [xlmodel]-[custom]-[51471] Todos os pijamas n\u00e3o incluem chinelo, se voc\u00ea precisar de chinelo, compre na loja. O tamanho \u00e9 unissex, ent\u00e3o n\u00e3o importa se voc\u00ea \u00e9 menino ou menina, voc\u00ea pode usar, tamb\u00e9m sugerimos que voc\u00ea use como pijama de casal, voc\u00ea pode mistur\u00e1-lo, como ponto azul e rosa, dem\u00f4nio e morcego, etc. Tamanho infantil:&hellip;&nbsp;<\/p>\n","protected":false},"featured_media":23469,"template":"","meta":{"neve_meta_sidebar":"","neve_meta_container":"","neve_meta_enable_content_width":"","neve_meta_content_width":0,"neve_meta_title_alignment":"","neve_meta_author_avatar":"","neve_post_elements_order":"","neve_meta_disable_header":"","neve_meta_disable_footer":"","neve_meta_disable_title":""},"product_brand":[],"product_cat":[38,16,39],"product_tag":[],"class_list":{"0":"post-23475","1":"product","2":"type-product","3":"status-publish","4":"has-post-thumbnail","6":"product_cat-fantasias-de-cosplay","7":"product_cat-novidades-e-uso-especial","8":"product_cat-trajes-de-cosplay-desativar-fantasias-de-cosplay","10":"first","11":"instock","12":"shipping-taxable","13":"purchasable","14":"product-type-variable","15":"has-default-attributes"},"jetpack_sharing_enabled":true,"_links":{"self":[{"href":"https:\/\/listman.shop\/costume-br\/wp-json\/wp\/v2\/product\/23475","targetHints":{"allow":["GET"]}}],"collection":[{"href":"https:\/\/listman.shop\/costume-br\/wp-json\/wp\/v2\/product"}],"about":[{"href":"https:\/\/listman.shop\/costume-br\/wp-json\/wp\/v2\/types\/product"}],"wp:featuredmedia":[{"embeddable":true,"href":"https:\/\/listman.shop\/costume-br\/wp-json\/wp\/v2\/media\/23469"}],"wp:attachment":[{"href":"https:\/\/listman.shop\/costume-br\/wp-json\/wp\/v2\/media?parent=23475"}],"wp:term":[{"taxonomy":"product_brand","embeddable":true,"href":"https:\/\/listman.shop\/costume-br\/wp-json\/wp\/v2\/product_brand?post=23475"},{"taxonomy":"product_cat","embeddable":true,"href":"https:\/\/listman.shop\/costume-br\/wp-json\/wp\/v2\/product_cat?post=23475"},{"taxonomy":"product_tag","embeddable":true,"href":"https:\/\/listman.shop\/costume-br\/wp-json\/wp\/v2\/product_tag?post=23475"}],"curies":[{"name":"wp","href":"https:\/\/api.w.org\/{rel}","templated":true}]}}