{"id":23699,"date":"2024-12-10T08:53:30","date_gmt":"2024-12-09T23:53:30","guid":{"rendered":"https:\/\/listman.shop\/costume-br\/product\/1005007202709725\/"},"modified":"2026-04-08T13:13:15","modified_gmt":"2026-04-08T04:13:15","slug":"1005007202709725","status":"publish","type":"product","link":"https:\/\/listman.shop\/costume-br\/product\/1005007202709725\/","title":{"rendered":"M\u00e1scaras de orelha de gato brilhantes cosplay festa de halloween acess\u00f3rios de fantasia luvas longas sexy bling gatinho metade m\u00e1scaras"},"content":{"rendered":"<div class=\"detailmodule_html\">\n<div class=\"detail-desc-decorate-richtext\">\n<p><span style=\"font-size:22px\"><strong>Luvas de m\u00e1scaras brilhantes de orelha de gato sexy<\/strong><\/span><\/p>\n<p>Descri\u00e7\u00f5es dos itens:<\/p>\n<p>Fonte: gato da festa de Halloween<\/p>\n<p>Meterial: pl\u00e1stico pu<\/p>\n<p>Tamanho: como mostrado<\/p>\n<p>Pacote inclu\u00eddo:1 m\u00e1scara ou 1 par de luvas<\/p>\n<p>Nota:<\/p>\n<p>1.Por favor, entenda que pode haver diferen\u00e7as de cor devido a telefones celulares e monitores.<\/p>\n<p>2.Para que voc\u00ea possa rastrear o pacote completamente, escolha o AliExpress Saver Shipping e o AliExpress Standard Shipping.<\/p>\n<p>3.Damos as boas-vindas a voc\u00ea a fazer atacado ou dropshipping conosco.<\/p>\n<p>4. Depois de fazer um pedido, certifique-se de que tudo o que voc\u00ea fornece est\u00e1 correto.<\/p>\n<p><img data-recalc-dims=\"1\" decoding=\"async\" src=\"https:\/\/i0.wp.com\/ae01.alicdn.com\/kf\/Sa55a953bb614445a8ebfa8e561fb6e2b1.jpg?w=1200&#038;ssl=1\"><img data-recalc-dims=\"1\" decoding=\"async\" src=\"https:\/\/i0.wp.com\/ae01.alicdn.com\/kf\/Scfcd9747ede94c98bce4471956c983eem.jpg?w=1200&#038;ssl=1\"><img data-recalc-dims=\"1\" decoding=\"async\" src=\"https:\/\/i0.wp.com\/ae01.alicdn.com\/kf\/Sb9139a9e3f204ddf8c700026c5357179F.jpg?w=1200&#038;ssl=1\"><img data-recalc-dims=\"1\" decoding=\"async\" src=\"https:\/\/i0.wp.com\/ae01.alicdn.com\/kf\/S3fd6f78cfaa340a5912e1e8a2d182decq.jpg?w=1200&#038;ssl=1\"><img data-recalc-dims=\"1\" decoding=\"async\" src=\"https:\/\/i0.wp.com\/ae01.alicdn.com\/kf\/S5af739f7a37049b598de992308ebae99G.jpg?w=1200&#038;ssl=1\"><img data-recalc-dims=\"1\" decoding=\"async\" src=\"https:\/\/i0.wp.com\/ae01.alicdn.com\/kf\/S1a81ee9b43e24546b29ba6fa2b7ed616E.jpg?w=1200&#038;ssl=1\"><img data-recalc-dims=\"1\" decoding=\"async\" src=\"https:\/\/i0.wp.com\/ae01.alicdn.com\/kf\/Sa0a6ef01ca064c649eb22d4fafb3b958y.jpg?w=1200&#038;ssl=1\"><img data-recalc-dims=\"1\" decoding=\"async\" src=\"https:\/\/i0.wp.com\/ae01.alicdn.com\/kf\/S12a2975319934029a91c72bf52588cabb.jpg?w=1200&#038;ssl=1\"><img data-recalc-dims=\"1\" decoding=\"async\" src=\"https:\/\/i0.wp.com\/ae01.alicdn.com\/kf\/Sff9677ef997545cea3bf2576668a6667o.jpg?w=1200&#038;ssl=1\"><img data-recalc-dims=\"1\" decoding=\"async\" src=\"https:\/\/i0.wp.com\/ae01.alicdn.com\/kf\/Sca5a8d4166cf4ea9bb682e05df27dc787.jpg?w=1200&#038;ssl=1\"><img data-recalc-dims=\"1\" decoding=\"async\" src=\"https:\/\/i0.wp.com\/ae01.alicdn.com\/kf\/Sa03b722946c24d9897c6b85480eb048bh.jpg?w=1200&#038;ssl=1\"><\/p>\n<p><\/p>\n<p><\/p>\n<\/div>\n<\/div>\n","protected":false},"excerpt":{"rendered":"<p>Luvas de m\u00e1scaras brilhantes de orelha de gato sexy Descri\u00e7\u00f5es dos itens: Fonte: gato da festa de Halloween Meterial: pl\u00e1stico pu Tamanho: como mostrado Pacote inclu\u00eddo:1 m\u00e1scara ou 1 par de luvas Nota: 1.Por favor, entenda que pode haver diferen\u00e7as de cor devido a telefones celulares e monitores. 2.Para que voc\u00ea possa rastrear o pacote&hellip;&nbsp;<\/p>\n","protected":false},"featured_media":23693,"template":"","meta":{"neve_meta_sidebar":"","neve_meta_container":"","neve_meta_enable_content_width":"","neve_meta_content_width":0,"neve_meta_title_alignment":"","neve_meta_author_avatar":"","neve_post_elements_order":"","neve_meta_disable_header":"","neve_meta_disable_footer":"","neve_meta_disable_title":""},"product_brand":[],"product_cat":[30,28,16],"product_tag":[],"class_list":{"0":"post-23699","1":"product","2":"type-product","3":"status-publish","4":"has-post-thumbnail","6":"product_cat-acessorios-acessorios-para-cosplay","7":"product_cat-acessorios-para-cosplay","8":"product_cat-novidades-e-uso-especial","10":"first","11":"instock","12":"shipping-taxable","13":"purchasable","14":"product-type-variable","15":"has-default-attributes"},"jetpack_sharing_enabled":true,"_links":{"self":[{"href":"https:\/\/listman.shop\/costume-br\/wp-json\/wp\/v2\/product\/23699","targetHints":{"allow":["GET"]}}],"collection":[{"href":"https:\/\/listman.shop\/costume-br\/wp-json\/wp\/v2\/product"}],"about":[{"href":"https:\/\/listman.shop\/costume-br\/wp-json\/wp\/v2\/types\/product"}],"wp:featuredmedia":[{"embeddable":true,"href":"https:\/\/listman.shop\/costume-br\/wp-json\/wp\/v2\/media\/23693"}],"wp:attachment":[{"href":"https:\/\/listman.shop\/costume-br\/wp-json\/wp\/v2\/media?parent=23699"}],"wp:term":[{"taxonomy":"product_brand","embeddable":true,"href":"https:\/\/listman.shop\/costume-br\/wp-json\/wp\/v2\/product_brand?post=23699"},{"taxonomy":"product_cat","embeddable":true,"href":"https:\/\/listman.shop\/costume-br\/wp-json\/wp\/v2\/product_cat?post=23699"},{"taxonomy":"product_tag","embeddable":true,"href":"https:\/\/listman.shop\/costume-br\/wp-json\/wp\/v2\/product_tag?post=23699"}],"curies":[{"name":"wp","href":"https:\/\/api.w.org\/{rel}","templated":true}]}}