{"id":23813,"date":"2024-12-10T08:56:54","date_gmt":"2024-12-09T23:56:54","guid":{"rendered":"https:\/\/listman.shop\/costume-br\/product\/1005007216328060\/"},"modified":"2026-04-08T11:49:40","modified_gmt":"2026-04-08T02:49:40","slug":"1005007216328060","status":"publish","type":"product","link":"https:\/\/listman.shop\/costume-br\/product\/1005007216328060\/","title":{"rendered":"Faixa de cabelo de coelho rosa, faixa fofa de pel\u00facia kawaii, acess\u00f3rio de cabelo engra\u00e7ado, aba larga, criatividade, presente"},"content":{"rendered":"<div class=\"detailmodule_html\">\n<div class=\"detail-desc-decorate-richtext\">\n<div class=\"detailmodule_html\">\n<div class=\"detail-desc-decorate-richtext\">\n<div id=\"offer-template-0\"><\/div>\n<div style=\"width:790px\"><img data-recalc-dims=\"1\" decoding=\"async\" style=\"display:block;width:100%;height:auto\"   src=\"https:\/\/i0.wp.com\/ae01.alicdn.com\/kf\/S9abef48b58de4f7f95643d5e48658c89D.jpg?w=1200&#038;ssl=1\" useMap=\"#_sdmap_0\" \/> <img data-recalc-dims=\"1\" decoding=\"async\" style=\"display:block;width:100%;height:auto\"   src=\"https:\/\/i0.wp.com\/ae01.alicdn.com\/kf\/S9c671b6ac38244f38357b7c304251eb0R.jpg?w=1200&#038;ssl=1\" useMap=\"#_sdmap_2\" \/> <img data-recalc-dims=\"1\" decoding=\"async\" style=\"display:block;width:100%;height:auto\"   src=\"https:\/\/i0.wp.com\/ae01.alicdn.com\/kf\/Sbde709496b1f4292bdde9af63e981cf2g.jpg?w=1200&#038;ssl=1\" useMap=\"#_sdmap_3\" \/> <img data-recalc-dims=\"1\" decoding=\"async\" style=\"display:block;width:100%;height:auto\"   src=\"https:\/\/i0.wp.com\/ae01.alicdn.com\/kf\/S7b781b7f7d434565be4bbff6291c07e0z.jpg?w=1200&#038;ssl=1\" useMap=\"#_sdmap_4\" \/> <img data-recalc-dims=\"1\" decoding=\"async\" style=\"display:block;width:100%;height:auto\"   src=\"https:\/\/i0.wp.com\/ae01.alicdn.com\/kf\/S796c8df2f8ec4075b92c82e8c1efa1cfS.jpg?w=1200&#038;ssl=1\" useMap=\"#_sdmap_5\" \/> <img data-recalc-dims=\"1\" decoding=\"async\" style=\"display:block;width:100%;height:auto\"   src=\"https:\/\/i0.wp.com\/ae01.alicdn.com\/kf\/S89eb61e81ec449b1b0c25389da374f8aA.jpg?w=1200&#038;ssl=1\" useMap=\"#_sdmap_6\" \/><\/div>\n<\/div>\n<\/div>\n<p><\/p>\n<\/div>\n<\/div>\n","protected":false},"excerpt":{"rendered":"","protected":false},"featured_media":23807,"template":"","meta":{"neve_meta_sidebar":"","neve_meta_container":"","neve_meta_enable_content_width":"","neve_meta_content_width":0,"neve_meta_title_alignment":"","neve_meta_author_avatar":"","neve_post_elements_order":"","neve_meta_disable_header":"","neve_meta_disable_footer":"","neve_meta_disable_title":""},"product_brand":[],"product_cat":[30,28,16],"product_tag":[],"class_list":{"0":"post-23813","1":"product","2":"type-product","3":"status-publish","4":"has-post-thumbnail","6":"product_cat-acessorios-acessorios-para-cosplay","7":"product_cat-acessorios-para-cosplay","8":"product_cat-novidades-e-uso-especial","10":"first","11":"instock","12":"shipping-taxable","13":"purchasable","14":"product-type-variable","15":"has-default-attributes"},"jetpack_sharing_enabled":true,"_links":{"self":[{"href":"https:\/\/listman.shop\/costume-br\/wp-json\/wp\/v2\/product\/23813","targetHints":{"allow":["GET"]}}],"collection":[{"href":"https:\/\/listman.shop\/costume-br\/wp-json\/wp\/v2\/product"}],"about":[{"href":"https:\/\/listman.shop\/costume-br\/wp-json\/wp\/v2\/types\/product"}],"wp:featuredmedia":[{"embeddable":true,"href":"https:\/\/listman.shop\/costume-br\/wp-json\/wp\/v2\/media\/23807"}],"wp:attachment":[{"href":"https:\/\/listman.shop\/costume-br\/wp-json\/wp\/v2\/media?parent=23813"}],"wp:term":[{"taxonomy":"product_brand","embeddable":true,"href":"https:\/\/listman.shop\/costume-br\/wp-json\/wp\/v2\/product_brand?post=23813"},{"taxonomy":"product_cat","embeddable":true,"href":"https:\/\/listman.shop\/costume-br\/wp-json\/wp\/v2\/product_cat?post=23813"},{"taxonomy":"product_tag","embeddable":true,"href":"https:\/\/listman.shop\/costume-br\/wp-json\/wp\/v2\/product_tag?post=23813"}],"curies":[{"name":"wp","href":"https:\/\/api.w.org\/{rel}","templated":true}]}}