{"id":25103,"date":"2024-12-10T09:35:45","date_gmt":"2024-12-10T00:35:45","guid":{"rendered":"https:\/\/listman.shop\/costume-br\/product\/1005007321909937\/"},"modified":"2026-04-05T03:58:53","modified_gmt":"2026-04-04T18:58:53","slug":"1005007321909937","status":"publish","type":"product","link":"https:\/\/listman.shop\/costume-br\/product\/1005007321909937\/","title":{"rendered":"Espanhado curto raiva fogo peruca masculina dois tons laranja e amarelo elegante chama cosplay peruca para festa de halloween perucas de a\u00e7\u00e3o de gra\u00e7as"},"content":{"rendered":"<div class=\"detailmodule_html\">\n<div class=\"detail-desc-decorate-richtext\">\n<div class=\"detailmodule_html\">\n<div class=\"detail-desc-decorate-richtext\">\n<p><span style=\"font-size:22px;font-family:verdana, geneva, sans-serif\"><\/span><img data-recalc-dims=\"1\" decoding=\"async\" src=\"https:\/\/i0.wp.com\/ae01.alicdn.com\/kf\/S8af97cd1dfc14e4db5f7130e90d442e11.jpg?w=1200&#038;ssl=1\"><span style=\"font-size:22px;font-family:verdana, geneva, sans-serif\"><\/span><img data-recalc-dims=\"1\" decoding=\"async\" src=\"https:\/\/i0.wp.com\/ae01.alicdn.com\/kf\/S5674d7903d6c41faa606a114fc3ed094z.jpg?w=1200&#038;ssl=1\"><span style=\"font-size:22px;font-family:verdana, geneva, sans-serif\"><\/span><img data-recalc-dims=\"1\" decoding=\"async\" src=\"https:\/\/i0.wp.com\/ae01.alicdn.com\/kf\/Sefbb01e3158941c9b2e03f04ac85c7c73.jpg?w=1200&#038;ssl=1\"><span style=\"font-size:22px;font-family:verdana, geneva, sans-serif\"><\/span><img data-recalc-dims=\"1\" decoding=\"async\" src=\"https:\/\/i0.wp.com\/ae01.alicdn.com\/kf\/S67547c91973347998c3434c12af88b75j.jpg?w=1200&#038;ssl=1\"><span style=\"font-size:22px;font-family:verdana, geneva, sans-serif\"><\/span><img data-recalc-dims=\"1\" decoding=\"async\" src=\"https:\/\/i0.wp.com\/ae01.alicdn.com\/kf\/S4488f591e9904c4089c5798aa0679389a.jpg?w=1200&#038;ssl=1\"><span style=\"font-size:22px;font-family:verdana, geneva, sans-serif\"><\/span><\/p>\n<\/div>\n<\/div>\n<\/div>\n<\/div>\n","protected":false},"excerpt":{"rendered":"","protected":false},"featured_media":25098,"template":"","meta":{"neve_meta_sidebar":"","neve_meta_container":"","neve_meta_enable_content_width":"","neve_meta_content_width":0,"neve_meta_title_alignment":"","neve_meta_author_avatar":"","neve_post_elements_order":"","neve_meta_disable_header":"","neve_meta_disable_footer":"","neve_meta_disable_title":""},"product_brand":[],"product_cat":[28,16,33],"product_tag":[],"class_list":{"0":"post-25103","1":"product","2":"type-product","3":"status-publish","4":"has-post-thumbnail","6":"product_cat-acessorios-para-cosplay","7":"product_cat-novidades-e-uso-especial","8":"product_cat-perucas-cosplay-com-traje-cosplay-acessorios-para-cosplay","10":"first","11":"instock","12":"shipping-taxable","13":"purchasable","14":"product-type-variable","15":"has-default-attributes"},"jetpack_sharing_enabled":true,"_links":{"self":[{"href":"https:\/\/listman.shop\/costume-br\/wp-json\/wp\/v2\/product\/25103","targetHints":{"allow":["GET"]}}],"collection":[{"href":"https:\/\/listman.shop\/costume-br\/wp-json\/wp\/v2\/product"}],"about":[{"href":"https:\/\/listman.shop\/costume-br\/wp-json\/wp\/v2\/types\/product"}],"wp:featuredmedia":[{"embeddable":true,"href":"https:\/\/listman.shop\/costume-br\/wp-json\/wp\/v2\/media\/25098"}],"wp:attachment":[{"href":"https:\/\/listman.shop\/costume-br\/wp-json\/wp\/v2\/media?parent=25103"}],"wp:term":[{"taxonomy":"product_brand","embeddable":true,"href":"https:\/\/listman.shop\/costume-br\/wp-json\/wp\/v2\/product_brand?post=25103"},{"taxonomy":"product_cat","embeddable":true,"href":"https:\/\/listman.shop\/costume-br\/wp-json\/wp\/v2\/product_cat?post=25103"},{"taxonomy":"product_tag","embeddable":true,"href":"https:\/\/listman.shop\/costume-br\/wp-json\/wp\/v2\/product_tag?post=25103"}],"curies":[{"name":"wp","href":"https:\/\/api.w.org\/{rel}","templated":true}]}}