{"id":25382,"date":"2024-12-11T07:40:00","date_gmt":"2024-12-10T22:40:00","guid":{"rendered":"https:\/\/listman.shop\/costume-br\/product\/1005001450369561\/"},"modified":"2026-04-05T05:50:30","modified_gmt":"2026-04-04T20:50:30","slug":"1005001450369561","status":"publish","type":"product","link":"https:\/\/listman.shop\/costume-br\/product\/1005001450369561\/","title":{"rendered":"Ninjago traje meninos trajes crian\u00e7as fantasia festa fantasiar-se carnaval traje de halloween para crian\u00e7as ninja cosplay super-her\u00f3i macac\u00e3o"},"content":{"rendered":"<div id=\"offer-template-0\"><span style=\"font-size:22px\">Ninjago traje meninos trajes crian\u00e7as fantasia festa fantasiar-se carnaval traje de halloween para crian\u00e7as ninja cosplay super-her\u00f3i macac\u00e3o<\/span><\/div>\n<p><img data-recalc-dims=\"1\" decoding=\"async\" src=\"https:\/\/i0.wp.com\/ae01.alicdn.com\/kf\/He6b0d6e511d9474da34ed7bfbedd3566o.jpg?w=1200\"><\/p>\n<p><img data-recalc-dims=\"1\" decoding=\"async\" alt=\"8.jpg\" src=\"https:\/\/i0.wp.com\/g01.a.alicdn.com\/kf\/H94bedd95bcd745e6b770db73d60aed93W.jpg?w=1200\"><\/p>\n<p><img data-recalc-dims=\"1\" decoding=\"async\" alt=\"7.jpg\" src=\"https:\/\/i0.wp.com\/g01.a.alicdn.com\/kf\/Hf1cd007950734c1eb40c80afa049c429f.jpg?w=1200\"><\/p>\n<p><img data-recalc-dims=\"1\" decoding=\"async\" alt=\"5.jpg\" src=\"https:\/\/i0.wp.com\/ae01.alicdn.com\/kf\/H037ebcf5028b499db9a17436f0374cdeH.jpg?w=1200\"><\/p>\n<p><img data-recalc-dims=\"1\" decoding=\"async\" alt=\"12.jpg\" src=\"https:\/\/i0.wp.com\/g01.a.alicdn.com\/kf\/Hb463d0b0a2bf41b2b68551b92d47002dR.jpg?w=1200\"><\/p>\n<p><img data-recalc-dims=\"1\" decoding=\"async\" alt=\"11.jpg\" src=\"https:\/\/i0.wp.com\/ae01.alicdn.com\/kf\/H9c6a530345ad47df87b37f2b515243237.jpg?w=1200\"><\/p>\n<p><img data-recalc-dims=\"1\" decoding=\"async\" alt=\"10.jpg\" src=\"https:\/\/i0.wp.com\/ae01.alicdn.com\/kf\/Hada437e42dd74155b5dfafe6e802cb19w.jpg?w=1200\"><\/p>\n<p><img data-recalc-dims=\"1\" decoding=\"async\" alt=\"9.jpg\" src=\"https:\/\/i0.wp.com\/ae01.alicdn.com\/kf\/Hc70bac4328d048f5934a87cebaa0e0dcJ.jpg?w=1200\"><br \/>\n<img data-recalc-dims=\"1\" decoding=\"async\" src=\"https:\/\/i0.wp.com\/ae01.alicdn.com\/kf\/Hc30970b637be45689a600a0deb85de97A.jpg?w=1200\"><img data-recalc-dims=\"1\" decoding=\"async\" src=\"https:\/\/i0.wp.com\/ae01.alicdn.com\/kf\/H5e05a84ccca84179bca2a9eea32dcee7S.jpg?w=1200\"><img data-recalc-dims=\"1\" decoding=\"async\" src=\"https:\/\/i0.wp.com\/ae01.alicdn.com\/kf\/Hbdd11a2cc0cc458b8bbf7ad6a5067ceeo.jpg?w=1200\"><img data-recalc-dims=\"1\" decoding=\"async\" src=\"https:\/\/i0.wp.com\/ae01.alicdn.com\/kf\/H075d854b1efd46999055d38cdb885314i.jpg?w=1200\"><\/p>\n","protected":false},"excerpt":{"rendered":"<p>Ninjago traje meninos trajes crian\u00e7as fantasia festa fantasiar-se carnaval traje de halloween para crian\u00e7as ninja cosplay super-her\u00f3i macac\u00e3o<\/p>\n","protected":false},"featured_media":25376,"template":"","meta":{"neve_meta_sidebar":"","neve_meta_container":"","neve_meta_enable_content_width":"","neve_meta_content_width":0,"neve_meta_title_alignment":"","neve_meta_author_avatar":"","neve_post_elements_order":"","neve_meta_disable_header":"","neve_meta_disable_footer":"","neve_meta_disable_title":""},"product_brand":[],"product_cat":[38,16,39],"product_tag":[],"class_list":{"0":"post-25382","1":"product","2":"type-product","3":"status-publish","4":"has-post-thumbnail","6":"product_cat-fantasias-de-cosplay","7":"product_cat-novidades-e-uso-especial","8":"product_cat-trajes-de-cosplay-desativar-fantasias-de-cosplay","10":"first","11":"instock","12":"shipping-taxable","13":"purchasable","14":"product-type-variable","15":"has-default-attributes"},"jetpack_sharing_enabled":true,"_links":{"self":[{"href":"https:\/\/listman.shop\/costume-br\/wp-json\/wp\/v2\/product\/25382","targetHints":{"allow":["GET"]}}],"collection":[{"href":"https:\/\/listman.shop\/costume-br\/wp-json\/wp\/v2\/product"}],"about":[{"href":"https:\/\/listman.shop\/costume-br\/wp-json\/wp\/v2\/types\/product"}],"wp:featuredmedia":[{"embeddable":true,"href":"https:\/\/listman.shop\/costume-br\/wp-json\/wp\/v2\/media\/25376"}],"wp:attachment":[{"href":"https:\/\/listman.shop\/costume-br\/wp-json\/wp\/v2\/media?parent=25382"}],"wp:term":[{"taxonomy":"product_brand","embeddable":true,"href":"https:\/\/listman.shop\/costume-br\/wp-json\/wp\/v2\/product_brand?post=25382"},{"taxonomy":"product_cat","embeddable":true,"href":"https:\/\/listman.shop\/costume-br\/wp-json\/wp\/v2\/product_cat?post=25382"},{"taxonomy":"product_tag","embeddable":true,"href":"https:\/\/listman.shop\/costume-br\/wp-json\/wp\/v2\/product_tag?post=25382"}],"curies":[{"name":"wp","href":"https:\/\/api.w.org\/{rel}","templated":true}]}}