{"id":25725,"date":"2024-12-11T07:50:28","date_gmt":"2024-12-10T22:50:28","guid":{"rendered":"https:\/\/listman.shop\/costume-br\/product\/1005005598853109\/"},"modified":"2026-04-08T13:31:17","modified_gmt":"2026-04-08T04:31:17","slug":"1005005598853109","status":"publish","type":"product","link":"https:\/\/listman.shop\/costume-br\/product\/1005005598853109\/","title":{"rendered":"1pc unisex fantasia barba falsa traje de halloween festa cabelo facial bigode peruca engra\u00e7ado festival suprimentos de natal adere\u00e7os de baile"},"content":{"rendered":"<div class=\"detailmodule_html\">\n<div class=\"detail-desc-decorate-richtext\">\n<div class=\"detailmodule_html\">\n<div class=\"detail-desc-decorate-richtext\">\n<div>\n<div>&nbsp;<\/div>\n<p align=\"center\" style=\"text-align:center\"><strong><span><span style=\"font-size:20px\"><span style=\"font-family:verdana, geneva, sans-serif\">1pc unisex fantasia vestido falsa barba traje de halloween festa facial cabelo bigode peruca engra\u00e7ado festival suprimentos de natal adere\u00e7os de baile<\/span><\/span><\/span><\/strong><\/p>\n<div>&nbsp;<\/div>\n<div><span style=\"font-size:18px\"><span style=\"font-family:verdana, geneva, sans-serif\">100% novo e de alta qualidade!<\/span><\/span><\/div>\n<div><span style=\"font-size:18px\"><span style=\"font-family:verdana, geneva, sans-serif\">Design perfeito, moderno, engra\u00e7ado e legal.<\/span><\/span><\/div>\n<div><span style=\"font-size:18px\"><span style=\"font-family:verdana, geneva, sans-serif\">O bigode e a barba com tira el\u00e1stica, adequados para a maioria dos adultos e crian\u00e7as.<\/span><\/span><\/div>\n<div><span style=\"font-size:18px\"><span style=\"font-family:verdana, geneva, sans-serif\">\u00d3timo para Halloween, festas \u00e0 fantasia e \u00e0 fantasia, bailes de formatura, carnavais, etc.<\/span><\/span><\/div>\n<div><span style=\"font-size:18px\"><span style=\"font-family:verdana, geneva, sans-serif\">* Tipo: Barba Falsa<\/span><\/span><\/div>\n<div><span style=\"font-size:18px\"><span style=\"font-family:verdana, geneva, sans-serif\">* Estilo: Engra\u00e7ado<\/span><\/span><\/div>\n<div><span style=\"font-size:18px\"><span style=\"font-family:verdana, geneva, sans-serif\">* Material: penugem longa<\/span><\/span><\/div>\n<div><span style=\"font-size:18px\"><span style=\"font-family:verdana, geneva, sans-serif\">*Cor: Marrom, Preto<\/span><\/span><\/div>\n<div><span style=\"font-size:18px\"><span style=\"font-family:verdana, geneva, sans-serif\">* Tamanho: el\u00e1stico inclu\u00eddo, tamanho \u00fanico serve para a maioria das pessoas<\/span><\/span><\/div>\n<div><span style=\"font-size:18px\"><span style=\"font-family:verdana, geneva, sans-serif\">* Aplica-se: Halloween, Natal, Festas, etc.<\/span><\/span><\/div>\n<div><span style=\"font-size:18px\"><span style=\"font-family:verdana, geneva, sans-serif\">* Dicas: Sacuda o excesso de cabelo antes de usar. Ao receber um produto totalmente novo, uma pequena quantidade de cabelo cair\u00e1, o que \u00e9 um fen\u00f4meno normal<\/span><\/span><\/div>\n<div>&nbsp;<\/div>\n<div>\n<div><span><span style=\"font-size:18px\"><span style=\"font-family:verdana, geneva, sans-serif\">O pacote inclui: 1 * barba falsa<\/span><\/span><\/span><\/div>\n<div>&nbsp;<\/div>\n<div><span><span style=\"font-size:18px\"><span style=\"font-family:verdana, geneva, sans-serif\">Nota:<\/span><\/span><\/span><\/div>\n<div><span style=\"font-size:18px\"><span style=\"font-family:verdana, geneva, sans-serif\">1.H\u00e1 2-3% de diferen\u00e7a de acordo com a medi\u00e7\u00e3o manual.Por favor, verifique o tamanho cuidadosamente antes de comprar o item.<\/span><\/span><\/div>\n<div><span style=\"font-size:18px\"><span style=\"font-family:verdana, geneva, sans-serif\">2. observe que uma ligeira diferen\u00e7a de cor deve ser aceit\u00e1vel devido \u00e0 luz e \u00e0 tela.<\/span><\/span><\/div>\n<div><span style=\"font-size:18px\"><span style=\"font-family:verdana, geneva, sans-serif\">3. (Convers\u00e3o de unidade: 1 polegada = 2,54 cm, 1 cm = 0,39 polegada).<\/span><\/span><\/div>\n<div><img data-recalc-dims=\"1\" decoding=\"async\" src=\"https:\/\/i0.wp.com\/ae01.alicdn.com\/kf\/Scef6a8c292ad4293bf0221588bae9681v.jpg?w=1200&#038;ssl=1\"> <img data-recalc-dims=\"1\" decoding=\"async\" src=\"https:\/\/i0.wp.com\/ae01.alicdn.com\/kf\/Sb72f754b149c44e9bad206f89a663ffac.jpg?w=1200&#038;ssl=1\"> <img data-recalc-dims=\"1\" decoding=\"async\" src=\"https:\/\/i0.wp.com\/ae01.alicdn.com\/kf\/Sd769d76b3cab4a09802301591ca2a186s.jpg?w=1200&#038;ssl=1\"> <img data-recalc-dims=\"1\" decoding=\"async\" src=\"https:\/\/i0.wp.com\/ae01.alicdn.com\/kf\/S7482b9aa645e4828b5248fa7c5706019x.jpg?w=1200&#038;ssl=1\"> <img data-recalc-dims=\"1\" decoding=\"async\" src=\"https:\/\/i0.wp.com\/ae01.alicdn.com\/kf\/S573d0c505f9f4d9a837f3718b76f8796q.jpg?w=1200&#038;ssl=1\"> <img data-recalc-dims=\"1\" decoding=\"async\" src=\"https:\/\/i0.wp.com\/ae01.alicdn.com\/kf\/S17469561053a4d5bb2598450fb591f41X.jpg?w=1200&#038;ssl=1\"><\/div>\n<\/div>\n<\/div>\n<\/div>\n<\/div>\n<\/div>\n<\/div>\n","protected":false},"excerpt":{"rendered":"<p>&nbsp; 1pc unisex fantasia vestido falsa barba traje de halloween festa facial cabelo bigode peruca engra\u00e7ado festival suprimentos de natal adere\u00e7os de baile &nbsp; 100% novo e de alta qualidade! Design perfeito, moderno, engra\u00e7ado e legal. O bigode e a barba com tira el\u00e1stica, adequados para a maioria dos adultos e crian\u00e7as. \u00d3timo para Halloween,&hellip;&nbsp;<\/p>\n","protected":false},"featured_media":25719,"template":"","meta":{"neve_meta_sidebar":"","neve_meta_container":"","neve_meta_enable_content_width":"","neve_meta_content_width":0,"neve_meta_title_alignment":"","neve_meta_author_avatar":"","neve_post_elements_order":"","neve_meta_disable_header":"","neve_meta_disable_footer":"","neve_meta_disable_title":""},"product_brand":[],"product_cat":[30,28,16],"product_tag":[],"class_list":{"0":"post-25725","1":"product","2":"type-product","3":"status-publish","4":"has-post-thumbnail","6":"product_cat-acessorios-acessorios-para-cosplay","7":"product_cat-acessorios-para-cosplay","8":"product_cat-novidades-e-uso-especial","10":"first","11":"outofstock","12":"shipping-taxable","13":"purchasable","14":"product-type-variable","15":"has-default-attributes"},"jetpack_sharing_enabled":true,"_links":{"self":[{"href":"https:\/\/listman.shop\/costume-br\/wp-json\/wp\/v2\/product\/25725","targetHints":{"allow":["GET"]}}],"collection":[{"href":"https:\/\/listman.shop\/costume-br\/wp-json\/wp\/v2\/product"}],"about":[{"href":"https:\/\/listman.shop\/costume-br\/wp-json\/wp\/v2\/types\/product"}],"wp:featuredmedia":[{"embeddable":true,"href":"https:\/\/listman.shop\/costume-br\/wp-json\/wp\/v2\/media\/25719"}],"wp:attachment":[{"href":"https:\/\/listman.shop\/costume-br\/wp-json\/wp\/v2\/media?parent=25725"}],"wp:term":[{"taxonomy":"product_brand","embeddable":true,"href":"https:\/\/listman.shop\/costume-br\/wp-json\/wp\/v2\/product_brand?post=25725"},{"taxonomy":"product_cat","embeddable":true,"href":"https:\/\/listman.shop\/costume-br\/wp-json\/wp\/v2\/product_cat?post=25725"},{"taxonomy":"product_tag","embeddable":true,"href":"https:\/\/listman.shop\/costume-br\/wp-json\/wp\/v2\/product_tag?post=25725"}],"curies":[{"name":"wp","href":"https:\/\/api.w.org\/{rel}","templated":true}]}}