{"id":26835,"date":"2024-12-11T08:24:52","date_gmt":"2024-12-10T23:24:52","guid":{"rendered":"https:\/\/listman.shop\/costume-br\/product\/1005007354548880\/"},"modified":"2026-04-05T05:32:30","modified_gmt":"2026-04-04T20:32:30","slug":"1005007354548880","status":"publish","type":"product","link":"https:\/\/listman.shop\/costume-br\/product\/1005007354548880\/","title":{"rendered":"Lol jinx resina headwear prop peruca cosplay tran\u00e7as azuis tran\u00e7as o canh\u00e3o solto cabelo sint\u00e9tico festa de halloween role play perucas"},"content":{"rendered":"<div class=\"detailmodule_html\">\n<div class=\"detail-desc-decorate-richtext\">\n<div class=\"detailmodule_html\">\n<div class=\"detail-desc-decorate-richtext\">\n<div>\n<div>\n<h1 style=\"padding: 0px;margin: 0.67em 0px 12px;font-size: 24px;line-height: 36px;font-weight: 500;font-style: normal;letter-spacing: normal;text-indent: 0px;text-transform: none;white-space: normal;font-family: Arial, Verdana, sans-serif;text-align: center\">&nbsp;<\/h1>\n<p style=\"text-align: left;margin:0\">&nbsp;<\/p>\n<div style=\"text-align: center\"><span style=\"font-size: 36.0px\"><span style=\"color: #cc0000\"><span style=\"background-color: #ffd966\"> <img data-recalc-dims=\"1\" decoding=\"async\" src=\"https:\/\/i0.wp.com\/ae01.alicdn.com\/kf\/Se2af3e8dfd54486bb17064992aeff8beQ.jpg?w=1200&#038;ssl=1\"> <img data-recalc-dims=\"1\" decoding=\"async\" src=\"https:\/\/i0.wp.com\/ae01.alicdn.com\/kf\/S5ea2a8f3a72d432c98e2a925cf39b17fj.jpg?w=1200&#038;ssl=1\"> <img data-recalc-dims=\"1\" decoding=\"async\" src=\"https:\/\/i0.wp.com\/ae01.alicdn.com\/kf\/S6b644c1dde174ce8905ebe0a856fb0dbs.jpg?w=1200&#038;ssl=1\"> <img data-recalc-dims=\"1\" decoding=\"async\" src=\"https:\/\/i0.wp.com\/ae01.alicdn.com\/kf\/Sf83a849b2c4245a5a2d3e6b90188aefaG.jpg?w=1200&#038;ssl=1\"><img data-recalc-dims=\"1\" decoding=\"async\" src=\"https:\/\/i0.wp.com\/ae01.alicdn.com\/kf\/S95a64e2ff0de406688f9d760ea15cc37q.jpg?w=1200&#038;ssl=1\"><img data-recalc-dims=\"1\" decoding=\"async\" src=\"https:\/\/i0.wp.com\/ae01.alicdn.com\/kf\/S70fa0c4007684f4e9a4fa9e40677ae3fw.jpg?w=1200&#038;ssl=1\"><img data-recalc-dims=\"1\" decoding=\"async\" align=\"absmiddle\" src=\"https:\/\/i0.wp.com\/ae01.alicdn.com\/kf\/S4ce2305f29974cd3b574bc138abf2c29l.jpg?w=1200&#038;ssl=1\"><img data-recalc-dims=\"1\" decoding=\"async\" align=\"absmiddle\" src=\"https:\/\/i0.wp.com\/ae01.alicdn.com\/kf\/S956aef49091849bdb631ba936fb7096eO.jpg?w=1200&#038;ssl=1\"><img data-recalc-dims=\"1\" decoding=\"async\" align=\"absmiddle\" src=\"https:\/\/i0.wp.com\/ae01.alicdn.com\/kf\/S9d1bcd58d47247ba91dc14d0b170debbx.jpg?w=1200&#038;ssl=1\"><\/span><\/span><\/span><\/div>\n<p>&nbsp;<\/p>\n<p data-spm-anchor-id=\"a2g0o.detail.1000023.i4.10de54daGB98Qt\" style=\"padding:0px;margin:0px;text-align:center\"><span style=\"font-size:14px\"><span><span style=\"line-height:inherit\"><span style=\"font-weight:400\"><span style=\"color:#000000\"><span style=\", sans-serif\"><span style=\"font-style:normal\"><span><span><span style=\"letter-spacing:normal\"><span><span style=\"text-transform:none\"><span style=\"white-space:normal\"><span><span><span style=\"background-color:#ffffff\"><span><span><br style=\"padding:0px;margin:0px\"><br \/>\n<br style=\"padding:0px;margin:0px\"><br \/>\n<img data-recalc-dims=\"1\" decoding=\"async\" src=\"https:\/\/i0.wp.com\/ae01.alicdn.com\/kf\/Sd6afa633a4e94e8b9b27b9a7b7397da3G.jpg?w=1200&#038;ssl=1\" style=\"padding:0px;margin:0px;border-style:none;vertical-align:middle;max-width:100%\"><\/span><\/span><\/span><\/span><\/span><\/span><\/span><\/span><\/span><\/span><\/span><\/span><\/span><\/span><\/span><\/span><\/span><\/span><\/p>\n<p style=\"padding:0px;margin:0px;text-align:center\">&nbsp;<\/p>\n<\/div>\n<\/div>\n<\/div>\n<\/div>\n<\/div>\n<\/div>\n","protected":false},"excerpt":{"rendered":"<p>&nbsp; &nbsp; &nbsp; &nbsp;<\/p>\n","protected":false},"featured_media":26829,"template":"","meta":{"neve_meta_sidebar":"","neve_meta_container":"","neve_meta_enable_content_width":"","neve_meta_content_width":0,"neve_meta_title_alignment":"","neve_meta_author_avatar":"","neve_post_elements_order":"","neve_meta_disable_header":"","neve_meta_disable_footer":"","neve_meta_disable_title":""},"product_brand":[],"product_cat":[28,16,33],"product_tag":[],"class_list":{"0":"post-26835","1":"product","2":"type-product","3":"status-publish","4":"has-post-thumbnail","6":"product_cat-acessorios-para-cosplay","7":"product_cat-novidades-e-uso-especial","8":"product_cat-perucas-cosplay-com-traje-cosplay-acessorios-para-cosplay","10":"first","11":"instock","12":"shipping-taxable","13":"purchasable","14":"product-type-variable","15":"has-default-attributes"},"jetpack_sharing_enabled":true,"_links":{"self":[{"href":"https:\/\/listman.shop\/costume-br\/wp-json\/wp\/v2\/product\/26835","targetHints":{"allow":["GET"]}}],"collection":[{"href":"https:\/\/listman.shop\/costume-br\/wp-json\/wp\/v2\/product"}],"about":[{"href":"https:\/\/listman.shop\/costume-br\/wp-json\/wp\/v2\/types\/product"}],"wp:featuredmedia":[{"embeddable":true,"href":"https:\/\/listman.shop\/costume-br\/wp-json\/wp\/v2\/media\/26829"}],"wp:attachment":[{"href":"https:\/\/listman.shop\/costume-br\/wp-json\/wp\/v2\/media?parent=26835"}],"wp:term":[{"taxonomy":"product_brand","embeddable":true,"href":"https:\/\/listman.shop\/costume-br\/wp-json\/wp\/v2\/product_brand?post=26835"},{"taxonomy":"product_cat","embeddable":true,"href":"https:\/\/listman.shop\/costume-br\/wp-json\/wp\/v2\/product_cat?post=26835"},{"taxonomy":"product_tag","embeddable":true,"href":"https:\/\/listman.shop\/costume-br\/wp-json\/wp\/v2\/product_tag?post=26835"}],"curies":[{"name":"wp","href":"https:\/\/api.w.org\/{rel}","templated":true}]}}