{"id":26846,"date":"2024-12-11T08:25:09","date_gmt":"2024-12-10T23:25:09","guid":{"rendered":"https:\/\/listman.shop\/costume-br\/product\/1005007354997606\/"},"modified":"2026-04-05T05:38:11","modified_gmt":"2026-04-04T20:38:11","slug":"1005007354997606","status":"publish","type":"product","link":"https:\/\/listman.shop\/costume-br\/product\/1005007354997606\/","title":{"rendered":"Jap\u00e3o lingerie sexy lolita kawaii azul rosa branco listrado mini biqu\u00edni adulto cosplay suti\u00e3 feminino conjunto de roupa interior frenum mai\u00f4"},"content":{"rendered":"<div class=\"detailmodule_html\">\n<div class=\"detail-desc-decorate-richtext\">\n<div class=\"detailmodule_html\">\n<div class=\"detail-desc-decorate-richtext\">\n<div>\n<p style=\"font-family:OpenSans;font-size:20px;font-weight:900;line-height:28px;white-space:pre-wrap;margin-bottom:12px\" class=\"detail-desc-decorate-title\">Jap\u00e3o lingerie sexy lolita kawaii azul rosa branco listrado mini biqu\u00edni adulto cosplay feminino suti\u00e3 conjunto roupa interior frenum mai\u00f4<\/p>\n<\/div>\n<div>\n<p style=\"font-size:16px;font-weight:bold\">Material: Algod\u00e3o<\/p>\n<p>Cor: Fotos<\/p>\n<p>Embalagem: 1 * pcs<\/p>\n<p>Tamanho: Tamanho \u00fanico<\/p>\n<\/div>\n<div><img data-recalc-dims=\"1\" decoding=\"async\" style=\"display:initial;width:800px;height:500px\" class=\"detail-desc-decorate-image\"   src=\"https:\/\/i0.wp.com\/ae01.alicdn.com\/kf\/S2f10105493604e9c9ba0822dc9e7c622P.jpg?w=1200&#038;ssl=1\"> <img data-recalc-dims=\"1\" decoding=\"async\" style=\"display:initial;width:800px;height:557px\" class=\"detail-desc-decorate-image\"   src=\"https:\/\/i0.wp.com\/ae01.alicdn.com\/kf\/S653f4ff7f5984dfe9c9f83884a8dbcb4p.jpg?w=1200&#038;ssl=1\"> <img data-recalc-dims=\"1\" decoding=\"async\" style=\"display:initial;width:800px;height:556px\" class=\"detail-desc-decorate-image\"   src=\"https:\/\/i0.wp.com\/ae01.alicdn.com\/kf\/S1445451450044f8bab4792fc1b493693x.jpg?w=1200&#038;ssl=1\"> <img data-recalc-dims=\"1\" decoding=\"async\" style=\"display:initial;width:800px;height:611px\" class=\"detail-desc-decorate-image\"   src=\"https:\/\/i0.wp.com\/ae01.alicdn.com\/kf\/Sf47d34e8deeb48f58d20223c028f408dx.jpg?w=1200&#038;ssl=1\"> <img data-recalc-dims=\"1\" decoding=\"async\" style=\"display:initial;width:800px;height:500px\" class=\"detail-desc-decorate-image\"   src=\"https:\/\/i0.wp.com\/ae01.alicdn.com\/kf\/Sa10e8623bf6a4843bec63c15b39c4accV.jpg?w=1200&#038;ssl=1\"><\/div>\n<div>\n<div><img data-recalc-dims=\"1\" decoding=\"async\" style=\"display:initial;width:800px;height:534px\" class=\"detail-desc-decorate-image\"   src=\"https:\/\/i0.wp.com\/ae01.alicdn.com\/kf\/Sd0d30f5d07ee4479afffca642447e856c.jpg?w=1200&#038;ssl=1\"> <img data-recalc-dims=\"1\" decoding=\"async\" style=\"display:initial;width:800px;height:500px\" class=\"detail-desc-decorate-image\"   src=\"https:\/\/i0.wp.com\/ae01.alicdn.com\/kf\/Sa10e8623bf6a4843bec63c15b39c4accV.jpg?w=1200&#038;ssl=1\"><\/div>\n<p><strong><span class=\"15\" style=\"font-size:18pt\"><span><span><span><span>nota:<\/span><\/span><\/span><\/span><\/span><\/strong><br \/><span style=\"font-size:12pt\"><span><span><span><span>1.Devido \u00e0 medi\u00e7\u00e3o manual, permita uma diferen\u00e7a de 1-2cm.<\/span><\/span><\/span><\/span><\/span><br \/><span style=\"font-size:12pt\"><span><span><span><span>2.Devido a muitos fatores, como resolu\u00e7\u00e3o, brilho, contraste da tela do computador,<\/span><\/span><\/span><\/span><\/span><br \/><span style=\"font-size:12pt\"><span><span><span><span>a cor verdadeira pode ser ligeiramente diferente da imagem.Para a cor final, consulte nosso produto real.<\/span><\/span><\/span><\/span><\/span><\/p>\n<p><strong><span class=\"15\" style=\"font-size:18pt\"><span><span><span><span>Sobre compras e compras<\/span><\/span><\/span><\/span><\/span><\/strong><br \/><span style=\"font-size:12pt\"><span><span><span><span>Temos nossa pr\u00f3pria f\u00e1brica, que pode oferecer produtos e servi\u00e7os de alta qualidade.<\/span><\/span><\/span><\/span><\/span><br \/><span style=\"font-size:12pt\"><span><span><span><span>Se voc\u00ea tiver muitas necessidades e servi\u00e7os personalizados, entre em contato conosco diretamente e esperamos trabalhar com voc\u00ea em profundidade<\/span><\/span><\/span><\/span><\/span><\/p>\n<p><strong><span class=\"15\" style=\"font-size:18pt\"><span><span><span><span>Sobre feedback<\/span><\/span><\/span><\/span><\/span><\/strong><br \/><span style=\"font-size:12pt\"><span><span><span><span>Mantemos um alto n\u00edvel de excel\u00eancia e buscamos 100% de satisfa\u00e7\u00e3o do cliente!Portanto,<\/span><\/span><\/span><\/span><\/span><br \/><span style=\"font-size:12pt\"><span><span><span><span>por favor, n\u00e3o levante obje\u00e7\u00f5es facilmente ou nos d\u00ea feedback negativo ou neutro.O feedback negativo n\u00e3o pode resolver nenhum problema.<\/span><\/span><\/span><\/span><\/span><br \/><span style=\"font-size:12pt\"><span><span><span><span>Se voc\u00ea n\u00e3o estiver satisfeito com nossos produtos, entre em contato conosco primeiro e lhe forneceremos uma solu\u00e7\u00e3o satisfat\u00f3ria.Obrigado,<\/span><\/span><\/span><\/span><\/span><br \/><span style=\"font-size:12pt\"><span><span><span><span>Desejo-lhe boas compras!<\/span><\/span><\/span><\/span><\/span><\/p>\n<p><span style=\"font-size:12pt\"><span><span><span><span>Se voc\u00ea estiver satisfeito, por favor nos d\u00ea um elogio de cinco estrelas! Seu apoio \u00e9 a nossa motiva\u00e7\u00e3o para persistir nesta loja!<\/span><\/span><\/span><\/span><\/span><\/p>\n<p><span style=\"font-size:18pt\"><span style=\"font-family:Calibri\"><\/p>\n<p><\/span><\/span><img data-recalc-dims=\"1\" decoding=\"async\" style=\"width:800px\"  src=\"https:\/\/i0.wp.com\/ae01.alicdn.com\/kf\/Hc96c7d5e70624f3f80b90e1ed5e10bf4U.jpg?w=1200&#038;ssl=1\"><\/p>\n<div><\/div>\n<\/div>\n<\/div>\n<\/div>\n<p><\/p>\n<\/div>\n<\/div>\n","protected":false},"excerpt":{"rendered":"<p>Jap\u00e3o lingerie sexy lolita kawaii azul rosa branco listrado mini biqu\u00edni adulto cosplay feminino suti\u00e3 conjunto roupa interior frenum mai\u00f4 Material: Algod\u00e3o Cor: Fotos Embalagem: 1 * pcs Tamanho: Tamanho \u00fanico nota:1.Devido \u00e0 medi\u00e7\u00e3o manual, permita uma diferen\u00e7a de 1-2cm.2.Devido a muitos fatores, como resolu\u00e7\u00e3o, brilho, contraste da tela do computador,a cor verdadeira pode ser&hellip;&nbsp;<\/p>\n","protected":false},"featured_media":26840,"template":"","meta":{"neve_meta_sidebar":"","neve_meta_container":"","neve_meta_enable_content_width":"","neve_meta_content_width":0,"neve_meta_title_alignment":"","neve_meta_author_avatar":"","neve_post_elements_order":"","neve_meta_disable_header":"","neve_meta_disable_footer":"","neve_meta_disable_title":""},"product_brand":[],"product_cat":[38,16,39],"product_tag":[],"class_list":{"0":"post-26846","1":"product","2":"type-product","3":"status-publish","4":"has-post-thumbnail","6":"product_cat-fantasias-de-cosplay","7":"product_cat-novidades-e-uso-especial","8":"product_cat-trajes-de-cosplay-desativar-fantasias-de-cosplay","10":"first","11":"instock","12":"shipping-taxable","13":"purchasable","14":"product-type-variable","15":"has-default-attributes"},"jetpack_sharing_enabled":true,"_links":{"self":[{"href":"https:\/\/listman.shop\/costume-br\/wp-json\/wp\/v2\/product\/26846","targetHints":{"allow":["GET"]}}],"collection":[{"href":"https:\/\/listman.shop\/costume-br\/wp-json\/wp\/v2\/product"}],"about":[{"href":"https:\/\/listman.shop\/costume-br\/wp-json\/wp\/v2\/types\/product"}],"wp:featuredmedia":[{"embeddable":true,"href":"https:\/\/listman.shop\/costume-br\/wp-json\/wp\/v2\/media\/26840"}],"wp:attachment":[{"href":"https:\/\/listman.shop\/costume-br\/wp-json\/wp\/v2\/media?parent=26846"}],"wp:term":[{"taxonomy":"product_brand","embeddable":true,"href":"https:\/\/listman.shop\/costume-br\/wp-json\/wp\/v2\/product_brand?post=26846"},{"taxonomy":"product_cat","embeddable":true,"href":"https:\/\/listman.shop\/costume-br\/wp-json\/wp\/v2\/product_cat?post=26846"},{"taxonomy":"product_tag","embeddable":true,"href":"https:\/\/listman.shop\/costume-br\/wp-json\/wp\/v2\/product_tag?post=26846"}],"curies":[{"name":"wp","href":"https:\/\/api.w.org\/{rel}","templated":true}]}}