{"id":26943,"date":"2024-12-11T08:28:39","date_gmt":"2024-12-10T23:28:39","guid":{"rendered":"https:\/\/listman.shop\/costume-br\/product\/1005007368384475\/"},"modified":"2026-04-08T13:34:12","modified_gmt":"2026-04-08T04:34:12","slug":"1005007368384475","status":"publish","type":"product","link":"https:\/\/listman.shop\/costume-br\/product\/1005007368384475\/","title":{"rendered":"Jogo wuthering ondas chaveiro jinhsi jiyan cicatriz rover geshulin cosplay trajes anime chaveiro acess\u00f3rios pingente"},"content":{"rendered":"<div class=\"detailmodule_html\">\n<div class=\"detail-desc-decorate-richtext\">\n<div class=\"detailmodule_text\">\n<p style=\"font-family:OpenSans;font-size:14px;font-weight:300;line-height:20px;white-space:pre-wrap;margin-bottom:12px\" class=\"detail-desc-decorate-content\">Nota: Queridos amigos, h\u00e1 uma pel\u00edcula protetora na superf\u00edcie do chaveiro.Ao receb\u00ea-lo, voc\u00ea pode arrancar esta pel\u00edcula protetora<\/p>\n<p>Material: Acr\u00edlico<\/p>\n<p>Tamanho: 6cm<\/p>\n<\/div>\n<div class=\"detailmodule_text-image\"><img data-recalc-dims=\"1\" decoding=\"async\" class=\"detail-desc-decorate-image\" src=\"https:\/\/i0.wp.com\/ae01.alicdn.com\/kf\/S477850b30c0b4aaf91745881c27c04bdC.jpg?w=1200&#038;ssl=1\"><\/div>\n<div class=\"detailmodule_text-image\"><img data-recalc-dims=\"1\" decoding=\"async\" class=\"detail-desc-decorate-image\" src=\"https:\/\/i0.wp.com\/ae01.alicdn.com\/kf\/S7eff84e6601e4543bea8587381961d10I.jpg?w=1200&#038;ssl=1\"><\/div>\n<div class=\"detailmodule_text-image\"><img data-recalc-dims=\"1\" loading=\"lazy\" decoding=\"async\" style=\"margin-bottom:10px\" class=\"detail-desc-decorate-image\" width=\"1000\" height=\"1000\" src=\"https:\/\/i0.wp.com\/ae01.alicdn.com\/kf\/S6fd7665f528f44f3b9ed4f6b4c341f93M.jpg?resize=1000%2C1000&#038;ssl=1\"><img data-recalc-dims=\"1\" loading=\"lazy\" decoding=\"async\" style=\"margin-bottom:10px\" class=\"detail-desc-decorate-image\" width=\"1000\" height=\"1000\" src=\"https:\/\/i0.wp.com\/ae01.alicdn.com\/kf\/S272cb30ad70a4c7ea4d7e3f423423a824.jpg?resize=1000%2C1000&#038;ssl=1\"><img data-recalc-dims=\"1\" loading=\"lazy\" decoding=\"async\" style=\"margin-bottom:10px\" class=\"detail-desc-decorate-image\" width=\"1000\" height=\"1000\" src=\"https:\/\/i0.wp.com\/ae01.alicdn.com\/kf\/Sed962c1502cb4217b91083da32eac512i.jpg?resize=1000%2C1000&#038;ssl=1\"><img data-recalc-dims=\"1\" loading=\"lazy\" decoding=\"async\" style=\"margin-bottom:10px\" class=\"detail-desc-decorate-image\" width=\"1000\" height=\"1000\" src=\"https:\/\/i0.wp.com\/ae01.alicdn.com\/kf\/S79356e43b2b14da4be5a71b98446b8272.jpg?resize=1000%2C1000&#038;ssl=1\"><\/div>\n<p><img data-recalc-dims=\"1\" loading=\"lazy\" decoding=\"async\" width=\"1000\" height=\"1000\" src=\"https:\/\/i0.wp.com\/ae01.alicdn.com\/kf\/Se9484bfb181549c9a365288727e675383.jpg?resize=1000%2C1000&#038;ssl=1\"><\/p>\n<\/div>\n<\/div>\n","protected":false},"excerpt":{"rendered":"<p>Nota: Queridos amigos, h\u00e1 uma pel\u00edcula protetora na superf\u00edcie do chaveiro.Ao receb\u00ea-lo, voc\u00ea pode arrancar esta pel\u00edcula protetora Material: Acr\u00edlico Tamanho: 6cm<\/p>\n","protected":false},"featured_media":26937,"template":"","meta":{"neve_meta_sidebar":"","neve_meta_container":"","neve_meta_enable_content_width":"","neve_meta_content_width":0,"neve_meta_title_alignment":"","neve_meta_author_avatar":"","neve_post_elements_order":"","neve_meta_disable_header":"","neve_meta_disable_footer":"","neve_meta_disable_title":""},"product_brand":[],"product_cat":[30,28,16],"product_tag":[],"class_list":{"0":"post-26943","1":"product","2":"type-product","3":"status-publish","4":"has-post-thumbnail","6":"product_cat-acessorios-acessorios-para-cosplay","7":"product_cat-acessorios-para-cosplay","8":"product_cat-novidades-e-uso-especial","10":"first","11":"instock","12":"shipping-taxable","13":"purchasable","14":"product-type-variable","15":"has-default-attributes"},"jetpack_sharing_enabled":true,"_links":{"self":[{"href":"https:\/\/listman.shop\/costume-br\/wp-json\/wp\/v2\/product\/26943","targetHints":{"allow":["GET"]}}],"collection":[{"href":"https:\/\/listman.shop\/costume-br\/wp-json\/wp\/v2\/product"}],"about":[{"href":"https:\/\/listman.shop\/costume-br\/wp-json\/wp\/v2\/types\/product"}],"wp:featuredmedia":[{"embeddable":true,"href":"https:\/\/listman.shop\/costume-br\/wp-json\/wp\/v2\/media\/26937"}],"wp:attachment":[{"href":"https:\/\/listman.shop\/costume-br\/wp-json\/wp\/v2\/media?parent=26943"}],"wp:term":[{"taxonomy":"product_brand","embeddable":true,"href":"https:\/\/listman.shop\/costume-br\/wp-json\/wp\/v2\/product_brand?post=26943"},{"taxonomy":"product_cat","embeddable":true,"href":"https:\/\/listman.shop\/costume-br\/wp-json\/wp\/v2\/product_cat?post=26943"},{"taxonomy":"product_tag","embeddable":true,"href":"https:\/\/listman.shop\/costume-br\/wp-json\/wp\/v2\/product_tag?post=26943"}],"curies":[{"name":"wp","href":"https:\/\/api.w.org\/{rel}","templated":true}]}}