{"id":2767,"date":"2024-12-09T22:18:22","date_gmt":"2024-12-09T13:18:22","guid":{"rendered":"https:\/\/listman.shop\/costume-br\/product\/1005002612935082\/"},"modified":"2026-04-05T05:07:09","modified_gmt":"2026-04-04T20:07:09","slug":"1005002612935082","status":"publish","type":"product","link":"https:\/\/listman.shop\/costume-br\/product\/1005002612935082\/","title":{"rendered":"5 unidades\/lotes tokyo ghoul juzo suzuya kagerou projeto tiayama ayano vermelho hairpin acess\u00f3rios di\u00e1rios headwear cosplay adere\u00e7os"},"content":{"rendered":"<div class=\"detailmodule_html\">\n<div class=\"detail-desc-decorate-richtext\">\n<div>\n<div><\/div>\n<div><span style=\"font-size:22px\"><strong>5 p\u00e7s\/lotes Tokyo Ghoul Juzo Suzuya Kagerou Projeto Tateyama Ayano Vermelho Hairpin Acess\u00f3rios Di\u00e1rios Headwear Adere\u00e7os Cosplay<\/strong><\/span><\/div>\n<div><span style=\"font-size:22px\"><strong>Tipo de item: grampo de cabelo<\/strong><\/span><\/div>\n<div><span style=\"font-size:22px\"><strong>Material: Liga de Zinco<\/strong><\/span><\/div>\n<div><span style=\"font-size:22px\"><strong>Tamanho: como a imagem<\/strong><\/span><\/div>\n<div><span style=\"font-size:22px\"><strong>Peso: 12g<\/strong><\/span><\/div>\n<div><span style=\"font-size:22px\"><strong>Embalagem: embalagem de saco OPP<\/strong><\/span><\/div>\n<div><span style=\"font-size:22px\"><strong>Termos independentes: 100% novo<\/strong><\/span><\/div>\n<div><span style=\"font-size:22px\"><strong>Cor: A cor da foto (100% como a imagem, a qualidade dos acess\u00f3rios, sinta-se \u00e0 vontade para comprar)<\/strong><\/span><\/div>\n<div><img data-recalc-dims=\"1\" decoding=\"async\" style=\"margin-bottom:10px\" class=\"detail-desc-decorate-image\" src=\"https:\/\/i0.wp.com\/ae01.alicdn.com\/kf\/Hac3964894c4045c8bf2a566baf4050e28.jpg?w=1200&#038;ssl=1\"><img data-recalc-dims=\"1\" decoding=\"async\" style=\"margin-bottom:10px\" class=\"detail-desc-decorate-image\" src=\"https:\/\/i0.wp.com\/ae01.alicdn.com\/kf\/H3a143fd075884b4cb9c9bb4b8a3ff04dW.jpg?w=1200&#038;ssl=1\"><img data-recalc-dims=\"1\" decoding=\"async\" style=\"margin-bottom:10px\" class=\"detail-desc-decorate-image\" src=\"https:\/\/i0.wp.com\/ae01.alicdn.com\/kf\/H151ca95dce3d46399cb6cc144709e7f5l.jpg?w=1200&#038;ssl=1\"><img data-recalc-dims=\"1\" decoding=\"async\" style=\"margin-bottom:10px\" class=\"detail-desc-decorate-image\" src=\"https:\/\/i0.wp.com\/ae01.alicdn.com\/kf\/He38d8ec2d2884b4ab7c44b86b195586fz.jpg?w=1200&#038;ssl=1\"><img data-recalc-dims=\"1\" decoding=\"async\" style=\"margin-bottom:10px\" class=\"detail-desc-decorate-image\" src=\"https:\/\/i0.wp.com\/ae01.alicdn.com\/kf\/H72c9c087a81c4d61b66422d6aaa2d8f9i.jpg?w=1200&#038;ssl=1\"><img data-recalc-dims=\"1\" decoding=\"async\" style=\"margin-bottom:10px\" class=\"detail-desc-decorate-image\" src=\"https:\/\/i0.wp.com\/ae01.alicdn.com\/kf\/He2e2de73718b416bacac1799aaa86799G.jpg?w=1200&#038;ssl=1\"><\/div>\n<div><img data-recalc-dims=\"1\" decoding=\"async\" src=\"https:\/\/i0.wp.com\/ae01.alicdn.com\/kf\/Sa5a1a204263646deb0792cf7e00d3dc0S.jpg?w=1200&#038;ssl=1\"><img data-recalc-dims=\"1\" decoding=\"async\" src=\"https:\/\/i0.wp.com\/ae01.alicdn.com\/kf\/S786676072c5e40a699717cc8fa537c1fa.jpg?w=1200&#038;ssl=1\"><img data-recalc-dims=\"1\" decoding=\"async\" src=\"https:\/\/i0.wp.com\/ae01.alicdn.com\/kf\/Sc7aba932f8224a0183f7f1be0e92f008i.jpg?w=1200&#038;ssl=1\"><\/div>\n<div>&nbsp;<\/div>\n<\/div>\n<p><\/p>\n<\/div>\n<\/div>\n","protected":false},"excerpt":{"rendered":"<p>5 p\u00e7s\/lotes Tokyo Ghoul Juzo Suzuya Kagerou Projeto Tateyama Ayano Vermelho Hairpin Acess\u00f3rios Di\u00e1rios Headwear Adere\u00e7os Cosplay Tipo de item: grampo de cabelo Material: Liga de Zinco Tamanho: como a imagem Peso: 12g Embalagem: embalagem de saco OPP Termos independentes: 100% novo Cor: A cor da foto (100% como a imagem, a qualidade dos acess\u00f3rios,&hellip;&nbsp;<\/p>\n","protected":false},"featured_media":2761,"template":"","meta":{"neve_meta_sidebar":"","neve_meta_container":"","neve_meta_enable_content_width":"","neve_meta_content_width":0,"neve_meta_title_alignment":"","neve_meta_author_avatar":"","neve_post_elements_order":"","neve_meta_disable_header":"","neve_meta_disable_footer":"","neve_meta_disable_title":""},"product_brand":[],"product_cat":[30,28,16],"product_tag":[],"class_list":{"0":"post-2767","1":"product","2":"type-product","3":"status-publish","4":"has-post-thumbnail","6":"product_cat-acessorios-acessorios-para-cosplay","7":"product_cat-acessorios-para-cosplay","8":"product_cat-novidades-e-uso-especial","10":"first","11":"instock","12":"shipping-taxable","13":"purchasable","14":"product-type-variable","15":"has-default-attributes"},"jetpack_sharing_enabled":true,"_links":{"self":[{"href":"https:\/\/listman.shop\/costume-br\/wp-json\/wp\/v2\/product\/2767","targetHints":{"allow":["GET"]}}],"collection":[{"href":"https:\/\/listman.shop\/costume-br\/wp-json\/wp\/v2\/product"}],"about":[{"href":"https:\/\/listman.shop\/costume-br\/wp-json\/wp\/v2\/types\/product"}],"wp:featuredmedia":[{"embeddable":true,"href":"https:\/\/listman.shop\/costume-br\/wp-json\/wp\/v2\/media\/2761"}],"wp:attachment":[{"href":"https:\/\/listman.shop\/costume-br\/wp-json\/wp\/v2\/media?parent=2767"}],"wp:term":[{"taxonomy":"product_brand","embeddable":true,"href":"https:\/\/listman.shop\/costume-br\/wp-json\/wp\/v2\/product_brand?post=2767"},{"taxonomy":"product_cat","embeddable":true,"href":"https:\/\/listman.shop\/costume-br\/wp-json\/wp\/v2\/product_cat?post=2767"},{"taxonomy":"product_tag","embeddable":true,"href":"https:\/\/listman.shop\/costume-br\/wp-json\/wp\/v2\/product_tag?post=2767"}],"curies":[{"name":"wp","href":"https:\/\/api.w.org\/{rel}","templated":true}]}}