{"id":27724,"date":"2024-12-11T08:51:44","date_gmt":"2024-12-10T23:51:44","guid":{"rendered":"https:\/\/listman.shop\/costume-br\/product\/1005007508512230\/"},"modified":"2026-04-08T13:37:56","modified_gmt":"2026-04-08T04:37:56","slug":"1005007508512230","status":"publish","type":"product","link":"https:\/\/listman.shop\/costume-br\/product\/1005007508512230\/","title":{"rendered":"Novo 3d impresso kanye m\u00e1scara drake malha el\u00e1stica m\u00e1scara facial completa para unisex cosplay headwear festa simula\u00e7\u00e3o balaclava chap\u00e9u chapelaria"},"content":{"rendered":"<div class=\"detailmodule_html\">\n<div class=\"detail-desc-decorate-richtext\">\n<div id=\"tl_1\">\n  Ol&aacute; amigos!Bem vindo a nossa loja!Qualidade em primeiro lugar, melhor servi&ccedil;o.Os clientes s&atilde;o nossos amigos.<br \/>\n <br \/>Podemos fornecer vendas diretas e atacado, todos os amigos s&atilde;o bem-vindos para cooperar conosco.\n<\/div>\n<div id=\"tl_2\">\n <br \/>Descri&ccedil;&atilde;o:<br \/>\n <br \/>Nome: m&aacute;scara facial completa<br \/>\n <br \/>Material:terileno <\/p>\n<p>Tamanho:<br \/>\n <br \/>como mostra a imagem<br \/>\n <br \/>1 cm = 0,39 polegadas <\/p>\n<p>Nota:<br \/>\n <br \/>Por favor compare os tamanhos dos detalhes com os seus antes de comprar!<br \/>\n <br \/>Se voc&ecirc; tiver alguma insatisfa&ccedil;&atilde;o com meu produto, entre em contato comigo a tempo, por favor, n&atilde;o me d&ecirc; coment&aacute;rios negativos, resolverei o problema para voc&ecirc; a tempo.Se voc&ecirc; estiver satisfeito com meu produto, por favor me d&ecirc; uma avalia&ccedil;&atilde;o de cinco estrelas, muito obrigado e desejo a todos um bom dia!!!!!<br \/>\n <br \/>Devido &agrave; diferen&ccedil;a de luz e tela, a cor do item pode ser ligeiramente diferente das imagens.<br \/>\n <br \/>Por favor, permita diferen&ccedil;as de 1-2cm devido &agrave; medi&ccedil;&atilde;o manual. por favor nos entenda, muito obrigado.\n<\/div>\n<div style=\"text-align:center\" align=\"center\">\n <img data-recalc-dims=\"1\" decoding=\"async\" src=\"https:\/\/i0.wp.com\/ae01.alicdn.com\/kf\/Se42f44dcb13c4502b19158d2bf0ed981h.jpg?w=1200&#038;ssl=1\" \/>\n<\/div>\n<p style=\"text-align:center;margin:0px;margin-bottom:0px;margin-top:0px;margin-left:0px;margin-right:0px\" align=\"center\"><img data-recalc-dims=\"1\" decoding=\"async\" style=\"width:800px\"  src=\"https:\/\/i0.wp.com\/ae01.alicdn.com\/kf\/Sc21632e5dffd46c09c45de264437348eV.jpg?w=1200&#038;ssl=1\" \/><img data-recalc-dims=\"1\" decoding=\"async\" style=\"width:800px\"  src=\"https:\/\/i0.wp.com\/ae01.alicdn.com\/kf\/Sb1f89f73fb8c496a852877eff72933eeT.jpg?w=1200&#038;ssl=1\" \/><img data-recalc-dims=\"1\" decoding=\"async\" style=\"width:800px\"  src=\"https:\/\/i0.wp.com\/ae01.alicdn.com\/kf\/S15b9df41b6434ee982003f3ee98d795d1.jpg?w=1200&#038;ssl=1\" \/><img data-recalc-dims=\"1\" decoding=\"async\" style=\"width:800px\"  src=\"https:\/\/i0.wp.com\/ae01.alicdn.com\/kf\/Sb836af53e28d4338a28a102b0185a1b0v.jpg?w=1200&#038;ssl=1\" \/><img data-recalc-dims=\"1\" decoding=\"async\" style=\"width:800px\"  src=\"https:\/\/i0.wp.com\/ae01.alicdn.com\/kf\/S518c94d262f648ce89e0180a40bdf833Q.jpg?w=1200&#038;ssl=1\" \/><img data-recalc-dims=\"1\" decoding=\"async\" style=\"width:800px\"  src=\"https:\/\/i0.wp.com\/ae01.alicdn.com\/kf\/S2f1e0aabdb3d4352976eef44f089cd87U.jpg?w=1200&#038;ssl=1\" \/><img data-recalc-dims=\"1\" decoding=\"async\" style=\"width:800px\"  src=\"https:\/\/i0.wp.com\/ae01.alicdn.com\/kf\/S6b9b6915573a47ee854f913747b406572.jpg?w=1200&#038;ssl=1\" \/><img data-recalc-dims=\"1\" decoding=\"async\" style=\"width:800px\"  src=\"https:\/\/i0.wp.com\/ae01.alicdn.com\/kf\/S2ab5358a40284f55929483fec721e7e8J.jpg?w=1200&#038;ssl=1\" \/><img data-recalc-dims=\"1\" decoding=\"async\" style=\"width:800px\"  src=\"https:\/\/i0.wp.com\/ae01.alicdn.com\/kf\/S0433fa6baad44a3f88b08aa4179276fcU.jpg?w=1200&#038;ssl=1\" \/><\/p>\n<div>\n <br \/> \n<\/div>\n<p><\/p>\n<\/div>\n<\/div>\n","protected":false},"excerpt":{"rendered":"<p>Ol&aacute; amigos!Bem vindo a nossa loja!Qualidade em primeiro lugar, melhor servi&ccedil;o.Os clientes s&atilde;o nossos amigos. Podemos fornecer vendas diretas e atacado, todos os amigos s&atilde;o bem-vindos para cooperar conosco. Descri&ccedil;&atilde;o: Nome: m&aacute;scara facial completa Material:terileno Tamanho: como mostra a imagem 1 cm = 0,39 polegadas Nota: Por favor compare os tamanhos dos detalhes com os&hellip;&nbsp;<\/p>\n","protected":false},"featured_media":27718,"template":"","meta":{"neve_meta_sidebar":"","neve_meta_container":"","neve_meta_enable_content_width":"","neve_meta_content_width":0,"neve_meta_title_alignment":"","neve_meta_author_avatar":"","neve_post_elements_order":"","neve_meta_disable_header":"","neve_meta_disable_footer":"","neve_meta_disable_title":""},"product_brand":[],"product_cat":[30,28,16],"product_tag":[],"class_list":{"0":"post-27724","1":"product","2":"type-product","3":"status-publish","4":"has-post-thumbnail","6":"product_cat-acessorios-acessorios-para-cosplay","7":"product_cat-acessorios-para-cosplay","8":"product_cat-novidades-e-uso-especial","10":"first","11":"instock","12":"shipping-taxable","13":"purchasable","14":"product-type-variable","15":"has-default-attributes"},"jetpack_sharing_enabled":true,"_links":{"self":[{"href":"https:\/\/listman.shop\/costume-br\/wp-json\/wp\/v2\/product\/27724","targetHints":{"allow":["GET"]}}],"collection":[{"href":"https:\/\/listman.shop\/costume-br\/wp-json\/wp\/v2\/product"}],"about":[{"href":"https:\/\/listman.shop\/costume-br\/wp-json\/wp\/v2\/types\/product"}],"wp:featuredmedia":[{"embeddable":true,"href":"https:\/\/listman.shop\/costume-br\/wp-json\/wp\/v2\/media\/27718"}],"wp:attachment":[{"href":"https:\/\/listman.shop\/costume-br\/wp-json\/wp\/v2\/media?parent=27724"}],"wp:term":[{"taxonomy":"product_brand","embeddable":true,"href":"https:\/\/listman.shop\/costume-br\/wp-json\/wp\/v2\/product_brand?post=27724"},{"taxonomy":"product_cat","embeddable":true,"href":"https:\/\/listman.shop\/costume-br\/wp-json\/wp\/v2\/product_cat?post=27724"},{"taxonomy":"product_tag","embeddable":true,"href":"https:\/\/listman.shop\/costume-br\/wp-json\/wp\/v2\/product_tag?post=27724"}],"curies":[{"name":"wp","href":"https:\/\/api.w.org\/{rel}","templated":true}]}}