{"id":27983,"date":"2024-12-11T08:59:12","date_gmt":"2024-12-10T23:59:12","guid":{"rendered":"https:\/\/listman.shop\/costume-br\/product\/1005007645910165\/"},"modified":"2026-04-05T05:40:01","modified_gmt":"2026-04-04T20:40:01","slug":"1005007645910165","status":"publish","type":"product","link":"https:\/\/listman.shop\/costume-br\/product\/1005007645910165\/","title":{"rendered":"Fantasia de Astronauta Met\u00e1lica Brilhante para Meninas, Vestido de Alien\u00edgena Fofo, Fantasia de Halloween de Astronauta Rob\u00f4, Roupa de Cosplay de Alien\u00edgena para Role Play"},"content":{"rendered":"<div class=\"detailmodule_html\">\n<div class=\"detail-desc-decorate-richtext\">\n<div class=\"detailmodule_html\">\n<div class=\"detail-desc-decorate-richtext\">\n<p>\n   <img data-widget-type-tail=\"\" \/><\/p>\n<p> <span style=\"font-size:18px\"><strong id=\"tl_1\">Conjunto Inclui<\/strong><\/span><span style=\"font-size:18px\" id=\"tl_2\">: 1 pe&ccedil;a de vestido cosplay para meninas<\/span><br \/> <span style=\"font-size:18px\"><strong id=\"tl_3\">Condi&ccedil;&atilde;o<\/strong><\/span><span style=\"font-size:18px\" id=\"tl_4\">: Novo em folha<\/span><br \/> <span style=\"font-size:18px\"><strong id=\"tl_5\">Material<\/strong><\/span><span style=\"font-size:18px\" id=\"tl_6\">: 76% Poli&eacute;ster, 20% PU, 4% Elastano<\/span><\/p>\n<p> <span style=\"font-size:18px\"><strong id=\"tl_7\">Funcionalidades<\/strong><\/span><span style=\"font-size:18px\" id=\"tl_8\">: <br \/>Feito de poli&eacute;ster, pu e elastano de alta qualidade, suave ao toque, macio e confort&aacute;vel de usar. <br \/>Um vestido de fantasia de cosplay alien&iacute;gena para meninas, &eacute; a fantasia alien&iacute;gena do futuro do designer com um senso de mist&eacute;rio. <br \/>O tecido met&aacute;lico cor de r&aacute;dio, com efeito &quot;hot-silver&quot;, produzir&aacute; diferentes tons de cores deslumbrantes sob diferentes luzes, transmitindo uma sensa&ccedil;&atilde;o de tecnologia avan&ccedil;ada. <br \/>Vestido evas&ecirc; de cintura alta com gola alta e mangas curtas, detalhes em patchwork color block e fechamento traseiro com z&iacute;per invis&iacute;vel para maior praticidade. <br \/>Adequado para Halloween, festa de cosplay, dramatiza&ccedil;&atilde;o de alien&iacute;genas, carnaval, festa de anivers&aacute;rio, festa tem&aacute;tica, performance de palco, etc.<\/span><\/p>\n<p> <span style=\"font-size:18px\"><strong id=\"tl_9\">Tabela de tamanhos<\/strong><\/span><span style=\"font-size:18px\">: <\/span><span style=\"font-size:18px\"><span id=\"tl_10\">O tamanho sugerido &eacute; apenas para sua refer&ecirc;ncia.Se a sua medida estiver flutuando entre dois tamanhos, aconselho escolher o tamanho maior.<\/span><\/span><span style=\"font-size:18px\"><span><strong id=\"tl_11\">(As medidas mostradas na tabela de tamanhos referem-se &agrave;s medidas do item, n&atilde;o ao corpo)<\/strong><\/span><\/span><\/p>\n<div>\n<table align=\"center\" style=\"border-collapse:collapse;text-align:center;width:auto\" width=\"38%\">\n<tbody>\n<tr>\n<td align=\"center\" style=\"text-align:center;padding:3px\" width=\"14%\">\n<p> <span style=\"font-size:18px\"><strong id=\"tl_12\">N&ordm; da Etiqueta<\/strong><\/span><\/p>\n<\/td>\n<td align=\"center\" style=\"text-align:center;padding:3px\" width=\"28%\">\n<p> <span style=\"font-size:18px\"><strong id=\"tl_13\">Tamanho recomendado<\/strong><\/span><\/p>\n<\/td>\n<td align=\"center\" style=\"text-align:center;padding:3px\" width=\"20%\">\n<p> <span style=\"font-size:18px\"><strong id=\"tl_14\">Comprimento<\/strong><\/span><\/p>\n<\/td>\n<td align=\"center\" style=\"text-align:center;padding:3px\" width=\"20%\">\n<p> <span style=\"font-size:18px\"><strong id=\"tl_15\">Peito<\/strong><\/span><\/p>\n<\/td>\n<td align=\"center\" style=\"text-align:center;padding:3px\" width=\"20%\">\n<p> <span style=\"font-size:18px\"><strong id=\"tl_16\">Cintura<\/strong><\/span><\/p>\n<\/td>\n<\/tr>\n<tr>\n<td align=\"center\" height=\"23\" style=\"text-align:center;padding:3px\">\n<p> <span style=\"font-size:18px\">6<\/span><\/p>\n<\/td>\n<td align=\"center\" style=\"text-align:center;padding:3px\">\n<p> <span style=\"font-size:18px\">6<\/span><\/p>\n<\/td>\n<td align=\"center\" style=\"text-align:center;padding:3px\">\n<p> <span style=\"font-size:18px\" id=\"tl_17\">26,5&quot;\/67cm<\/span><\/p>\n<\/td>\n<td align=\"center\" style=\"text-align:center;padding:3px\">\n<p> <span style=\"font-size:18px\" id=\"tl_18\">25,5&quot;\/65cm<\/span><\/p>\n<\/td>\n<td align=\"center\" style=\"text-align:center;padding:3px\">\n<p> <span style=\"font-size:18px\" id=\"tl_19\">22,5&quot;\/57,5cm<\/span><\/p>\n<\/td>\n<\/tr>\n<tr>\n<td align=\"center\" height=\"24\" style=\"text-align:center;padding:3px\">\n<p> <span style=\"font-size:18px\">8<\/span><\/p>\n<\/td>\n<td align=\"center\" style=\"text-align:center;padding:3px\">\n<p> <span style=\"font-size:18px\">8<\/span><\/p>\n<\/td>\n<td align=\"center\" style=\"text-align:center;padding:3px\">\n<p> <span style=\"font-size:18px\" id=\"tl_20\">28&quot;\/72 cm<\/span><\/p>\n<\/td>\n<td align=\"center\" style=\"text-align:center;padding:3px\">\n<p> <span style=\"font-size:18px\" id=\"tl_21\">27,5&quot;\/70cm<\/span><\/p>\n<\/td>\n<td align=\"center\" style=\"text-align:center;padding:3px\">\n<p> <span style=\"font-size:18px\" id=\"tl_22\">24&quot;\/61,5 cm<\/span><\/p>\n<\/td>\n<\/tr>\n<tr>\n<td align=\"center\" height=\"23\" style=\"text-align:center;padding:3px\">\n<p> <span style=\"font-size:18px\">10<\/span><\/p>\n<\/td>\n<td align=\"center\" style=\"text-align:center;padding:3px\">\n<p> <span style=\"font-size:18px\">10<\/span><\/p>\n<\/td>\n<td align=\"center\" style=\"text-align:center;padding:3px\">\n<p> <span style=\"font-size:18px\" id=\"tl_23\">30&quot;\/77 cm<\/span><\/p>\n<\/td>\n<td align=\"center\" style=\"text-align:center;padding:3px\">\n<p> <span style=\"font-size:18px\" id=\"tl_24\">29,5&quot;\/75cm<\/span><\/p>\n<\/td>\n<td align=\"center\" style=\"text-align:center;padding:3px\">\n<p> <span style=\"font-size:18px\" id=\"tl_25\">25,5&quot;\/65,5cm<\/span><\/p>\n<\/td>\n<\/tr>\n<tr>\n<td align=\"center\" height=\"23\" style=\"text-align:center;padding:3px\">\n<p> <span style=\"font-size:18px\">12<\/span><\/p>\n<\/td>\n<td align=\"center\" style=\"text-align:center;padding:3px\">\n<p> <span style=\"font-size:18px\">12<\/span><\/p>\n<\/td>\n<td align=\"center\" style=\"text-align:center;padding:3px\">\n<p> <span style=\"font-size:18px\" id=\"tl_26\">32&quot;\/82 cent&iacute;metros<\/span><\/p>\n<\/td>\n<td align=\"center\" style=\"text-align:center;padding:3px\">\n<p> <span style=\"font-size:18px\" id=\"tl_27\">31,5&quot;\/80cm<\/span><\/p>\n<\/td>\n<td align=\"center\" style=\"text-align:center;padding:3px\">\n<p> <span style=\"font-size:18px\" id=\"tl_28\">27&quot;\/69,5 cm<\/span><\/p>\n<\/td>\n<\/tr>\n<tr>\n<td align=\"center\" height=\"23\" style=\"text-align:center;padding:3px\">\n<p> <span style=\"font-size:18px\">14<\/span><\/p>\n<\/td>\n<td align=\"center\" style=\"text-align:center;padding:3px\">\n<p> <span style=\"font-size:18px\">14<\/span><\/p>\n<\/td>\n<td align=\"center\" style=\"text-align:center;padding:3px\">\n<p> <span style=\"font-size:18px\" id=\"tl_29\">34&quot;\/87 cm<\/span><\/p>\n<\/td>\n<td align=\"center\" style=\"text-align:center;padding:3px\">\n<p> <span style=\"font-size:18px\" id=\"tl_30\">33,5&quot;\/85cm<\/span><\/p>\n<\/td>\n<td align=\"center\" style=\"text-align:center;padding:3px\">\n<p> <span style=\"font-size:18px\" id=\"tl_31\">28,5&quot;\/73,5cm<\/span><\/p>\n<\/td>\n<\/tr>\n<tr>\n<td align=\"center\" height=\"23\" style=\"text-align:center;padding:3px\">\n<p> <span style=\"font-size:18px\">16<\/span><\/p>\n<\/td>\n<td align=\"center\" style=\"text-align:center;padding:3px\">\n<p> <span style=\"font-size:18px\">16<\/span><\/p>\n<\/td>\n<td align=\"center\" style=\"text-align:center;padding:3px\">\n<p> <span style=\"font-size:18px\" id=\"tl_32\">36&quot;\/92 cm<\/span><\/p>\n<\/td>\n<td align=\"center\" style=\"text-align:center;padding:3px\">\n<p> <span style=\"font-size:18px\" id=\"tl_33\">35,5&quot;\/90cm<\/span><\/p>\n<\/td>\n<td align=\"center\" style=\"text-align:center;padding:3px\">\n<p> <span style=\"font-size:18px\" id=\"tl_34\">30,5&quot;\/77,5 cm<\/span><\/p>\n<\/td>\n<\/tr>\n<\/tbody>\n<\/table>\n<p> <span style=\"font-size:18px\"><strong id=\"tl_35\">Dicas amig&aacute;veis: O tamanho &eacute; medido &agrave; m&atilde;o, permita um pequeno erro de medi&ccedil;&atilde;o.<\/strong><\/span><\/p>\n<p> <span style=\"font-size:18px\"><strong id=\"tl_36\">A cor da foto pode ser um pouco diferente do produto real devido &agrave; exibi&ccedil;&atilde;o colorida de diferentes monitores.<\/strong><\/span><\/p>\n<p align=\"center\" style=\"text-align:center\"> <img data-recalc-dims=\"1\" decoding=\"async\" src=\"https:\/\/i0.wp.com\/ae01.alicdn.com\/kf\/Sc0466f4c10c24c0db44f740ab1cd3791T.jpg?w=1200&#038;ssl=1\" \/><img data-recalc-dims=\"1\" decoding=\"async\" src=\"https:\/\/i0.wp.com\/ae01.alicdn.com\/kf\/S431b658441f5423eb37836d277b0d7fff.jpg?w=1200&#038;ssl=1\" \/><img data-recalc-dims=\"1\" decoding=\"async\" src=\"https:\/\/i0.wp.com\/ae01.alicdn.com\/kf\/S4267d3cfbe624a85962ef1d302afb1f6F.jpg?w=1200&#038;ssl=1\" \/><img data-recalc-dims=\"1\" decoding=\"async\" src=\"https:\/\/i0.wp.com\/ae01.alicdn.com\/kf\/S46d4212581ec42968e0c734a1d3d95ea6.jpg?w=1200&#038;ssl=1\" \/><img data-recalc-dims=\"1\" decoding=\"async\" src=\"https:\/\/i0.wp.com\/ae01.alicdn.com\/kf\/S09cf34bb85664db190291e17b32c34f87.jpg?w=1200&#038;ssl=1\" \/><img data-recalc-dims=\"1\" decoding=\"async\" src=\"https:\/\/i0.wp.com\/ae01.alicdn.com\/kf\/Se7df0e33da314980bdafb54ce061f59dr.jpg?w=1200&#038;ssl=1\" \/><img data-recalc-dims=\"1\" decoding=\"async\" src=\"https:\/\/i0.wp.com\/ae01.alicdn.com\/kf\/Saeeae2fdbccd47a6865afdda6b2ddb4bQ.jpg?w=1200&#038;ssl=1\" \/><img data-recalc-dims=\"1\" decoding=\"async\" src=\"https:\/\/i0.wp.com\/ae01.alicdn.com\/kf\/S2b3b0561086c485dbf569985c13b16da7.jpg?w=1200&#038;ssl=1\" \/><img data-recalc-dims=\"1\" decoding=\"async\" src=\"https:\/\/i0.wp.com\/ae01.alicdn.com\/kf\/S05fdbbcf21674bdd8cb75279a41ed1acc.jpg?w=1200&#038;ssl=1\" \/><img data-recalc-dims=\"1\" decoding=\"async\" src=\"https:\/\/i0.wp.com\/ae01.alicdn.com\/kf\/Sce2641c86adf4dc7ab9573474a3b8129w.jpg?w=1200&#038;ssl=1\" \/><img data-recalc-dims=\"1\" decoding=\"async\" src=\"https:\/\/i0.wp.com\/ae01.alicdn.com\/kf\/S5cef6c952660439493a36ed31930bb2d0.jpg?w=1200&#038;ssl=1\" \/><img data-recalc-dims=\"1\" decoding=\"async\" src=\"https:\/\/i0.wp.com\/ae01.alicdn.com\/kf\/S91324ad9f69444bf931c206e9536a05fg.jpg?w=1200&#038;ssl=1\" \/><img data-recalc-dims=\"1\" decoding=\"async\" src=\"https:\/\/i0.wp.com\/ae01.alicdn.com\/kf\/S75f907beed8b41d1ba523775b5e5eb75I.jpg?w=1200&#038;ssl=1\" \/><img data-recalc-dims=\"1\" decoding=\"async\" src=\"https:\/\/i0.wp.com\/ae01.alicdn.com\/kf\/Sa04d7e8a32274d03b8b7c15076645b206.jpg?w=1200&#038;ssl=1\" \/><img data-recalc-dims=\"1\" decoding=\"async\" src=\"https:\/\/i0.wp.com\/ae01.alicdn.com\/kf\/S2cb0a0e365dc4d438a4991a6b6e27963n.jpg?w=1200&#038;ssl=1\" \/><img data-recalc-dims=\"1\" decoding=\"async\" src=\"https:\/\/i0.wp.com\/ae01.alicdn.com\/kf\/S5d06a29280154179a1a2a2058b4f28698.jpg?w=1200&#038;ssl=1\" \/><img data-recalc-dims=\"1\" decoding=\"async\" src=\"https:\/\/i0.wp.com\/ae01.alicdn.com\/kf\/S5cef6c952660439493a36ed31930bb2d0.jpg?w=1200&#038;ssl=1\" \/><img data-recalc-dims=\"1\" decoding=\"async\" src=\"https:\/\/i0.wp.com\/ae01.alicdn.com\/kf\/S91324ad9f69444bf931c206e9536a05fg.jpg?w=1200&#038;ssl=1\" \/><img data-recalc-dims=\"1\" decoding=\"async\" src=\"https:\/\/i0.wp.com\/ae01.alicdn.com\/kf\/Sc8efd3f6e8ad4eb5a551c883ec7f543cW.jpg?w=1200&#038;ssl=1\" \/><img data-recalc-dims=\"1\" decoding=\"async\" src=\"https:\/\/i0.wp.com\/ae01.alicdn.com\/kf\/S8112dd9def874ae881d37aa95903526b6.jpg?w=1200&#038;ssl=1\" \/><\/p>\n<\/p><\/div>\n<div>\n<p> &nbsp;\n  <\/p><\/div>\n<p> &nbsp;<\/p>\n<\/p><\/div>\n<\/div>\n<\/div>\n<\/div>\n","protected":false},"excerpt":{"rendered":"<p>Conjunto Inclui: 1 pe&ccedil;a de vestido cosplay para meninas Condi&ccedil;&atilde;o: Novo em folha Material: 76% Poli&eacute;ster, 20% PU, 4% Elastano Funcionalidades: Feito de poli&eacute;ster, pu e elastano de alta qualidade, suave ao toque, macio e confort&aacute;vel de usar. Um vestido de fantasia de cosplay alien&iacute;gena para meninas, &eacute; a fantasia alien&iacute;gena do futuro do designer&hellip;&nbsp;<\/p>\n","protected":false},"featured_media":27977,"template":"","meta":{"neve_meta_sidebar":"","neve_meta_container":"","neve_meta_enable_content_width":"","neve_meta_content_width":0,"neve_meta_title_alignment":"","neve_meta_author_avatar":"","neve_post_elements_order":"","neve_meta_disable_header":"","neve_meta_disable_footer":"","neve_meta_disable_title":""},"product_brand":[],"product_cat":[38,16,39],"product_tag":[],"class_list":{"0":"post-27983","1":"product","2":"type-product","3":"status-publish","4":"has-post-thumbnail","6":"product_cat-fantasias-de-cosplay","7":"product_cat-novidades-e-uso-especial","8":"product_cat-trajes-de-cosplay-desativar-fantasias-de-cosplay","10":"first","11":"instock","12":"shipping-taxable","13":"purchasable","14":"product-type-variable","15":"has-default-attributes"},"jetpack_sharing_enabled":true,"_links":{"self":[{"href":"https:\/\/listman.shop\/costume-br\/wp-json\/wp\/v2\/product\/27983","targetHints":{"allow":["GET"]}}],"collection":[{"href":"https:\/\/listman.shop\/costume-br\/wp-json\/wp\/v2\/product"}],"about":[{"href":"https:\/\/listman.shop\/costume-br\/wp-json\/wp\/v2\/types\/product"}],"wp:featuredmedia":[{"embeddable":true,"href":"https:\/\/listman.shop\/costume-br\/wp-json\/wp\/v2\/media\/27977"}],"wp:attachment":[{"href":"https:\/\/listman.shop\/costume-br\/wp-json\/wp\/v2\/media?parent=27983"}],"wp:term":[{"taxonomy":"product_brand","embeddable":true,"href":"https:\/\/listman.shop\/costume-br\/wp-json\/wp\/v2\/product_brand?post=27983"},{"taxonomy":"product_cat","embeddable":true,"href":"https:\/\/listman.shop\/costume-br\/wp-json\/wp\/v2\/product_cat?post=27983"},{"taxonomy":"product_tag","embeddable":true,"href":"https:\/\/listman.shop\/costume-br\/wp-json\/wp\/v2\/product_tag?post=27983"}],"curies":[{"name":"wp","href":"https:\/\/api.w.org\/{rel}","templated":true}]}}