{"id":28537,"date":"2024-12-11T09:17:02","date_gmt":"2024-12-11T00:17:02","guid":{"rendered":"https:\/\/listman.shop\/costume-br\/product\/1005007865167986\/"},"modified":"2026-04-08T13:48:35","modified_gmt":"2026-04-08T04:48:35","slug":"1005007865167986","status":"publish","type":"product","link":"https:\/\/listman.shop\/costume-br\/product\/1005007865167986\/","title":{"rendered":"M\u00e1scara de Palha\u00e7o Art\u00edstico com \u00d3culos de Girassol para Cosplay, Acess\u00f3rio de Fantasia de Halloween, Capacete de Disfarce do Filme Terrifier 3 (2024)"},"content":{"rendered":"<div class=\"detailmodule_html\">\n<div class=\"detail-desc-decorate-richtext\">\n<p style=\"text-align:center\" align=\"center\"><span style=\"font-size:18px\" id=\"tl_1\">Arte palha&ccedil;o cosplay &oacute;culos de girassol m&aacute;scara 2024 filme terrificador 3 disfarce chapelaria capacete &oacute;culos traje acess&oacute;rio dia das bruxas<\/span><\/p>\n<p><\/p>\n<\/p>\n<p style=\"text-align:center\" align=\"center\"><span style=\"font-size:18px\" id=\"tl_2\">Detalhes do Produto<\/span><\/p>\n<p style=\"text-align:center\" align=\"center\"><span style=\"font-size:18px\" id=\"tl_3\">Material: Resina e PC<\/span><\/p>\n<p style=\"text-align:center\" align=\"center\"><span style=\"font-size:18px\" id=\"tl_4\">Cor: como a cor da imagem<\/span><\/p>\n<p style=\"text-align:center\" align=\"center\"><span style=\"font-size:18px\" id=\"tl_5\">O pacote inclui: 1 * &oacute;culos de pe&ccedil;as<\/span><\/p>\n<p><\/p>\n<\/p>\n<p style=\"text-align:center\" align=\"center\"><span style=\"font-size:18px\" id=\"tl_6\">Observa&ccedil;&atilde;o:<\/span><\/p>\n<p style=\"text-align:center\" align=\"center\"><span style=\"font-size:18px\" id=\"tl_7\">A cor pode ser um pouco diferente devido ao efeito da luz e da configura&ccedil;&atilde;o do monitor.<\/span><\/p>\n<p style=\"text-align:center\" align=\"center\"><span style=\"font-size:18px\" id=\"tl_8\">Medi&ccedil;&atilde;o manual, h&aacute; 2-3 mm de erro, por favor, entenda.<\/span><\/p>\n<p style=\"text-align:center\" align=\"center\"><img data-recalc-dims=\"1\" decoding=\"async\" src=\"https:\/\/i0.wp.com\/ae01.alicdn.com\/kf\/Sdb96209bbf6f4b579b7661324076e8d0U.jpg?w=1200&#038;ssl=1\" \/><img data-recalc-dims=\"1\" decoding=\"async\" src=\"https:\/\/i0.wp.com\/ae01.alicdn.com\/kf\/S86a28fb86be84dc8bd235f014659d653Z.jpg?w=1200&#038;ssl=1\" \/><img data-recalc-dims=\"1\" decoding=\"async\" src=\"https:\/\/i0.wp.com\/ae01.alicdn.com\/kf\/S2d3c426b06634d38bdeb1bf5fdea537dn.jpg?w=1200&#038;ssl=1\" \/><img data-recalc-dims=\"1\" decoding=\"async\" src=\"https:\/\/i0.wp.com\/ae01.alicdn.com\/kf\/Sffffbbb250924bedae73c740be824022z.jpg?w=1200&#038;ssl=1\" \/><img data-recalc-dims=\"1\" decoding=\"async\" src=\"https:\/\/i0.wp.com\/ae01.alicdn.com\/kf\/S23d2dbd8320e45bebd57f0f41e8ee8d5V.jpg?w=1200&#038;ssl=1\" \/><img data-recalc-dims=\"1\" decoding=\"async\" src=\"https:\/\/i0.wp.com\/ae01.alicdn.com\/kf\/S5d5db9aa81fa4920add4677852e83cc0g.jpg?w=1200&#038;ssl=1\" \/><\/p>\n<\/div>\n<\/div>\n","protected":false},"excerpt":{"rendered":"<p>Arte palha&ccedil;o cosplay &oacute;culos de girassol m&aacute;scara 2024 filme terrificador 3 disfarce chapelaria capacete &oacute;culos traje acess&oacute;rio dia das bruxas Detalhes do Produto Material: Resina e PC Cor: como a cor da imagem O pacote inclui: 1 * &oacute;culos de pe&ccedil;as Observa&ccedil;&atilde;o: A cor pode ser um pouco diferente devido ao efeito da luz e&hellip;&nbsp;<\/p>\n","protected":false},"featured_media":28531,"template":"","meta":{"neve_meta_sidebar":"","neve_meta_container":"","neve_meta_enable_content_width":"","neve_meta_content_width":0,"neve_meta_title_alignment":"","neve_meta_author_avatar":"","neve_post_elements_order":"","neve_meta_disable_header":"","neve_meta_disable_footer":"","neve_meta_disable_title":""},"product_brand":[],"product_cat":[30,28,16],"product_tag":[],"class_list":{"0":"post-28537","1":"product","2":"type-product","3":"status-publish","4":"has-post-thumbnail","6":"product_cat-acessorios-acessorios-para-cosplay","7":"product_cat-acessorios-para-cosplay","8":"product_cat-novidades-e-uso-especial","10":"first","11":"instock","12":"shipping-taxable","13":"purchasable","14":"product-type-variable","15":"has-default-attributes"},"jetpack_sharing_enabled":true,"_links":{"self":[{"href":"https:\/\/listman.shop\/costume-br\/wp-json\/wp\/v2\/product\/28537","targetHints":{"allow":["GET"]}}],"collection":[{"href":"https:\/\/listman.shop\/costume-br\/wp-json\/wp\/v2\/product"}],"about":[{"href":"https:\/\/listman.shop\/costume-br\/wp-json\/wp\/v2\/types\/product"}],"wp:featuredmedia":[{"embeddable":true,"href":"https:\/\/listman.shop\/costume-br\/wp-json\/wp\/v2\/media\/28531"}],"wp:attachment":[{"href":"https:\/\/listman.shop\/costume-br\/wp-json\/wp\/v2\/media?parent=28537"}],"wp:term":[{"taxonomy":"product_brand","embeddable":true,"href":"https:\/\/listman.shop\/costume-br\/wp-json\/wp\/v2\/product_brand?post=28537"},{"taxonomy":"product_cat","embeddable":true,"href":"https:\/\/listman.shop\/costume-br\/wp-json\/wp\/v2\/product_cat?post=28537"},{"taxonomy":"product_tag","embeddable":true,"href":"https:\/\/listman.shop\/costume-br\/wp-json\/wp\/v2\/product_tag?post=28537"}],"curies":[{"name":"wp","href":"https:\/\/api.w.org\/{rel}","templated":true}]}}