{"id":28791,"date":"2024-12-11T09:24:39","date_gmt":"2024-12-11T00:24:39","guid":{"rendered":"https:\/\/listman.shop\/costume-br\/product\/1005007899424686\/"},"modified":"2026-04-08T13:53:42","modified_gmt":"2026-04-08T04:53:42","slug":"1005007899424686","status":"publish","type":"product","link":"https:\/\/listman.shop\/costume-br\/product\/1005007899424686\/","title":{"rendered":"\u00d3culos de Cosplay Elphaba do Filme Wicked, \u00d3culos de Sol Circulares Unissex, Acess\u00f3rios de Carnaval e Halloween"},"content":{"rendered":"<div class=\"detailmodule_html\">\n<div class=\"detail-desc-decorate-richtext\">\n<p style=\"text-align:left\" align=\"left\">\n<p style=\", Roboto, Arial, Helvetica, sans-serif, SimSun;font-size:14px;font-weight:400;letter-spacing:normal;line-height:inherit;text-align:center;white-space:normal;margin:0px;margin-bottom:0px;margin-top:0px;margin-left:0px;margin-right:0px;padding:0px;padding-bottom:0px;padding-top:0px;padding-left:0px;padding-right:0px\" class=\"MsoNormal\" align=\"center\"><strong><i><span style=\"font-size:26pt;font-family:\u6c49\u4eea\u83f1\u5fc3\u4f53\u7b80\">Bem vindo a nossa loja!<\/span><\/i><\/strong><\/p>\n<p style=\", Roboto, Arial, Helvetica, sans-serif, SimSun;font-size:14px;font-weight:400;letter-spacing:normal;line-height:inherit;text-align:start;white-space:normal;margin:0px;margin-bottom:0px;margin-top:0px;margin-left:0px;margin-right:0px;padding:0px;padding-bottom:0px;padding-top:0px;padding-left:0px;padding-right:0px\" align=\"start\"><\/p>\n<p style=\", Roboto, Arial, Helvetica, sans-serif, SimSun;font-size:14px;font-weight:400;letter-spacing:normal;line-height:inherit;text-align:center;white-space:normal;margin:0px;margin-bottom:0px;margin-top:0px;margin-left:0px;margin-right:0px;padding:0px;padding-bottom:0px;padding-top:0px;padding-left:0px;padding-right:0px\" class=\"MsoNormal\" align=\"center\"><strong><i><span style=\"font-size:26pt;font-family:\u6c49\u4eea\u83f1\u5fc3\u4f53\u7b80\">Qualquer problema entre em contato conosco primeiro ^_^<\/span><\/i><\/strong><\/p>\n<p><\/p>\n<p style=\", Roboto, Arial, Helvetica, sans-serif, SimSun;font-size:14px;font-weight:400;letter-spacing:normal;line-height:inherit;text-align:center;white-space:normal;margin:0px;margin-bottom:0px;margin-top:0px;margin-left:0px;margin-right:0px;padding:0px;padding-bottom:0px;padding-top:0px;padding-left:0px;padding-right:0px\" class=\"MsoNormal\" align=\"center\"><span style=\"font-size:36pt\"><i><strong>Detalhe do produto<\/strong><\/i><\/span><\/p>\n<p style=\"text-align:center\" align=\"center\"><\/p>\n<p style=\"text-align:center\" align=\"center\"><strong><span class=\"15\" style=\"font-size:15pt;font-family:Gisha\">Material: PC<\/span><\/strong><\/p>\n<p style=\"text-align:center\" align=\"center\"><\/p>\n<p style=\"text-align:center\" align=\"center\"><strong><span class=\"15\" style=\"font-size:15pt;font-family:Gisha\">Cor: como a cor da imagem<\/span><\/strong><\/p>\n<p style=\"text-align:center\" align=\"center\"><\/p>\n<p style=\"text-align:center;margin:5pt 0pt;margin-bottom:5pt;margin-top:5pt;margin-left:0pt;margin-right:0pt\" class=\"MsoNormal\" align=\"center\"><strong><span class=\"15\" style=\"font-size:15pt;font-family:Gisha\">O pacote inclui: 1 * \u00f3culos dos pces<\/span><\/strong><\/p>\n<p style=\"text-align:center\" align=\"center\"><\/p>\n<p style=\"text-align:center;margin:5pt 0pt;margin-bottom:5pt;margin-top:5pt;margin-left:0pt;margin-right:0pt\" class=\"MsoNormal\" align=\"center\"><strong><span class=\"15\" style=\"font-size:15pt;font-family:Gisha\">Tamanho:<\/span><\/strong><\/p>\n<p style=\"text-align:center;margin:5pt 0pt;margin-bottom:5pt;margin-top:5pt;margin-left:0pt;margin-right:0pt\" class=\"MsoNormal\" align=\"center\"><img data-recalc-dims=\"1\" decoding=\"async\" src=\"https:\/\/i0.wp.com\/ae01.alicdn.com\/kf\/S7dcd99f40d9149e6af59f41b4edd794ad.jpg?w=1200&#038;ssl=1\"><\/p>\n<p><\/p>\n<p style=\"text-align:center\" align=\"center\"><span style=\"font-size:32px\">Foto do produto<\/span><\/p>\n<p><\/p>\n<p style=\"text-align:center\" align=\"center\"><img data-recalc-dims=\"1\" decoding=\"async\" src=\"https:\/\/i0.wp.com\/ae01.alicdn.com\/kf\/Sedf24d6fffaa48f0a2511b9f6e265a06s.jpg?w=1200&#038;ssl=1\"><img data-recalc-dims=\"1\" decoding=\"async\" src=\"https:\/\/i0.wp.com\/ae01.alicdn.com\/kf\/Sc471418e2ae94c0a8f7b83d77d8304a3s.jpg?w=1200&#038;ssl=1\"><\/p>\n<p style=\"text-align:center\" align=\"center\"><\/p>\n<p style=\"text-align:center\" class=\"MsoNormal\" align=\"center\"><\/p>\n<p style=\"text-align:left\" class=\"MsoNormal\" align=\"left\"><strong><span style=\"font-size:16pt;font-family:\u6c49\u4eea\u9752\u4e91\u7b80\">Aviso:<\/span><\/strong><\/p>\n<p><\/p>\n<p style=\"text-align:left\" class=\"MsoNormal\" align=\"left\"><strong><span style=\"font-size:10.5pt\">1.Devido \u00e0 diferen\u00e7a de luz e tela, a cor do item pode ser ligeiramente diferente das imagens.<\/span><\/strong><\/p>\n<p><\/p>\n<p style=\"text-align:left\" class=\"MsoNormal\" align=\"left\"><strong><span style=\"font-size:10.5pt\">2.Por favor, permita diferen\u00e7as de 0,5-2 cm devido \u00e0 medi\u00e7\u00e3o manual.<\/span><\/strong><\/p>\n<p><\/p>\n<p style=\"text-align:left\" class=\"MsoNormal\" align=\"left\"><strong><span style=\"font-size:10.5pt\">3.Obrigado pela sua compreens\u00e3o.<\/span><\/strong><\/p>\n<p><\/p>\n<p style=\"text-align:left\" class=\"MsoNormal\" align=\"left\"><strong><span style=\"font-size:12pt;font-family:Calibri\">Agradecemos muito que voc\u00ea nos deixe um feedback positivo se estiver satisfeito com nosso servi\u00e7o!<\/span><\/strong><\/p>\n<p style=\"text-align:left\" class=\"MsoNormal\" align=\"left\"><strong><span style=\"font-size:12pt;font-family:Calibri\">Se voc\u00ea tiver alguma d\u00favida sobre a transa\u00e7\u00e3o, antes de deixar qualquer feedback, entre em contato conosco e nos d\u00ea a oportunidade de encontrar uma solu\u00e7\u00e3o.<\/span><\/strong><\/p>\n<p style=\"text-align:left\" class=\"MsoNormal\" align=\"left\"><strong><span style=\"font-size:12pt;font-family:Calibri\">Obrigado!Aben\u00e7oe voc\u00ea e sua fam\u00edlia felizes e saud\u00e1veis!<\/span><\/strong><\/p>\n<p><\/p>\n<p style=\"text-align:left\" class=\"MsoNormal\" align=\"left\"><strong><span style=\"font-size:24pt\">Desejo-lhe boas compras!<\/span><\/strong><\/p>\n<p><\/p>\n<\/div>\n<\/div>\n","protected":false},"excerpt":{"rendered":"<p>Bem vindo a nossa loja! Qualquer problema entre em contato conosco primeiro ^_^ Detalhe do produto Material: PC Cor: como a cor da imagem O pacote inclui: 1 * \u00f3culos dos pces Tamanho: Foto do produto Aviso: 1.Devido \u00e0 diferen\u00e7a de luz e tela, a cor do item pode ser ligeiramente diferente das imagens. 2.Por&hellip;&nbsp;<\/p>\n","protected":false},"featured_media":28788,"template":"","meta":{"neve_meta_sidebar":"","neve_meta_container":"","neve_meta_enable_content_width":"","neve_meta_content_width":0,"neve_meta_title_alignment":"","neve_meta_author_avatar":"","neve_post_elements_order":"","neve_meta_disable_header":"","neve_meta_disable_footer":"","neve_meta_disable_title":""},"product_brand":[],"product_cat":[30,28,16],"product_tag":[],"class_list":{"0":"post-28791","1":"product","2":"type-product","3":"status-publish","4":"has-post-thumbnail","6":"product_cat-acessorios-acessorios-para-cosplay","7":"product_cat-acessorios-para-cosplay","8":"product_cat-novidades-e-uso-especial","10":"first","11":"instock","12":"shipping-taxable","13":"purchasable","14":"product-type-variable","15":"has-default-attributes"},"jetpack_sharing_enabled":true,"_links":{"self":[{"href":"https:\/\/listman.shop\/costume-br\/wp-json\/wp\/v2\/product\/28791","targetHints":{"allow":["GET"]}}],"collection":[{"href":"https:\/\/listman.shop\/costume-br\/wp-json\/wp\/v2\/product"}],"about":[{"href":"https:\/\/listman.shop\/costume-br\/wp-json\/wp\/v2\/types\/product"}],"wp:featuredmedia":[{"embeddable":true,"href":"https:\/\/listman.shop\/costume-br\/wp-json\/wp\/v2\/media\/28788"}],"wp:attachment":[{"href":"https:\/\/listman.shop\/costume-br\/wp-json\/wp\/v2\/media?parent=28791"}],"wp:term":[{"taxonomy":"product_brand","embeddable":true,"href":"https:\/\/listman.shop\/costume-br\/wp-json\/wp\/v2\/product_brand?post=28791"},{"taxonomy":"product_cat","embeddable":true,"href":"https:\/\/listman.shop\/costume-br\/wp-json\/wp\/v2\/product_cat?post=28791"},{"taxonomy":"product_tag","embeddable":true,"href":"https:\/\/listman.shop\/costume-br\/wp-json\/wp\/v2\/product_tag?post=28791"}],"curies":[{"name":"wp","href":"https:\/\/api.w.org\/{rel}","templated":true}]}}