{"id":29750,"date":"2024-12-11T09:52:47","date_gmt":"2024-12-11T00:52:47","guid":{"rendered":"https:\/\/listman.shop\/costume-br\/product\/1005007975757168\/"},"modified":"2026-04-08T13:48:33","modified_gmt":"2026-04-08T04:48:33","slug":"1005007975757168","status":"publish","type":"product","link":"https:\/\/listman.shop\/costume-br\/product\/1005007975757168\/","title":{"rendered":"Anime meu her\u00f3i academia boku no midoriya izuku bakugou katsuki todoroki shoto cosplay meias academia acess\u00f3rios prop"},"content":{"rendered":"<div class=\"detailmodule_html\">\n<div class=\"detail-desc-decorate-richtext\">\n<p style=\"text-align:center\" align=\"center\"><span style=\"font-size:22px;, sans-serif\"><strong>Anime meu her\u00f3i academia boku no midoriya izuku bakugou Katsuki todoroki shoto cosplay meias academia acess\u00f3rios prop<\/strong><\/span><\/p>\n<p style=\", Roboto, Arial, Helvetica, sans-serif, SimSun;font-size:14px;font-weight:400;letter-spacing:normal;line-height:inherit;text-align:center;white-space:normal;margin:0px;margin-bottom:0px;margin-top:0px;margin-left:0px;margin-right:0px;padding:0px;padding-bottom:0px;padding-top:0px;padding-left:0px;padding-right:0px\" align=\"center\"><span style=\"font-size:24px;font-family:georgia, serif\"><strong>Tamanho: cerca de 38cm de comprimento<\/strong><\/span><\/p>\n<p style=\", Roboto, Arial, Helvetica, sans-serif, SimSun;font-size:14px;font-weight:400;letter-spacing:normal;line-height:inherit;text-align:start;white-space:normal;margin:0px;margin-bottom:0px;margin-top:0px;margin-left:0px;margin-right:0px;padding:0px;padding-bottom:0px;padding-top:0px;padding-left:0px;padding-right:0px\" align=\"start\"><\/p>\n<p style=\", Roboto, Arial, Helvetica, sans-serif, SimSun;font-size:14px;font-weight:400;letter-spacing:normal;line-height:inherit;text-align:center;white-space:normal;margin:0px;margin-bottom:0px;margin-top:0px;margin-left:0px;margin-right:0px;padding:0px;padding-bottom:0px;padding-top:0px;padding-left:0px;padding-right:0px\" align=\"center\"><span style=\"font-size:24px;font-family:georgia, serif\"><strong>Pacote: 1 * par<\/strong><\/span><\/p>\n<p style=\", Roboto, Arial, Helvetica, sans-serif, SimSun;font-size:14px;font-weight:400;letter-spacing:normal;line-height:inherit;text-align:start;white-space:normal;margin:0px;margin-bottom:0px;margin-top:0px;margin-left:0px;margin-right:0px;padding:0px;padding-bottom:0px;padding-top:0px;padding-left:0px;padding-right:0px\" align=\"start\"><\/p>\n<p style=\", Roboto, Arial, Helvetica, sans-serif, SimSun;font-size:14px;font-weight:400;letter-spacing:normal;line-height:inherit;text-align:center;white-space:normal;margin:0px;margin-bottom:0px;margin-top:0px;margin-left:0px;margin-right:0px;padding:0px;padding-bottom:0px;padding-top:0px;padding-left:0px;padding-right:0px\" align=\"center\"><span style=\"font-size:24px;font-family:georgia, serif\"><span style=\"font-size:24px;font-family:georgia, serif\"><strong>Material: algod\u00e3o, poli\u00e9ster<\/strong><\/span><\/span><\/p>\n<p style=\"text-align:center\" align=\"center\"><span style=\"font-size:22px;, sans-serif\"><strong><\/strong><\/span><img data-recalc-dims=\"1\" decoding=\"async\" src=\"https:\/\/i0.wp.com\/ae01.alicdn.com\/kf\/S5aaf8a85045e460593bb8f25354be6f2B.png?w=1200&#038;ssl=1\"><span style=\"font-size:22px;, sans-serif\"><strong><\/strong><\/span><img data-recalc-dims=\"1\" decoding=\"async\" src=\"https:\/\/i0.wp.com\/ae01.alicdn.com\/kf\/Se21452a335b64a5c8d104845158ebd75P.png?w=1200&#038;ssl=1\"><span style=\"font-size:22px;, sans-serif\"><strong><\/strong><\/span><img data-recalc-dims=\"1\" decoding=\"async\" src=\"https:\/\/i0.wp.com\/ae01.alicdn.com\/kf\/S3ad25b4c0e7f41dbbcdac442fa4d8471f.png?w=1200&#038;ssl=1\"><span style=\"font-size:22px;, sans-serif\"><strong><\/strong><\/span><img data-recalc-dims=\"1\" decoding=\"async\" src=\"https:\/\/i0.wp.com\/ae01.alicdn.com\/kf\/S18964d04ba0d4c529353bd4ca3586f16L.png?w=1200&#038;ssl=1\"><span style=\"font-size:22px;, sans-serif\"><strong><\/strong><\/span><img data-recalc-dims=\"1\" decoding=\"async\" src=\"https:\/\/i0.wp.com\/ae01.alicdn.com\/kf\/S7de625aea13a42c5b7419e053e4198f1A.png?w=1200&#038;ssl=1\"><span style=\"font-size:22px;, sans-serif\"><strong><\/strong><\/span><img data-recalc-dims=\"1\" decoding=\"async\" src=\"https:\/\/i0.wp.com\/ae01.alicdn.com\/kf\/S7969c31122ea4ce79b62536a86ccbe1fx.png?w=1200&#038;ssl=1\"><span style=\"font-size:22px;, sans-serif\"><strong><\/strong><\/span><img data-recalc-dims=\"1\" decoding=\"async\" src=\"https:\/\/i0.wp.com\/ae01.alicdn.com\/kf\/Scb6dbc26d32447b997c6ae221a28a0bfK.png?w=1200&#038;ssl=1\"><span style=\"font-size:22px;, sans-serif\"><strong><\/strong><\/span><\/p>\n<p style=\"text-align:center\" align=\"center\">\n<p><\/div>\n<\/div>\n","protected":false},"excerpt":{"rendered":"<p>Anime meu her\u00f3i academia boku no midoriya izuku bakugou Katsuki todoroki shoto cosplay meias academia acess\u00f3rios prop Tamanho: cerca de 38cm de comprimento Pacote: 1 * par Material: algod\u00e3o, poli\u00e9ster<\/p>\n","protected":false},"featured_media":29744,"template":"","meta":{"neve_meta_sidebar":"","neve_meta_container":"","neve_meta_enable_content_width":"","neve_meta_content_width":0,"neve_meta_title_alignment":"","neve_meta_author_avatar":"","neve_post_elements_order":"","neve_meta_disable_header":"","neve_meta_disable_footer":"","neve_meta_disable_title":""},"product_brand":[],"product_cat":[30,28,16],"product_tag":[],"class_list":{"0":"post-29750","1":"product","2":"type-product","3":"status-publish","4":"has-post-thumbnail","6":"product_cat-acessorios-acessorios-para-cosplay","7":"product_cat-acessorios-para-cosplay","8":"product_cat-novidades-e-uso-especial","10":"first","11":"instock","12":"shipping-taxable","13":"purchasable","14":"product-type-variable","15":"has-default-attributes"},"jetpack_sharing_enabled":true,"_links":{"self":[{"href":"https:\/\/listman.shop\/costume-br\/wp-json\/wp\/v2\/product\/29750","targetHints":{"allow":["GET"]}}],"collection":[{"href":"https:\/\/listman.shop\/costume-br\/wp-json\/wp\/v2\/product"}],"about":[{"href":"https:\/\/listman.shop\/costume-br\/wp-json\/wp\/v2\/types\/product"}],"wp:featuredmedia":[{"embeddable":true,"href":"https:\/\/listman.shop\/costume-br\/wp-json\/wp\/v2\/media\/29744"}],"wp:attachment":[{"href":"https:\/\/listman.shop\/costume-br\/wp-json\/wp\/v2\/media?parent=29750"}],"wp:term":[{"taxonomy":"product_brand","embeddable":true,"href":"https:\/\/listman.shop\/costume-br\/wp-json\/wp\/v2\/product_brand?post=29750"},{"taxonomy":"product_cat","embeddable":true,"href":"https:\/\/listman.shop\/costume-br\/wp-json\/wp\/v2\/product_cat?post=29750"},{"taxonomy":"product_tag","embeddable":true,"href":"https:\/\/listman.shop\/costume-br\/wp-json\/wp\/v2\/product_tag?post=29750"}],"curies":[{"name":"wp","href":"https:\/\/api.w.org\/{rel}","templated":true}]}}