{"id":31188,"date":"2024-12-12T00:02:46","date_gmt":"2024-12-11T15:02:46","guid":{"rendered":"https:\/\/listman.shop\/costume-br\/product\/1005001287336547\/"},"modified":"2026-04-05T06:06:19","modified_gmt":"2026-04-04T21:06:19","slug":"1005001287336547","status":"publish","type":"product","link":"https:\/\/listman.shop\/costume-br\/product\/1005001287336547\/","title":{"rendered":"Serafim do fim owari no seraph krul tepes cosplay traje uniforme peruca cosplay anime bruxa vampiro traje de halloween para mulher"},"content":{"rendered":"<div class=\"detailmodule_html\">\n<div class=\"detail-desc-decorate-richtext\">\n<div class=\"detailmodule_html\">\n<div class=\"detail-desc-decorate-richtext\">\n<p><span style=\"font-size:20px\"><strong>Seraph Of The End Owari no Seraph Krul Tepes Cosplay Peruca Uniforme Cosplay Anime Bruxa Vampiro Traje de Halloween Para Mulheres<\/strong><\/span><\/p>\n<p><span style=\"font-size:22px\">Material:Poli\u00e9ster.<\/span><\/p>\n<div><span style=\"font-size:22px\">O pacote inclui: Vestido + Duas mangas + Polsos + Shorts de seguran\u00e7a de ab\u00f3bora + Acess\u00f3rios para pesco\u00e7o + Acess\u00f3rios para cabelo + Capas para pernas<\/span><\/div>\n<div><span style=\"font-size:22px\">Orelhas, cabelo da peruca precisam ser encomendados separadamente<\/span><\/div>\n<div><img data-recalc-dims=\"1\" decoding=\"async\" src=\"https:\/\/i0.wp.com\/ae01.alicdn.com\/kf\/Hdb1307a61aae497aaa74ab0e7b1be76a1.jpg?w=1200&#038;ssl=1\"><img data-recalc-dims=\"1\" decoding=\"async\" src=\"https:\/\/i0.wp.com\/ae01.alicdn.com\/kf\/H8f52427e6f6743c7b92ab632ca536892F.jpg?w=1200&#038;ssl=1\"><\/div>\n<div><img data-recalc-dims=\"1\" decoding=\"async\" src=\"https:\/\/i0.wp.com\/ae01.alicdn.com\/kf\/Hc1a48e5825a241daba966ec2b67efb6bv.jpg?w=1200&#038;ssl=1\"><\/div>\n<div><img data-recalc-dims=\"1\" decoding=\"async\" src=\"https:\/\/i0.wp.com\/ae01.alicdn.com\/kf\/H3234b2c744a84cad81e2eef45d070d70T.jpg?w=1200&#038;ssl=1\"><img data-recalc-dims=\"1\" decoding=\"async\" src=\"https:\/\/i0.wp.com\/ae01.alicdn.com\/kf\/H50b034d4757e4aa3b78a6e299dc40d41c.jpg?w=1200&#038;ssl=1\"><img data-recalc-dims=\"1\" decoding=\"async\" src=\"https:\/\/i0.wp.com\/ae01.alicdn.com\/kf\/H08e781d6a20940cb97631ac01fc66d80m.jpg?w=1200&#038;ssl=1\"><img data-recalc-dims=\"1\" decoding=\"async\" src=\"https:\/\/i0.wp.com\/ae01.alicdn.com\/kf\/Hcc0557c34b1d413f9d5b5803e74d79afk.jpg?w=1200&#038;ssl=1\"><img data-recalc-dims=\"1\" decoding=\"async\" src=\"https:\/\/i0.wp.com\/ae01.alicdn.com\/kf\/H6ed7981dc7b04862ad8265fd271cde75w.jpg?w=1200&#038;ssl=1\"><\/div>\n<div><img data-recalc-dims=\"1\" decoding=\"async\" src=\"https:\/\/i0.wp.com\/ae01.alicdn.com\/kf\/Hd2f7de90beea452498e7975d6ef3e231J.jpg?w=1200&#038;ssl=1\"><\/p>\n<p><img data-recalc-dims=\"1\" decoding=\"async\" src=\"https:\/\/i0.wp.com\/ae01.alicdn.com\/kf\/Hd3eacf0bf63e4842a4945b731ce2868bT.jpg?w=1200&#038;ssl=1\"><\/div>\n<div>&nbsp;<\/div>\n<p><\/p>\n<\/div>\n<\/div>\n<\/div>\n<\/div>\n","protected":false},"excerpt":{"rendered":"<p>Seraph Of The End Owari no Seraph Krul Tepes Cosplay Peruca Uniforme Cosplay Anime Bruxa Vampiro Traje de Halloween Para Mulheres Material:Poli\u00e9ster. O pacote inclui: Vestido + Duas mangas + Polsos + Shorts de seguran\u00e7a de ab\u00f3bora + Acess\u00f3rios para pesco\u00e7o + Acess\u00f3rios para cabelo + Capas para pernas Orelhas, cabelo da peruca precisam ser&hellip;&nbsp;<\/p>\n","protected":false},"featured_media":31182,"template":"","meta":{"neve_meta_sidebar":"","neve_meta_container":"","neve_meta_enable_content_width":"","neve_meta_content_width":0,"neve_meta_title_alignment":"","neve_meta_author_avatar":"","neve_post_elements_order":"","neve_meta_disable_header":"","neve_meta_disable_footer":"","neve_meta_disable_title":""},"product_brand":[],"product_cat":[38,16,39],"product_tag":[],"class_list":{"0":"post-31188","1":"product","2":"type-product","3":"status-publish","4":"has-post-thumbnail","6":"product_cat-fantasias-de-cosplay","7":"product_cat-novidades-e-uso-especial","8":"product_cat-trajes-de-cosplay-desativar-fantasias-de-cosplay","10":"first","11":"instock","12":"shipping-taxable","13":"purchasable","14":"product-type-variable","15":"has-default-attributes"},"jetpack_sharing_enabled":true,"_links":{"self":[{"href":"https:\/\/listman.shop\/costume-br\/wp-json\/wp\/v2\/product\/31188","targetHints":{"allow":["GET"]}}],"collection":[{"href":"https:\/\/listman.shop\/costume-br\/wp-json\/wp\/v2\/product"}],"about":[{"href":"https:\/\/listman.shop\/costume-br\/wp-json\/wp\/v2\/types\/product"}],"wp:featuredmedia":[{"embeddable":true,"href":"https:\/\/listman.shop\/costume-br\/wp-json\/wp\/v2\/media\/31182"}],"wp:attachment":[{"href":"https:\/\/listman.shop\/costume-br\/wp-json\/wp\/v2\/media?parent=31188"}],"wp:term":[{"taxonomy":"product_brand","embeddable":true,"href":"https:\/\/listman.shop\/costume-br\/wp-json\/wp\/v2\/product_brand?post=31188"},{"taxonomy":"product_cat","embeddable":true,"href":"https:\/\/listman.shop\/costume-br\/wp-json\/wp\/v2\/product_cat?post=31188"},{"taxonomy":"product_tag","embeddable":true,"href":"https:\/\/listman.shop\/costume-br\/wp-json\/wp\/v2\/product_tag?post=31188"}],"curies":[{"name":"wp","href":"https:\/\/api.w.org\/{rel}","templated":true}]}}