{"id":3200,"date":"2024-12-09T22:30:16","date_gmt":"2024-12-09T13:30:16","guid":{"rendered":"https:\/\/listman.shop\/costume-br\/product\/1005004024657345\/"},"modified":"2026-04-05T04:14:00","modified_gmt":"2026-04-04T19:14:00","slug":"1005004024657345","status":"publish","type":"product","link":"https:\/\/listman.shop\/costume-br\/product\/1005004024657345\/","title":{"rendered":"Lolita g\u00f3tico meninas oco para fora meias arrast\u00e3o moda feminina halloween preto collants liga sobre o joelho meias pura meia-cal\u00e7a"},"content":{"rendered":"<div class=\"detailmodule_html\">\n<div class=\"detail-desc-decorate-richtext\">\n<p class=\"detail-desc-decorate-content\" style=\"font-family:OpenSans;font-size:14px;font-weight:300;line-height:20px;white-space:pre-wrap;margin-bottom:12px\" id=\"tl_1\">Tamanho: tamanho &uacute;nico <br \/>Adequado para altura: 150-175 cm <br \/>Adequado para peso: 40KG-70KG <br \/>Inclu&iacute;do no Pacote: 1 pe&ccedil;a x meia-cal&ccedil;a feminina <\/p>\n<p>Nota: <br \/>1. A cor real do item pode ser ligeiramente diferente das imagens mostradas em <br \/>site causado por muitos fatores, como o brilho do monitor e o brilho da luz. <br \/>2. Por favor, permita um desvio de medi&ccedil;&atilde;o de 1-3cm devido &agrave; medi&ccedil;&atilde;o manual. <\/p>\n<p> <img data-recalc-dims=\"1\" decoding=\"async\" data-id=\"ckeditor_img27\" src=\"https:\/\/i0.wp.com\/ae03.alicdn.com\/kf\/S37f5913b737b4297999b12fb2340a930s.jpg?w=1200&#038;ssl=1\" \/> <img data-recalc-dims=\"1\" decoding=\"async\" data-id=\"ckeditor_img28\" src=\"https:\/\/i0.wp.com\/ae01.alicdn.com\/kf\/Sbc42517b0e704ba497ec1899de1856874.jpg?w=1200&#038;ssl=1\" \/> <img data-recalc-dims=\"1\" decoding=\"async\" data-id=\"ckeditor_img29\" src=\"https:\/\/i0.wp.com\/ae01.alicdn.com\/kf\/S27adaf7c829c4a7ab446beee3de32dd3h.jpg?w=1200&#038;ssl=1\" \/> <img data-recalc-dims=\"1\" decoding=\"async\" data-id=\"ckeditor_img30\" src=\"https:\/\/i0.wp.com\/ae01.alicdn.com\/kf\/Sa9b1580563fe4092ae3c8f262adefd34G.jpg?w=1200&#038;ssl=1\" \/> <img data-recalc-dims=\"1\" decoding=\"async\" data-id=\"ckeditor_img31\" src=\"https:\/\/i0.wp.com\/ae01.alicdn.com\/kf\/S6b768461725f48c49da1e0e037c544aeO.jpg?w=1200&#038;ssl=1\" \/> <img data-recalc-dims=\"1\" decoding=\"async\" data-id=\"ckeditor_img32\" src=\"https:\/\/i0.wp.com\/ae01.alicdn.com\/kf\/S3efc3fe4387d44b18516fc9a7dce2af5Z.jpg?w=1200&#038;ssl=1\" \/><\/p>\n<\/div>\n<\/div>\n","protected":false},"excerpt":{"rendered":"<p>Tamanho: tamanho &uacute;nico Adequado para altura: 150-175 cm Adequado para peso: 40KG-70KG Inclu&iacute;do no Pacote: 1 pe&ccedil;a x meia-cal&ccedil;a feminina Nota: 1. A cor real do item pode ser ligeiramente diferente das imagens mostradas em site causado por muitos fatores, como o brilho do monitor e o brilho da luz. 2. Por favor, permita um&hellip;&nbsp;<\/p>\n","protected":false},"featured_media":3194,"template":"","meta":{"neve_meta_sidebar":"","neve_meta_container":"","neve_meta_enable_content_width":"","neve_meta_content_width":0,"neve_meta_title_alignment":"","neve_meta_author_avatar":"","neve_post_elements_order":"","neve_meta_disable_header":"","neve_meta_disable_footer":"","neve_meta_disable_title":""},"product_brand":[],"product_cat":[30,28,16],"product_tag":[],"class_list":{"0":"post-3200","1":"product","2":"type-product","3":"status-publish","4":"has-post-thumbnail","6":"product_cat-acessorios-acessorios-para-cosplay","7":"product_cat-acessorios-para-cosplay","8":"product_cat-novidades-e-uso-especial","10":"first","11":"instock","12":"shipping-taxable","13":"purchasable","14":"product-type-variable","15":"has-default-attributes"},"jetpack_sharing_enabled":true,"_links":{"self":[{"href":"https:\/\/listman.shop\/costume-br\/wp-json\/wp\/v2\/product\/3200","targetHints":{"allow":["GET"]}}],"collection":[{"href":"https:\/\/listman.shop\/costume-br\/wp-json\/wp\/v2\/product"}],"about":[{"href":"https:\/\/listman.shop\/costume-br\/wp-json\/wp\/v2\/types\/product"}],"wp:featuredmedia":[{"embeddable":true,"href":"https:\/\/listman.shop\/costume-br\/wp-json\/wp\/v2\/media\/3194"}],"wp:attachment":[{"href":"https:\/\/listman.shop\/costume-br\/wp-json\/wp\/v2\/media?parent=3200"}],"wp:term":[{"taxonomy":"product_brand","embeddable":true,"href":"https:\/\/listman.shop\/costume-br\/wp-json\/wp\/v2\/product_brand?post=3200"},{"taxonomy":"product_cat","embeddable":true,"href":"https:\/\/listman.shop\/costume-br\/wp-json\/wp\/v2\/product_cat?post=3200"},{"taxonomy":"product_tag","embeddable":true,"href":"https:\/\/listman.shop\/costume-br\/wp-json\/wp\/v2\/product_tag?post=3200"}],"curies":[{"name":"wp","href":"https:\/\/api.w.org\/{rel}","templated":true}]}}