{"id":35190,"date":"2024-12-12T08:15:35","date_gmt":"2024-12-11T23:15:35","guid":{"rendered":"https:\/\/listman.shop\/costume-br\/product\/1005001341761012\/"},"modified":"2026-04-05T06:05:41","modified_gmt":"2026-04-04T21:05:41","slug":"1005001341761012","status":"publish","type":"product","link":"https:\/\/listman.shop\/costume-br\/product\/1005001341761012\/","title":{"rendered":"Princesa moana cosplay traje para crian\u00e7as vaiana vestido de anivers\u00e1rio infantil sem costas moana vestido 1-5 anos crian\u00e7as fantasia fada beachwear"},"content":{"rendered":"<div class=\"detailmodule_html\">\n<div class=\"detail-desc-decorate-richtext\">\n<div id=\"offer-template-0\">\n<p style=\"font-family:arial, helvetica, sans-serif;font-size:13px;font-weight:normal;letter-spacing:normal;line-height:inherit;text-align:start;white-space:normal;border:0px;margin:0px;margin-bottom:0px;margin-top:0px;margin-left:0px;margin-right:0px;padding:0px;padding-bottom:0px;padding-top:0px;padding-left:0px;padding-right:0px\" align=\"start\"><img data-recalc-dims=\"1\" decoding=\"async\" style=\", Arial, Helvetica, sans-serif, Heiti;font-size:14px;font-weight:400;letter-spacing:normal;text-align:start;white-space:normal;max-width:100%\" src=\"https:\/\/i0.wp.com\/ae01.alicdn.com\/kf\/Hd82c0837aeb5466d84d982edeb94efa65.jpg?w=1200\"><\/p>\n<table style=\"border-collapse:collapse;, Arial, Helvetica, sans-serif, Heiti;font-size:14px;text-align:center;width:800px\" border=\"1\" cellpadding=\"1\" cellspacing=\"1\" align=\"center\">\n<tbody>\n<tr>\n<td>\n<p><strong><span>Unidade: cm<\/span><\/strong><\/p>\n<\/td>\n<td>\n<p><strong>Tamanho<\/strong><\/p>\n<\/td>\n<td>\n<p><strong><span class=\"tlid-translation translation\"><span>Peito (cm)<\/span><\/span><\/strong><\/p>\n<\/td>\n<td>\n<p><span class=\"tlid-translation translation\"><span style=\"font-size:14px;font-family:tahoma, arial, sans-serif\"><strong><span>Comprimento superior (cm)<\/span><\/strong><\/span><\/span><\/p>\n<\/td>\n<td>\n<p> <span style=\"font-size:14px;font-family:tahoma, arial, sans-serif\"><strong>Calcinha<\/strong><\/span><span style=\"font-size:14px;font-family:tahoma, arial, sans-serif\"><strong><span style=\"font-size:14px\">Comprimento (cm)<\/span><\/strong><\/span><\/p>\n<\/td>\n<\/tr>\n<tr>\n<td rowspan=\"5\" colspan=\"1\">\n<p style=\"font-size:14px;font-weight:400;line-height:inherit;text-align:left;margin:0px;margin-bottom:0px;margin-top:0px;margin-left:0px;margin-right:0px\" align=\"left\"><img data-recalc-dims=\"1\" decoding=\"async\" src=\"https:\/\/i0.wp.com\/ae01.alicdn.com\/kf\/He0878c206d3344c0bf3655cda1efcc0ay.jpg?w=1200\"><\/p>\n<\/td>\n<td>\n<p><strong>12 milh\u00f5es \/ 80<\/strong><\/p>\n<\/td>\n<td>\n<p>48<\/p>\n<\/td>\n<td>\n<p><span style=\"font-size:14px;font-family:tahoma, arial, sans-serif\"><strong><span>15.5<\/span><\/strong><\/span><\/p>\n<\/td>\n<td>\n<p>20<\/p>\n<\/td>\n<\/tr>\n<tr>\n<td>\n<p><strong>18 milh\u00f5es \/ 90<\/strong><\/p>\n<\/td>\n<td>\n<p>51<\/p>\n<\/td>\n<td>\n<p>16.5<\/p>\n<\/td>\n<td>\n<p>21<\/p>\n<\/td>\n<\/tr>\n<tr>\n<td>\n<p><strong>2T \/ 100<\/strong><\/p>\n<\/td>\n<td>\n<p>54<\/p>\n<\/td>\n<td>\n<p>17.5<\/p>\n<\/td>\n<td>\n<p>22<\/p>\n<\/td>\n<\/tr>\n<tr>\n<td>\n<p><strong>3T-4T \/ 110<\/strong><\/p>\n<\/td>\n<td>\n<p>57<\/p>\n<\/td>\n<td>\n<p>18.5<\/p>\n<\/td>\n<td>\n<p>23<\/p>\n<\/td>\n<\/tr>\n<tr>\n<td>\n<p><strong>5T \/ 120<\/strong><\/p>\n<\/td>\n<td>\n<p>60<\/p>\n<\/td>\n<td>\n<p>19<\/p>\n<\/td>\n<td>\n<p>24<\/p>\n<\/td>\n<\/tr>\n<\/tbody>\n<\/table>\n<table style=\"border-collapse:collapse;, Arial, Helvetica, sans-serif, Heiti;font-size:14px;text-align:center;width:800px\" border=\"1\" cellpadding=\"1\" cellspacing=\"1\" align=\"center\">\n<tbody>\n<tr>\n<td>\n<p><strong><span>Unidade: cm<\/span><\/strong><\/p>\n<\/td>\n<td>\n<p><strong>Tamanho<\/strong><\/p>\n<\/td>\n<td>\n<p><strong><span class=\"tlid-translation translation\"><span>Peito (cm)<\/span><\/span><\/strong><\/p>\n<\/td>\n<td>\n<p><span class=\"tlid-translation translation\"><span style=\"font-size:14px;font-family:tahoma, arial, sans-serif\"><strong><span>Comprimento (cm)<\/span><\/strong><\/span><\/span><\/p>\n<\/td>\n<td>\n<p> <span style=\"font-size:14px;font-family:tahoma, arial, sans-serif\"><strong>para a idade<\/strong><\/span><span style=\"font-size:14px;font-family:tahoma, arial, sans-serif\"><strong><span style=\"font-size:14px\"><span>&nbsp;<\/span><\/span><\/strong><\/span><\/p>\n<\/td>\n<\/tr>\n<tr>\n<td rowspan=\"5\" colspan=\"1\">\n<p style=\"font-size:14px;font-weight:400;line-height:inherit;text-align:left;margin:0px;margin-bottom:0px;margin-top:0px;margin-left:0px;margin-right:0px\" align=\"left\"><img data-recalc-dims=\"1\" decoding=\"async\" src=\"https:\/\/i0.wp.com\/ae01.alicdn.com\/kf\/H6915f6a84a8e48d5ba12fed372ee4c77i.jpg?w=1200\"><\/p>\n<\/td>\n<td>\n<p><strong>12 milh\u00f5es \/ 80<\/strong><\/p>\n<\/td>\n<td>\n<p>56<\/p>\n<\/td>\n<td>\n<p><strong><span><span style=\"font-size:14px;font-family:tahoma, arial, sans-serif\">33.5<\/span><\/span><\/strong><\/p>\n<\/td>\n<td>\n<p>12 milh\u00f5es<\/p>\n<\/td>\n<\/tr>\n<tr>\n<td>\n<p><strong>18 milh\u00f5es \/ 90<\/strong><\/p>\n<\/td>\n<td>\n<p>58<\/p>\n<\/td>\n<td>\n<p>36.5<\/p>\n<\/td>\n<td>\n<p>18 milh\u00f5es<\/p>\n<\/td>\n<\/tr>\n<tr>\n<td>\n<p><strong>2T \/ 100<\/strong><\/p>\n<\/td>\n<td>\n<p>60<\/p>\n<\/td>\n<td>\n<p>40<\/p>\n<\/td>\n<td>\n<p>2T<\/p>\n<\/td>\n<\/tr>\n<tr>\n<td>\n<p><strong>3T-4T \/ 110<\/strong><\/p>\n<\/td>\n<td>\n<p>62<\/p>\n<\/td>\n<td>\n<p>43.5<\/p>\n<\/td>\n<td>\n<p>3-4T<\/p>\n<\/td>\n<\/tr>\n<tr>\n<td>\n<p><strong>5T \/ 120<\/strong><\/p>\n<\/td>\n<td>\n<p>64<\/p>\n<\/td>\n<td>\n<p>46.9<\/p>\n<\/td>\n<td>\n<p>5T<\/p>\n<\/td>\n<\/tr>\n<\/tbody>\n<\/table>\n<p><\/p>\n<div><img data-recalc-dims=\"1\" decoding=\"async\"   src=\"https:\/\/i0.wp.com\/ae01.alicdn.com\/kf\/H52b28813954242dd82438cc5b8e05c33E.jpg?w=790\"><\/p>\n<p><img data-recalc-dims=\"1\" decoding=\"async\"   src=\"https:\/\/i0.wp.com\/ae01.alicdn.com\/kf\/H9b8f14f96c9941f58752b5bad5a1ecceU.jpg?w=790\"><\/p>\n<p><img data-recalc-dims=\"1\" decoding=\"async\"   src=\"https:\/\/i0.wp.com\/ae01.alicdn.com\/kf\/H2f447eb115ae4dd3b83ea4601c868747v.jpg?w=790\"><\/p>\n<p><img data-recalc-dims=\"1\" decoding=\"async\"   src=\"https:\/\/i0.wp.com\/ae01.alicdn.com\/kf\/H3412327f25ef41f3bb64321dd53a4323X.jpg?w=790\"><\/p>\n<p><img data-recalc-dims=\"1\" decoding=\"async\"   src=\"https:\/\/i0.wp.com\/ae01.alicdn.com\/kf\/H20ce008ad62847da997e84a570c61e41s.jpg?w=790\"><\/p>\n<p><img data-recalc-dims=\"1\" decoding=\"async\"   src=\"https:\/\/i0.wp.com\/ae01.alicdn.com\/kf\/H205d2c3154e749cd99589368d3c20546n.jpg?w=790\"><\/p>\n<p><img data-recalc-dims=\"1\" decoding=\"async\"   src=\"https:\/\/i0.wp.com\/ae01.alicdn.com\/kf\/Hfe7dcb31586b49a38e7c96ba4b1dbdedf.jpg?w=790\"><\/p>\n<p><img data-recalc-dims=\"1\" decoding=\"async\"   src=\"https:\/\/i0.wp.com\/ae01.alicdn.com\/kf\/H4c9fdfefc6e24717a153594b777117442.jpg?w=790\"><\/div>\n<\/div>\n<div id=\"offer-template-1\"><\/div>\n<p><img data-recalc-dims=\"1\" decoding=\"async\"   src=\"https:\/\/i0.wp.com\/ae01.alicdn.com\/kf\/H9b8f14f96c9941f58752b5bad5a1ecceU.jpg?w=790\"><\/p>\n<div id=\"offer-template-0\"><img data-recalc-dims=\"1\" loading=\"lazy\" decoding=\"async\" width=\"790\" height=\"790\" src=\"https:\/\/i0.wp.com\/ae01.alicdn.com\/kf\/H3d09fab66b824e8fa4306f6253031548Z.jpg?resize=790%2C790\"><\/div>\n<p><\/p>\n<p style=\"text-align:center\" align=\"center\"><img data-recalc-dims=\"1\" decoding=\"async\"   src=\"https:\/\/i0.wp.com\/ae01.alicdn.com\/kf\/Hc87cb35aee274fb283fc456cb5e02b19t.jpg?w=790\"><\/p>\n<p><img data-recalc-dims=\"1\" decoding=\"async\"   src=\"https:\/\/i0.wp.com\/ae01.alicdn.com\/kf\/Hebe13b101504494aba092749d56b89fdd.jpg?w=790\"><\/p>\n<p><img data-recalc-dims=\"1\" decoding=\"async\"   src=\"https:\/\/i0.wp.com\/ae01.alicdn.com\/kf\/H5691a0d1763d47d59ec461ebc5c3d81fI.jpg?w=790\"><\/p>\n<p><img data-recalc-dims=\"1\" decoding=\"async\"   src=\"https:\/\/i0.wp.com\/ae01.alicdn.com\/kf\/H268a278ef9044fd6be2ef7e2d821f3b2G.jpg?w=790\"><\/p>\n<p><img data-recalc-dims=\"1\" decoding=\"async\"   src=\"https:\/\/i0.wp.com\/ae01.alicdn.com\/kf\/H23a2bfbcf3af4076b4cea99b2d02a0e10.jpg?w=790\"><\/p>\n<p><img data-recalc-dims=\"1\" decoding=\"async\"   src=\"https:\/\/i0.wp.com\/ae01.alicdn.com\/kf\/H9a758369ca6c4ffd934be0b350ffffd1t.jpg?w=790\"><\/p>\n<p><img data-recalc-dims=\"1\" decoding=\"async\"   src=\"https:\/\/i0.wp.com\/ae01.alicdn.com\/kf\/Hc779b72f2c57499bb05396b2a1d8a221V.jpg?w=790\"><\/p>\n<p><img data-recalc-dims=\"1\" decoding=\"async\"   src=\"https:\/\/i0.wp.com\/ae01.alicdn.com\/kf\/H6bc5eb6e87e44ff89511886bbbb1e3a5Q.jpg?w=790\"><\/p>\n<p><img data-recalc-dims=\"1\" decoding=\"async\"   src=\"https:\/\/i0.wp.com\/ae01.alicdn.com\/kf\/H0fadddbcb4774ba285f97222b55a9285S.jpg?w=790\"><\/p>\n<p><img data-recalc-dims=\"1\" decoding=\"async\"   src=\"https:\/\/i0.wp.com\/ae01.alicdn.com\/kf\/Heb2617d805d047ba85ff226de586e1aeU.jpg?w=790\"><\/p>\n<p><img data-recalc-dims=\"1\" decoding=\"async\"   src=\"https:\/\/i0.wp.com\/ae01.alicdn.com\/kf\/H9b5f9bc8d4b845bf8e7e0a6c9399187by.jpg?w=790\"><\/p>\n<div id=\"offer-template-1\"><\/div>\n<p><img data-recalc-dims=\"1\" decoding=\"async\"   src=\"https:\/\/i0.wp.com\/ae01.alicdn.com\/kf\/H268a278ef9044fd6be2ef7e2d821f3b2G.jpg?w=790\"><img data-recalc-dims=\"1\" decoding=\"async\" src=\"https:\/\/i0.wp.com\/ae01.alicdn.com\/kf\/Hdfa8b83c83174b6c80ea0e504cb6b85eW.jpg?w=1200\"><img data-recalc-dims=\"1\" decoding=\"async\" src=\"https:\/\/i0.wp.com\/ae01.alicdn.com\/kf\/H62ae0fb536a741e68909e256903de399G.jpg?w=1200\"><\/p>\n<\/div>\n<\/div>\n","protected":false},"excerpt":{"rendered":"<p>Unidade: cm Tamanho Peito (cm) Comprimento superior (cm) CalcinhaComprimento (cm) 12 milh\u00f5es \/ 80 48 15.5 20 18 milh\u00f5es \/ 90 51 16.5 21 2T \/ 100 54 17.5 22 3T-4T \/ 110 57 18.5 23 5T \/ 120 60 19 24 Unidade: cm Tamanho Peito (cm) Comprimento (cm) para a idade&nbsp; 12 milh\u00f5es \/&hellip;&nbsp;<\/p>\n","protected":false},"featured_media":35184,"template":"","meta":{"neve_meta_sidebar":"","neve_meta_container":"","neve_meta_enable_content_width":"","neve_meta_content_width":0,"neve_meta_title_alignment":"","neve_meta_author_avatar":"","neve_post_elements_order":"","neve_meta_disable_header":"","neve_meta_disable_footer":"","neve_meta_disable_title":""},"product_brand":[],"product_cat":[38,16,39],"product_tag":[],"class_list":{"0":"post-35190","1":"product","2":"type-product","3":"status-publish","4":"has-post-thumbnail","6":"product_cat-fantasias-de-cosplay","7":"product_cat-novidades-e-uso-especial","8":"product_cat-trajes-de-cosplay-desativar-fantasias-de-cosplay","10":"first","11":"instock","12":"shipping-taxable","13":"purchasable","14":"product-type-variable","15":"has-default-attributes"},"jetpack_sharing_enabled":true,"_links":{"self":[{"href":"https:\/\/listman.shop\/costume-br\/wp-json\/wp\/v2\/product\/35190","targetHints":{"allow":["GET"]}}],"collection":[{"href":"https:\/\/listman.shop\/costume-br\/wp-json\/wp\/v2\/product"}],"about":[{"href":"https:\/\/listman.shop\/costume-br\/wp-json\/wp\/v2\/types\/product"}],"wp:featuredmedia":[{"embeddable":true,"href":"https:\/\/listman.shop\/costume-br\/wp-json\/wp\/v2\/media\/35184"}],"wp:attachment":[{"href":"https:\/\/listman.shop\/costume-br\/wp-json\/wp\/v2\/media?parent=35190"}],"wp:term":[{"taxonomy":"product_brand","embeddable":true,"href":"https:\/\/listman.shop\/costume-br\/wp-json\/wp\/v2\/product_brand?post=35190"},{"taxonomy":"product_cat","embeddable":true,"href":"https:\/\/listman.shop\/costume-br\/wp-json\/wp\/v2\/product_cat?post=35190"},{"taxonomy":"product_tag","embeddable":true,"href":"https:\/\/listman.shop\/costume-br\/wp-json\/wp\/v2\/product_tag?post=35190"}],"curies":[{"name":"wp","href":"https:\/\/api.w.org\/{rel}","templated":true}]}}