{"id":37615,"date":"2024-12-12T09:41:29","date_gmt":"2024-12-12T00:41:29","guid":{"rendered":"https:\/\/listman.shop\/costume-br\/product\/1005007911742710\/"},"modified":"2026-04-08T13:59:38","modified_gmt":"2026-04-08T04:59:38","slug":"1005007911742710","status":"publish","type":"product","link":"https:\/\/listman.shop\/costume-br\/product\/1005007911742710\/","title":{"rendered":"Natal veado bandana kawaii animal cosplay cocar trajes de festa de halloween adere\u00e7os natal fantasia headwear vestido"},"content":{"rendered":"<div class=\"detailmodule_html\">\n<div class=\"detail-desc-decorate-richtext\">\n<p><span style=\"font-size:18px\"><strong>Tiara de cosplay de cervo de Natal<br \/><\/strong><\/span><span style=\"font-size:16px\">Material: poli\u00e9ster de algod\u00e3o<\/span><br \/><span style=\"font-size:16px\">Tamanho: como mostrado<\/span><br \/><span style=\"font-size:16px\">O pacote inclui: 1 unidade<\/span><br \/><span style=\"font-size:16px\">Nota:<\/span><br \/><span style=\"font-size:16px\">1.Por favor, entenda que pode haver diferen\u00e7as de cor devido a telefones celulares e monitores.<\/span><br \/><span style=\"font-size:16px\">2. para voc\u00ea poder rastrear o pacote completamente, escolha o envio econ\u00f4mico aliexpress e o envio padr\u00e3o aliexpress.<\/span><br \/><span style=\"font-size:16px\">3. convidamos voc\u00ea a fazer atacado ou dropshipping conosco.<\/span><br \/><span style=\"font-size:16px\">4. depois de fazer um pedido, certifique-se de que tudo o que voc\u00ea fornece est\u00e1 correto.<\/span><\/p>\n<p><img data-recalc-dims=\"1\" decoding=\"async\" src=\"https:\/\/i0.wp.com\/ae01.alicdn.com\/kf\/Sc21e5340662b4aed884ea4d3f4d4bad5L.jpg?w=1200&#038;ssl=1\"><img data-recalc-dims=\"1\" decoding=\"async\" src=\"https:\/\/i0.wp.com\/ae01.alicdn.com\/kf\/S23f1cd88e08f4802a233327911a028e7f.jpg?w=1200&#038;ssl=1\"><img data-recalc-dims=\"1\" decoding=\"async\" src=\"https:\/\/i0.wp.com\/ae01.alicdn.com\/kf\/S97aeb2e14db546a498f9604ffcacd9024.jpg?w=1200&#038;ssl=1\"><img data-recalc-dims=\"1\" decoding=\"async\" src=\"https:\/\/i0.wp.com\/ae01.alicdn.com\/kf\/S5ffe3c22d13641eba7bdfc41f05451f3V.jpg?w=1200&#038;ssl=1\"><img data-recalc-dims=\"1\" decoding=\"async\" src=\"https:\/\/i0.wp.com\/ae01.alicdn.com\/kf\/Sd97a86c95c81458ca6d3c0f4f021e2fck.jpg?w=1200&#038;ssl=1\"><img data-recalc-dims=\"1\" decoding=\"async\" src=\"https:\/\/i0.wp.com\/ae01.alicdn.com\/kf\/Sde3404289b6744eb93725de65d0aedd4y.jpg?w=1200&#038;ssl=1\"><img data-recalc-dims=\"1\" decoding=\"async\" src=\"https:\/\/i0.wp.com\/ae01.alicdn.com\/kf\/S174217860df24333b97b491551b12fabF.jpg?w=1200&#038;ssl=1\"><img data-recalc-dims=\"1\" decoding=\"async\" src=\"https:\/\/i0.wp.com\/ae01.alicdn.com\/kf\/Sc9960ea5a66b4b4f962294c75b05dc81K.jpg?w=1200&#038;ssl=1\"><\/p>\n<\/div>\n<\/div>\n","protected":false},"excerpt":{"rendered":"<p>Tiara de cosplay de cervo de NatalMaterial: poli\u00e9ster de algod\u00e3oTamanho: como mostradoO pacote inclui: 1 unidadeNota:1.Por favor, entenda que pode haver diferen\u00e7as de cor devido a telefones celulares e monitores.2. para voc\u00ea poder rastrear o pacote completamente, escolha o envio econ\u00f4mico aliexpress e o envio padr\u00e3o aliexpress.3. convidamos voc\u00ea a fazer atacado ou dropshipping conosco.4.&hellip;&nbsp;<\/p>\n","protected":false},"featured_media":37609,"template":"","meta":{"neve_meta_sidebar":"","neve_meta_container":"","neve_meta_enable_content_width":"","neve_meta_content_width":0,"neve_meta_title_alignment":"","neve_meta_author_avatar":"","neve_post_elements_order":"","neve_meta_disable_header":"","neve_meta_disable_footer":"","neve_meta_disable_title":""},"product_brand":[],"product_cat":[30,28,16],"product_tag":[],"class_list":{"0":"post-37615","1":"product","2":"type-product","3":"status-publish","4":"has-post-thumbnail","6":"product_cat-acessorios-acessorios-para-cosplay","7":"product_cat-acessorios-para-cosplay","8":"product_cat-novidades-e-uso-especial","10":"first","11":"instock","12":"shipping-taxable","13":"purchasable","14":"product-type-variable","15":"has-default-attributes"},"jetpack_sharing_enabled":true,"_links":{"self":[{"href":"https:\/\/listman.shop\/costume-br\/wp-json\/wp\/v2\/product\/37615","targetHints":{"allow":["GET"]}}],"collection":[{"href":"https:\/\/listman.shop\/costume-br\/wp-json\/wp\/v2\/product"}],"about":[{"href":"https:\/\/listman.shop\/costume-br\/wp-json\/wp\/v2\/types\/product"}],"wp:featuredmedia":[{"embeddable":true,"href":"https:\/\/listman.shop\/costume-br\/wp-json\/wp\/v2\/media\/37609"}],"wp:attachment":[{"href":"https:\/\/listman.shop\/costume-br\/wp-json\/wp\/v2\/media?parent=37615"}],"wp:term":[{"taxonomy":"product_brand","embeddable":true,"href":"https:\/\/listman.shop\/costume-br\/wp-json\/wp\/v2\/product_brand?post=37615"},{"taxonomy":"product_cat","embeddable":true,"href":"https:\/\/listman.shop\/costume-br\/wp-json\/wp\/v2\/product_cat?post=37615"},{"taxonomy":"product_tag","embeddable":true,"href":"https:\/\/listman.shop\/costume-br\/wp-json\/wp\/v2\/product_tag?post=37615"}],"curies":[{"name":"wp","href":"https:\/\/api.w.org\/{rel}","templated":true}]}}