{"id":38048,"date":"2024-12-12T09:53:58","date_gmt":"2024-12-12T00:53:58","guid":{"rendered":"https:\/\/listman.shop\/costume-br\/product\/1005001302465324\/"},"modified":"2026-04-05T06:09:41","modified_gmt":"2026-04-04T21:09:41","slug":"1005001302465324","status":"publish","type":"product","link":"https:\/\/listman.shop\/costume-br\/product\/1005001302465324\/","title":{"rendered":"Quente anime cosplay japon\u00eas doce lolita sapatos de salto plano cabe\u00e7a redonda alta ajuda cor correspond\u00eancia kawaii sapatos loli cos sapatos femininos"},"content":{"rendered":"<div class=\"detailmodule_html\">\n<div class=\"detail-desc-decorate-richtext\">\n<div class=\"detailmodule_text-image\">\n <img data-recalc-dims=\"1\" decoding=\"async\" class=\"detail-desc-decorate-image\" src=\"https:\/\/i0.wp.com\/ae01.alicdn.com\/kf\/H5c50083c2fdb496d8412425e045a5532P.jpg?w=1200\" style=\"margin-bottom: 10px\" \/><br \/>\n <img data-recalc-dims=\"1\" decoding=\"async\" class=\"detail-desc-decorate-image\" src=\"https:\/\/i0.wp.com\/ae01.alicdn.com\/kf\/H9dbdfc70a3bd4fef954f4c772dd07f0dh.jpg?w=1200\" style=\"margin-bottom: 10px\" \/><br \/>\n <img data-recalc-dims=\"1\" decoding=\"async\" class=\"detail-desc-decorate-image\" src=\"https:\/\/i0.wp.com\/ae01.alicdn.com\/kf\/Heab02188b19b4cb7b8b6a171d507883cD.jpg?w=1200\" style=\"margin-bottom: 10px\" \/><br \/>\n <img data-recalc-dims=\"1\" decoding=\"async\" class=\"detail-desc-decorate-image\" src=\"https:\/\/i0.wp.com\/ae01.alicdn.com\/kf\/H55ce6206beb74601bb9d255433418e7dp.jpg?w=1200\" style=\"margin-bottom: 10px\" \/><br \/>\n <img data-recalc-dims=\"1\" decoding=\"async\" class=\"detail-desc-decorate-image\" src=\"https:\/\/i0.wp.com\/ae01.alicdn.com\/kf\/H161218b1106243c9bcffdffe83256783s.jpg?w=1200\" style=\"margin-bottom: 10px\" \/><br \/>\n <img data-recalc-dims=\"1\" decoding=\"async\" class=\"detail-desc-decorate-image\" src=\"https:\/\/i0.wp.com\/ae01.alicdn.com\/kf\/H388987f8cb9147fdacf9be9c6d5d465d8.jpg?w=1200\" style=\"margin-bottom: 10px\" \/><br \/>\n <img data-recalc-dims=\"1\" decoding=\"async\" class=\"detail-desc-decorate-image\" src=\"https:\/\/i0.wp.com\/ae01.alicdn.com\/kf\/H67d44b3b89804e6e8b8d8b8472a3e63cL.jpeg?w=1200&#038;ssl=1\" style=\"margin-bottom: 10px\" \/><br \/>\n <img data-recalc-dims=\"1\" decoding=\"async\" class=\"detail-desc-decorate-image\" src=\"https:\/\/i0.wp.com\/ae01.alicdn.com\/kf\/H566edd0335a740ef9f9e18b319ad3c80J.jpg?w=1200\" style=\"margin-bottom: 10px\" \/><br \/>\n <img data-recalc-dims=\"1\" decoding=\"async\" class=\"detail-desc-decorate-image\" src=\"https:\/\/i0.wp.com\/ae01.alicdn.com\/kf\/H958f2b9c0bae48f3b901055b07ded6b5R.jpg?w=1200\" style=\"margin-bottom: 10px\" \/><br \/>\n <img data-recalc-dims=\"1\" decoding=\"async\" class=\"detail-desc-decorate-image\" src=\"https:\/\/i0.wp.com\/ae01.alicdn.com\/kf\/Hf7b1e1778ca742f6a06a4e55ca2fc38aV.jpg?w=1200\" style=\"margin-bottom: 10px\" \/>\n<\/div>\n<\/div>\n<\/div>\n","protected":false},"excerpt":{"rendered":"","protected":false},"featured_media":38043,"template":"","meta":{"neve_meta_sidebar":"","neve_meta_container":"","neve_meta_enable_content_width":"","neve_meta_content_width":0,"neve_meta_title_alignment":"","neve_meta_author_avatar":"","neve_post_elements_order":"","neve_meta_disable_header":"","neve_meta_disable_footer":"","neve_meta_disable_title":""},"product_brand":[],"product_cat":[28,16,31],"product_tag":[],"class_list":{"0":"post-38048","1":"product","2":"type-product","3":"status-publish","4":"has-post-thumbnail","6":"product_cat-acessorios-para-cosplay","7":"product_cat-novidades-e-uso-especial","8":"product_cat-sapatos-acessorios-para-cosplay","10":"first","11":"outofstock","12":"shipping-taxable","13":"purchasable","14":"product-type-variable","15":"has-default-attributes"},"jetpack_sharing_enabled":true,"_links":{"self":[{"href":"https:\/\/listman.shop\/costume-br\/wp-json\/wp\/v2\/product\/38048","targetHints":{"allow":["GET"]}}],"collection":[{"href":"https:\/\/listman.shop\/costume-br\/wp-json\/wp\/v2\/product"}],"about":[{"href":"https:\/\/listman.shop\/costume-br\/wp-json\/wp\/v2\/types\/product"}],"wp:featuredmedia":[{"embeddable":true,"href":"https:\/\/listman.shop\/costume-br\/wp-json\/wp\/v2\/media\/38043"}],"wp:attachment":[{"href":"https:\/\/listman.shop\/costume-br\/wp-json\/wp\/v2\/media?parent=38048"}],"wp:term":[{"taxonomy":"product_brand","embeddable":true,"href":"https:\/\/listman.shop\/costume-br\/wp-json\/wp\/v2\/product_brand?post=38048"},{"taxonomy":"product_cat","embeddable":true,"href":"https:\/\/listman.shop\/costume-br\/wp-json\/wp\/v2\/product_cat?post=38048"},{"taxonomy":"product_tag","embeddable":true,"href":"https:\/\/listman.shop\/costume-br\/wp-json\/wp\/v2\/product_tag?post=38048"}],"curies":[{"name":"wp","href":"https:\/\/api.w.org\/{rel}","templated":true}]}}