{"id":39578,"date":"2024-12-13T00:39:52","date_gmt":"2024-12-12T15:39:52","guid":{"rendered":"https:\/\/listman.shop\/costume-br\/product\/1005007839682779\/"},"modified":"2026-04-05T06:02:15","modified_gmt":"2026-04-04T21:02:15","slug":"1005007839682779","status":"publish","type":"product","link":"https:\/\/listman.shop\/costume-br\/product\/1005007839682779\/","title":{"rendered":"Anime meu her\u00f3i academia midoriya izuku bakugou katsuki todoroki shoto cosplay traje meias adulto unissex roupas prop natal gilf"},"content":{"rendered":"<div class=\"detailmodule_html\">\n<div class=\"detail-desc-decorate-richtext\">\n<p style=\"font-family:OpenSans;font-size:14px;font-weight:300;line-height:20px;white-space:pre-wrap;margin-bottom:12px;margin-top:0px\" class=\"detail-desc-decorate-content\"><span class=\"slate-node-text\"><span>100% novo Material: algod\u00e3o, poli\u00e9ster Tamanho: EUR 36-43 Cor: como foto O pacote inclui: 1 * par de meias Nota: Devido \u00e0 medida manual, o tamanho pode ter um erro de 2-3 cm, 1 polegada = 2,54 cm. Devido ao monitor diferente, a cor pode ter diferen\u00e7a. Devido ao longo envio, o item pode ser danificado durante o transporte, se o item for danificado, entre em contato conosco imediatamente antes de deixar feedback, obrigado pela sua compreens\u00e3o.<\/span><\/span><\/p>\n<div><span class=\"slate-node-text\"><span><\/span><\/span><img data-recalc-dims=\"1\" decoding=\"async\" style=\"background-color:transparent;border:0px;display:flex;max-height:100%;max-width:100%;width:800px;height:800px\"   src=\"https:\/\/i0.wp.com\/ae01.alicdn.com\/kf\/H58151d4818d8406bba7b18fde1b3d2a0T.jpg?w=1200&#038;ssl=1\"><span class=\"detail-desc-decorate-image\"><span class=\"slate-node-text\"><span><\/span><\/span><\/span><span class=\"slate-node-text\"><span><\/span><\/span><img data-recalc-dims=\"1\" decoding=\"async\" style=\"background-color:transparent;border:0px;display:flex;max-height:100%;max-width:100%;width:800px;height:800px\"   src=\"https:\/\/i0.wp.com\/ae01.alicdn.com\/kf\/H2ef7e1457fbb493db53f7a7be7bcae4bG.jpg?w=1200&#038;ssl=1\"><span class=\"detail-desc-decorate-image\"><span class=\"slate-node-text\"><span><\/span><\/span><\/span><span class=\"slate-node-text\"><span><\/span><\/span><img data-recalc-dims=\"1\" decoding=\"async\" style=\"background-color:transparent;border:0px;display:flex;max-height:100%;max-width:100%;width:800px;height:800px\"   src=\"https:\/\/i0.wp.com\/ae01.alicdn.com\/kf\/H9f5e506f432347bba67330c6fa44d9b3v.jpg?w=1200&#038;ssl=1\"><span class=\"detail-desc-decorate-image\"><span class=\"slate-node-text\"><span><\/span><\/span><\/span><span class=\"slate-node-text\"><span><\/span><\/span><img data-recalc-dims=\"1\" decoding=\"async\" style=\"background-color:transparent;border:0px;display:flex;max-height:100%;max-width:100%;width:800px;height:800px\"   src=\"https:\/\/i0.wp.com\/ae01.alicdn.com\/kf\/H4a133fda62bd4b8dbf3940eee1b46556r.jpg?w=1200&#038;ssl=1\"><span class=\"detail-desc-decorate-image\"><span><span class=\"slate-node-text\" style=\"font-size:16px;, sans-serif\"><br \/><\/span><\/span><\/span><\/div>\n<p><\/div>\n<\/div>\n","protected":false},"excerpt":{"rendered":"<p>100% novo Material: algod\u00e3o, poli\u00e9ster Tamanho: EUR 36-43 Cor: como foto O pacote inclui: 1 * par de meias Nota: Devido \u00e0 medida manual, o tamanho pode ter um erro de 2-3 cm, 1 polegada = 2,54 cm. Devido ao monitor diferente, a cor pode ter diferen\u00e7a. Devido ao longo envio, o item pode ser&hellip;&nbsp;<\/p>\n","protected":false},"featured_media":39572,"template":"","meta":{"neve_meta_sidebar":"","neve_meta_container":"","neve_meta_enable_content_width":"","neve_meta_content_width":0,"neve_meta_title_alignment":"","neve_meta_author_avatar":"","neve_post_elements_order":"","neve_meta_disable_header":"","neve_meta_disable_footer":"","neve_meta_disable_title":""},"product_brand":[],"product_cat":[28,32,16],"product_tag":[],"class_list":{"0":"post-39578","1":"product","2":"type-product","3":"status-publish","4":"has-post-thumbnail","6":"product_cat-acessorios-para-cosplay","7":"product_cat-aderecos-de-festa-acessorios-para-cosplay","8":"product_cat-novidades-e-uso-especial","10":"first","11":"instock","12":"shipping-taxable","13":"purchasable","14":"product-type-variable","15":"has-default-attributes"},"jetpack_sharing_enabled":true,"_links":{"self":[{"href":"https:\/\/listman.shop\/costume-br\/wp-json\/wp\/v2\/product\/39578","targetHints":{"allow":["GET"]}}],"collection":[{"href":"https:\/\/listman.shop\/costume-br\/wp-json\/wp\/v2\/product"}],"about":[{"href":"https:\/\/listman.shop\/costume-br\/wp-json\/wp\/v2\/types\/product"}],"wp:featuredmedia":[{"embeddable":true,"href":"https:\/\/listman.shop\/costume-br\/wp-json\/wp\/v2\/media\/39572"}],"wp:attachment":[{"href":"https:\/\/listman.shop\/costume-br\/wp-json\/wp\/v2\/media?parent=39578"}],"wp:term":[{"taxonomy":"product_brand","embeddable":true,"href":"https:\/\/listman.shop\/costume-br\/wp-json\/wp\/v2\/product_brand?post=39578"},{"taxonomy":"product_cat","embeddable":true,"href":"https:\/\/listman.shop\/costume-br\/wp-json\/wp\/v2\/product_cat?post=39578"},{"taxonomy":"product_tag","embeddable":true,"href":"https:\/\/listman.shop\/costume-br\/wp-json\/wp\/v2\/product_tag?post=39578"}],"curies":[{"name":"wp","href":"https:\/\/api.w.org\/{rel}","templated":true}]}}