{"id":40095,"date":"2024-12-13T00:55:51","date_gmt":"2024-12-12T15:55:51","guid":{"rendered":"https:\/\/listman.shop\/costume-br\/product\/1005001305062643\/"},"modified":"2026-04-08T14:03:01","modified_gmt":"2026-04-08T05:03:01","slug":"1005001305062643","status":"publish","type":"product","link":"https:\/\/listman.shop\/costume-br\/product\/1005001305062643\/","title":{"rendered":"Rorschach m\u00e1scara halloween inkblot m\u00e1scaras watchmen traje cosplay m\u00e1scaras anime mascarillas super-her\u00f3i rosto m\u00e1scaras festa adere\u00e7os"},"content":{"rendered":"<div class=\"detailmodule_dynamic\"><\/div>\n<div class=\"detailmodule_html\">\n<div class=\"detail-desc-decorate-richtext\">\n<div class=\"detailmodule_dynamic\"><\/div>\n<div class=\"detailmodule_html\">\n<div class=\"detail-desc-decorate-richtext\">\n<h1 style=\"text-align: center\">\n\t<span style=\"font-size: 48px\"><span style=\", times, serif\"><strong>M\u00e1scara de meia Rorschach<\/strong><\/span><\/span><br \/>\n<\/h1>\n<pre><span style=\"font-size: 22px\"><strong>Especifica\u00e7\u00e3o<\/strong><\/span>\n\n<span style=\"font-size: 20px\"><strong>Personagens<\/strong>:Rorschach<\/span>\n\n<span style=\"font-size: 20px\"><strong>Origem<\/strong>:Wormen<\/span>\n\n<span style=\"font-size: 20px\"><strong>Tamanho<\/strong>:Tamanho \u00fanico<\/span>\n\n<span style=\"font-size: 20px\"><strong>Material<\/strong>: elastano de algod\u00e3o<\/span>\n\n<span style=\"font-size: 20px\"><strong>Peso<\/strong>:Cerca de 45g<\/span>\n\n<span style=\"font-size: 20px\"><strong>Componentes<\/strong>: 1*M\u00e1scara<\/span>\n\n<span style=\"font-size: 20px\"><strong>Cor<\/strong>: Como mostrado<\/span>\n\n<span style=\"font-size: 20px\"><strong>G\u00eanero<\/strong>: Unissex<\/span>\n\n<span style=\"font-size: 20px\"><strong>Invent\u00e1rio<\/strong>: Em estoque e pronto para envio<\/span>\n\n<span style=\"font-size: 20px\"><strong>Envio<\/strong>: Envio expresso e frete econ\u00f4mico para todo o mundo<\/span>\n\n<span style=\"font-size: 18px\"><span>Nota: \n \n * Bem-vindo ao atacado e dropshipping, voc\u00ea comprar\u00e1 diretamente em nossa f\u00e1brica. \n \n *Ap\u00f3s receber o pagamento, os itens ser\u00e3o enviados no dia seguinte (exceto finais de semana e feriados). \n \n *Apoiamos a personaliza\u00e7\u00e3o de m\u00e1scaras, n\u00e3o hesite em nos consultar!<\/span><\/span><\/pre>\n<\/div>\n<\/div>\n<div class=\"detailmodule_image\"><img data-recalc-dims=\"1\" decoding=\"async\" src=\"https:\/\/i0.wp.com\/ae01.alicdn.com\/kf\/H4739150231774363bb739ed956629cc0W.jpg?w=1200\" class=\"detail-desc-decorate-image\"><img data-recalc-dims=\"1\" decoding=\"async\" src=\"https:\/\/i0.wp.com\/ae01.alicdn.com\/kf\/H0ad6429d7f2f4fd2aaf5e00feef8d064I.jpg?w=1200\" class=\"detail-desc-decorate-image\"><img data-recalc-dims=\"1\" decoding=\"async\" src=\"https:\/\/i0.wp.com\/ae01.alicdn.com\/kf\/Hcb149a10e45e45dfb2df823330b6aaa3l.jpg?w=1200\" class=\"detail-desc-decorate-image\"><img data-recalc-dims=\"1\" decoding=\"async\" src=\"https:\/\/i0.wp.com\/ae01.alicdn.com\/kf\/H7ec5ef994b0b487da67afd2ae70224153.jpg?w=1200\" class=\"detail-desc-decorate-image\"><img data-recalc-dims=\"1\" decoding=\"async\" src=\"https:\/\/i0.wp.com\/ae01.alicdn.com\/kf\/H74d925519d0243569007874a0cc70323t.jpg?w=1200\" class=\"detail-desc-decorate-image\"><img data-recalc-dims=\"1\" decoding=\"async\" src=\"https:\/\/i0.wp.com\/ae01.alicdn.com\/kf\/H4808e754ded24116a9048a7b5701260cT.jpg?w=1200\" class=\"detail-desc-decorate-image\"><\/div>\n<div class=\"detailmodule_image\"><img data-recalc-dims=\"1\" decoding=\"async\" src=\"https:\/\/i0.wp.com\/ae01.alicdn.com\/kf\/Heef1233ef4c942deb46cfb918355857af.jpg?w=1200&#038;ssl=1\" class=\"detail-desc-decorate-image\"><img data-recalc-dims=\"1\" decoding=\"async\" src=\"https:\/\/i0.wp.com\/ae01.alicdn.com\/kf\/Hbe17795f4538478a9321b42d2dd2e53f6.jpg?w=1200&#038;ssl=1\" class=\"detail-desc-decorate-image\"><img data-recalc-dims=\"1\" decoding=\"async\" src=\"https:\/\/i0.wp.com\/ae01.alicdn.com\/kf\/Hc2644da29149463fafff9d127e4641dcb.jpg?w=1200&#038;ssl=1\" class=\"detail-desc-decorate-image\"><img data-recalc-dims=\"1\" decoding=\"async\" src=\"https:\/\/i0.wp.com\/ae01.alicdn.com\/kf\/H36a3f2cb59a1462dadc12ef4962e9cfez.jpg?w=1200&#038;ssl=1\" class=\"detail-desc-decorate-image\"><img data-recalc-dims=\"1\" decoding=\"async\" src=\"https:\/\/i0.wp.com\/ae01.alicdn.com\/kf\/H5ff76524c22c4958bc29c6254ad8abcb3.jpg?w=1200&#038;ssl=1\" class=\"detail-desc-decorate-image\"><img data-recalc-dims=\"1\" decoding=\"async\" src=\"https:\/\/i0.wp.com\/ae01.alicdn.com\/kf\/H25d3a011ce3d40ddbab6918bbd206d03h.jpg?w=1200&#038;ssl=1\" class=\"detail-desc-decorate-image\"><\/div>\n<\/div>\n<\/div>\n<div class=\"detailmodule_image\"><img data-recalc-dims=\"1\" decoding=\"async\" src=\"https:\/\/i0.wp.com\/ae01.alicdn.com\/kf\/H4739150231774363bb739ed956629cc0W.jpg?w=1200\" class=\"detail-desc-decorate-image\"><img data-recalc-dims=\"1\" decoding=\"async\" src=\"https:\/\/i0.wp.com\/ae01.alicdn.com\/kf\/H0ad6429d7f2f4fd2aaf5e00feef8d064I.jpg?w=1200\" class=\"detail-desc-decorate-image\"><img data-recalc-dims=\"1\" decoding=\"async\" src=\"https:\/\/i0.wp.com\/ae01.alicdn.com\/kf\/Hcb149a10e45e45dfb2df823330b6aaa3l.jpg?w=1200\" class=\"detail-desc-decorate-image\"><img data-recalc-dims=\"1\" decoding=\"async\" src=\"https:\/\/i0.wp.com\/ae01.alicdn.com\/kf\/H7ec5ef994b0b487da67afd2ae70224153.jpg?w=1200\" class=\"detail-desc-decorate-image\"><img data-recalc-dims=\"1\" decoding=\"async\" src=\"https:\/\/i0.wp.com\/ae01.alicdn.com\/kf\/H74d925519d0243569007874a0cc70323t.jpg?w=1200\" class=\"detail-desc-decorate-image\"><img data-recalc-dims=\"1\" decoding=\"async\" src=\"https:\/\/i0.wp.com\/ae01.alicdn.com\/kf\/H4808e754ded24116a9048a7b5701260cT.jpg?w=1200\" class=\"detail-desc-decorate-image\"><\/div>\n<div class=\"detailmodule_image\"><img data-recalc-dims=\"1\" decoding=\"async\" src=\"https:\/\/i0.wp.com\/ae01.alicdn.com\/kf\/Heef1233ef4c942deb46cfb918355857af.jpg?w=1200&#038;ssl=1\" class=\"detail-desc-decorate-image\"><img data-recalc-dims=\"1\" decoding=\"async\" src=\"https:\/\/i0.wp.com\/ae01.alicdn.com\/kf\/Hbe17795f4538478a9321b42d2dd2e53f6.jpg?w=1200&#038;ssl=1\" class=\"detail-desc-decorate-image\"><img data-recalc-dims=\"1\" decoding=\"async\" src=\"https:\/\/i0.wp.com\/ae01.alicdn.com\/kf\/Hc2644da29149463fafff9d127e4641dcb.jpg?w=1200&#038;ssl=1\" class=\"detail-desc-decorate-image\"><img data-recalc-dims=\"1\" decoding=\"async\" src=\"https:\/\/i0.wp.com\/ae01.alicdn.com\/kf\/H36a3f2cb59a1462dadc12ef4962e9cfez.jpg?w=1200&#038;ssl=1\" class=\"detail-desc-decorate-image\"><img data-recalc-dims=\"1\" decoding=\"async\" src=\"https:\/\/i0.wp.com\/ae01.alicdn.com\/kf\/H5ff76524c22c4958bc29c6254ad8abcb3.jpg?w=1200&#038;ssl=1\" class=\"detail-desc-decorate-image\"><img data-recalc-dims=\"1\" decoding=\"async\" src=\"https:\/\/i0.wp.com\/ae01.alicdn.com\/kf\/H25d3a011ce3d40ddbab6918bbd206d03h.jpg?w=1200&#038;ssl=1\" class=\"detail-desc-decorate-image\"><\/div>\n","protected":false},"excerpt":{"rendered":"<p>M\u00e1scara de meia Rorschach Especifica\u00e7\u00e3o Personagens:Rorschach Origem:Wormen Tamanho:Tamanho \u00fanico Material: elastano de algod\u00e3o Peso:Cerca de 45g Componentes: 1*M\u00e1scara Cor: Como mostrado G\u00eanero: Unissex Invent\u00e1rio: Em estoque e pronto para envio Envio: Envio expresso e frete econ\u00f4mico para todo o mundo Nota: * Bem-vindo ao atacado e dropshipping, voc\u00ea comprar\u00e1 diretamente em nossa f\u00e1brica. *Ap\u00f3s receber&hellip;&nbsp;<\/p>\n","protected":false},"featured_media":40089,"template":"","meta":{"neve_meta_sidebar":"","neve_meta_container":"","neve_meta_enable_content_width":"","neve_meta_content_width":0,"neve_meta_title_alignment":"","neve_meta_author_avatar":"","neve_post_elements_order":"","neve_meta_disable_header":"","neve_meta_disable_footer":"","neve_meta_disable_title":""},"product_brand":[],"product_cat":[30,28,16],"product_tag":[],"class_list":{"0":"post-40095","1":"product","2":"type-product","3":"status-publish","4":"has-post-thumbnail","6":"product_cat-acessorios-acessorios-para-cosplay","7":"product_cat-acessorios-para-cosplay","8":"product_cat-novidades-e-uso-especial","10":"first","11":"instock","12":"shipping-taxable","13":"purchasable","14":"product-type-variable","15":"has-default-attributes"},"jetpack_sharing_enabled":true,"_links":{"self":[{"href":"https:\/\/listman.shop\/costume-br\/wp-json\/wp\/v2\/product\/40095","targetHints":{"allow":["GET"]}}],"collection":[{"href":"https:\/\/listman.shop\/costume-br\/wp-json\/wp\/v2\/product"}],"about":[{"href":"https:\/\/listman.shop\/costume-br\/wp-json\/wp\/v2\/types\/product"}],"wp:featuredmedia":[{"embeddable":true,"href":"https:\/\/listman.shop\/costume-br\/wp-json\/wp\/v2\/media\/40089"}],"wp:attachment":[{"href":"https:\/\/listman.shop\/costume-br\/wp-json\/wp\/v2\/media?parent=40095"}],"wp:term":[{"taxonomy":"product_brand","embeddable":true,"href":"https:\/\/listman.shop\/costume-br\/wp-json\/wp\/v2\/product_brand?post=40095"},{"taxonomy":"product_cat","embeddable":true,"href":"https:\/\/listman.shop\/costume-br\/wp-json\/wp\/v2\/product_cat?post=40095"},{"taxonomy":"product_tag","embeddable":true,"href":"https:\/\/listman.shop\/costume-br\/wp-json\/wp\/v2\/product_tag?post=40095"}],"curies":[{"name":"wp","href":"https:\/\/api.w.org\/{rel}","templated":true}]}}