{"id":40748,"date":"2024-12-13T01:16:49","date_gmt":"2024-12-12T16:16:49","guid":{"rendered":"https:\/\/listman.shop\/costume-br\/product\/1005001353996781\/"},"modified":"2026-04-05T06:03:24","modified_gmt":"2026-04-04T21:03:24","slug":"1005001353996781","status":"publish","type":"product","link":"https:\/\/listman.shop\/costume-br\/product\/1005001353996781\/","title":{"rendered":"Rolecos lol flor espiritual ahri cosplay traje ahri peruca cosplay jogo lol ahri traje feminino quimono conjunto completo vestido chin\u00eas"},"content":{"rendered":"<div class=\"detailmodule_html\">\n<div class=\"detail-desc-decorate-richtext\">\n<h2><\/h2>\n<div><img data-recalc-dims=\"1\" decoding=\"async\" src=\"https:\/\/i0.wp.com\/ae01.alicdn.com\/kf\/HTB1bR.VX17JL1JjSZFKq6A4KXXa6.jpg?w=1200\"><\/div>\n<ul>\n<li>\n<p><strong><span style=\"font-size:16px\"><span style=\", times, serif\">Rolecos lol esp\u00edrito flor ahri cosplay traje peruca cosplay jogo lol esp\u00edrito flor ahri traje peruca feminino quimono vestido chin\u00eas<\/span><\/span><\/strong><\/p>\n<\/li>\n<\/ul>\n<div>\n<ul>\n<li>\n<p><strong><span style=\"font-size:16px\"><span style=\", times, serif\">Fonte:<\/span><\/span><\/strong><span style=\", times, serif\"><span style=\"font-size:16px\">Flor Esp\u00edrito LOL<\/span><\/span><\/p>\n<\/li>\n<li>\n<p><span style=\"font-size:16px\"><span style=\", times, serif\"><strong>Personagem :<\/strong><\/span><\/span><span style=\"font-size:16px\"><span style=\", times, serif\">Ahri<\/span><\/span><\/p>\n<\/li>\n<li>\n<p><span style=\"font-size:16px\"><span style=\", times, serif\"><strong>Inclui:<\/strong><\/span><\/span><span style=\"font-size:16px\"><span style=\", times, serif\">Vestido, cinto, la\u00e7o na cintura, chap\u00e9u, meias, gola, capa para as pernas<\/span><\/span><\/p>\n<\/li>\n<\/ul>\n<div><img data-recalc-dims=\"1\" decoding=\"async\" src=\"https:\/\/i0.wp.com\/ae01.alicdn.com\/kf\/Hcd7d876a48a3432fb315c5ffbb520d58R.png?w=1200&#038;ssl=1\"><\/div>\n<\/div>\n<div>\n<p style=\"font-family:helvetica, arial, sans-serif;line-height:25px;margin:0px;margin-bottom:0px;margin-top:0px;margin-left:0px;margin-right:0px;padding:0px 0px 0px 0em;padding-bottom:0px;padding-top:0px;padding-right:0px\"><img data-recalc-dims=\"1\" decoding=\"async\" src=\"https:\/\/i0.wp.com\/ae01.alicdn.com\/kf\/HTB1CkkKX97PL1JjSZFHq6AciXXaP.jpg?w=1200\"><img data-recalc-dims=\"1\" decoding=\"async\" src=\"https:\/\/i0.wp.com\/ae01.alicdn.com\/kf\/Hb2c780ec8c0340d788ddd7da4f84b91b7.jpg?w=1200&#038;ssl=1\"><img data-recalc-dims=\"1\" decoding=\"async\" src=\"https:\/\/i0.wp.com\/ae01.alicdn.com\/kf\/Hf84dfc6b4f37439b98375ebcc6511fb4k.jpg?w=1200&#038;ssl=1\"><\/p>\n<p><img data-recalc-dims=\"1\" loading=\"lazy\" decoding=\"async\" width=\"750\" height=\"750\" src=\"https:\/\/i0.wp.com\/ae04.alicdn.com\/kf\/Hb19df28435ca40969f5fa7c85fe88ce5a.jpg?resize=750%2C750&#038;ssl=1\"><\/p>\n<div>\n<\/div>\n<p style=\"font-family:helvetica, arial, sans-serif;line-height:25px;margin:0px;margin-bottom:0px;margin-top:0px;margin-left:0px;margin-right:0px;padding:0px 0px 0px 0em;padding-bottom:0px;padding-top:0px;padding-right:0px\"><img data-recalc-dims=\"1\" decoding=\"async\" src=\"https:\/\/i0.wp.com\/ae01.alicdn.com\/kf\/H1e259494760a4b7995fc4adfbe0a1934m.jpg?w=1200&#038;ssl=1\"><img data-recalc-dims=\"1\" decoding=\"async\" src=\"https:\/\/i0.wp.com\/ae01.alicdn.com\/kf\/H76c2ce60c9d14c9693269cd20361488dD.jpg?w=1200&#038;ssl=1\"><img data-recalc-dims=\"1\" decoding=\"async\" src=\"https:\/\/i0.wp.com\/ae01.alicdn.com\/kf\/H1f941569e6204c5bb16ceb841a78e5e6X.jpg?w=1200&#038;ssl=1\"><img data-recalc-dims=\"1\" decoding=\"async\" src=\"https:\/\/i0.wp.com\/ae01.alicdn.com\/kf\/He89066b06d254e0d836d703a8cd238cau.jpg?w=1200&#038;ssl=1\"><\/p>\n<p style=\"font-family:helvetica, arial, sans-serif;line-height:25px;margin:0px;margin-bottom:0px;margin-top:0px;margin-left:0px;margin-right:0px;padding:0px 0px 0px 0em;padding-bottom:0px;padding-top:0px;padding-right:0px\"><img data-recalc-dims=\"1\" decoding=\"async\" src=\"https:\/\/i0.wp.com\/ae01.alicdn.com\/kf\/Hd1554c6f630243e082437688f3f5114e9.jpg?w=1200&#038;ssl=1\"><img data-recalc-dims=\"1\" decoding=\"async\" src=\"https:\/\/i0.wp.com\/ae01.alicdn.com\/kf\/H5a00e8ec26314b54907b3cd909238ccaH.jpg?w=1200&#038;ssl=1\"><img data-recalc-dims=\"1\" decoding=\"async\" src=\"https:\/\/i0.wp.com\/ae01.alicdn.com\/kf\/H7fd3c045bc7f47e39a320d966e963ab8a.jpg?w=1200&#038;ssl=1\"><\/p>\n<div><\/div>\n<p style=\"font-family:helvetica, arial, sans-serif;line-height:25px;margin:0px;margin-bottom:0px;margin-top:0px;margin-left:0px;margin-right:0px;padding:0px 0px 0px 0em;padding-bottom:0px;padding-top:0px;padding-right:0px\"><img data-recalc-dims=\"1\" decoding=\"async\" src=\"https:\/\/i0.wp.com\/ae01.alicdn.com\/kf\/Hdcdca9e1f11b4304b4915d7a0d3b0e379.jpg?w=1200&#038;ssl=1\"><\/p>\n<div><\/div>\n<p style=\"font-family:helvetica, arial, sans-serif;line-height:25px;margin:0px;margin-bottom:0px;margin-top:0px;margin-left:0px;margin-right:0px;padding:0px 0px 0px 0em;padding-bottom:0px;padding-top:0px;padding-right:0px\"><img data-recalc-dims=\"1\" decoding=\"async\" src=\"https:\/\/i0.wp.com\/ae01.alicdn.com\/kf\/H9200a468b9914bb6b02ab43a88669cd1n.jpg?w=1200&#038;ssl=1\"><img data-recalc-dims=\"1\" decoding=\"async\" src=\"https:\/\/i0.wp.com\/ae01.alicdn.com\/kf\/Hbdaecb268c4243189ad2c166a4ef1bb4I.jpg?w=1200&#038;ssl=1\"><img data-recalc-dims=\"1\" decoding=\"async\" src=\"https:\/\/i0.wp.com\/ae01.alicdn.com\/kf\/H7a694e6bed114c6abcda944498eb447aY.jpg?w=1200&#038;ssl=1\"><img data-recalc-dims=\"1\" decoding=\"async\" src=\"https:\/\/i0.wp.com\/ae01.alicdn.com\/kf\/H46908821209449818ecaa4600172a1d6x.jpg?w=1200&#038;ssl=1\"><img data-recalc-dims=\"1\" decoding=\"async\" src=\"https:\/\/i0.wp.com\/ae01.alicdn.com\/kf\/H7672abc67cc449a0b0656d8c2944bbafQ.jpg?w=1200&#038;ssl=1\"><\/p>\n<p style=\"font-family:helvetica, arial, sans-serif;line-height:25px;margin:0px;margin-bottom:0px;margin-top:0px;margin-left:0px;margin-right:0px;padding:0px 0px 0px 0em;padding-bottom:0px;padding-top:0px;padding-right:0px\"><img data-recalc-dims=\"1\" decoding=\"async\" src=\"https:\/\/i0.wp.com\/ae01.alicdn.com\/kf\/H0f05f8a714ed40a292140c75f6f2e5e5d.jpg?w=1200&#038;ssl=1\"><img data-recalc-dims=\"1\" decoding=\"async\" src=\"https:\/\/i0.wp.com\/ae01.alicdn.com\/kf\/H269c1160a1d74057b48c16063dafc843V.jpg?w=1200&#038;ssl=1\"><img data-recalc-dims=\"1\" decoding=\"async\" src=\"https:\/\/i0.wp.com\/ae01.alicdn.com\/kf\/Hd35f9e7450554ab396d335ede573129cY.jpg?w=1200&#038;ssl=1\"><img data-recalc-dims=\"1\" decoding=\"async\" src=\"https:\/\/i0.wp.com\/ae01.alicdn.com\/kf\/Hc816be2484d2479590ec8965847aee499.jpg?w=1200&#038;ssl=1\"><img data-recalc-dims=\"1\" decoding=\"async\" src=\"https:\/\/i0.wp.com\/ae01.alicdn.com\/kf\/Hd0f6ff75ce4b4a98b2be1a33b043d7f2a.jpg?w=1200&#038;ssl=1\"><img data-recalc-dims=\"1\" decoding=\"async\" src=\"https:\/\/i0.wp.com\/ae01.alicdn.com\/kf\/H649cde06255b494fa37443f2283db36bW.jpg?w=1200&#038;ssl=1\"><img data-recalc-dims=\"1\" decoding=\"async\" src=\"https:\/\/i0.wp.com\/ae01.alicdn.com\/kf\/H93967d4fc11d4e0c95abdeb5c1d98460D.jpg?w=1200&#038;ssl=1\"><\/p>\n<p style=\"font-family:helvetica, arial, sans-serif;line-height:25px;margin:0px;margin-bottom:0px;margin-top:0px;margin-left:0px;margin-right:0px;padding:0px 0px 0px 0em;padding-bottom:0px;padding-top:0px;padding-right:0px\"><img data-recalc-dims=\"1\" decoding=\"async\" src=\"https:\/\/i0.wp.com\/ae01.alicdn.com\/kf\/H83b31a854b0446e5b2a0cae1adc6e77bv.jpg?w=1200&#038;ssl=1\"><img data-recalc-dims=\"1\" decoding=\"async\" src=\"https:\/\/i0.wp.com\/ae01.alicdn.com\/kf\/H48e4d78e6f5e42bb818472ce747b3f5bX.jpg?w=1200&#038;ssl=1\"><img data-recalc-dims=\"1\" decoding=\"async\" src=\"https:\/\/i0.wp.com\/ae01.alicdn.com\/kf\/H176019ab544444afb6d95d7b16b2a8eaE.jpg?w=1200&#038;ssl=1\"><\/p>\n<div><\/div>\n<p style=\"font-family:helvetica, arial, sans-serif;line-height:25px;margin:0px;margin-bottom:0px;margin-top:0px;margin-left:0px;margin-right:0px;padding:0px 0px 0px 0em;padding-bottom:0px;padding-top:0px;padding-right:0px\"><img data-recalc-dims=\"1\" decoding=\"async\" src=\"https:\/\/i0.wp.com\/ae01.alicdn.com\/kf\/HTB1.TZDX93PL1JjSZPcq6AQgpXav.jpg?w=1200\"><\/p>\n<div><\/div>\n<p style=\"font-family:helvetica, arial, sans-serif;line-height:25px;margin:0px;margin-bottom:0px;margin-top:0px;margin-left:0px;margin-right:0px;padding:0px 0px 0px 0em;padding-bottom:0px;padding-top:0px;padding-right:0px\"><img data-recalc-dims=\"1\" decoding=\"async\" src=\"https:\/\/i0.wp.com\/ae01.alicdn.com\/kf\/HTB1nIkWX5AKL1JjSZFoq6ygCFXaS.jpg?w=1200\"><\/p>\n<p style=\"line-height:18pt;margin:0pt 0pt 3.75pt;margin-bottom:3.75pt;margin-top:0pt;margin-left:0pt;margin-right:0pt;padding:0pt 0pt 0pt 0em;padding-bottom:0pt;padding-top:0pt;padding-right:0pt\"><span style=\"font-size:14px\"><span style=\"font-family:arial, helvetica, sans-serif\"><span>Rolecos \u00e9 uma marca de fantasias profissionais no mundo, encontramos uma f\u00e1brica desde 2001, localizada na cidade de Yiwu, na prov\u00edncia de Zhejiang, China.<\/span><\/span><\/span><\/p>\n<p style=\"line-height:18pt;margin:0pt 0pt 3.75pt;margin-bottom:3.75pt;margin-top:0pt;margin-left:0pt;margin-right:0pt;padding:0pt 0pt 0pt 0em;padding-bottom:0pt;padding-top:0pt;padding-right:0pt\"><span style=\"font-size:14px\"><span style=\"font-family:arial, helvetica, sans-serif\"><span>Nossos principais produtos: Cosplay\/Estilo Retro\/Halloween\/Trajes de Natal, ect.<\/span><\/span><\/span><\/p>\n<p style=\"line-height:18pt;margin:0pt 0pt 3.75pt;margin-bottom:3.75pt;margin-top:0pt;margin-left:0pt;margin-right:0pt;padding:0pt 0pt 0pt 0em;padding-bottom:0pt;padding-top:0pt;padding-right:0pt\"><span style=\"font-size:14px\"><span style=\"font-family:arial, helvetica, sans-serif\"><span>Devido \u00e0 super qualidade, fornecimento est\u00e1vel, pre\u00e7o razo\u00e1vel e entrega suficiente, nossos produtos t\u00eam desfrutado de grande reputa\u00e7\u00e3o em mais de 30 pa\u00edses e regi\u00f5es, como Europa, EUA, Am\u00e9rica do Sul, Cor\u00e9ia e \u00c1frica.<\/span><\/span><\/span><\/p>\n<p style=\"line-height:18pt;margin:0pt 0pt 3.75pt;margin-bottom:3.75pt;margin-top:0pt;margin-left:0pt;margin-right:0pt;padding:0pt 0pt 0pt 0em;padding-bottom:0pt;padding-top:0pt;padding-right:0pt\"><span style=\"font-size:14px\"><span style=\"font-family:arial, helvetica, sans-serif\"><span>Todos os produtos s\u00e3o entregues diretamente aos consumidores em todo o mundo.<\/span><\/span><\/span><\/p>\n<p style=\"line-height:18pt;margin:0pt 0pt 3.75pt;margin-bottom:3.75pt;margin-top:0pt;margin-left:0pt;margin-right:0pt;padding:0pt 0pt 0pt 0em;padding-bottom:0pt;padding-top:0pt;padding-right:0pt\"><span style=\"font-size:14px\"><span style=\"font-family:arial, helvetica, sans-serif\"><span>Tamb\u00e9m damos as boas-vindas a pedidos OEM e ODM.Se voc\u00ea tiver fotos ou amostras, pode envi\u00e1-las para n\u00f3s.Fabricaremos produtos de acordo com suas especifica\u00e7\u00f5es e requisitos.<\/span><\/span><\/span><\/p>\n<p style=\"line-height:18pt;margin:0pt 0pt 3.75pt;margin-bottom:3.75pt;margin-top:0pt;margin-left:0pt;margin-right:0pt;padding:0pt 0pt 0pt 0em;padding-bottom:0pt;padding-top:0pt;padding-right:0pt\"><span style=\"font-size:14px\"><span style=\"font-family:arial, helvetica, sans-serif\"><span>Aguardamos sua coopera\u00e7\u00e3o.<\/span><\/span><\/span><\/p>\n<p style=\"line-height:18pt;margin:0pt 0pt 3.75pt;margin-bottom:3.75pt;margin-top:0pt;margin-left:0pt;margin-right:0pt;padding:0pt 0pt 0pt 0em;padding-bottom:0pt;padding-top:0pt;padding-right:0pt\"><img data-recalc-dims=\"1\" decoding=\"async\" src=\"https:\/\/i0.wp.com\/ae01.alicdn.com\/kf\/HTB1Ht4VXb_EK1JjSZFBq6y0HVXaS.jpg?w=1200\"><\/p>\n<p style=\"font-family:helvetica, arial, sans-serif;line-height:25px;margin:0px;margin-bottom:0px;margin-top:0px;margin-left:0px;margin-right:0px;padding:0px 0px 0px 0em;padding-bottom:0px;padding-top:0px;padding-right:0px\"><img data-recalc-dims=\"1\" decoding=\"async\" src=\"https:\/\/i0.wp.com\/ae01.alicdn.com\/kf\/HTB1xqWQOXXXXXcQXVXXq6xXFXXX5.jpg?w=1200\"><\/p>\n<div><\/div>\n<p style=\"line-height:18pt;margin:0pt 0pt 3.75pt;margin-bottom:3.75pt;margin-top:0pt;margin-left:0pt;margin-right:0pt;padding:0pt 0pt 0pt 0em;padding-bottom:0pt;padding-top:0pt;padding-right:0pt\"><strong><span><span style=\"font-size:14px\"><span style=\"font-family:arial, helvetica, sans-serif\">Perguntas frequentes<\/span><\/span><\/span><\/strong><\/p>\n<p style=\"line-height:18pt;margin:0pt 0pt 3.75pt;margin-bottom:3.75pt;margin-top:0pt;margin-left:0pt;margin-right:0pt;padding:0pt 0pt 0pt 0em;padding-bottom:0pt;padding-top:0pt;padding-right:0pt\"><span><span style=\"font-size:14px\"><span style=\"font-family:arial, helvetica, sans-serif\">P: Como lidar se o tamanho n\u00e3o for adequado?<\/span><\/span><\/span><\/p>\n<p style=\"line-height:18pt;margin:0pt 0pt 3.75pt;margin-bottom:3.75pt;margin-top:0pt;margin-left:0pt;margin-right:0pt;padding:0pt 0pt 0pt 0em;padding-bottom:0pt;padding-top:0pt;padding-right:0pt\"><span><span style=\"font-size:14px\"><span style=\"font-family:arial, helvetica, sans-serif\">R: Primeiro entre em contato conosco, oferecemos servi\u00e7o de devolu\u00e7\u00e3o e troca de mercadorias, garantimos que ficaremos satisfeitos com voc\u00ea.<\/span><\/span><\/span><\/p>\n<p style=\"line-height:18pt;margin:0pt 0pt 3.75pt;margin-bottom:3.75pt;margin-top:0pt;margin-left:0pt;margin-right:0pt;padding:0pt 0pt 0pt 0em;padding-bottom:0pt;padding-top:0pt;padding-right:0pt\"><span><span style=\"font-size:14px\"><span style=\"font-family:arial, helvetica, sans-serif\">P: Como devolver ou trocar?<\/span><\/span><\/span><\/p>\n<p style=\"line-height:18pt;margin:0pt 0pt 3.75pt;margin-bottom:3.75pt;margin-top:0pt;margin-left:0pt;margin-right:0pt;padding:0pt 0pt 0pt 0em;padding-bottom:0pt;padding-top:0pt;padding-right:0pt\"><span><span style=\"font-size:14px\"><span style=\"font-family:arial, helvetica, sans-serif\">R: envie-o de volta, reenviaremos dentro de 3 dias quando recebermos o pacote devolvido. enviaremos um novo n\u00famero de rastreamento para reenviar itens.<\/span><\/span><\/span><\/p>\n<p style=\"line-height:18pt;margin:0pt 0pt 3.75pt;margin-bottom:3.75pt;margin-top:0pt;margin-left:0pt;margin-right:0pt;padding:0pt 0pt 0pt 0em;padding-bottom:0pt;padding-top:0pt;padding-right:0pt\"><span><span style=\"font-size:14px\"><span style=\"font-family:arial, helvetica, sans-serif\">P: O que devo fazer se tiver problemas de qualidade?<\/span><\/span><\/span><\/p>\n<p style=\"line-height:18pt;margin:0pt 0pt 3.75pt;margin-bottom:3.75pt;margin-top:0pt;margin-left:0pt;margin-right:0pt;padding:0pt 0pt 0pt 0em;padding-bottom:0pt;padding-top:0pt;padding-right:0pt\"><span><span style=\"font-size:14px\"><span style=\"font-family:arial, helvetica, sans-serif\">R: entre em contato conosco e envie-nos uma foto dos itens ap\u00f3s a confirma\u00e7\u00e3o. Se for nossa responsabilidade, daremos seu reembolso parcial como compensa\u00e7\u00e3o.Reembolso total dispon\u00edvel desde que o pacote seja devolvido<\/span><\/span><\/span><\/p>\n<p style=\"line-height:18pt;margin:0pt 0pt 3.75pt;margin-bottom:3.75pt;margin-top:0pt;margin-left:0pt;margin-right:0pt;padding:0pt 0pt 0pt 0em;padding-bottom:0pt;padding-top:0pt;padding-right:0pt\"><span><span style=\"font-size:14px\"><span style=\"font-family:arial, helvetica, sans-serif\">P: Por que preciso pagar imposto alfandeg\u00e1rio adicional para meus itens?<\/span><\/span><\/span><\/p>\n<p style=\"line-height:18pt;margin:0pt 0pt 3.75pt;margin-bottom:3.75pt;margin-top:0pt;margin-left:0pt;margin-right:0pt;padding:0pt 0pt 0pt 0em;padding-bottom:0pt;padding-top:0pt;padding-right:0pt\"><span><span style=\"font-size:14px\"><span style=\"font-family:arial, helvetica, sans-serif\">R: Em determinadas circunst\u00e2ncias, alguns pa\u00edses podem cobrar impostos alfandeg\u00e1rios para compras em outros pa\u00edses.Por favor, observe que o comprador deve ser respons\u00e1vel pelo imposto alfandeg\u00e1rio de seu pa\u00eds. Caro, obrigado pela compreens\u00e3o.<\/span><\/span><\/span><\/p>\n<div><span><span style=\"font-size:14px\"><span style=\"font-family:arial, helvetica, sans-serif\">P: Quando posso receber meus itens?<\/span><\/span><\/span><\/div>\n<p style=\"line-height:18pt;margin:0pt 0pt 3.75pt;margin-bottom:3.75pt;margin-top:0pt;margin-left:0pt;margin-right:0pt;padding:0pt 0pt 0pt 0em;padding-bottom:0pt;padding-top:0pt;padding-right:0pt\"><span><span style=\"font-size:14px\"><span style=\"font-family:arial, helvetica, sans-serif\">R: Para um produto personalizado, o tempo de processamento \u00e9 de cerca de 7 a 15 dias, enquanto um tamanho normal pode ser enviado dentro de 1-3 dias ap\u00f3s finalizar o pagamento.Quanto ao tempo de transporte, custar\u00e1 de 4 a 7 dias via entrega expressa.O China Post precisa de cerca de 15 a 35 dias (al\u00e9m do Brasil, R\u00fassia, Chile, Col\u00f4mbia e pa\u00edses remotos).<\/span><\/span><\/span><\/p>\n<p style=\"line-height:18pt;margin:0pt 0pt 3.75pt;margin-bottom:3.75pt;margin-top:0pt;margin-left:0pt;margin-right:0pt;padding:0pt 0pt 0pt 0em;padding-bottom:0pt;padding-top:0pt;padding-right:0pt\"><img data-recalc-dims=\"1\" decoding=\"async\" src=\"https:\/\/i0.wp.com\/ae01.alicdn.com\/kf\/HTB1P7VxOFXXXXX6aXXXq6xXFXXX8.jpg?w=1200\"><\/p>\n<div><strong><span><span style=\"font-size:14px\"><span style=\"font-family:arial, helvetica, sans-serif\">Feedback<\/span><\/span><\/span><\/strong><\/div>\n<p style=\"line-height:18pt;margin:0pt 0pt 3.75pt;margin-bottom:3.75pt;margin-top:0pt;margin-left:0pt;margin-right:0pt;padding:0pt 0pt 0pt 0em;padding-bottom:0pt;padding-top:0pt;padding-right:0pt\"><span><span style=\"font-size:14px\"><span style=\"font-family:arial, helvetica, sans-serif\">Caro comprador, quando voc\u00ea recebeu o pedido:<\/span><\/span><\/span><\/p>\n<p style=\"line-height:18pt;margin:0pt 0pt 3.75pt;margin-bottom:3.75pt;margin-top:0pt;margin-left:0pt;margin-right:0pt;padding:0pt 0pt 0pt 0em;padding-bottom:0pt;padding-top:0pt;padding-right:0pt\"><span><span style=\"font-size:14px\"><span style=\"font-family:arial, helvetica, sans-serif\">1. se voc\u00ea gosta deles, deixe-nos um feedback positivo de 5 estrelas!!<\/span><\/span><\/span><\/p>\n<p style=\"line-height:18pt;margin:0pt 0pt 3.75pt;margin-bottom:3.75pt;margin-top:0pt;margin-left:0pt;margin-right:0pt;padding:0pt 0pt 0pt 0em;padding-bottom:0pt;padding-top:0pt;padding-right:0pt\"><span><span style=\"font-size:14px\"><span style=\"font-family:arial, helvetica, sans-serif\">2. se n\u00e3o estiver satisfeito com eles, entre em contato conosco antes de deixar coment\u00e1rios negativos e n\u00e3o abra uma disputa. resolveremos os problemas, por favor nos d\u00ea a oportunidade de atend\u00ea-lo, proporcionando uma boa experi\u00eancia de compra.<\/span><\/span><\/span><\/p>\n<\/div>\n<p><\/p>\n<\/div>\n<\/div>\n","protected":false},"excerpt":{"rendered":"<p>Rolecos lol esp\u00edrito flor ahri cosplay traje peruca cosplay jogo lol esp\u00edrito flor ahri traje peruca feminino quimono vestido chin\u00eas Fonte:Flor Esp\u00edrito LOL Personagem :Ahri Inclui:Vestido, cinto, la\u00e7o na cintura, chap\u00e9u, meias, gola, capa para as pernas Rolecos \u00e9 uma marca de fantasias profissionais no mundo, encontramos uma f\u00e1brica desde 2001, localizada na cidade de&hellip;&nbsp;<\/p>\n","protected":false},"featured_media":40742,"template":"","meta":{"neve_meta_sidebar":"","neve_meta_container":"","neve_meta_enable_content_width":"","neve_meta_content_width":0,"neve_meta_title_alignment":"","neve_meta_author_avatar":"","neve_post_elements_order":"","neve_meta_disable_header":"","neve_meta_disable_footer":"","neve_meta_disable_title":""},"product_brand":[],"product_cat":[38,16,39],"product_tag":[],"class_list":{"0":"post-40748","1":"product","2":"type-product","3":"status-publish","4":"has-post-thumbnail","6":"product_cat-fantasias-de-cosplay","7":"product_cat-novidades-e-uso-especial","8":"product_cat-trajes-de-cosplay-desativar-fantasias-de-cosplay","10":"first","11":"instock","12":"shipping-taxable","13":"purchasable","14":"product-type-variable","15":"has-default-attributes"},"jetpack_sharing_enabled":true,"_links":{"self":[{"href":"https:\/\/listman.shop\/costume-br\/wp-json\/wp\/v2\/product\/40748","targetHints":{"allow":["GET"]}}],"collection":[{"href":"https:\/\/listman.shop\/costume-br\/wp-json\/wp\/v2\/product"}],"about":[{"href":"https:\/\/listman.shop\/costume-br\/wp-json\/wp\/v2\/types\/product"}],"wp:featuredmedia":[{"embeddable":true,"href":"https:\/\/listman.shop\/costume-br\/wp-json\/wp\/v2\/media\/40742"}],"wp:attachment":[{"href":"https:\/\/listman.shop\/costume-br\/wp-json\/wp\/v2\/media?parent=40748"}],"wp:term":[{"taxonomy":"product_brand","embeddable":true,"href":"https:\/\/listman.shop\/costume-br\/wp-json\/wp\/v2\/product_brand?post=40748"},{"taxonomy":"product_cat","embeddable":true,"href":"https:\/\/listman.shop\/costume-br\/wp-json\/wp\/v2\/product_cat?post=40748"},{"taxonomy":"product_tag","embeddable":true,"href":"https:\/\/listman.shop\/costume-br\/wp-json\/wp\/v2\/product_tag?post=40748"}],"curies":[{"name":"wp","href":"https:\/\/api.w.org\/{rel}","templated":true}]}}