{"id":41375,"date":"2024-12-13T17:00:32","date_gmt":"2024-12-13T08:00:32","guid":{"rendered":"https:\/\/listman.shop\/costume-br\/product\/1005001345450611\/"},"modified":"2026-04-08T13:59:44","modified_gmt":"2026-04-08T04:59:44","slug":"1005001345450611","status":"publish","type":"product","link":"https:\/\/listman.shop\/costume-br\/product\/1005001345450611\/","title":{"rendered":"M\u00e1scara De Goblin De L\u00e1tex, Orc Malvado, M\u00e1scaras De Gnome Greepy, Traje De Halloween, Capacete De Carnaval"},"content":{"rendered":"<div class=\"detailmodule_html\">\n<div class=\"detail-desc-decorate-richtext\">\n<div class=\"detailmodule_dynamic\">\n<\/div>\n<div class=\"detailmodule_html\">\n<div class=\"detail-desc-decorate-richtext\">\n<h1 style=\"text-align:center\" align=\"center\"><span style=\"font-size:48px\"><span style=\", times, serif\"><strong id=\"tl_1\">M&aacute;scaras Duende Verde<\/strong><\/span><\/span><\/h1>\n<div id=\"tl_2\">\n   <span style=\"font-size:28px\"><strong><span style=\", helvetica, sans-serif\">Especifica&ccedil;&atilde;o<\/span><\/strong><\/span><br \/>\n   <span style=\"font-size:20px\"><span style=\", helvetica, sans-serif\"><strong>Personagens<\/strong><\/span><\/span><br \/>\n   <span style=\"font-size:20px\"><span style=\", helvetica, sans-serif\">: Goblin<\/span><\/span><br \/>\n   <span style=\"font-size:20px\"><span style=\", helvetica, sans-serif\"><strong>Origem<\/strong><\/span><\/span><br \/>\n   <span style=\"font-size:20px\"><span style=\", helvetica, sans-serif\">: Goblin<\/span><\/span><br \/>\n   <span style=\"font-size:20px\"><span style=\", helvetica, sans-serif\"><strong>Tamanho<\/strong><\/span><\/span><br \/>\n   <span style=\"font-size:20px\"><span style=\", helvetica, sans-serif\">: Tamanho &uacute;nico (<\/span><\/span><br \/>\n   <span style=\"font-size:18px\"><span style=\", times, serif\">Circunfer&ecirc;ncia principal 53-60cm<\/span><\/span>)<br \/>\n   <span style=\"font-size:20px\"><span style=\", helvetica, sans-serif\"><strong>Materiais<\/strong><\/span><\/span><br \/>\n   <span style=\"font-size:20px\"><span style=\", helvetica, sans-serif\">: L&aacute;tex<\/span><\/span><br \/>\n   <span style=\"font-size:20px\"><span style=\", helvetica, sans-serif\"><strong>Peso<\/strong><\/span><\/span><br \/>\n   <span style=\"font-size:20px\"><span style=\", helvetica, sans-serif\">: Aproximadamente 170g<\/span><\/span><br \/>\n   <span style=\"font-size:20px\"><span style=\", helvetica, sans-serif\"><strong>Componentes<\/strong><\/span><\/span><br \/>\n   <span style=\"font-size:20px\"><span style=\", helvetica, sans-serif\">: 1 * m&aacute;scara<\/span><\/span><br \/>\n   <span style=\"font-size:20px\"><span style=\", helvetica, sans-serif\"><strong>Cor<\/strong><\/span><\/span><br \/>\n   <span style=\"font-size:20px\"><span style=\", helvetica, sans-serif\">: Como mostrado<\/span><\/span><br \/>\n   <span style=\"font-size:20px\"><span style=\", helvetica, sans-serif\"><strong>G&ecirc;nero<\/strong><\/span><\/span><br \/>\n   <span style=\"font-size:20px\"><span style=\", helvetica, sans-serif\">: Unissex<\/span><\/span><br \/>\n   <span style=\"font-size:20px\"><span style=\", helvetica, sans-serif\"><strong>Invent&aacute;rio<\/strong><\/span><\/span><br \/>\n   <span style=\"font-size:20px\"><span style=\", helvetica, sans-serif\">: Em estoque e pronto para enviar<\/span><\/span><br \/>\n   <span style=\"font-size:20px\"><span style=\", helvetica, sans-serif\"><strong>Envio<\/strong><\/span><\/span><br \/>\n   <span style=\"font-size:20px\"><span style=\", helvetica, sans-serif\">: Transporte expresso e transporte econ&ocirc;mico em todo o mundo<\/span><\/span><br \/>\n   <span><span style=\"font-size:18px\"><span style=\", helvetica, sans-serif\">Nota: * Todas as m&aacute;scaras s&atilde;o nova produ&ccedil;&atilde;o. Haver&aacute; um sabor de l&aacute;tex e cola. Colocado em local ventilado, o sabor ser&aacute; eliminado. * Bem-vindo atacado e dropshipping, voc&ecirc; ser&aacute; comprar diretamente de nossa f&aacute;brica. * Depois de receber o pagamento, os itens ser&atilde;o enviados no dia seguinte (exceto weenkends e feriados).* Apoiamos a personaliza&ccedil;&atilde;o m&aacute;scara, por favor, sinta-se livre para nos consultar!<\/span><\/span><\/span>\n  <\/div>\n<\/p><\/div>\n<\/div>\n<div class=\"detailmodule_image\">\n <img data-recalc-dims=\"1\" decoding=\"async\" class=\"detail-desc-decorate-image\" src=\"https:\/\/i0.wp.com\/ae01.alicdn.com\/kf\/H73404d6376944085b1f564e7bfbaf8ado.jpg?w=1200&#038;ssl=1\" \/><br \/>\n <img data-recalc-dims=\"1\" decoding=\"async\" class=\"detail-desc-decorate-image\" src=\"https:\/\/i0.wp.com\/ae01.alicdn.com\/kf\/Hbdff5086147540c5b807defc1dfc64102.jpg?w=1200&#038;ssl=1\" \/><br \/>\n <img data-recalc-dims=\"1\" decoding=\"async\" class=\"detail-desc-decorate-image\" src=\"https:\/\/i0.wp.com\/ae01.alicdn.com\/kf\/Ha3c713a73e7f469bbc3fbcd334adbbc4Z.jpg?w=1200&#038;ssl=1\" \/><br \/>\n <img data-recalc-dims=\"1\" decoding=\"async\" class=\"detail-desc-decorate-image\" src=\"https:\/\/i0.wp.com\/ae01.alicdn.com\/kf\/H5c2bf2641daf4f6bbbc8930e921b6a8cu.jpg?w=1200&#038;ssl=1\" \/><br \/>\n <img data-recalc-dims=\"1\" decoding=\"async\" class=\"detail-desc-decorate-image\" src=\"https:\/\/i0.wp.com\/ae01.alicdn.com\/kf\/H832d27aa9e384d099ca7ccd247b2f4c43.jpg?w=1200&#038;ssl=1\" \/><br \/>\n <img data-recalc-dims=\"1\" decoding=\"async\" class=\"detail-desc-decorate-image\" src=\"https:\/\/i0.wp.com\/ae01.alicdn.com\/kf\/H72a481d0886b478985aed9e03d50ba11V.jpg?w=1200&#038;ssl=1\" \/><br \/>\n <img data-recalc-dims=\"1\" decoding=\"async\" class=\"detail-desc-decorate-image\" src=\"https:\/\/i0.wp.com\/ae01.alicdn.com\/kf\/H4b7f608c5aba47f39d0560e624af12478.jpg?w=1200&#038;ssl=1\" \/>\n<\/div>\n<p><\/div>\n<\/div>\n","protected":false},"excerpt":{"rendered":"<p>M&aacute;scaras Duende Verde Especifica&ccedil;&atilde;o Personagens : Goblin Origem : Goblin Tamanho : Tamanho &uacute;nico ( Circunfer&ecirc;ncia principal 53-60cm) Materiais : L&aacute;tex Peso : Aproximadamente 170g Componentes : 1 * m&aacute;scara Cor : Como mostrado G&ecirc;nero : Unissex Invent&aacute;rio : Em estoque e pronto para enviar Envio : Transporte expresso e transporte econ&ocirc;mico em todo o&hellip;&nbsp;<\/p>\n","protected":false},"featured_media":41369,"template":"","meta":{"neve_meta_sidebar":"","neve_meta_container":"","neve_meta_enable_content_width":"","neve_meta_content_width":0,"neve_meta_title_alignment":"","neve_meta_author_avatar":"","neve_post_elements_order":"","neve_meta_disable_header":"","neve_meta_disable_footer":"","neve_meta_disable_title":""},"product_brand":[],"product_cat":[30,28,16],"product_tag":[],"class_list":{"0":"post-41375","1":"product","2":"type-product","3":"status-publish","4":"has-post-thumbnail","6":"product_cat-acessorios-acessorios-para-cosplay","7":"product_cat-acessorios-para-cosplay","8":"product_cat-novidades-e-uso-especial","10":"first","11":"instock","12":"shipping-taxable","13":"purchasable","14":"product-type-variable","15":"has-default-attributes"},"jetpack_sharing_enabled":true,"_links":{"self":[{"href":"https:\/\/listman.shop\/costume-br\/wp-json\/wp\/v2\/product\/41375","targetHints":{"allow":["GET"]}}],"collection":[{"href":"https:\/\/listman.shop\/costume-br\/wp-json\/wp\/v2\/product"}],"about":[{"href":"https:\/\/listman.shop\/costume-br\/wp-json\/wp\/v2\/types\/product"}],"wp:featuredmedia":[{"embeddable":true,"href":"https:\/\/listman.shop\/costume-br\/wp-json\/wp\/v2\/media\/41369"}],"wp:attachment":[{"href":"https:\/\/listman.shop\/costume-br\/wp-json\/wp\/v2\/media?parent=41375"}],"wp:term":[{"taxonomy":"product_brand","embeddable":true,"href":"https:\/\/listman.shop\/costume-br\/wp-json\/wp\/v2\/product_brand?post=41375"},{"taxonomy":"product_cat","embeddable":true,"href":"https:\/\/listman.shop\/costume-br\/wp-json\/wp\/v2\/product_cat?post=41375"},{"taxonomy":"product_tag","embeddable":true,"href":"https:\/\/listman.shop\/costume-br\/wp-json\/wp\/v2\/product_tag?post=41375"}],"curies":[{"name":"wp","href":"https:\/\/api.w.org\/{rel}","templated":true}]}}