{"id":4387,"date":"2024-12-09T23:07:22","date_gmt":"2024-12-09T14:07:22","guid":{"rendered":"https:\/\/listman.shop\/costume-br\/product\/1005005413300533\/"},"modified":"2026-04-05T03:41:18","modified_gmt":"2026-04-04T18:41:18","slug":"1005005413300533","status":"publish","type":"product","link":"https:\/\/listman.shop\/costume-br\/product\/1005005413300533\/","title":{"rendered":"Anime akemi homura cosplay traje uniforme de combate meias akemi homura outfits"},"content":{"rendered":"<div class=\"detailmodule_html\">\n<div class=\"detail-desc-decorate-richtext\">\n<p><span style=\"font-size:18px;font-family:Roboto, RobotoDraft, Helvetica, Arial, sans-serif\"><span style=\"font-size:18px;, sans-serif\"><span style=\"font-size:18px\"><strong>fantasia e peruca incluem:<\/strong><\/span><\/span><\/span><span style=\"font-size:18px\"><span style=\"font-size:18px;font-family:Roboto, RobotoDraft, Helvetica, Arial, sans-serif\"><span style=\"font-size:18px;, sans-serif\"><br \/>Camiseta + casaco + saia + la\u00e7o nas costas + la\u00e7o no decote + meias + peruca + faixa de cabe\u00e7a gr\u00e1tis + rede de peruca<\/span><\/span><\/span><\/p>\n<p><span style=\"font-size:18px;font-family:Roboto, RobotoDraft, Helvetica, Arial, sans-serif\"><span style=\"font-size:18px;, sans-serif\"><span style=\"font-size:18px\"><strong>O traje inclui SOMENTE:<\/strong><\/span><\/span><\/span><span style=\"font-size:18px\"><span style=\"font-size:18px;font-family:Roboto, RobotoDraft, Helvetica, Arial, sans-serif\"><span style=\"font-size:18px;, sans-serif\"><br \/>Camiseta + casaco + saia + la\u00e7o nas costas + la\u00e7o no decote + meias (peruca e faixa de cabe\u00e7a n\u00e3o inclu\u00eddas)<\/span><\/span><\/span><span style=\"font-size:18px\"><span style=\"font-size:18px;, sans-serif\"><span style=\"font-size:18px\"><span style=\"font-size:18px;font-family:Roboto, RobotoDraft, Helvetica, Arial, sans-serif\"><br \/>material da peruca: termoestabilidade<\/span><\/span><\/span><\/span><\/p>\n<div><span style=\"font-size:18px\"><span style=\"font-size:18px;, sans-serif\"><span style=\"font-size:18px\"><span style=\"font-size:18px;font-family:Roboto, RobotoDraft, Helvetica, Arial, sans-serif\">Comprimento da peruca: 100cm<\/span><\/span><\/span><\/span><\/div>\n<div><img data-recalc-dims=\"1\" decoding=\"async\" src=\"https:\/\/i0.wp.com\/ae01.alicdn.com\/kf\/Sa39f783613cf42ccbf6465bb248c377eX.jpg?w=1200&#038;ssl=1\"><\/div>\n<div>\n<div>\n<div><img data-recalc-dims=\"1\" decoding=\"async\" src=\"https:\/\/i0.wp.com\/ae01.alicdn.com\/kf\/S004e89d96ee449889b27a7fa0845775cn.jpg?w=1200&#038;ssl=1\"> <img data-recalc-dims=\"1\" decoding=\"async\" src=\"https:\/\/i0.wp.com\/ae01.alicdn.com\/kf\/S44c44f948fa54110b01ef4c95a1091d4s.jpg?w=1200&#038;ssl=1\"> <img data-recalc-dims=\"1\" decoding=\"async\" src=\"https:\/\/i0.wp.com\/ae01.alicdn.com\/kf\/Sa1674dc23afd4642804bbb7cb184b0f3Z.jpg?w=1200&#038;ssl=1\"> <img data-recalc-dims=\"1\" decoding=\"async\" src=\"https:\/\/i0.wp.com\/ae01.alicdn.com\/kf\/S63fcc879391e419e9740f6db0d1433698.jpg?w=1200&#038;ssl=1\"> <img data-recalc-dims=\"1\" decoding=\"async\" class=\"detail-desc-decorate-image\" src=\"https:\/\/i0.wp.com\/ae01.alicdn.com\/kf\/Se41953e60c684184bfbcbce5d01462009.jpg?w=1200&#038;ssl=1\"> <img data-recalc-dims=\"1\" decoding=\"async\" class=\"detail-desc-decorate-image\" src=\"https:\/\/i0.wp.com\/ae01.alicdn.com\/kf\/Sea6f3e2bf9ba45b6bce87c30bd0d34a55.jpg?w=1200&#038;ssl=1\"> <img data-recalc-dims=\"1\" decoding=\"async\" class=\"detail-desc-decorate-image\" src=\"https:\/\/i0.wp.com\/ae01.alicdn.com\/kf\/Sdb73ec4f3aa94a078c559be3b4a83c90O.jpg?w=1200&#038;ssl=1\"> <img data-recalc-dims=\"1\" decoding=\"async\" class=\"detail-desc-decorate-image\" src=\"https:\/\/i0.wp.com\/ae01.alicdn.com\/kf\/S90c89f1181b042d6ba88945b27e49674m.jpg?w=1200&#038;ssl=1\"> <img data-recalc-dims=\"1\" decoding=\"async\" class=\"detail-desc-decorate-image\" src=\"https:\/\/i0.wp.com\/ae01.alicdn.com\/kf\/Sbaf96904737d4ada9e3a7be922d53549o.jpg?w=1200&#038;ssl=1\"> <img data-recalc-dims=\"1\" decoding=\"async\" class=\"detail-desc-decorate-image\" src=\"https:\/\/i0.wp.com\/ae01.alicdn.com\/kf\/S0620db0fd91846ba934b58df2de104eaQ.jpg?w=1200&#038;ssl=1\"> <img data-recalc-dims=\"1\" decoding=\"async\" class=\"detail-desc-decorate-image\" src=\"https:\/\/i0.wp.com\/ae01.alicdn.com\/kf\/S9cb27fb5bf464f0caae7d42ceffffe8eK.jpg?w=1200&#038;ssl=1\"> <img data-recalc-dims=\"1\" decoding=\"async\" class=\"detail-desc-decorate-image\" src=\"https:\/\/i0.wp.com\/ae01.alicdn.com\/kf\/Sa29fb37498254f2fbe779a06dcf5514dq.jpg?w=1200&#038;ssl=1\"><br \/> <img data-recalc-dims=\"1\" decoding=\"async\" src=\"https:\/\/i0.wp.com\/ae01.alicdn.com\/kf\/S2dd083631740454e99561785f3aa231eX.jpg?w=1200&#038;ssl=1\"><\/div>\n<div><img data-recalc-dims=\"1\" decoding=\"async\" src=\"https:\/\/i0.wp.com\/ae01.alicdn.com\/kf\/S611077d2c2a14b2d8b77273e6a1833e06.jpg?w=1200&#038;ssl=1\"> <img data-recalc-dims=\"1\" decoding=\"async\" src=\"https:\/\/i0.wp.com\/ae01.alicdn.com\/kf\/S76da8f69065c458696186c8d6a9b2dddE.jpg?w=1200&#038;ssl=1\"><\/div>\n<div><img data-recalc-dims=\"1\" decoding=\"async\" src=\"https:\/\/i0.wp.com\/ae01.alicdn.com\/kf\/S4ecda44a9b214e5b9a0fb7a772bafa60i.jpg?w=1200&#038;ssl=1\"><\/div>\n<\/div>\n<\/div>\n<p><\/p>\n<\/div>\n<\/div>\n","protected":false},"excerpt":{"rendered":"<p>fantasia e peruca incluem:Camiseta + casaco + saia + la\u00e7o nas costas + la\u00e7o no decote + meias + peruca + faixa de cabe\u00e7a gr\u00e1tis + rede de peruca O traje inclui SOMENTE:Camiseta + casaco + saia + la\u00e7o nas costas + la\u00e7o no decote + meias (peruca e faixa de cabe\u00e7a n\u00e3o inclu\u00eddas)material da&hellip;&nbsp;<\/p>\n","protected":false},"featured_media":4381,"template":"","meta":{"neve_meta_sidebar":"","neve_meta_container":"","neve_meta_enable_content_width":"","neve_meta_content_width":0,"neve_meta_title_alignment":"","neve_meta_author_avatar":"","neve_post_elements_order":"","neve_meta_disable_header":"","neve_meta_disable_footer":"","neve_meta_disable_title":""},"product_brand":[],"product_cat":[38,16,39],"product_tag":[],"class_list":{"0":"post-4387","1":"product","2":"type-product","3":"status-publish","4":"has-post-thumbnail","6":"product_cat-fantasias-de-cosplay","7":"product_cat-novidades-e-uso-especial","8":"product_cat-trajes-de-cosplay-desativar-fantasias-de-cosplay","10":"first","11":"instock","12":"shipping-taxable","13":"purchasable","14":"product-type-variable","15":"has-default-attributes"},"jetpack_sharing_enabled":true,"_links":{"self":[{"href":"https:\/\/listman.shop\/costume-br\/wp-json\/wp\/v2\/product\/4387","targetHints":{"allow":["GET"]}}],"collection":[{"href":"https:\/\/listman.shop\/costume-br\/wp-json\/wp\/v2\/product"}],"about":[{"href":"https:\/\/listman.shop\/costume-br\/wp-json\/wp\/v2\/types\/product"}],"wp:featuredmedia":[{"embeddable":true,"href":"https:\/\/listman.shop\/costume-br\/wp-json\/wp\/v2\/media\/4381"}],"wp:attachment":[{"href":"https:\/\/listman.shop\/costume-br\/wp-json\/wp\/v2\/media?parent=4387"}],"wp:term":[{"taxonomy":"product_brand","embeddable":true,"href":"https:\/\/listman.shop\/costume-br\/wp-json\/wp\/v2\/product_brand?post=4387"},{"taxonomy":"product_cat","embeddable":true,"href":"https:\/\/listman.shop\/costume-br\/wp-json\/wp\/v2\/product_cat?post=4387"},{"taxonomy":"product_tag","embeddable":true,"href":"https:\/\/listman.shop\/costume-br\/wp-json\/wp\/v2\/product_tag?post=4387"}],"curies":[{"name":"wp","href":"https:\/\/api.w.org\/{rel}","templated":true}]}}