{"id":4560,"date":"2024-12-09T23:12:34","date_gmt":"2024-12-09T14:12:34","guid":{"rendered":"https:\/\/listman.shop\/costume-br\/product\/1005005508699011\/"},"modified":"2026-04-05T05:10:11","modified_gmt":"2026-04-04T20:10:11","slug":"1005005508699011","status":"publish","type":"product","link":"https:\/\/listman.shop\/costume-br\/product\/1005005508699011\/","title":{"rendered":"Anime japon\u00eas dem\u00f4nio raposa m\u00e1scara cosplay sabito makomo tanjiro engrossar m\u00e1scaras de animais de pl\u00e1stico festa de halloween traje adere\u00e7os deluxe"},"content":{"rendered":"<div class=\"detailmodule_html\">\n<div class=\"detail-desc-decorate-richtext\">\n<p style=\"font-family:OpenSans;font-size:20px;font-weight:900;line-height:28px;white-space:pre-wrap;margin-bottom:12px\" class=\"detail-desc-decorate-title\">Material: ABS (pl\u00e1stico resistente e espesso)<br \/>Tamanho: tamanho \u00fanico (cabe\u00e7a 50-55cm)<br \/>Ocasi\u00e3o: Halloween, Festa.cet.<br \/>Pacote: 1 * m\u00e1scara<\/p>\n<p>Caracter\u00edsticas: O material \u00e9 ABS (pl\u00e1stico r\u00edgido), tem boa forma. fica \u00f3timo para cole\u00e7\u00e3o, se voc\u00ea \u00e9 f\u00e3, por favor, n\u00e3o perca.<br \/><img data-recalc-dims=\"1\" decoding=\"async\" src=\"https:\/\/i0.wp.com\/ae01.alicdn.com\/kf\/Sc4d1b3e8aa544c81819ea57d527e5228s.jpg?w=1200&#038;ssl=1\"><\/p>\n<div class=\"detailmodule_image\"><img data-recalc-dims=\"1\" decoding=\"async\" class=\"detail-desc-decorate-image\" src=\"https:\/\/i0.wp.com\/ae01.alicdn.com\/kf\/H6da959e796f340269b83b8ac69b55355c.jpg?w=1200&#038;ssl=1\"><img data-recalc-dims=\"1\" decoding=\"async\" class=\"detail-desc-decorate-image\" src=\"https:\/\/i0.wp.com\/ae01.alicdn.com\/kf\/H401a9ac069874fb5990ef41a26ddfd3cU.jpg?w=1200&#038;ssl=1\"><img data-recalc-dims=\"1\" decoding=\"async\" class=\"detail-desc-decorate-image\" src=\"https:\/\/i0.wp.com\/ae01.alicdn.com\/kf\/Hb476549951994ce782d83cd8d692da02b.jpg?w=1200&#038;ssl=1\"><img data-recalc-dims=\"1\" decoding=\"async\" class=\"detail-desc-decorate-image\" src=\"https:\/\/i0.wp.com\/ae01.alicdn.com\/kf\/H2b6db51ee7004f9f8ebbba9dced21551g.jpg?w=1200&#038;ssl=1\"><img data-recalc-dims=\"1\" decoding=\"async\" class=\"detail-desc-decorate-image\" src=\"https:\/\/i0.wp.com\/ae01.alicdn.com\/kf\/H0b6cc93c6b514adc9577b0382519925as.jpg?w=1200&#038;ssl=1\"><img data-recalc-dims=\"1\" decoding=\"async\" class=\"detail-desc-decorate-image\" src=\"https:\/\/i0.wp.com\/ae01.alicdn.com\/kf\/Hc3ca5a90f0564dc6b3eade31dbedac83n.jpg?w=1200&#038;ssl=1\"><img data-recalc-dims=\"1\" decoding=\"async\" class=\"detail-desc-decorate-image\" src=\"https:\/\/i0.wp.com\/ae01.alicdn.com\/kf\/H6672507e6628454a9d330cda89b8b0a2O.jpg?w=1200&#038;ssl=1\"><img data-recalc-dims=\"1\" decoding=\"async\" class=\"detail-desc-decorate-image\" src=\"https:\/\/i0.wp.com\/ae01.alicdn.com\/kf\/H8f4e55d119634194bd467b0858a74ce5G.jpg?w=1200&#038;ssl=1\"><\/div>\n<div class=\"detailmodule_image\"><img data-recalc-dims=\"1\" decoding=\"async\" class=\"detail-desc-decorate-image\" src=\"https:\/\/i0.wp.com\/ae01.alicdn.com\/kf\/H3102d68bef7c4e3c864f2d381b0d8841v.jpg?w=1200&#038;ssl=1\"><img data-recalc-dims=\"1\" decoding=\"async\" class=\"detail-desc-decorate-image\" src=\"https:\/\/i0.wp.com\/ae01.alicdn.com\/kf\/H1e8819225f2b4db6b3de15bfb3e0b885P.jpg?w=1200&#038;ssl=1\"><img data-recalc-dims=\"1\" decoding=\"async\" class=\"detail-desc-decorate-image\" src=\"https:\/\/i0.wp.com\/ae01.alicdn.com\/kf\/Hd0cc1876664f43128705a18f66b24c8eR.jpg?w=1200&#038;ssl=1\"><img data-recalc-dims=\"1\" decoding=\"async\" class=\"detail-desc-decorate-image\" src=\"https:\/\/i0.wp.com\/ae01.alicdn.com\/kf\/Hbdd6384b66764b4883db30384de2bba0e.jpg?w=1200&#038;ssl=1\"><\/div>\n<div class=\"detailmodule_dynamic\"><\/div>\n<p><\/p>\n<\/div>\n<\/div>\n","protected":false},"excerpt":{"rendered":"<p>Material: ABS (pl\u00e1stico resistente e espesso)Tamanho: tamanho \u00fanico (cabe\u00e7a 50-55cm)Ocasi\u00e3o: Halloween, Festa.cet.Pacote: 1 * m\u00e1scara Caracter\u00edsticas: O material \u00e9 ABS (pl\u00e1stico r\u00edgido), tem boa forma. fica \u00f3timo para cole\u00e7\u00e3o, se voc\u00ea \u00e9 f\u00e3, por favor, n\u00e3o perca.<\/p>\n","protected":false},"featured_media":4554,"template":"","meta":{"neve_meta_sidebar":"","neve_meta_container":"","neve_meta_enable_content_width":"","neve_meta_content_width":0,"neve_meta_title_alignment":"","neve_meta_author_avatar":"","neve_post_elements_order":"","neve_meta_disable_header":"","neve_meta_disable_footer":"","neve_meta_disable_title":""},"product_brand":[],"product_cat":[30,28,16],"product_tag":[],"class_list":{"0":"post-4560","1":"product","2":"type-product","3":"status-publish","4":"has-post-thumbnail","6":"product_cat-acessorios-acessorios-para-cosplay","7":"product_cat-acessorios-para-cosplay","8":"product_cat-novidades-e-uso-especial","10":"first","11":"instock","12":"shipping-taxable","13":"purchasable","14":"product-type-variable","15":"has-default-attributes"},"jetpack_sharing_enabled":true,"_links":{"self":[{"href":"https:\/\/listman.shop\/costume-br\/wp-json\/wp\/v2\/product\/4560","targetHints":{"allow":["GET"]}}],"collection":[{"href":"https:\/\/listman.shop\/costume-br\/wp-json\/wp\/v2\/product"}],"about":[{"href":"https:\/\/listman.shop\/costume-br\/wp-json\/wp\/v2\/types\/product"}],"wp:featuredmedia":[{"embeddable":true,"href":"https:\/\/listman.shop\/costume-br\/wp-json\/wp\/v2\/media\/4554"}],"wp:attachment":[{"href":"https:\/\/listman.shop\/costume-br\/wp-json\/wp\/v2\/media?parent=4560"}],"wp:term":[{"taxonomy":"product_brand","embeddable":true,"href":"https:\/\/listman.shop\/costume-br\/wp-json\/wp\/v2\/product_brand?post=4560"},{"taxonomy":"product_cat","embeddable":true,"href":"https:\/\/listman.shop\/costume-br\/wp-json\/wp\/v2\/product_cat?post=4560"},{"taxonomy":"product_tag","embeddable":true,"href":"https:\/\/listman.shop\/costume-br\/wp-json\/wp\/v2\/product_tag?post=4560"}],"curies":[{"name":"wp","href":"https:\/\/api.w.org\/{rel}","templated":true}]}}