{"id":4591,"date":"2024-12-09T23:13:19","date_gmt":"2024-12-09T14:13:19","guid":{"rendered":"https:\/\/listman.shop\/costume-br\/product\/1005005527044762\/"},"modified":"2026-04-05T04:52:20","modified_gmt":"2026-04-04T19:52:20","slug":"1005005527044762","status":"publish","type":"product","link":"https:\/\/listman.shop\/costume-br\/product\/1005005527044762\/","title":{"rendered":"Brdwn Jujutsu Kaisen unissex Yuji Itadori Toge Inumaki adesivos de tatuagem cosplay"},"content":{"rendered":"<div class=\"detailmodule_html\">\n<div class=\"detail-desc-decorate-richtext\">\n<div class=\"detailmodule_html\">\n<div class=\"detail-desc-decorate-richtext\">\n<div class=\"detailmodule_html\">\n<div class=\"detailmodule_html\">\n<div style=\"border-bottom:0px;border-left:0px;border-right:0px;border-top:0px\">\n<table style=\"border-collapse:collapse\" width=\"100%\" cellpadding=\"0\" cellspacing=\"0\">\n<tbody>\n<tr>\n<td>\n<table style=\"border-collapse:collapse;width:100%\" width=\"100%\" cellpadding=\"0\" cellspacing=\"0\">\n<tbody>\n<tr>\n<td colspan=\"3\">\n<p><\/p>\n<\/td>\n<\/tr>\n<tr>\n<td>\n<p><\/p>\n<\/td>\n<td style=\"padding:0px 10px 5px\">\n<p style=\"text-align:center\" align=\"center\"><span style=\"font-size:24px;font-family:verdana, arial, helvetica, sans-serif\">Devido ao problema de luz, a imagem do produto \u00e9 apenas para refer\u00eancia, as imagens e o produto podem ter cor diferente.<\/span><\/p>\n<\/td>\n<\/tr>\n<\/tbody>\n<\/table>\n<\/td>\n<\/tr>\n<\/tbody>\n<\/table>\n<\/div>\n<\/div>\n<div class=\"detailmodule_html\">\n<div>\n<table style=\"border-collapse:collapse;text-align:center;width:95%\" class=\"acttbl\" width=\"95%\" align=\"center\">\n<tbody>\n<tr>\n<td>\n<table style=\"border-collapse:collapse;width:100%\" width=\"100%\">\n<tbody>\n<tr>\n<td>\n<p><\/p>\n<\/td>\n<\/tr>\n<tr>\n<td>\n<table style=\"border-collapse:collapse;text-align:center;width:95%\" class=\"acttbl\" width=\"95%\" cellpadding=\"8\" align=\"center\">\n<tbody>\n<tr>\n<td>\n<div style=\"text-align:center\" align=\"center\"><img data-recalc-dims=\"1\" loading=\"lazy\" decoding=\"async\" width=\"230\" height=\"49\" src=\"https:\/\/i0.wp.com\/ae01.alicdn.com\/kf\/UT8JNyFXaxcXXagOFbXU.jpg?resize=230%2C49\"><\/div>\n<div style=\"text-align:center\" align=\"center\"><\/div>\n<div style=\"text-align:center\" align=\"center\">Nota:<br \/>Devido ao custo dos problemas alfandeg\u00e1rios, n\u00e3o assumimos. Se houver algum problema, discuta comigo com anteced\u00eancia.<\/div>\n<div style=\"text-align:center\" align=\"center\"><span style=\"font-size:24px\">Tamanho total do papel:<\/span><span style=\"font-size:24px;, SimHei\">210mm\u00d7297mm<\/span><\/div>\n<div style=\"text-align:center\" align=\"center\"><\/div>\n<div style=\"text-align:center\" align=\"center\">\n<p><img data-recalc-dims=\"1\" decoding=\"async\" style=\"width:800px\"  src=\"https:\/\/i0.wp.com\/ae01.alicdn.com\/kf\/Hbc4046b4fbbc4ff481d6a24a320f419cx.jpg?w=1200&#038;ssl=1\"><\/p>\n<\/div>\n<div style=\"text-align:center\" align=\"center\"><\/div>\n<div style=\"text-align:center\" align=\"center\">\n<p><img data-recalc-dims=\"1\" decoding=\"async\" style=\"width:800px\"  src=\"https:\/\/i0.wp.com\/ae01.alicdn.com\/kf\/Ha07fcee71b7b43d8b013a0267bba52f39.jpg?w=1200\"><\/p>\n<p><img data-recalc-dims=\"1\" decoding=\"async\" style=\"width:800px\"  src=\"https:\/\/i0.wp.com\/ae01.alicdn.com\/kf\/H511c8364c9704b1e85d3945e680fe757a.jpg?w=1200\"><\/p>\n<p><img data-recalc-dims=\"1\" decoding=\"async\" style=\"width:800px\"  src=\"https:\/\/i0.wp.com\/ae01.alicdn.com\/kf\/H07d8dd9938ea4abd86584124902778abO.jpg?w=1200&#038;ssl=1\"><\/p>\n<p><img data-recalc-dims=\"1\" decoding=\"async\" style=\"width:800px\"  src=\"https:\/\/i0.wp.com\/ae01.alicdn.com\/kf\/H3cdc02248be240129b15e93cad0cdf58V.jpg?w=1200&#038;ssl=1\"><\/p>\n<\/div>\n<div style=\"text-align:center\" align=\"center\"><\/div>\n<\/td>\n<\/tr>\n<\/tbody>\n<\/table>\n<\/td>\n<\/tr>\n<\/tbody>\n<\/table>\n<\/td>\n<\/tr>\n<\/tbody>\n<\/table>\n<\/div>\n<div><\/div>\n<\/div>\n<\/div>\n<\/div>\n<\/div>\n<p><\/p>\n<\/div>\n<\/div>\n","protected":false},"excerpt":{"rendered":"<p>Devido ao problema de luz, a imagem do produto \u00e9 apenas para refer\u00eancia, as imagens e o produto podem ter cor diferente. Nota:Devido ao custo dos problemas alfandeg\u00e1rios, n\u00e3o assumimos. Se houver algum problema, discuta comigo com anteced\u00eancia. Tamanho total do papel:210mm\u00d7297mm<\/p>\n","protected":false},"featured_media":4587,"template":"","meta":{"neve_meta_sidebar":"","neve_meta_container":"","neve_meta_enable_content_width":"","neve_meta_content_width":0,"neve_meta_title_alignment":"","neve_meta_author_avatar":"","neve_post_elements_order":"","neve_meta_disable_header":"","neve_meta_disable_footer":"","neve_meta_disable_title":""},"product_brand":[],"product_cat":[30,28,16],"product_tag":[],"class_list":{"0":"post-4591","1":"product","2":"type-product","3":"status-publish","4":"has-post-thumbnail","6":"product_cat-acessorios-acessorios-para-cosplay","7":"product_cat-acessorios-para-cosplay","8":"product_cat-novidades-e-uso-especial","10":"first","11":"instock","12":"shipping-taxable","13":"purchasable","14":"product-type-variable","15":"has-default-attributes"},"jetpack_sharing_enabled":true,"_links":{"self":[{"href":"https:\/\/listman.shop\/costume-br\/wp-json\/wp\/v2\/product\/4591","targetHints":{"allow":["GET"]}}],"collection":[{"href":"https:\/\/listman.shop\/costume-br\/wp-json\/wp\/v2\/product"}],"about":[{"href":"https:\/\/listman.shop\/costume-br\/wp-json\/wp\/v2\/types\/product"}],"wp:featuredmedia":[{"embeddable":true,"href":"https:\/\/listman.shop\/costume-br\/wp-json\/wp\/v2\/media\/4587"}],"wp:attachment":[{"href":"https:\/\/listman.shop\/costume-br\/wp-json\/wp\/v2\/media?parent=4591"}],"wp:term":[{"taxonomy":"product_brand","embeddable":true,"href":"https:\/\/listman.shop\/costume-br\/wp-json\/wp\/v2\/product_brand?post=4591"},{"taxonomy":"product_cat","embeddable":true,"href":"https:\/\/listman.shop\/costume-br\/wp-json\/wp\/v2\/product_cat?post=4591"},{"taxonomy":"product_tag","embeddable":true,"href":"https:\/\/listman.shop\/costume-br\/wp-json\/wp\/v2\/product_tag?post=4591"}],"curies":[{"name":"wp","href":"https:\/\/api.w.org\/{rel}","templated":true}]}}