{"id":4901,"date":"2024-12-09T23:22:39","date_gmt":"2024-12-09T14:22:39","guid":{"rendered":"https:\/\/listman.shop\/costume-br\/product\/1005005624701085\/"},"modified":"2026-04-05T04:47:17","modified_gmt":"2026-04-04T19:47:17","slug":"1005005624701085","status":"publish","type":"product","link":"https:\/\/listman.shop\/costume-br\/product\/1005005624701085\/","title":{"rendered":"Bungo Stray Dogs Nakajima Atsushi Dazai Osamu Nakahara Chuuya Carteira curta com fecho de press\u00e3o"},"content":{"rendered":"<div class=\"detailmodule_html\">\n<div class=\"detail-desc-decorate-richtext\">\n<div class=\"detailmodule_html\">\n<div class=\"detail-desc-decorate-richtext\">\n<p align=\"center\" style=\"text-align:center\"><span style=\"font-size:x-small;, verdana\"><span style=\"font-size:x-small;font-family:verdana, arial, helvetica, sans-serif\">S\u00e9rie: carteira curta<\/span><\/span><\/p>\n<p align=\"center\" style=\"text-align:center\"><span style=\"font-size:x-small;, verdana\"><span style=\"font-size:x-small;font-family:verdana, arial, helvetica, sans-serif\">Material: couro PU<\/span><\/span><\/p>\n<p align=\"center\" style=\"text-align:center\"><span style=\"font-size:x-small;, verdana\"><span style=\"font-size:x-small;font-family:verdana, arial, helvetica, sans-serif\">Tamanho: 11,8*9*1,7 cm(4,6*3,5*0,7 pol.)<\/span><\/span><\/p>\n<p align=\"center\" style=\"text-align:center\"><span style=\"font-size:x-small;, verdana\"><span style=\"font-size:x-small;font-family:verdana, arial, helvetica, sans-serif\">Estrutura: 1 bolso para dinheiro, 5 bolsos para cart\u00f5es, 1 bolso para moedas, 1 bolso para fotos<\/span><\/span><span style=\"font-size:x-small;, verdana\"><br \/><\/span><span style=\"font-size:x-small;, verdana\"><span style=\"font-size:x-small;font-family:verdana, arial, helvetica, sans-serif\">Peso: 95 g\/p\u00e7s<\/span><\/span><span style=\"font-size:x-small;, verdana\"><br \/><\/span><span style=\"font-size:x-small;, verdana\"><span style=\"font-size:x-small;font-family:verdana, arial, helvetica, sans-serif\">Cor: como imagem<\/span><\/span><span style=\"font-size:x-small;, verdana\"><br \/><\/span><span style=\"font-size:x-small;, verdana\"><span style=\"font-size:x-small;font-family:verdana, arial, helvetica, sans-serif\">Embalagem: Saco OPP<\/span><\/span><\/p>\n<p align=\"center\" style=\"text-align:center\"><span style=\"font-size:x-small;, verdana\"><span style=\"font-size:x-small;font-family:verdana, arial, helvetica, sans-serif\">Local ou origem: na China<\/span><\/span><span style=\"font-size:x-small;, verdana\"><br \/><\/span><span style=\"font-size:x-small;, verdana\"><span style=\"font-size:x-small;font-family:verdana, arial, helvetica, sans-serif\">\u00d3timo para cole\u00e7\u00e3o ou como presente<\/span><\/span><span style=\"font-size:x-small;, verdana\">.<\/span><\/p>\n<div><\/div>\n<p><\/p>\n<p align=\"center\" style=\"text-align:center\"><img data-recalc-dims=\"1\" decoding=\"async\" style=\"width:800px\"  src=\"https:\/\/i0.wp.com\/ae01.alicdn.com\/kf\/Saf6ed513929541fb84a2546e2eff7f21A.jpg?w=1200&#038;ssl=1\"><\/p>\n<p><\/p>\n<p align=\"center\" style=\"text-align:center\"><img data-recalc-dims=\"1\" decoding=\"async\" style=\"width:800px\"  src=\"https:\/\/i0.wp.com\/ae01.alicdn.com\/kf\/Sc69da08945104180925d76266c778521f.jpg?w=1200&#038;ssl=1\"><\/p>\n<p align=\"center\" style=\"text-align:center\"><img data-recalc-dims=\"1\" decoding=\"async\" style=\"width:800px\"  src=\"https:\/\/i0.wp.com\/ae01.alicdn.com\/kf\/Sfb86e0d1fd994bfaa25ac9c3c3d06beaO.jpg?w=1200&#038;ssl=1\"><\/p>\n<\/div>\n<\/div>\n<p><\/div>\n<\/div>\n","protected":false},"excerpt":{"rendered":"<p>S\u00e9rie: carteira curta Material: couro PU Tamanho: 11,8*9*1,7 cm(4,6*3,5*0,7 pol.) Estrutura: 1 bolso para dinheiro, 5 bolsos para cart\u00f5es, 1 bolso para moedas, 1 bolso para fotosPeso: 95 g\/p\u00e7sCor: como imagemEmbalagem: Saco OPP Local ou origem: na China\u00d3timo para cole\u00e7\u00e3o ou como presente.<\/p>\n","protected":false},"featured_media":4899,"template":"","meta":{"neve_meta_sidebar":"","neve_meta_container":"","neve_meta_enable_content_width":"","neve_meta_content_width":0,"neve_meta_title_alignment":"","neve_meta_author_avatar":"","neve_post_elements_order":"","neve_meta_disable_header":"","neve_meta_disable_footer":"","neve_meta_disable_title":""},"product_brand":[],"product_cat":[30,28,16],"product_tag":[],"class_list":{"0":"post-4901","1":"product","2":"type-product","3":"status-publish","4":"has-post-thumbnail","6":"product_cat-acessorios-acessorios-para-cosplay","7":"product_cat-acessorios-para-cosplay","8":"product_cat-novidades-e-uso-especial","10":"first","11":"instock","12":"shipping-taxable","13":"purchasable","14":"product-type-variable","15":"has-default-attributes"},"jetpack_sharing_enabled":true,"_links":{"self":[{"href":"https:\/\/listman.shop\/costume-br\/wp-json\/wp\/v2\/product\/4901","targetHints":{"allow":["GET"]}}],"collection":[{"href":"https:\/\/listman.shop\/costume-br\/wp-json\/wp\/v2\/product"}],"about":[{"href":"https:\/\/listman.shop\/costume-br\/wp-json\/wp\/v2\/types\/product"}],"wp:featuredmedia":[{"embeddable":true,"href":"https:\/\/listman.shop\/costume-br\/wp-json\/wp\/v2\/media\/4899"}],"wp:attachment":[{"href":"https:\/\/listman.shop\/costume-br\/wp-json\/wp\/v2\/media?parent=4901"}],"wp:term":[{"taxonomy":"product_brand","embeddable":true,"href":"https:\/\/listman.shop\/costume-br\/wp-json\/wp\/v2\/product_brand?post=4901"},{"taxonomy":"product_cat","embeddable":true,"href":"https:\/\/listman.shop\/costume-br\/wp-json\/wp\/v2\/product_cat?post=4901"},{"taxonomy":"product_tag","embeddable":true,"href":"https:\/\/listman.shop\/costume-br\/wp-json\/wp\/v2\/product_tag?post=4901"}],"curies":[{"name":"wp","href":"https:\/\/api.w.org\/{rel}","templated":true}]}}