{"id":5065,"date":"2024-12-09T23:27:02","date_gmt":"2024-12-09T14:27:02","guid":{"rendered":"https:\/\/listman.shop\/costume-br\/product\/1005005682192125\/"},"modified":"2026-04-08T12:46:58","modified_gmt":"2026-04-08T03:46:58","slug":"1005005682192125","status":"publish","type":"product","link":"https:\/\/listman.shop\/costume-br\/product\/1005005682192125\/","title":{"rendered":"Halloween adulto crian\u00e7as astronauta traje casais spaceman cosplay espa\u00e7o terno halloween festa de fam\u00edlia vestir-se presente anivers\u00e1rio"},"content":{"rendered":"<div class=\"detailmodule_html\">\n<div class=\"detail-desc-decorate-richtext\">\n<div class=\"detailmodule_html\">\n<div class=\"detail-desc-decorate-richtext\">\n<div id=\"offer-template-0\">&nbsp;<\/div>\n<div>&nbsp;<\/div>\n<p align=\"center\" style=\"text-align:center\"><span style=\"font-size:20px\">Ajuste de altura infantil: M(130cm),L(140cm),XL (150cm)<\/p>\n<p>Tamanho M infantil \u2013 busto: 80cm; cintura: 60cm; comprimento: 119cm; comprimento da manga: 45cm<\/p>\n<p>Tamanho infantil L &#8211; Busto: 86CM; Cintura: 66CM; Comprimento: 124CM; Comprimento da manga: 48CM<\/p>\n<p>Tamanho XL infantil \u2013 Busto: 92CM; Cintura: 72CM; Comprimento: 129CM; Comprimento da manga: 51CM<\/span><\/p>\n<p align=\"center\" style=\"text-align:center\"><img data-recalc-dims=\"1\" decoding=\"async\" src=\"https:\/\/i0.wp.com\/ae01.alicdn.com\/kf\/S413fa4f775214afb8ad7ca228c2c17e0P.jpg?w=1200&#038;ssl=1\"><img data-recalc-dims=\"1\" decoding=\"async\" src=\"https:\/\/i0.wp.com\/ae01.alicdn.com\/kf\/S81e29f2f027449e9affdba50d6b4a777d.jpg?w=1200&#038;ssl=1\"><br \/>\n<img data-recalc-dims=\"1\" decoding=\"async\" src=\"https:\/\/i0.wp.com\/ae01.alicdn.com\/kf\/Sce789c4fc9b1434eafde3e997ebf4888I.jpg?w=1200&#038;ssl=1\"><img data-recalc-dims=\"1\" decoding=\"async\" src=\"https:\/\/i0.wp.com\/ae01.alicdn.com\/kf\/S61b20febda8c447a9bee70c033cbe428y.jpg?w=1200&#038;ssl=1\"><img data-recalc-dims=\"1\" decoding=\"async\" src=\"https:\/\/i0.wp.com\/ae01.alicdn.com\/kf\/S06d97ab30077419bab9bbdbeea25f0e2w.jpg?w=1200&#038;ssl=1\"><br \/>\n<img data-recalc-dims=\"1\" loading=\"lazy\" decoding=\"async\" height=\"790\" src=\"https:\/\/i0.wp.com\/ae01.alicdn.com\/kf\/S6718ebad8ebc4c46bd4257f2613f6a4bO.jpg?resize=790%2C790&#038;ssl=1\" width=\"790\"><\/p>\n<p><img data-recalc-dims=\"1\" loading=\"lazy\" decoding=\"async\" height=\"790\" src=\"https:\/\/i0.wp.com\/ae01.alicdn.com\/kf\/S0ad627168e46452585c6ca6b779d2448A.jpg?resize=790%2C790&#038;ssl=1\" width=\"790\"><\/p>\n<p><img data-recalc-dims=\"1\" loading=\"lazy\" decoding=\"async\" height=\"790\" src=\"https:\/\/i0.wp.com\/ae01.alicdn.com\/kf\/S346a2851c2ee46aab4d007e42e00f277b.jpg?resize=790%2C790&#038;ssl=1\" width=\"790\"><\/p>\n<p><img data-recalc-dims=\"1\" loading=\"lazy\" decoding=\"async\" height=\"790\" src=\"https:\/\/i0.wp.com\/ae01.alicdn.com\/kf\/S195649948c7e47948a0f3bd46375fe771.jpg?resize=790%2C790&#038;ssl=1\" width=\"790\"><\/p>\n<p><img data-recalc-dims=\"1\" loading=\"lazy\" decoding=\"async\" height=\"790\" src=\"https:\/\/i0.wp.com\/ae01.alicdn.com\/kf\/S3fbd98ecd33e49e0a7c87e52e2008ea2S.jpg?resize=790%2C790&#038;ssl=1\" width=\"790\"><\/p>\n<p><img data-recalc-dims=\"1\" loading=\"lazy\" decoding=\"async\" height=\"790\" src=\"https:\/\/i0.wp.com\/ae01.alicdn.com\/kf\/S72411593606845429d8e1b9af28f29913.jpg?resize=790%2C790&#038;ssl=1\" width=\"790\"><\/p>\n<p><img data-recalc-dims=\"1\" loading=\"lazy\" decoding=\"async\" height=\"790\" src=\"https:\/\/i0.wp.com\/ae01.alicdn.com\/kf\/Sd29d0aaea7a146ef93940cbc211b22edl.jpg?resize=790%2C790&#038;ssl=1\" width=\"790\"><\/p>\n<p><img data-recalc-dims=\"1\" loading=\"lazy\" decoding=\"async\" height=\"790\" src=\"https:\/\/i0.wp.com\/ae01.alicdn.com\/kf\/Sf46f591742a840dbbb5b8d5bf1f8b84bU.jpg?resize=790%2C790&#038;ssl=1\" width=\"790\"><\/p>\n<p><img data-recalc-dims=\"1\" loading=\"lazy\" decoding=\"async\" height=\"790\" src=\"https:\/\/i0.wp.com\/ae01.alicdn.com\/kf\/S6840b4a1fed74f44bbfa59b2a48ae790O.jpg?resize=790%2C790&#038;ssl=1\" width=\"790\"><\/p>\n<p><img data-recalc-dims=\"1\" loading=\"lazy\" decoding=\"async\" height=\"790\" src=\"https:\/\/i0.wp.com\/ae01.alicdn.com\/kf\/S22f83a5e933d46bcbfef03dc7c6cc047B.jpg?resize=790%2C790&#038;ssl=1\" width=\"790\"><\/p>\n<p>\n<img data-recalc-dims=\"1\" loading=\"lazy\" decoding=\"async\" height=\"790\" src=\"https:\/\/i0.wp.com\/ae01.alicdn.com\/kf\/S537d3a82aafb4516a842583fd533880dY.jpg?resize=790%2C790&#038;ssl=1\" width=\"790\"><\/p>\n<p><img data-recalc-dims=\"1\" loading=\"lazy\" decoding=\"async\" height=\"790\" src=\"https:\/\/i0.wp.com\/ae01.alicdn.com\/kf\/S27a27290bef1460c955c813fb17f21f3K.jpg?resize=790%2C790&#038;ssl=1\" width=\"790\"><\/p>\n<p><img data-recalc-dims=\"1\" loading=\"lazy\" decoding=\"async\" height=\"790\" src=\"https:\/\/i0.wp.com\/ae01.alicdn.com\/kf\/S998a431ae13a49c3b7d28afac03a2290e.jpg?resize=790%2C790&#038;ssl=1\" width=\"790\"><\/p>\n<p><img data-recalc-dims=\"1\" loading=\"lazy\" decoding=\"async\" height=\"790\" src=\"https:\/\/i0.wp.com\/ae01.alicdn.com\/kf\/S2b45564c305041ea8b1797d02a2b39544.jpg?resize=790%2C790&#038;ssl=1\" width=\"790\"><\/p>\n<p><img data-recalc-dims=\"1\" loading=\"lazy\" decoding=\"async\" height=\"790\" src=\"https:\/\/i0.wp.com\/ae01.alicdn.com\/kf\/S1d0486601e3841138b6c65ad4551923ea.jpg?resize=790%2C790&#038;ssl=1\" width=\"790\"><\/p>\n<p><img data-recalc-dims=\"1\" decoding=\"async\"  src=\"https:\/\/i0.wp.com\/ae01.alicdn.com\/kf\/S65757eeff62c4779b365c2d33ff02845g.jpg?w=790&#038;ssl=1\" ><\/p>\n<p><img data-recalc-dims=\"1\" loading=\"lazy\" decoding=\"async\" height=\"790\" src=\"https:\/\/i0.wp.com\/ae01.alicdn.com\/kf\/Sf141b1fdeff6473488514f5a034812cdo.jpg?resize=790%2C790&#038;ssl=1\" width=\"790\"><\/p>\n<p><img data-recalc-dims=\"1\" loading=\"lazy\" decoding=\"async\" height=\"790\" src=\"https:\/\/i0.wp.com\/ae01.alicdn.com\/kf\/S536d4ed556844be99dabb148e26f5651Z.jpg?resize=790%2C790&#038;ssl=1\" width=\"790\"><br \/>\n<img data-recalc-dims=\"1\" decoding=\"async\" src=\"https:\/\/i0.wp.com\/ae01.alicdn.com\/kf\/S832d555c0d104717acdfce24882a5bc3h.jpg?w=1200&#038;ssl=1\"><img data-recalc-dims=\"1\" decoding=\"async\" src=\"https:\/\/i0.wp.com\/ae01.alicdn.com\/kf\/S4e4e358038ad4c0c85e69f7b74780f1eZ.jpg?w=1200&#038;ssl=1\"><\/p>\n<p>&nbsp;<\/p>\n<\/div>\n<\/div>\n<\/div>\n<\/div>\n","protected":false},"excerpt":{"rendered":"<p>&nbsp; &nbsp; Ajuste de altura infantil: M(130cm),L(140cm),XL (150cm) Tamanho M infantil \u2013 busto: 80cm; cintura: 60cm; comprimento: 119cm; comprimento da manga: 45cm Tamanho infantil L &#8211; Busto: 86CM; Cintura: 66CM; Comprimento: 124CM; Comprimento da manga: 48CM Tamanho XL infantil \u2013 Busto: 92CM; Cintura: 72CM; Comprimento: 129CM; Comprimento da manga: 51CM &nbsp;<\/p>\n","protected":false},"featured_media":5059,"template":"","meta":{"neve_meta_sidebar":"","neve_meta_container":"","neve_meta_enable_content_width":"","neve_meta_content_width":0,"neve_meta_title_alignment":"","neve_meta_author_avatar":"","neve_post_elements_order":"","neve_meta_disable_header":"","neve_meta_disable_footer":"","neve_meta_disable_title":""},"product_brand":[],"product_cat":[38,16,39],"product_tag":[],"class_list":{"0":"post-5065","1":"product","2":"type-product","3":"status-publish","4":"has-post-thumbnail","6":"product_cat-fantasias-de-cosplay","7":"product_cat-novidades-e-uso-especial","8":"product_cat-trajes-de-cosplay-desativar-fantasias-de-cosplay","10":"first","11":"instock","12":"shipping-taxable","13":"purchasable","14":"product-type-variable","15":"has-default-attributes"},"jetpack_sharing_enabled":true,"_links":{"self":[{"href":"https:\/\/listman.shop\/costume-br\/wp-json\/wp\/v2\/product\/5065","targetHints":{"allow":["GET"]}}],"collection":[{"href":"https:\/\/listman.shop\/costume-br\/wp-json\/wp\/v2\/product"}],"about":[{"href":"https:\/\/listman.shop\/costume-br\/wp-json\/wp\/v2\/types\/product"}],"wp:featuredmedia":[{"embeddable":true,"href":"https:\/\/listman.shop\/costume-br\/wp-json\/wp\/v2\/media\/5059"}],"wp:attachment":[{"href":"https:\/\/listman.shop\/costume-br\/wp-json\/wp\/v2\/media?parent=5065"}],"wp:term":[{"taxonomy":"product_brand","embeddable":true,"href":"https:\/\/listman.shop\/costume-br\/wp-json\/wp\/v2\/product_brand?post=5065"},{"taxonomy":"product_cat","embeddable":true,"href":"https:\/\/listman.shop\/costume-br\/wp-json\/wp\/v2\/product_cat?post=5065"},{"taxonomy":"product_tag","embeddable":true,"href":"https:\/\/listman.shop\/costume-br\/wp-json\/wp\/v2\/product_tag?post=5065"}],"curies":[{"name":"wp","href":"https:\/\/api.w.org\/{rel}","templated":true}]}}