{"id":5096,"date":"2024-12-09T23:27:56","date_gmt":"2024-12-09T14:27:56","guid":{"rendered":"https:\/\/listman.shop\/costume-br\/product\/1005005682691397\/"},"modified":"2026-04-05T04:38:01","modified_gmt":"2026-04-04T19:38:01","slug":"1005005682691397","status":"publish","type":"product","link":"https:\/\/listman.shop\/costume-br\/product\/1005005682691397\/","title":{"rendered":"Design original ovelha kc Lolita feito \u00e0 m\u00e3o bandana orelhas de cordeiro cocar animal"},"content":{"rendered":"<div class=\"detailmodule_html\">\n<div class=\"detail-desc-decorate-richtext\">\n<div class=\"detailmodule_html\">\n<div class=\"detail-desc-decorate-richtext\">\n<div><span style=\"font-size:16px\"><strong>Design original ovelha kc lolita artesanal bandana orelhas de cordeiro cocar animal<\/strong><\/span><\/div>\n<p style=\"text-align:left;margin:0px;margin-bottom:0px;margin-top:0px;margin-left:0px;margin-right:0px\" align=\"left\"><img data-recalc-dims=\"1\" decoding=\"async\" style=\"width:800px\"  src=\"https:\/\/i0.wp.com\/ae01.alicdn.com\/kf\/S5d4c7073ab124f67ac65db298f34dc5ce.jpg?w=1200&#038;ssl=1\"><img data-recalc-dims=\"1\" decoding=\"async\" style=\"width:800px\"  src=\"https:\/\/i0.wp.com\/ae01.alicdn.com\/kf\/S445202178a1149b697a7c5ff0cf625e6F.jpg?w=1200&#038;ssl=1\"><img data-recalc-dims=\"1\" decoding=\"async\" style=\"width:800px\"  src=\"https:\/\/i0.wp.com\/ae01.alicdn.com\/kf\/S6c538ac5b3e14f99a4f1608169d5ad4bw.jpg?w=1200&#038;ssl=1\"><img data-recalc-dims=\"1\" decoding=\"async\" style=\"width:800px\"  src=\"https:\/\/i0.wp.com\/ae01.alicdn.com\/kf\/S2a8c3aadb6cc418daeb0adb5f5f802a5s.jpg?w=1200&#038;ssl=1\"><img data-recalc-dims=\"1\" decoding=\"async\" style=\"width:800px\"  src=\"https:\/\/i0.wp.com\/ae01.alicdn.com\/kf\/S238db00661cc49d9bf502a107d6d8c66A.jpg?w=1200&#038;ssl=1\"><img data-recalc-dims=\"1\" decoding=\"async\" style=\"width:800px\"  src=\"https:\/\/i0.wp.com\/ae01.alicdn.com\/kf\/Sf559ccefe78d42baae3f6b82a2c18f03z.jpg?w=1200&#038;ssl=1\"><img data-recalc-dims=\"1\" decoding=\"async\" style=\"width:800px\"  src=\"https:\/\/i0.wp.com\/ae01.alicdn.com\/kf\/Sff041ae6c9da4539be9d9a01b654c9a6S.jpg?w=1200&#038;ssl=1\"><img data-recalc-dims=\"1\" decoding=\"async\" style=\"width:800px\"  src=\"https:\/\/i0.wp.com\/ae01.alicdn.com\/kf\/S255a387598eb48fa92756114cf09a53bH.jpg?w=1200&#038;ssl=1\"><img data-recalc-dims=\"1\" decoding=\"async\" style=\"width:800px\"  src=\"https:\/\/i0.wp.com\/ae01.alicdn.com\/kf\/Seed8d33fa82646c08315ac2dc8e159b4g.jpg?w=1200&#038;ssl=1\"><img data-recalc-dims=\"1\" decoding=\"async\" style=\"width:800px\"  src=\"https:\/\/i0.wp.com\/ae01.alicdn.com\/kf\/Sc19769659f2d43eda9b22516b7efad51n.jpg?w=1200&#038;ssl=1\"><img data-recalc-dims=\"1\" decoding=\"async\" style=\"width:800px\"  src=\"https:\/\/i0.wp.com\/ae01.alicdn.com\/kf\/Sf84ddb2d2f1a4b2b9e2b332b923f3d75M.jpg?w=1200&#038;ssl=1\"><img data-recalc-dims=\"1\" decoding=\"async\" style=\"width:800px\"  src=\"https:\/\/i0.wp.com\/ae01.alicdn.com\/kf\/Sdb1ea4ae066749bb8bf8dbf04fb1505bb.jpg?w=1200&#038;ssl=1\"><img data-recalc-dims=\"1\" decoding=\"async\" style=\"width:800px\"  src=\"https:\/\/i0.wp.com\/ae01.alicdn.com\/kf\/S041143f05c164b28b7d13dc2c4203c25X.jpg?w=1200&#038;ssl=1\"><img data-recalc-dims=\"1\" decoding=\"async\" style=\"width:800px\"  src=\"https:\/\/i0.wp.com\/ae01.alicdn.com\/kf\/S38c6e6b588f3437a808940b9512017117.jpg?w=1200&#038;ssl=1\"><img data-recalc-dims=\"1\" decoding=\"async\" style=\"width:800px\"  src=\"https:\/\/i0.wp.com\/ae01.alicdn.com\/kf\/Sff041ae6c9da4539be9d9a01b654c9a6S.jpg?w=1200&#038;ssl=1\"><img data-recalc-dims=\"1\" decoding=\"async\" style=\"width:800px\"  src=\"https:\/\/i0.wp.com\/ae01.alicdn.com\/kf\/S689495279adf4f3f80ac27426fdccbdfk.jpg?w=1200&#038;ssl=1\"><img data-recalc-dims=\"1\" decoding=\"async\" style=\"width:800px\"  src=\"https:\/\/i0.wp.com\/ae01.alicdn.com\/kf\/Scad883f444ce434e976fa05cd6a64ffc1.jpg?w=1200&#038;ssl=1\"><\/p>\n<p><strong><span style=\"font-size:18pt\"><span><span><span><span>Nota:<\/span><\/span><\/span><\/span><\/span><\/strong><br \/><span style=\"font-size:12pt\"><span><span><span><span>1. devido ao manual de medi\u00e7\u00e3o, permita uma diferen\u00e7a de 1-2cm.<\/span><\/span><\/span><\/span><\/span><br \/><span style=\"font-size:12pt\"><span><span><span><span>2. devido a muitos fatores, tais como resolu\u00e7\u00e3o, brilho, contraste da tela do computador,<\/span><\/span><\/span><\/span><\/span><br \/><span style=\"font-size:12pt\"><span><span><span><span>A cor verdadeira pode ser ligeiramente diferente da imagem.Para uma final de cor, consulte nosso produto real.<\/span><\/span><\/span><\/span><\/span><\/p>\n<p><strong><span style=\"font-size:18pt\"><span><span><span><span>Sobre uma compra e compra<\/span><\/span><\/span><\/span><\/span><\/strong><br \/><span style=\"font-size:12pt\"><span><span><span><span>N\u00f3s temos nossa pr\u00f3pria f\u00e1brica, que pode trazer you produtos e servi\u00e7os de alta qualidade.<\/span><\/span><\/span><\/span><\/span><br \/><span style=\"font-size:12pt\"><span><span><span><span>Se voc\u00ea tiver muitas necessidades e servi\u00e7os personalizados, por favor entre em contato conosco diretamente e ansioso para trabalhar com voc\u00ea em profundidade<\/span><\/span><\/span><\/span><\/span><\/p>\n<p><strong><span style=\"font-size:18pt\"><span><span><span><span>Sobre o feedback<\/span><\/span><\/span><\/span><\/span><\/strong><br \/><span style=\"font-size:12pt\"><span><span><span><span>N\u00f3s mantemos o alto n\u00edvel de excel\u00eancia e esfor\u00e7amos para 100% de satisfa\u00e7\u00e3o do cliente!Por recebendo,<\/span><\/span><\/span><\/span><\/span><br \/><span style=\"font-size:12pt\"><span><span><span><span>Por favor, n\u00e3o levante obje\u00e7\u00f5es facilmente ou d\u00ea feedback negativo ou neutro.Feedback negativo n\u00e3o pode resolver nenhum problema.<\/span><\/span><\/span><\/span><\/span><br \/><span style=\"font-size:12pt\"><span><span><span><span>If you are not satisfeito com nossos produtos, entre em contato conosco primeiro e we will provide a satisfa\u00e7\u00e3o da solu\u00e7\u00e3o.Obrigado,<\/span><\/span><\/span><\/span><\/span><br \/><span style=\"font-size:12pt\"><span><span><span><span>Desejo-lhe uma compra feliz!<\/span><\/span><\/span><\/span><\/span><\/p>\n<p><span style=\"font-size:12pt\"><span><span><span><span>Se voc\u00ea estiver satisfeito, por favor, d\u00ea um elogio de cinco estrelas! Seu apoio \u00e9 uma motiva\u00e7\u00e3o para persistir nesta loja!<\/span><\/span><\/span><\/span><\/span><span style=\"font-size:10.5pt\"><span style=\"font-family:Calibri\"><br \/><\/span><\/span><img data-recalc-dims=\"1\" decoding=\"async\" style=\"width:800px\"  src=\"https:\/\/i0.wp.com\/ae01.alicdn.com\/kf\/Sa30682b8622b450e956b7865eb7d2871v.jpg?w=1200&#038;ssl=1\"><\/p>\n<div><\/div>\n<\/div>\n<\/div>\n<p><\/p>\n<\/div>\n<\/div>\n","protected":false},"excerpt":{"rendered":"<p>Design original ovelha kc lolita artesanal bandana orelhas de cordeiro cocar animal Nota:1. devido ao manual de medi\u00e7\u00e3o, permita uma diferen\u00e7a de 1-2cm.2. devido a muitos fatores, tais como resolu\u00e7\u00e3o, brilho, contraste da tela do computador,A cor verdadeira pode ser ligeiramente diferente da imagem.Para uma final de cor, consulte nosso produto real. Sobre uma compra&hellip;&nbsp;<\/p>\n","protected":false},"featured_media":5090,"template":"","meta":{"neve_meta_sidebar":"","neve_meta_container":"","neve_meta_enable_content_width":"","neve_meta_content_width":0,"neve_meta_title_alignment":"","neve_meta_author_avatar":"","neve_post_elements_order":"","neve_meta_disable_header":"","neve_meta_disable_footer":"","neve_meta_disable_title":""},"product_brand":[],"product_cat":[30,28,16],"product_tag":[],"class_list":{"0":"post-5096","1":"product","2":"type-product","3":"status-publish","4":"has-post-thumbnail","6":"product_cat-acessorios-acessorios-para-cosplay","7":"product_cat-acessorios-para-cosplay","8":"product_cat-novidades-e-uso-especial","10":"first","11":"instock","12":"shipping-taxable","13":"purchasable","14":"product-type-variable","15":"has-default-attributes"},"jetpack_sharing_enabled":true,"_links":{"self":[{"href":"https:\/\/listman.shop\/costume-br\/wp-json\/wp\/v2\/product\/5096","targetHints":{"allow":["GET"]}}],"collection":[{"href":"https:\/\/listman.shop\/costume-br\/wp-json\/wp\/v2\/product"}],"about":[{"href":"https:\/\/listman.shop\/costume-br\/wp-json\/wp\/v2\/types\/product"}],"wp:featuredmedia":[{"embeddable":true,"href":"https:\/\/listman.shop\/costume-br\/wp-json\/wp\/v2\/media\/5090"}],"wp:attachment":[{"href":"https:\/\/listman.shop\/costume-br\/wp-json\/wp\/v2\/media?parent=5096"}],"wp:term":[{"taxonomy":"product_brand","embeddable":true,"href":"https:\/\/listman.shop\/costume-br\/wp-json\/wp\/v2\/product_brand?post=5096"},{"taxonomy":"product_cat","embeddable":true,"href":"https:\/\/listman.shop\/costume-br\/wp-json\/wp\/v2\/product_cat?post=5096"},{"taxonomy":"product_tag","embeddable":true,"href":"https:\/\/listman.shop\/costume-br\/wp-json\/wp\/v2\/product_tag?post=5096"}],"curies":[{"name":"wp","href":"https:\/\/api.w.org\/{rel}","templated":true}]}}