{"id":5569,"date":"2024-12-09T23:40:02","date_gmt":"2024-12-09T14:40:02","guid":{"rendered":"https:\/\/listman.shop\/costume-br\/product\/1005005787654058\/"},"modified":"2026-04-05T05:11:19","modified_gmt":"2026-04-04T20:11:19","slug":"1005005787654058","status":"publish","type":"product","link":"https:\/\/listman.shop\/costume-br\/product\/1005005787654058\/","title":{"rendered":"G\u00f3tico lolita anime empregada cosplay trajes feminino plus size amor ao vivo cosplay anima\u00e7\u00e3o de halloween doce caf\u00e9 gar\u00e7onete role play"},"content":{"rendered":"<div class=\"detailmodule_html\">\n<div class=\"detail-desc-decorate-richtext\">\n<div class=\"detailmodule_html\">\n<div class=\"detail-desc-decorate-richtext\">\n<div style=\"text-align:center\" align=\"center\">\n   <span style=\"font-size:20px;, Roboto, Arial, Helvetica, sans-serif, SimSun\"><span id=\"tl_1\">Chap&eacute;u * 1 vestido * 1 avental * 1 <br \/>S: Busto: 80 cm Cintura: 65 cm Ombro: 35 cm Comprimento: 80 cm<\/span><\/span><br \/>\n   <br \/>\n   <span style=\"font-size:20px;, Roboto, Arial, Helvetica, sans-serif, SimSun\"><span id=\"tl_2\">M: Busto: 85 cm Cintura: 70 cm Ombro: 37 cm Comprimento: 85 cm<\/span><\/span><br \/>\n   <br \/>\n   <span style=\"font-size:20px;, Roboto, Arial, Helvetica, sans-serif, SimSun\"><span id=\"tl_3\">G:Busto:90cm Cintura:77cm Ombro:39cm Comprimento:90cm<\/span><\/span><br \/>\n   <br \/>\n   <span style=\"font-size:20px;, Roboto, Arial, Helvetica, sans-serif, SimSun\"><span id=\"tl_4\">XL: Busto: 98 cm Cintura: 85 cm Ombro: 42 cm Comprimento: 95 cm<\/span><\/span><br \/>\n   <br \/>\n   <span style=\"font-size:20px;, Roboto, Arial, Helvetica, sans-serif, SimSun\"><span id=\"tl_5\">2XL: Busto: 103 cm Cintura: 90 cm Ombro: 45 cm Comprimento: 96 cm<\/span><\/span><br \/>\n   <br \/>\n   <span style=\"font-size:20px;, Roboto, Arial, Helvetica, sans-serif, SimSun\"><span id=\"tl_6\">3XL: Busto: 107 cm Cintura: 95 cm Ombro: 47 cm Comprimento: 97 cm<\/span><\/span><br \/>\n   <br \/>\n   <span style=\"font-size:20px;, Roboto, Arial, Helvetica, sans-serif, SimSun\"><span id=\"tl_7\">4XL: Busto:113cm Cintura:100cm Ombro:47cm Comprimento:100cm<\/span><\/span><br \/>\n   <span style=\"font-size:20px;, Roboto, Arial, Helvetica, sans-serif, SimSun\"><br \/><\/span><br \/>\n   <span style=\"font-size:20px;, Roboto, Arial, Helvetica, sans-serif, SimSun\"><span style=\"font-size:20px\"><span id=\"tl_8\">5XL: Busto: 118 cm Cintura: 105 cm Ombro: 48 cm Comprimento: 101 cm<\/span><\/span><\/span><br \/>\n   <br \/>\n   <img data-recalc-dims=\"1\" decoding=\"async\" src=\"https:\/\/i0.wp.com\/ae03.alicdn.com\/kf\/S089044a24d7b4b99b2fc0051e2631facl.jpg?w=1200&#038;ssl=1\" \/><br \/>\n   <img data-recalc-dims=\"1\" decoding=\"async\" src=\"https:\/\/i0.wp.com\/ae03.alicdn.com\/kf\/S90701d4592b64cd2aef5dc50a555f61fb.jpg?w=1200&#038;ssl=1\" \/><br \/>\n   <img data-recalc-dims=\"1\" decoding=\"async\" src=\"https:\/\/i0.wp.com\/ae03.alicdn.com\/kf\/S6de8b4e2734a4d6faff0b4124158f5a7e.jpg?w=1200&#038;ssl=1\" \/><br \/>\n   <img data-recalc-dims=\"1\" decoding=\"async\" src=\"https:\/\/i0.wp.com\/ae03.alicdn.com\/kf\/S61217e022f1f4a0785f34196bdffe8bd8.jpg?w=1200&#038;ssl=1\" \/><br \/>\n   <img data-recalc-dims=\"1\" decoding=\"async\" src=\"https:\/\/i0.wp.com\/ae03.alicdn.com\/kf\/Sf2cefd8e00494570aa4c55fd8e2d5081e.jpg?w=1200&#038;ssl=1\" \/><br \/>\n   <img data-recalc-dims=\"1\" decoding=\"async\" src=\"https:\/\/i0.wp.com\/ae03.alicdn.com\/kf\/S272774ab19a34626ac58f4a1177264b4i.jpg?w=1200&#038;ssl=1\" \/><br \/>\n   <img data-recalc-dims=\"1\" decoding=\"async\" src=\"https:\/\/i0.wp.com\/ae03.alicdn.com\/kf\/S1950e35b50bf4301879ba9e8ba7e7ba9v.jpg?w=1200&#038;ssl=1\" \/><br \/>\n   <img data-recalc-dims=\"1\" decoding=\"async\" src=\"https:\/\/i0.wp.com\/ae03.alicdn.com\/kf\/S723edf1bc978457aa03703794326cc55G.jpg?w=1200&#038;ssl=1\" \/><br \/>\n   <img data-recalc-dims=\"1\" decoding=\"async\" src=\"https:\/\/i0.wp.com\/ae03.alicdn.com\/kf\/S6af44c603d814407a2bc58bec59ffe44f.jpg?w=1200&#038;ssl=1\" \/><br \/>\n   <img data-recalc-dims=\"1\" decoding=\"async\" src=\"https:\/\/i0.wp.com\/ae03.alicdn.com\/kf\/S7833e4d08ffb4ba7ac28ce2df51034fds.jpg?w=1200&#038;ssl=1\" \/><br \/>\n   <img data-recalc-dims=\"1\" decoding=\"async\" src=\"https:\/\/i0.wp.com\/ae03.alicdn.com\/kf\/Sa05499c97d364e5493d66e70c5e7249bw.jpg?w=1200&#038;ssl=1\" \/>\n  <\/div>\n<\/p><\/div>\n<\/div>\n<p><\/div>\n<\/div>\n","protected":false},"excerpt":{"rendered":"<p>Chap&eacute;u * 1 vestido * 1 avental * 1 S: Busto: 80 cm Cintura: 65 cm Ombro: 35 cm Comprimento: 80 cm M: Busto: 85 cm Cintura: 70 cm Ombro: 37 cm Comprimento: 85 cm G:Busto:90cm Cintura:77cm Ombro:39cm Comprimento:90cm XL: Busto: 98 cm Cintura: 85 cm Ombro: 42 cm Comprimento: 95 cm 2XL: Busto: 103&hellip;&nbsp;<\/p>\n","protected":false},"featured_media":5563,"template":"","meta":{"neve_meta_sidebar":"","neve_meta_container":"","neve_meta_enable_content_width":"","neve_meta_content_width":0,"neve_meta_title_alignment":"","neve_meta_author_avatar":"","neve_post_elements_order":"","neve_meta_disable_header":"","neve_meta_disable_footer":"","neve_meta_disable_title":""},"product_brand":[],"product_cat":[38,16,39],"product_tag":[],"class_list":{"0":"post-5569","1":"product","2":"type-product","3":"status-publish","4":"has-post-thumbnail","6":"product_cat-fantasias-de-cosplay","7":"product_cat-novidades-e-uso-especial","8":"product_cat-trajes-de-cosplay-desativar-fantasias-de-cosplay","10":"first","11":"instock","12":"shipping-taxable","13":"purchasable","14":"product-type-variable","15":"has-default-attributes"},"jetpack_sharing_enabled":true,"_links":{"self":[{"href":"https:\/\/listman.shop\/costume-br\/wp-json\/wp\/v2\/product\/5569","targetHints":{"allow":["GET"]}}],"collection":[{"href":"https:\/\/listman.shop\/costume-br\/wp-json\/wp\/v2\/product"}],"about":[{"href":"https:\/\/listman.shop\/costume-br\/wp-json\/wp\/v2\/types\/product"}],"wp:featuredmedia":[{"embeddable":true,"href":"https:\/\/listman.shop\/costume-br\/wp-json\/wp\/v2\/media\/5563"}],"wp:attachment":[{"href":"https:\/\/listman.shop\/costume-br\/wp-json\/wp\/v2\/media?parent=5569"}],"wp:term":[{"taxonomy":"product_brand","embeddable":true,"href":"https:\/\/listman.shop\/costume-br\/wp-json\/wp\/v2\/product_brand?post=5569"},{"taxonomy":"product_cat","embeddable":true,"href":"https:\/\/listman.shop\/costume-br\/wp-json\/wp\/v2\/product_cat?post=5569"},{"taxonomy":"product_tag","embeddable":true,"href":"https:\/\/listman.shop\/costume-br\/wp-json\/wp\/v2\/product_tag?post=5569"}],"curies":[{"name":"wp","href":"https:\/\/api.w.org\/{rel}","templated":true}]}}