{"id":6255,"date":"2024-12-09T23:58:56","date_gmt":"2024-12-09T14:58:56","guid":{"rendered":"https:\/\/listman.shop\/costume-br\/product\/1005005858772754\/"},"modified":"2026-04-08T12:55:42","modified_gmt":"2026-04-08T03:55:42","slug":"1005005858772754","status":"publish","type":"product","link":"https:\/\/listman.shop\/costume-br\/product\/1005005858772754\/","title":{"rendered":"PESENAR 1920s Moda Flapper Tiara Porta-cigarro Luvas Longas Colar de P\u00e9rolas Grande Gatsby Acess\u00f3rios para Mulheres"},"content":{"rendered":"<div class=\"detailmodule_html\">\n<div class=\"detail-desc-decorate-richtext\">\n<div class=\"detailmodule_html\">\n<div class=\"detail-desc-decorate-richtext\">\n<div class=\"aplus-v2 desktop celwidget\">\n<div class=\"celwidget aplus-module 3p-module-b aplus-standard\">\n<div class=\"aplus-module-wrapper aplus-3p-fixed-width\">\n<div><img data-recalc-dims=\"1\" decoding=\"async\" class=\"a-spacing-base a-lazy-loaded\" src=\"https:\/\/i0.wp.com\/ae01.alicdn.com\/kf\/S9a9b4b003ccc4b7a901f01eaca4c26f8l.jpg?w=1200&#038;ssl=1\"><img data-recalc-dims=\"1\" decoding=\"async\" src=\"https:\/\/i0.wp.com\/ae01.alicdn.com\/kf\/S9a9b4b003ccc4b7a901f01eaca4c26f8l.jpg?w=1200&#038;ssl=1\"><\/div>\n<h3 class=\"a-spacing-mini\"><img data-recalc-dims=\"1\" decoding=\"async\" src=\"https:\/\/i0.wp.com\/ae01.alicdn.com\/kf\/Sc9652fe897754ca3a58c4c099d2833ccP.png?w=1200&#038;ssl=1\"><img data-recalc-dims=\"1\" decoding=\"async\" src=\"https:\/\/i0.wp.com\/ae01.alicdn.com\/kf\/Sa43f74b1fa7843cea1180cec3bbdd086x.png?w=1200&#038;ssl=1\"><img data-recalc-dims=\"1\" decoding=\"async\" src=\"https:\/\/i0.wp.com\/ae01.alicdn.com\/kf\/Sa59cba9134d2457092ca41d9c796e9c97.png?w=1200&#038;ssl=1\"><img data-recalc-dims=\"1\" decoding=\"async\" src=\"https:\/\/i0.wp.com\/ae01.alicdn.com\/kf\/Sd69e9b3ef7194dd184bee572a16e61a68.png?w=1200&#038;ssl=1\">Caracter\u00edsticas:<\/h3>\n<p class=\"a-spacing-base\">1. tamanho adequado cabe na maioria das meninas e mulheres.<\/p>\n<p class=\"a-spacing-base\">2.Alta qualidade, design cl\u00e1ssico e \u00f3timo estilo gatsby dos anos 1920 far\u00e3o voc\u00ea parecer mais charmosa, especial e bonita.<\/p>\n<p class=\"a-spacing-base\">3.\u00c9 um presente maravilhoso para fam\u00edlia, amante, amigos, colegas de trabalho, tamb\u00e9m \u00e9 uma escolha perfeita para festas, acess\u00f3rios de casamento e qualquer ocasi\u00e3o formal.<\/p>\n<\/div>\n<\/div>\n<div class=\"celwidget aplus-module module-2 aplus-standard\">\n<div class=\"aplus-module-wrapper apm-floatnone apm-fixed-width\">\n<div class=\"apm-sidemodule apm-spacing\">\n<div class=\"apm-sidemodule-imageleft\"><img data-recalc-dims=\"1\" decoding=\"async\" class=\"a-lazy-loaded\" src=\"https:\/\/i0.wp.com\/ae01.alicdn.com\/kf\/S85fdd1f4b1ee4e69bcd97e5aa4fb282b8.jpg?w=1200&#038;ssl=1\"><img data-recalc-dims=\"1\" decoding=\"async\" src=\"https:\/\/i0.wp.com\/ae01.alicdn.com\/kf\/S85fdd1f4b1ee4e69bcd97e5aa4fb282b8.jpg?w=1200&#038;ssl=1\"><\/div>\n<div class=\"apm-sidemodule-textright\">\n<h3 class=\"a-spacing-mini\">Especifica\u00e7\u00f5es:<\/h3>\n<p>Cores: Preto, Dourado<\/p>\n<p>Tamanho das luvas de cetim: 16,7 pol.<\/p>\n<p>Porta-cigarro preto: 13 pol.<\/p>\n<p>Tamanho do colar de p\u00e9rolas artificiais: 33,8 pol.<\/p>\n<p>Tamanho da faixa de cabe\u00e7a: tamanho padr\u00e3o para adultos<\/p>\n<\/div>\n<\/div>\n<\/div>\n<div>&nbsp;<\/div>\n<\/div>\n<div class=\"celwidget aplus-module module-3 aplus-standard\">\n<div class=\"aplus-module-wrapper apm-floatnone apm-fixed-width\">\n<div class=\"apm-sidemodule apm-spacing\">\n<div class=\"apm-sidemodule-imageright\"><img data-recalc-dims=\"1\" decoding=\"async\" class=\"a-spacing-mini a-lazy-loaded\" src=\"https:\/\/i0.wp.com\/ae01.alicdn.com\/kf\/S30632cfad3dc4626a8912d11e5dc0480b.jpg?w=1200&#038;ssl=1\"><img data-recalc-dims=\"1\" decoding=\"async\" src=\"https:\/\/i0.wp.com\/ae01.alicdn.com\/kf\/S30632cfad3dc4626a8912d11e5dc0480b.jpg?w=1200&#038;ssl=1\"><\/div>\n<div class=\"apm-sidemodule-textleft\">\n<h3 class=\"a-spacing-mini\">Por que escolher nosso conjunto de acess\u00f3rios 1920?<\/h3>\n<p>1.Adequado para festas de casamento, fantasias de role-playing, festas \u00e0 fantasia, adequado para festas na d\u00e9cada de 1920 e 1930, festas dan\u00e7antes e ocasi\u00f5es art d\u00e9co.<\/p>\n<p>2.O pacote inclui 1 faixa de cabelo de penas, um cord\u00e3o de colar de p\u00e9rolas artificiais, 1 cigarreira, 1 par de luvas longas e 1 par de brincos, um terno perfeito para voc\u00ea.<\/p>\n<p>3.As luvas longas retr\u00f4 de cetim com penas pretas e faixa dourada parecem muito elegantes, adequadas para a maioria dos adolescentes e adultos e muito adequadas para meninas dos anos 1920.<\/p>\n<\/div>\n<\/div>\n<\/div>\n<div>&nbsp;<\/div>\n<\/div>\n<div class=\"celwidget aplus-module module-9 aplus-standard\">\n<div class=\"aplus-module-wrapper apm-fixed-width\">\n<div class=\"apm-spacing apm-fixed-width\">\n<h3 class=\"a-spacing-small\">Imagens de efeito de uso<\/h3>\n<table style=\"border-collapse:collapse\" class=\"apm-fixed-width apm-eventhirdcol-table\">\n<tbody>\n<tr>\n<td style=\"text-align:center\" class=\"apm-center\" align=\"center\">\n<div class=\"apm-eventhirdcol apm-floatleft\">\n<p><img data-recalc-dims=\"1\" decoding=\"async\" class=\"a-spacing-mini a-lazy-loaded\" src=\"https:\/\/i0.wp.com\/ae01.alicdn.com\/kf\/S628b8fe146d24ebab39b6cb0f749c32eQ.jpg?w=1200&#038;ssl=1\"><\/p>\n<div><img data-recalc-dims=\"1\" decoding=\"async\" src=\"https:\/\/i0.wp.com\/ae01.alicdn.com\/kf\/S628b8fe146d24ebab39b6cb0f749c32eQ.jpg?w=1200&#038;ssl=1\"><\/div>\n<\/div>\n<\/td>\n<td style=\"text-align:center\" class=\"apm-center\" align=\"center\">\n<div class=\"apm-eventhirdcol apm-floatleft\">\n<p><img data-recalc-dims=\"1\" decoding=\"async\" class=\"a-spacing-mini a-lazy-loaded\" src=\"https:\/\/i0.wp.com\/ae01.alicdn.com\/kf\/S0e62dcca60814964b2c6bbf65e5b2896u.jpg?w=1200&#038;ssl=1\"><\/p>\n<div><img data-recalc-dims=\"1\" decoding=\"async\" src=\"https:\/\/i0.wp.com\/ae01.alicdn.com\/kf\/S0e62dcca60814964b2c6bbf65e5b2896u.jpg?w=1200&#038;ssl=1\"><\/div>\n<\/div>\n<\/td>\n<td style=\"text-align:center\" class=\"apm-center\" align=\"center\">\n<div class=\"apm-eventhirdcol apm-floatleft\">\n<p><img data-recalc-dims=\"1\" decoding=\"async\" class=\"a-spacing-mini a-lazy-loaded\" src=\"https:\/\/i0.wp.com\/ae01.alicdn.com\/kf\/Se7102e136363419a8dfa7eef6edef9f9j.jpg?w=1200&#038;ssl=1\"><\/p>\n<div><img data-recalc-dims=\"1\" decoding=\"async\" src=\"https:\/\/i0.wp.com\/ae01.alicdn.com\/kf\/Se7102e136363419a8dfa7eef6edef9f9j.jpg?w=1200&#038;ssl=1\"><\/div>\n<\/div>\n<\/td>\n<\/tr>\n<tr>\n<td class=\"apm-top\">\n<div class=\"apm-eventhirdcol apm-floatleft\"><\/div>\n<\/td>\n<td class=\"apm-top\">\n<div class=\"apm-eventhirdcol apm-floatleft\"><\/div>\n<\/td>\n<td class=\"apm-top\">\n<div class=\"apm-eventhirdcol apm-floatleft\"><\/div>\n<\/td>\n<\/tr>\n<\/tbody>\n<\/table>\n<\/div>\n<\/div>\n<div>&nbsp;<\/div>\n<\/div>\n<div class=\"celwidget aplus-module module-5 aplus-standard\">\n<div class=\"aplus-module-wrapper apm-fixed-width\">\n<div class=\"apm-spacing aplus-module-content\">\n<div class=\"apm-tablemodule\">\n<table style=\"border-collapse:collapse\" class=\"apm-tablemodule-table\" cellpadding=\"0\" cellspacing=\"0\">\n<tbody>\n<tr class=\"apm-tablemodule-imagerows\">\n<td style=\"text-align:center\" class=\"apm-tablemodule-blankkeyhead\" align=\"center\">\n<p><\/p>\n<\/td>\n<td style=\"text-align:center\" class=\"apm-tablemodule-image\" align=\"center\">\n<p><\/p>\n<\/td>\n<td style=\"text-align:center\" class=\"apm-tablemodule-image\" align=\"center\">\n<p><\/p>\n<\/td>\n<\/tr>\n<tr class=\"apm-tablemodule-imagerows\">\n<td style=\"text-align:center\" class=\"apm-tablemodule-blankkeyhead\" align=\"center\">\n<p><\/p>\n<\/td>\n<td style=\"text-align:center\" align=\"center\">\n<p><\/p>\n<\/td>\n<td style=\"text-align:center\" align=\"center\">\n<p><\/p>\n<\/td>\n<\/tr>\n<tr class=\"apm-tablemodule-keyvalue\">\n<td style=\"text-align:center\" class=\"apm-tablemodule-keyhead\" align=\"center\">\n<p><\/p>\n<\/td>\n<td style=\"width:191px\" class=\"apm-tablemodule-valuecell\">\n<p><\/p>\n<\/td>\n<td style=\"width:191px\" class=\"apm-tablemodule-valuecell\">\n<p><\/p>\n<\/td>\n<\/tr>\n<\/tbody>\n<\/table>\n<\/div>\n<\/div>\n<\/div>\n<\/div>\n<\/div>\n<\/div>\n<\/div>\n<p><\/p>\n<\/div>\n<\/div>\n","protected":false},"excerpt":{"rendered":"<p>Caracter\u00edsticas: 1. tamanho adequado cabe na maioria das meninas e mulheres. 2.Alta qualidade, design cl\u00e1ssico e \u00f3timo estilo gatsby dos anos 1920 far\u00e3o voc\u00ea parecer mais charmosa, especial e bonita. 3.\u00c9 um presente maravilhoso para fam\u00edlia, amante, amigos, colegas de trabalho, tamb\u00e9m \u00e9 uma escolha perfeita para festas, acess\u00f3rios de casamento e qualquer ocasi\u00e3o formal.&hellip;&nbsp;<\/p>\n","protected":false},"featured_media":6250,"template":"","meta":{"neve_meta_sidebar":"","neve_meta_container":"","neve_meta_enable_content_width":"","neve_meta_content_width":0,"neve_meta_title_alignment":"","neve_meta_author_avatar":"","neve_post_elements_order":"","neve_meta_disable_header":"","neve_meta_disable_footer":"","neve_meta_disable_title":""},"product_brand":[],"product_cat":[30,28,16],"product_tag":[],"class_list":{"0":"post-6255","1":"product","2":"type-product","3":"status-publish","4":"has-post-thumbnail","6":"product_cat-acessorios-acessorios-para-cosplay","7":"product_cat-acessorios-para-cosplay","8":"product_cat-novidades-e-uso-especial","10":"first","11":"instock","12":"shipping-taxable","13":"purchasable","14":"product-type-variable","15":"has-default-attributes"},"jetpack_sharing_enabled":true,"_links":{"self":[{"href":"https:\/\/listman.shop\/costume-br\/wp-json\/wp\/v2\/product\/6255","targetHints":{"allow":["GET"]}}],"collection":[{"href":"https:\/\/listman.shop\/costume-br\/wp-json\/wp\/v2\/product"}],"about":[{"href":"https:\/\/listman.shop\/costume-br\/wp-json\/wp\/v2\/types\/product"}],"wp:featuredmedia":[{"embeddable":true,"href":"https:\/\/listman.shop\/costume-br\/wp-json\/wp\/v2\/media\/6250"}],"wp:attachment":[{"href":"https:\/\/listman.shop\/costume-br\/wp-json\/wp\/v2\/media?parent=6255"}],"wp:term":[{"taxonomy":"product_brand","embeddable":true,"href":"https:\/\/listman.shop\/costume-br\/wp-json\/wp\/v2\/product_brand?post=6255"},{"taxonomy":"product_cat","embeddable":true,"href":"https:\/\/listman.shop\/costume-br\/wp-json\/wp\/v2\/product_cat?post=6255"},{"taxonomy":"product_tag","embeddable":true,"href":"https:\/\/listman.shop\/costume-br\/wp-json\/wp\/v2\/product_tag?post=6255"}],"curies":[{"name":"wp","href":"https:\/\/api.w.org\/{rel}","templated":true}]}}