{"id":6480,"date":"2024-12-10T00:05:45","date_gmt":"2024-12-09T15:05:45","guid":{"rendered":"https:\/\/listman.shop\/costume-br\/product\/1005005883931074\/"},"modified":"2026-04-08T11:16:49","modified_gmt":"2026-04-08T02:16:49","slug":"1005005883931074","status":"publish","type":"product","link":"https:\/\/listman.shop\/costume-br\/product\/1005005883931074\/","title":{"rendered":"Crian\u00e7as adulto masquerade festa engra\u00e7ado traje halloween cosplay barba falsa photobooth adere\u00e7os 12 p\u00e7s engra\u00e7ado falso bigode adesivo"},"content":{"rendered":"<div class=\"detailmodule_html\">\n<div class=\"detail-desc-decorate-richtext\">\n<div id=\"tl_1\">\n Item: Crian&ccedil;as Adulto Masquerade Party Engra&ccedil;ado Cosplay Barba Falsa<br \/>\n <br \/>Material: poli&eacute;ster<br \/>\n <br \/>Incluir: 1 barba set<br \/>\n <br \/>Peso: 30 g\/Sets<br \/>\n <br \/>Cor: como imagem<br \/>\n <br \/>Tamanho: apto para crian&ccedil;as e adultos<br \/>\n <br \/>Embalagem: Opp Bag<br \/>\n <br \/>Lugar ou origem: na china\n<\/div>\n<div align=\"left\" style=\"text-align:left\">\n <img data-recalc-dims=\"1\" loading=\"lazy\" decoding=\"async\" width=\"693\" height=\"886\" src=\"https:\/\/i0.wp.com\/ae03.alicdn.com\/kf\/S0c556dedf0bd4f19b74cd815dc2671405.jpg?resize=693%2C886&#038;ssl=1\" \/> <\/p>\n<p> <img data-recalc-dims=\"1\" loading=\"lazy\" decoding=\"async\" width=\"694\" height=\"924\" src=\"https:\/\/i0.wp.com\/ae03.alicdn.com\/kf\/S55d319f1e346481bacec30fb560272c6w.jpg?resize=694%2C924&#038;ssl=1\" \/> <\/p>\n<p> <img data-recalc-dims=\"1\" loading=\"lazy\" decoding=\"async\" width=\"695\" height=\"925\" src=\"https:\/\/i0.wp.com\/ae03.alicdn.com\/kf\/S8f331775ead842889823a3cf730ba481j.jpg?resize=695%2C925&#038;ssl=1\" \/> <\/p>\n<p> <img data-recalc-dims=\"1\" loading=\"lazy\" decoding=\"async\" width=\"697\" height=\"929\" src=\"https:\/\/i0.wp.com\/ae03.alicdn.com\/kf\/S459baf38a3eb4f2989af234a6207a33cl.jpg?resize=697%2C929&#038;ssl=1\" \/> <\/p>\n<p> <img data-recalc-dims=\"1\" loading=\"lazy\" decoding=\"async\" width=\"697\" height=\"928\" src=\"https:\/\/i0.wp.com\/ae03.alicdn.com\/kf\/Se73e5485bca841a895df60b8ac61f818p.jpg?resize=697%2C928&#038;ssl=1\" \/> <\/p>\n<p> <img data-recalc-dims=\"1\" loading=\"lazy\" decoding=\"async\" width=\"699\" height=\"932\" src=\"https:\/\/i0.wp.com\/ae03.alicdn.com\/kf\/Sb1fdc0cf890a467a87eea109566fa553i.jpg?resize=699%2C932&#038;ssl=1\" \/><br \/>\n <br \/> \n<\/div>\n<p><\/div>\n<\/div>\n","protected":false},"excerpt":{"rendered":"<p>Item: Crian&ccedil;as Adulto Masquerade Party Engra&ccedil;ado Cosplay Barba Falsa Material: poli&eacute;ster Incluir: 1 barba set Peso: 30 g\/Sets Cor: como imagem Tamanho: apto para crian&ccedil;as e adultos Embalagem: Opp Bag Lugar ou origem: na china<\/p>\n","protected":false},"featured_media":6474,"template":"","meta":{"neve_meta_sidebar":"","neve_meta_container":"","neve_meta_enable_content_width":"","neve_meta_content_width":0,"neve_meta_title_alignment":"","neve_meta_author_avatar":"","neve_post_elements_order":"","neve_meta_disable_header":"","neve_meta_disable_footer":"","neve_meta_disable_title":""},"product_brand":[],"product_cat":[30,28,16],"product_tag":[],"class_list":{"0":"post-6480","1":"product","2":"type-product","3":"status-publish","4":"has-post-thumbnail","6":"product_cat-acessorios-acessorios-para-cosplay","7":"product_cat-acessorios-para-cosplay","8":"product_cat-novidades-e-uso-especial","10":"first","11":"instock","12":"shipping-taxable","13":"purchasable","14":"product-type-variable","15":"has-default-attributes"},"jetpack_sharing_enabled":true,"_links":{"self":[{"href":"https:\/\/listman.shop\/costume-br\/wp-json\/wp\/v2\/product\/6480","targetHints":{"allow":["GET"]}}],"collection":[{"href":"https:\/\/listman.shop\/costume-br\/wp-json\/wp\/v2\/product"}],"about":[{"href":"https:\/\/listman.shop\/costume-br\/wp-json\/wp\/v2\/types\/product"}],"wp:featuredmedia":[{"embeddable":true,"href":"https:\/\/listman.shop\/costume-br\/wp-json\/wp\/v2\/media\/6474"}],"wp:attachment":[{"href":"https:\/\/listman.shop\/costume-br\/wp-json\/wp\/v2\/media?parent=6480"}],"wp:term":[{"taxonomy":"product_brand","embeddable":true,"href":"https:\/\/listman.shop\/costume-br\/wp-json\/wp\/v2\/product_brand?post=6480"},{"taxonomy":"product_cat","embeddable":true,"href":"https:\/\/listman.shop\/costume-br\/wp-json\/wp\/v2\/product_cat?post=6480"},{"taxonomy":"product_tag","embeddable":true,"href":"https:\/\/listman.shop\/costume-br\/wp-json\/wp\/v2\/product_tag?post=6480"}],"curies":[{"name":"wp","href":"https:\/\/api.w.org\/{rel}","templated":true}]}}