{"id":7343,"date":"2024-12-10T01:10:30","date_gmt":"2024-12-09T16:10:30","guid":{"rendered":"https:\/\/listman.shop\/costume-br\/product\/1005005947885574\/"},"modified":"2026-04-08T12:18:50","modified_gmt":"2026-04-08T03:18:50","slug":"1005005947885574","status":"publish","type":"product","link":"https:\/\/listman.shop\/costume-br\/product\/1005005947885574\/","title":{"rendered":"Super Odyssey Bros Cartoon Chap\u00e9us com bigode para Crian\u00e7as, Trajes de Halloween, Figura Anime, Perif\u00e9ricos, Presentes de Anivers\u00e1rio"},"content":{"rendered":"<div class=\"detailmodule_html\">\n<div class=\"detail-desc-decorate-richtext\">\n<p><span style=\"font-size:20px\"><strong id=\"tl_1\">Super Game Bro Cosplay Chap&eacute;us<\/strong><\/span><\/p>\n<p><\/p>\n<\/p>\n<p><strong><span style=\"font-size:20px\" id=\"tl_2\">Fonte<\/span><\/strong><span style=\"font-size:20px\" id=\"tl_3\">: Super jogo Bro<\/span><\/p>\n<p><\/p>\n<\/p>\n<p><strong><span style=\"font-size:20px\" id=\"tl_4\">Meterial<\/span><\/strong><span style=\"font-size:20px\" id=\"tl_5\">: Algod&atilde;o e ployester<\/span><\/p>\n<p><\/p>\n<p><strong><span style=\"font-size:20px\" id=\"tl_6\">Tamanho do chap&eacute;u<\/span><\/strong><span style=\"font-size:20px\" id=\"tl_7\">: 17,5 cm di&acirc;metro, 56cm per&iacute;metro cef&aacute;lico, 12cm altura<\/span><\/p>\n<p><\/p>\n<p><strong><span style=\"font-size:20px\" id=\"tl_8\">Nota<\/span><\/strong><span style=\"font-size:20px\">:<\/span><\/p>\n<p><span style=\"font-size:20px\" id=\"tl_9\">1. Por favor, entenda que pode haver diferen&ccedil;as de cor devido a telefones celulares e monitores.<\/span><\/p>\n<p><\/p>\n<p><span style=\"font-size:20px\" id=\"tl_10\">2. Congratulamo-nos com voc&ecirc; fazer atacado ou dropshipping com a gente.<\/span><\/p>\n<p><\/p>\n<p><img data-recalc-dims=\"1\" decoding=\"async\" src=\"https:\/\/i0.wp.com\/ae01.alicdn.com\/kf\/Sa22fede20f56477883920d60a1a76bfcl.jpg?w=1200&#038;ssl=1\" \/><\/p>\n<p><img data-recalc-dims=\"1\" loading=\"lazy\" decoding=\"async\" width=\"800\" height=\"800\" src=\"https:\/\/i0.wp.com\/ae01.alicdn.com\/kf\/Se3f0b8031b694cc19fed99b1245eb6aeP.jpg?resize=800%2C800&#038;ssl=1\" \/><img data-recalc-dims=\"1\" loading=\"lazy\" decoding=\"async\" width=\"800\" height=\"800\" src=\"https:\/\/i0.wp.com\/ae01.alicdn.com\/kf\/Saa9c8ed509da4004a3c415a71437051fI.jpg?resize=800%2C800&#038;ssl=1\" \/><img data-recalc-dims=\"1\" loading=\"lazy\" decoding=\"async\" width=\"800\" height=\"800\" src=\"https:\/\/i0.wp.com\/ae01.alicdn.com\/kf\/S427b81310b8c4caa9591cddeeb4cf56an.jpg?resize=800%2C800&#038;ssl=1\" \/><img data-recalc-dims=\"1\" loading=\"lazy\" decoding=\"async\" width=\"800\" height=\"800\" src=\"https:\/\/i0.wp.com\/ae01.alicdn.com\/kf\/Scc39a7eeeba74420b2b4446f7f5eaba68.jpg?resize=800%2C800&#038;ssl=1\" \/><img data-recalc-dims=\"1\" decoding=\"async\" src=\"https:\/\/i0.wp.com\/ae01.alicdn.com\/kf\/S4fb8edb96ada4243b9a8d92fbac04c70a.jpg?w=1200&#038;ssl=1\" \/><img data-recalc-dims=\"1\" loading=\"lazy\" decoding=\"async\" width=\"800\" height=\"776\" src=\"https:\/\/i0.wp.com\/ae01.alicdn.com\/kf\/S4dd44020307142c08300bbcd1c979dabF.png?resize=800%2C776&#038;ssl=1\" \/><\/p>\n<\/div>\n<\/div>\n","protected":false},"excerpt":{"rendered":"<p>Super Game Bro Cosplay Chap&eacute;us Fonte: Super jogo Bro Meterial: Algod&atilde;o e ployester Tamanho do chap&eacute;u: 17,5 cm di&acirc;metro, 56cm per&iacute;metro cef&aacute;lico, 12cm altura Nota: 1. Por favor, entenda que pode haver diferen&ccedil;as de cor devido a telefones celulares e monitores. 2. Congratulamo-nos com voc&ecirc; fazer atacado ou dropshipping com a gente.<\/p>\n","protected":false},"featured_media":7338,"template":"","meta":{"neve_meta_sidebar":"","neve_meta_container":"","neve_meta_enable_content_width":"","neve_meta_content_width":0,"neve_meta_title_alignment":"","neve_meta_author_avatar":"","neve_post_elements_order":"","neve_meta_disable_header":"","neve_meta_disable_footer":"","neve_meta_disable_title":""},"product_brand":[],"product_cat":[30,28,16],"product_tag":[],"class_list":{"0":"post-7343","1":"product","2":"type-product","3":"status-publish","4":"has-post-thumbnail","6":"product_cat-acessorios-acessorios-para-cosplay","7":"product_cat-acessorios-para-cosplay","8":"product_cat-novidades-e-uso-especial","10":"first","11":"instock","12":"shipping-taxable","13":"purchasable","14":"product-type-variable","15":"has-default-attributes"},"jetpack_sharing_enabled":true,"_links":{"self":[{"href":"https:\/\/listman.shop\/costume-br\/wp-json\/wp\/v2\/product\/7343","targetHints":{"allow":["GET"]}}],"collection":[{"href":"https:\/\/listman.shop\/costume-br\/wp-json\/wp\/v2\/product"}],"about":[{"href":"https:\/\/listman.shop\/costume-br\/wp-json\/wp\/v2\/types\/product"}],"wp:featuredmedia":[{"embeddable":true,"href":"https:\/\/listman.shop\/costume-br\/wp-json\/wp\/v2\/media\/7338"}],"wp:attachment":[{"href":"https:\/\/listman.shop\/costume-br\/wp-json\/wp\/v2\/media?parent=7343"}],"wp:term":[{"taxonomy":"product_brand","embeddable":true,"href":"https:\/\/listman.shop\/costume-br\/wp-json\/wp\/v2\/product_brand?post=7343"},{"taxonomy":"product_cat","embeddable":true,"href":"https:\/\/listman.shop\/costume-br\/wp-json\/wp\/v2\/product_cat?post=7343"},{"taxonomy":"product_tag","embeddable":true,"href":"https:\/\/listman.shop\/costume-br\/wp-json\/wp\/v2\/product_tag?post=7343"}],"curies":[{"name":"wp","href":"https:\/\/api.w.org\/{rel}","templated":true}]}}