{"id":7453,"date":"2024-12-10T01:13:15","date_gmt":"2024-12-09T16:13:15","guid":{"rendered":"https:\/\/listman.shop\/costume-br\/product\/1005005982221028\/"},"modified":"2026-04-08T10:40:21","modified_gmt":"2026-04-08T01:40:21","slug":"1005005982221028","status":"publish","type":"product","link":"https:\/\/listman.shop\/costume-br\/product\/1005005982221028\/","title":{"rendered":"Anime jojo gravata kira yoshikage halloween cosplay acess\u00f3rios de fantasia assassino rainha cr\u00e2nio c\u00e9us porta gravata"},"content":{"rendered":"<div class=\"detailmodule_html\">\n<div class=\"detail-desc-decorate-richtext\">\n<div class=\"detailmodule_text\">\n<p>100% novo<\/p>\n<\/div>\n<div class=\"detailmodule_text\">\n<p>Material: poli&eacute;ster<\/p>\n<\/div>\n<div class=\"detailmodule_text\">\n<p>Tamanho das gravatas: 146 cm * 7 cm<\/p>\n<\/div>\n<div class=\"detailmodule_image\">\n <img data-recalc-dims=\"1\" decoding=\"async\" class=\"detail-desc-decorate-image\" src=\"https:\/\/i0.wp.com\/ae01.alicdn.com\/kf\/H24475306200f47e1bdb1f72ee8b4d0418.jpg?w=1200&#038;ssl=1\" \/><br \/>\n <img data-recalc-dims=\"1\" decoding=\"async\" style=\"margin-bottom:10px\" class=\"detail-desc-decorate-image\" src=\"https:\/\/i0.wp.com\/ae01.alicdn.com\/kf\/S4f60db59dbbe4ca3ba542e078913b88eO.jpg?w=1200&#038;ssl=1\" \/><br \/>\n <img data-recalc-dims=\"1\" decoding=\"async\" style=\"margin-bottom:10px\" class=\"detail-desc-decorate-image\" src=\"https:\/\/i0.wp.com\/ae01.alicdn.com\/kf\/S63defba188bf467b8c36e7080079d06fo.jpg?w=1200&#038;ssl=1\" \/><br \/>\n <img data-recalc-dims=\"1\" decoding=\"async\" style=\"margin-bottom:10px\" class=\"detail-desc-decorate-image\" src=\"https:\/\/i0.wp.com\/ae01.alicdn.com\/kf\/S996d8f444e3a4533970b4d53d013b6fcP.jpg?w=1200&#038;ssl=1\" \/><br \/>\n <img data-recalc-dims=\"1\" decoding=\"async\" style=\"margin-bottom:10px\" class=\"detail-desc-decorate-image\" src=\"https:\/\/i0.wp.com\/ae01.alicdn.com\/kf\/Sce845cb497284d3b9b90dfd917d37c0ad.jpg?w=1200&#038;ssl=1\" \/><br \/>\n <img data-recalc-dims=\"1\" decoding=\"async\" style=\"margin-bottom:10px\" class=\"detail-desc-decorate-image\" src=\"https:\/\/i0.wp.com\/ae01.alicdn.com\/kf\/S88f9e1f447d34af3a172c3def555e055m.jpg?w=1200&#038;ssl=1\" \/><br \/>\n <img data-recalc-dims=\"1\" decoding=\"async\" style=\"margin-bottom:10px\" class=\"detail-desc-decorate-image\" src=\"https:\/\/i0.wp.com\/ae01.alicdn.com\/kf\/S682198667afb4603bb5d029d10110170k.jpg?w=1200&#038;ssl=1\" \/><br \/>\n <img data-recalc-dims=\"1\" decoding=\"async\" style=\"margin-bottom:10px\" class=\"detail-desc-decorate-image\" src=\"https:\/\/i0.wp.com\/ae01.alicdn.com\/kf\/S802ee7d54b4e4495a7a5da624735b8fcz.jpg?w=1200&#038;ssl=1\" \/><br \/>\n <img data-recalc-dims=\"1\" decoding=\"async\" style=\"margin-bottom:10px\" class=\"detail-desc-decorate-image\" src=\"https:\/\/i0.wp.com\/ae01.alicdn.com\/kf\/S22b8b0002402492bb6c8cba3e13bbdd4n.jpg?w=1200&#038;ssl=1\" \/><br \/>\n <img data-recalc-dims=\"1\" decoding=\"async\" style=\"margin-bottom:10px\" class=\"detail-desc-decorate-image\" src=\"https:\/\/i0.wp.com\/ae01.alicdn.com\/kf\/Sf14c8269e500407f9c26668f436ba3d3g.jpg?w=1200&#038;ssl=1\" \/>\n<\/div>\n<div class=\"detailmodule_image\">\n <img data-recalc-dims=\"1\" decoding=\"async\" class=\"detail-desc-decorate-image\" src=\"https:\/\/i0.wp.com\/ae01.alicdn.com\/kf\/H589bb20118c54208bcf8727bae0d57caD.jpg?w=1200&#038;ssl=1\" \/><br \/>\n <img data-recalc-dims=\"1\" decoding=\"async\" class=\"detail-desc-decorate-image\" src=\"https:\/\/i0.wp.com\/ae01.alicdn.com\/kf\/H7a0a212e44d04381be2a3381ee74019cH.jpg?w=1200&#038;ssl=1\" \/>\n<\/div>\n<p><\/p>\n<\/div>\n<\/div>\n","protected":false},"excerpt":{"rendered":"<p>100% novo Material: poli&eacute;ster Tamanho das gravatas: 146 cm * 7 cm<\/p>\n","protected":false},"featured_media":7447,"template":"","meta":{"neve_meta_sidebar":"","neve_meta_container":"","neve_meta_enable_content_width":"","neve_meta_content_width":0,"neve_meta_title_alignment":"","neve_meta_author_avatar":"","neve_post_elements_order":"","neve_meta_disable_header":"","neve_meta_disable_footer":"","neve_meta_disable_title":""},"product_brand":[],"product_cat":[30,28,16],"product_tag":[],"class_list":{"0":"post-7453","1":"product","2":"type-product","3":"status-publish","4":"has-post-thumbnail","6":"product_cat-acessorios-acessorios-para-cosplay","7":"product_cat-acessorios-para-cosplay","8":"product_cat-novidades-e-uso-especial","10":"first","11":"instock","12":"shipping-taxable","13":"purchasable","14":"product-type-variable","15":"has-default-attributes"},"jetpack_sharing_enabled":true,"_links":{"self":[{"href":"https:\/\/listman.shop\/costume-br\/wp-json\/wp\/v2\/product\/7453","targetHints":{"allow":["GET"]}}],"collection":[{"href":"https:\/\/listman.shop\/costume-br\/wp-json\/wp\/v2\/product"}],"about":[{"href":"https:\/\/listman.shop\/costume-br\/wp-json\/wp\/v2\/types\/product"}],"wp:featuredmedia":[{"embeddable":true,"href":"https:\/\/listman.shop\/costume-br\/wp-json\/wp\/v2\/media\/7447"}],"wp:attachment":[{"href":"https:\/\/listman.shop\/costume-br\/wp-json\/wp\/v2\/media?parent=7453"}],"wp:term":[{"taxonomy":"product_brand","embeddable":true,"href":"https:\/\/listman.shop\/costume-br\/wp-json\/wp\/v2\/product_brand?post=7453"},{"taxonomy":"product_cat","embeddable":true,"href":"https:\/\/listman.shop\/costume-br\/wp-json\/wp\/v2\/product_cat?post=7453"},{"taxonomy":"product_tag","embeddable":true,"href":"https:\/\/listman.shop\/costume-br\/wp-json\/wp\/v2\/product_tag?post=7453"}],"curies":[{"name":"wp","href":"https:\/\/api.w.org\/{rel}","templated":true}]}}