{"id":7479,"date":"2024-12-10T01:13:52","date_gmt":"2024-12-09T16:13:52","guid":{"rendered":"https:\/\/listman.shop\/costume-br\/product\/1005005983434595\/"},"modified":"2026-04-05T04:05:31","modified_gmt":"2026-04-04T19:05:31","slug":"1005005983434595","status":"publish","type":"product","link":"https:\/\/listman.shop\/costume-br\/product\/1005005983434595\/","title":{"rendered":"Super-her\u00f3i aranha preta macac\u00e3o traje filme personagem peter parker m\u00e1scara traje halloween cosplay trajes"},"content":{"rendered":"<div class=\"detailmodule_html\">\n<div class=\"detail-desc-decorate-richtext\">\nElastano<br \/>\u2714Costuras e pontos refor&ccedil;ados e artesanato de costura delicado garantem sua excelente experi&ecirc;ncia de vestir. As fantasias de super-her&oacute;is fazem voc&ecirc; ser v&iacute;vido como os personagens, o efeito visual 3D &eacute; realista.<br \/>\u2714Macac&atilde;o com m&aacute;scara pul&ocirc;ver separada, a m&aacute;scara pode ser aberta e puxada para baixo para comer ou outros. O z&iacute;per nas costas passa da cintura ao pesco&ccedil;o.<br \/>\u2714Material 100% elastano de alta qualidade. Feito com tecidos de spandex, o material &eacute; super el&aacute;stico para um ajuste confort&aacute;vel.<br \/>\u2714Tenha certeza de que nossas fantasias s&atilde;o todas feitas de materiais de alta qualidade.As cores podem ser ligeiramente diferentes devido &agrave; diferen&ccedil;a na calibra&ccedil;&atilde;o de cores do monitor.<br \/>\u2714 &Oacute;timo para Halloween, festa, show, anivers&aacute;rio, fotografia. Como presente, tamb&eacute;m &eacute; uma boa escolha.<\/p>\n<p style=\"margin:0;display: block;width: 100%\"><img data-recalc-dims=\"1\" decoding=\"async\" src=\"https:\/\/i0.wp.com\/ae03.alicdn.com\/kf\/Sa29a2e3044dd4a6484a80c7170e17b43o.jpg?w=1200&#038;ssl=1\" \/><img data-recalc-dims=\"1\" decoding=\"async\" src=\"https:\/\/i0.wp.com\/ae03.alicdn.com\/kf\/Se78ce770220f4affba4a49e9ddbaab3dP.jpg?w=1200&#038;ssl=1\" \/><img data-recalc-dims=\"1\" decoding=\"async\" src=\"https:\/\/i0.wp.com\/ae03.alicdn.com\/kf\/S0cb7510725244e03ab148b65250476feU.jpg?w=1200&#038;ssl=1\" \/><img data-recalc-dims=\"1\" decoding=\"async\" src=\"https:\/\/i0.wp.com\/ae03.alicdn.com\/kf\/S6941fc32e6ab4737a60cdd0174037d49L.jpg?w=1200&#038;ssl=1\" \/><img data-recalc-dims=\"1\" decoding=\"async\" src=\"https:\/\/i0.wp.com\/ae03.alicdn.com\/kf\/Sabf94d52a8554fa7bb0ed74a942e3c47Q.jpg?w=1200&#038;ssl=1\" \/><img data-recalc-dims=\"1\" decoding=\"async\" src=\"https:\/\/i0.wp.com\/ae03.alicdn.com\/kf\/S341c4f81f67e4bc797a36b26767d36d5F.jpg?w=1200&#038;ssl=1\" \/><img data-recalc-dims=\"1\" decoding=\"async\" src=\"https:\/\/i0.wp.com\/ae03.alicdn.com\/kf\/S99bdd8f153f749d081a21eb3f8eac451H.jpg?w=1200&#038;ssl=1\" \/><img data-recalc-dims=\"1\" decoding=\"async\" src=\"https:\/\/i0.wp.com\/ae03.alicdn.com\/kf\/S50d213222d0a488d8a6cb6bd4e710c27J.jpg?w=1200&#038;ssl=1\" \/><img data-recalc-dims=\"1\" decoding=\"async\" src=\"https:\/\/i0.wp.com\/ae03.alicdn.com\/kf\/S1a22aba0193342628f061787f23bf52bK.jpg?w=1200&#038;ssl=1\" \/><\/p>\n<\/p><\/div>\n<\/div>\n","protected":false},"excerpt":{"rendered":"<p>Elastano\u2714Costuras e pontos refor&ccedil;ados e artesanato de costura delicado garantem sua excelente experi&ecirc;ncia de vestir. As fantasias de super-her&oacute;is fazem voc&ecirc; ser v&iacute;vido como os personagens, o efeito visual 3D &eacute; realista.\u2714Macac&atilde;o com m&aacute;scara pul&ocirc;ver separada, a m&aacute;scara pode ser aberta e puxada para baixo para comer ou outros. O z&iacute;per nas costas passa da&hellip;&nbsp;<\/p>\n","protected":false},"featured_media":7473,"template":"","meta":{"neve_meta_sidebar":"","neve_meta_container":"","neve_meta_enable_content_width":"","neve_meta_content_width":0,"neve_meta_title_alignment":"","neve_meta_author_avatar":"","neve_post_elements_order":"","neve_meta_disable_header":"","neve_meta_disable_footer":"","neve_meta_disable_title":""},"product_brand":[],"product_cat":[38,16,39],"product_tag":[],"class_list":{"0":"post-7479","1":"product","2":"type-product","3":"status-publish","4":"has-post-thumbnail","6":"product_cat-fantasias-de-cosplay","7":"product_cat-novidades-e-uso-especial","8":"product_cat-trajes-de-cosplay-desativar-fantasias-de-cosplay","10":"first","11":"instock","12":"shipping-taxable","13":"purchasable","14":"product-type-variable","15":"has-default-attributes"},"jetpack_sharing_enabled":true,"_links":{"self":[{"href":"https:\/\/listman.shop\/costume-br\/wp-json\/wp\/v2\/product\/7479","targetHints":{"allow":["GET"]}}],"collection":[{"href":"https:\/\/listman.shop\/costume-br\/wp-json\/wp\/v2\/product"}],"about":[{"href":"https:\/\/listman.shop\/costume-br\/wp-json\/wp\/v2\/types\/product"}],"wp:featuredmedia":[{"embeddable":true,"href":"https:\/\/listman.shop\/costume-br\/wp-json\/wp\/v2\/media\/7473"}],"wp:attachment":[{"href":"https:\/\/listman.shop\/costume-br\/wp-json\/wp\/v2\/media?parent=7479"}],"wp:term":[{"taxonomy":"product_brand","embeddable":true,"href":"https:\/\/listman.shop\/costume-br\/wp-json\/wp\/v2\/product_brand?post=7479"},{"taxonomy":"product_cat","embeddable":true,"href":"https:\/\/listman.shop\/costume-br\/wp-json\/wp\/v2\/product_cat?post=7479"},{"taxonomy":"product_tag","embeddable":true,"href":"https:\/\/listman.shop\/costume-br\/wp-json\/wp\/v2\/product_tag?post=7479"}],"curies":[{"name":"wp","href":"https:\/\/api.w.org\/{rel}","templated":true}]}}