{"id":7737,"date":"2024-12-10T01:20:37","date_gmt":"2024-12-09T16:20:37","guid":{"rendered":"https:\/\/listman.shop\/costume-br\/product\/1005005994344917\/"},"modified":"2026-04-05T04:11:22","modified_gmt":"2026-04-04T19:11:22","slug":"1005005994344917","status":"publish","type":"product","link":"https:\/\/listman.shop\/costume-br\/product\/1005005994344917\/","title":{"rendered":"Estilo chin\u00eas empregada lolita cosplay traje feminino querida cheongsam vestido festa de halloween gar\u00e7onete role play anima\u00e7\u00e3o mostrar novo"},"content":{"rendered":"<div class=\"detailmodule_html\">\n<div class=\"detail-desc-decorate-richtext\">\n<div>\n<div>\n<div style=\"text-align: center\">\n   <span data-spm-anchor-id=\"a2g0o.detail.1000023.i0.77aa16007yZ2G6\" style=\"margin: 0px;padding: 0px;max-width: 100%;, Roboto, Arial, Helvetica, sans-serif, SimSun;font-style: normal;font-weight: 400;letter-spacing: normal;text-align: center;text-indent: 0px;text-transform: none;white-space: normal;font-size: 20px;float: none;display: inline !important\"><br \/>\n    <br \/>Conjunto: vestido * 1 avental * 1 chap&eacute;u (A&amp;B)<\/span><br \/>\n   <br style=\", Roboto, Arial, Helvetica, sans-serif, SimSun;font-style: normal;font-weight: 400;letter-spacing: normal;text-align: center;text-indent: 0px;text-transform: none;white-space: normal;font-size: 20px\" \/><br \/>\n   <span style=\"margin: 0px;padding: 0px;max-width: 100%;, Roboto, Arial, Helvetica, sans-serif, SimSun;font-style: normal;font-weight: 400;letter-spacing: normal;text-align: center;text-indent: 0px;text-transform: none;white-space: normal;font-size: 20px;float: none;display: inline !important\">S: Busto: 88 cm Ombro: 34 cm Cintura: 68 cm Comprimento: 76 cm<\/span><br \/>\n   <br style=\", Roboto, Arial, Helvetica, sans-serif, SimSun;font-style: normal;font-weight: 400;letter-spacing: normal;text-align: center;text-indent: 0px;text-transform: none;white-space: normal;font-size: 20px\" \/><br \/>\n   <span style=\"margin: 0px;padding: 0px;max-width: 100%;, Roboto, Arial, Helvetica, sans-serif, SimSun;font-style: normal;font-weight: 400;letter-spacing: normal;text-align: center;text-indent: 0px;text-transform: none;white-space: normal;font-size: 20px;float: none;display: inline !important\">M: Busto: 92 cm Ombro: 35,5 cm Cintura: 72 cm Comprimento: 76,5 cm<\/span><br \/>\n   <br style=\", Roboto, Arial, Helvetica, sans-serif, SimSun;font-style: normal;font-weight: 400;letter-spacing: normal;text-align: center;text-indent: 0px;text-transform: none;white-space: normal;font-size: 20px\" \/><br \/>\n   <span style=\"margin: 0px;padding: 0px;max-width: 100%;, Roboto, Arial, Helvetica, sans-serif, SimSun;font-style: normal;font-weight: 400;letter-spacing: normal;text-align: center;text-indent: 0px;text-transform: none;white-space: normal;font-size: 20px;float: none;display: inline !important\">G: Busto: 96 cm Ombro: 37 cm Cintura: 76 cm Comprimento: 77 cm<br \/> <span style=\"margin: 0px;padding: 0px;max-width: 100%;, Roboto, Arial, Helvetica, sans-serif, SimSun;font-size: 20px;font-style: normal;font-weight: 400;letter-spacing: normal;text-align: center;text-indent: 0px;text-transform: none;white-space: normal;float: none;display: inline !important\">XL: Busto: 100 cm Ombro: 38,5 cm Cintura: 80 cm Comprimento: 77,5 cm<\/span><\/span><br \/>\n   <br \/> <br \/>\n   <img data-recalc-dims=\"1\" decoding=\"async\" src=\"https:\/\/i0.wp.com\/ae03.alicdn.com\/kf\/S0585824aa10c4eacac73488ff93112a9y.jpg?w=1200&#038;ssl=1\" \/><br \/>\n   <img data-recalc-dims=\"1\" decoding=\"async\" src=\"https:\/\/i0.wp.com\/ae03.alicdn.com\/kf\/Sd035209268e648a28148f40f4040f755M.jpg?w=1200&#038;ssl=1\" \/><br \/>\n   <img data-recalc-dims=\"1\" decoding=\"async\" src=\"https:\/\/i0.wp.com\/ae03.alicdn.com\/kf\/Secbbb8a205d3411c93187ac9964df1ee0.jpg?w=1200&#038;ssl=1\" \/><br \/>\n   <img data-recalc-dims=\"1\" decoding=\"async\" src=\"https:\/\/i0.wp.com\/ae03.alicdn.com\/kf\/S63ce72f175ce48b187e8b9057b31720dQ.jpg?w=1200&#038;ssl=1\" \/><br \/>\n   <img data-recalc-dims=\"1\" decoding=\"async\" src=\"https:\/\/i0.wp.com\/ae03.alicdn.com\/kf\/S91025c31b0b34d53833f0aa3f86463f46.jpg?w=1200&#038;ssl=1\" \/><br \/>\n   <img data-recalc-dims=\"1\" decoding=\"async\" src=\"https:\/\/i0.wp.com\/ae03.alicdn.com\/kf\/S61073188fd284d4199b880cee3e536bfD.jpg?w=1200&#038;ssl=1\" \/><br \/>\n   <img data-recalc-dims=\"1\" decoding=\"async\" src=\"https:\/\/i0.wp.com\/ae03.alicdn.com\/kf\/S5a1f6c844ab74db4991ddf2ea0aef344r.jpg?w=1200&#038;ssl=1\" \/><\/p><\/div>\n<\/p><\/div>\n<\/div>\n<\/div>\n<\/div>\n","protected":false},"excerpt":{"rendered":"<p>Conjunto: vestido * 1 avental * 1 chap&eacute;u (A&amp;B) S: Busto: 88 cm Ombro: 34 cm Cintura: 68 cm Comprimento: 76 cm M: Busto: 92 cm Ombro: 35,5 cm Cintura: 72 cm Comprimento: 76,5 cm G: Busto: 96 cm Ombro: 37 cm Cintura: 76 cm Comprimento: 77 cm XL: Busto: 100 cm Ombro: 38,5 cm&hellip;&nbsp;<\/p>\n","protected":false},"featured_media":7731,"template":"","meta":{"neve_meta_sidebar":"","neve_meta_container":"","neve_meta_enable_content_width":"","neve_meta_content_width":0,"neve_meta_title_alignment":"","neve_meta_author_avatar":"","neve_post_elements_order":"","neve_meta_disable_header":"","neve_meta_disable_footer":"","neve_meta_disable_title":""},"product_brand":[],"product_cat":[38,16,39],"product_tag":[],"class_list":{"0":"post-7737","1":"product","2":"type-product","3":"status-publish","4":"has-post-thumbnail","6":"product_cat-fantasias-de-cosplay","7":"product_cat-novidades-e-uso-especial","8":"product_cat-trajes-de-cosplay-desativar-fantasias-de-cosplay","10":"first","11":"instock","12":"shipping-taxable","13":"purchasable","14":"product-type-variable","15":"has-default-attributes"},"jetpack_sharing_enabled":true,"_links":{"self":[{"href":"https:\/\/listman.shop\/costume-br\/wp-json\/wp\/v2\/product\/7737","targetHints":{"allow":["GET"]}}],"collection":[{"href":"https:\/\/listman.shop\/costume-br\/wp-json\/wp\/v2\/product"}],"about":[{"href":"https:\/\/listman.shop\/costume-br\/wp-json\/wp\/v2\/types\/product"}],"wp:featuredmedia":[{"embeddable":true,"href":"https:\/\/listman.shop\/costume-br\/wp-json\/wp\/v2\/media\/7731"}],"wp:attachment":[{"href":"https:\/\/listman.shop\/costume-br\/wp-json\/wp\/v2\/media?parent=7737"}],"wp:term":[{"taxonomy":"product_brand","embeddable":true,"href":"https:\/\/listman.shop\/costume-br\/wp-json\/wp\/v2\/product_brand?post=7737"},{"taxonomy":"product_cat","embeddable":true,"href":"https:\/\/listman.shop\/costume-br\/wp-json\/wp\/v2\/product_cat?post=7737"},{"taxonomy":"product_tag","embeddable":true,"href":"https:\/\/listman.shop\/costume-br\/wp-json\/wp\/v2\/product_tag?post=7737"}],"curies":[{"name":"wp","href":"https:\/\/api.w.org\/{rel}","templated":true}]}}