{"id":7950,"date":"2024-12-10T01:26:01","date_gmt":"2024-12-09T16:26:01","guid":{"rendered":"https:\/\/listman.shop\/costume-br\/product\/1005006005105306\/"},"modified":"2026-04-08T12:04:07","modified_gmt":"2026-04-08T03:04:07","slug":"1005006005105306","status":"publish","type":"product","link":"https:\/\/listman.shop\/costume-br\/product\/1005006005105306\/","title":{"rendered":"Jogo anime lendas de zeldas cosplay chap\u00e9u link cosplay chap\u00e9u de pel\u00facia verde presente de natal festa"},"content":{"rendered":"<div class=\"detailmodule_html\">\n<div class=\"detail-desc-decorate-richtext\">\n<div id=\"offer-template-0\"><\/div>\n<p style=\"text-align:center\" align=\"center\"><span style=\"font-size:24px\"><strong>Jogo anime legends of zeldas cosplay chap\u00e9u link cosplay chap\u00e9u de pel\u00facia verde festa de presente de natal<\/strong><\/span><strong><span style=\"font-size:26pt\"><br \/>\n<\/span><\/strong><\/p>\n<p><\/p>\n<p><\/p>\n<p style=\"text-align:center\" align=\"center\"><span style=\"font-size:22px;font-family:georgia, serif\"><strong>Pacote: 1pcs<\/strong><\/span><\/p>\n<\/p>\n<p style=\"text-align:center\" align=\"center\"><span style=\"font-size:22px;font-family:georgia, serif\"><strong>Tamanho: cerca de 60cm<\/strong><\/span><\/p>\n<\/p>\n<p style=\"text-align:center\" align=\"center\"><img data-recalc-dims=\"1\" decoding=\"async\" src=\"https:\/\/i0.wp.com\/ae01.alicdn.com\/kf\/Hc6414a89c8304f55a481e5819aebea08y.jpg?w=1200&#038;ssl=1\"><img data-recalc-dims=\"1\" decoding=\"async\" src=\"https:\/\/i0.wp.com\/ae01.alicdn.com\/kf\/H088d4407886a4f8ba13c45fc22c58c08t.jpg?w=1200&#038;ssl=1\"><img data-recalc-dims=\"1\" decoding=\"async\" src=\"https:\/\/i0.wp.com\/ae01.alicdn.com\/kf\/H996841b373174a349df0e2a195d58ddcY.jpg?w=1200&#038;ssl=1\"><\/p>\n<p style=\"text-align:center\" align=\"center\"><img data-recalc-dims=\"1\" decoding=\"async\" src=\"https:\/\/i0.wp.com\/ae01.alicdn.com\/kf\/Ha8dde063b6964dc79e2ac81abfbac77aD.jpg?w=1200&#038;ssl=1\"><\/p>\n<p><\/p>\n<p><strong><span style=\"font-size:26pt\"><br \/><\/span><\/strong><\/p>\n<\/div>\n<\/div>\n","protected":false},"excerpt":{"rendered":"<p>Jogo anime legends of zeldas cosplay chap\u00e9u link cosplay chap\u00e9u de pel\u00facia verde festa de presente de natal Pacote: 1pcs Tamanho: cerca de 60cm<\/p>\n","protected":false},"featured_media":7944,"template":"","meta":{"neve_meta_sidebar":"","neve_meta_container":"","neve_meta_enable_content_width":"","neve_meta_content_width":0,"neve_meta_title_alignment":"","neve_meta_author_avatar":"","neve_post_elements_order":"","neve_meta_disable_header":"","neve_meta_disable_footer":"","neve_meta_disable_title":""},"product_brand":[],"product_cat":[30,28,16],"product_tag":[],"class_list":{"0":"post-7950","1":"product","2":"type-product","3":"status-publish","4":"has-post-thumbnail","6":"product_cat-acessorios-acessorios-para-cosplay","7":"product_cat-acessorios-para-cosplay","8":"product_cat-novidades-e-uso-especial","10":"first","11":"instock","12":"shipping-taxable","13":"purchasable","14":"product-type-variable","15":"has-default-attributes"},"jetpack_sharing_enabled":true,"_links":{"self":[{"href":"https:\/\/listman.shop\/costume-br\/wp-json\/wp\/v2\/product\/7950","targetHints":{"allow":["GET"]}}],"collection":[{"href":"https:\/\/listman.shop\/costume-br\/wp-json\/wp\/v2\/product"}],"about":[{"href":"https:\/\/listman.shop\/costume-br\/wp-json\/wp\/v2\/types\/product"}],"wp:featuredmedia":[{"embeddable":true,"href":"https:\/\/listman.shop\/costume-br\/wp-json\/wp\/v2\/media\/7944"}],"wp:attachment":[{"href":"https:\/\/listman.shop\/costume-br\/wp-json\/wp\/v2\/media?parent=7950"}],"wp:term":[{"taxonomy":"product_brand","embeddable":true,"href":"https:\/\/listman.shop\/costume-br\/wp-json\/wp\/v2\/product_brand?post=7950"},{"taxonomy":"product_cat","embeddable":true,"href":"https:\/\/listman.shop\/costume-br\/wp-json\/wp\/v2\/product_cat?post=7950"},{"taxonomy":"product_tag","embeddable":true,"href":"https:\/\/listman.shop\/costume-br\/wp-json\/wp\/v2\/product_tag?post=7950"}],"curies":[{"name":"wp","href":"https:\/\/api.w.org\/{rel}","templated":true}]}}