{"id":8076,"date":"2024-12-10T01:29:21","date_gmt":"2024-12-09T16:29:21","guid":{"rendered":"https:\/\/listman.shop\/costume-br\/product\/1005006008329229\/"},"modified":"2026-04-08T11:49:10","modified_gmt":"2026-04-08T02:49:10","slug":"1005006008329229","status":"publish","type":"product","link":"https:\/\/listman.shop\/costume-br\/product\/1005006008329229\/","title":{"rendered":"3 p\u00e7s 1920s flapper vestido acess\u00f3rios retro festa adere\u00e7os gatsby charleston p\u00e9rola colar longo haste de fuma\u00e7a luva conjunto"},"content":{"rendered":"<div class=\"detailmodule_html\">\n<div class=\"detail-desc-decorate-richtext\">\n<div class=\"detailmodule_html\">\n<div class=\"detail-desc-decorate-richtext\">\n<div id=\"offer-template-0\"><img data-recalc-dims=\"1\" decoding=\"async\" src=\"https:\/\/i0.wp.com\/ae03.alicdn.com\/kf\/S6d9f8f2c503d4fb1aa3c1ed7c0f3e191n.jpg?w=1200&#038;ssl=1\" \/><img data-recalc-dims=\"1\" decoding=\"async\" style=\"width:100%;height:auto\"   src=\"https:\/\/i0.wp.com\/ae03.alicdn.com\/kf\/See36ea628b6b40dd8adc8292bb61871fR.jpg?w=1200&#038;ssl=1\" useMap=\"#_sdmap_2\" \/><img data-recalc-dims=\"1\" decoding=\"async\" style=\"width:100%;height:auto\"   src=\"https:\/\/i0.wp.com\/ae03.alicdn.com\/kf\/S88fc6dacf7574b86ab2b9bd7316c9e47H.jpg?w=1200&#038;ssl=1\" useMap=\"#_sdmap_5\" \/><img data-recalc-dims=\"1\" decoding=\"async\" style=\"width:100%;height:auto\"   src=\"https:\/\/i0.wp.com\/ae03.alicdn.com\/kf\/S26e6127a4fb14915ba070c1c5dad3a74U.jpg?w=1200&#038;ssl=1\" useMap=\"#_sdmap_8\" \/><img data-recalc-dims=\"1\" decoding=\"async\" style=\"width:100%;height:auto\"   src=\"https:\/\/i0.wp.com\/ae03.alicdn.com\/kf\/S5a0d676b7cad40518d49fa704528cb25X.jpg?w=1200&#038;ssl=1\" useMap=\"#_sdmap_12\" \/><\/div>\n<\/div>\n<\/div>\n<p><\/div>\n<\/div>\n","protected":false},"excerpt":{"rendered":"","protected":false},"featured_media":8070,"template":"","meta":{"neve_meta_sidebar":"","neve_meta_container":"","neve_meta_enable_content_width":"","neve_meta_content_width":0,"neve_meta_title_alignment":"","neve_meta_author_avatar":"","neve_post_elements_order":"","neve_meta_disable_header":"","neve_meta_disable_footer":"","neve_meta_disable_title":""},"product_brand":[],"product_cat":[30,28,16],"product_tag":[],"class_list":{"0":"post-8076","1":"product","2":"type-product","3":"status-publish","4":"has-post-thumbnail","6":"product_cat-acessorios-acessorios-para-cosplay","7":"product_cat-acessorios-para-cosplay","8":"product_cat-novidades-e-uso-especial","10":"first","11":"instock","12":"shipping-taxable","13":"purchasable","14":"product-type-variable","15":"has-default-attributes"},"jetpack_sharing_enabled":true,"_links":{"self":[{"href":"https:\/\/listman.shop\/costume-br\/wp-json\/wp\/v2\/product\/8076","targetHints":{"allow":["GET"]}}],"collection":[{"href":"https:\/\/listman.shop\/costume-br\/wp-json\/wp\/v2\/product"}],"about":[{"href":"https:\/\/listman.shop\/costume-br\/wp-json\/wp\/v2\/types\/product"}],"wp:featuredmedia":[{"embeddable":true,"href":"https:\/\/listman.shop\/costume-br\/wp-json\/wp\/v2\/media\/8070"}],"wp:attachment":[{"href":"https:\/\/listman.shop\/costume-br\/wp-json\/wp\/v2\/media?parent=8076"}],"wp:term":[{"taxonomy":"product_brand","embeddable":true,"href":"https:\/\/listman.shop\/costume-br\/wp-json\/wp\/v2\/product_brand?post=8076"},{"taxonomy":"product_cat","embeddable":true,"href":"https:\/\/listman.shop\/costume-br\/wp-json\/wp\/v2\/product_cat?post=8076"},{"taxonomy":"product_tag","embeddable":true,"href":"https:\/\/listman.shop\/costume-br\/wp-json\/wp\/v2\/product_tag?post=8076"}],"curies":[{"name":"wp","href":"https:\/\/api.w.org\/{rel}","templated":true}]}}